{"id":1007,"date":"2019-12-11T19:43:19","date_gmt":"2019-12-11T19:43:19","guid":{"rendered":"http:\/\/www2.unifap.br\/letras-santana\/?page_id=1007"},"modified":"2025-04-14T21:26:31","modified_gmt":"2025-04-14T21:26:31","slug":"pesquisa","status":"publish","type":"page","link":"https:\/\/www2.unifap.br\/letras-santana\/pesquisa\/","title":{"rendered":"Extens\u00e3o"},"content":{"rendered":"<p style=\"text-align: justify\">Os cursos de extens\u00e3o s\u00e3o a\u00e7\u00f5es de car\u00e1ter te\u00f3rico e\/ou pr\u00e1tico, planejadas e organizadas de modo sistem\u00e1tico em projetos por indu\u00e7\u00e3o do Minist\u00e9rio da Educa\u00e7\u00e3o via Secretaria de Educa\u00e7\u00e3o B\u00e1sica (SEB), como os cursos de Forma\u00e7\u00e3o Continuada de Professores ou outros fomentados pela Pr\u00f3pria UNIFAP, oferecidos \u00e0s comunidades interna e externa, como o curso Universidade da Mulher (UNIMULHER), Universidade da Maturidade (UMAP), curso Pr\u00e9-vestibular UNIFAP, cursos de l\u00ednguas estrangeiras, cursos de computa\u00e7\u00e3o, entre outros, com o prop\u00f3sito de divulga\u00e7\u00e3o e\/ou promo\u00e7\u00e3o do conhecimento, atendendo \u00e0s necessidades de inicia\u00e7\u00e3o, de atualiza\u00e7\u00e3o ou de aperfei\u00e7oamento cient\u00edfico, t\u00e9cnico, art\u00edstico, cultural e qualifica\u00e7\u00e3o profissional.*<\/p>\n<p>*PDI 2014-2019 (<a href=\"http:\/\/www2.unifap.br\/letras-santana\/files\/2019\/12\/PDI-2015-2019-UNIFAP.pdf\">pdf<\/a>)<\/p>\n<p>&nbsp;<\/p>\n<p><strong>*Selecione a op\u00e7\u00e3o desejada nas abas do menu.<\/strong><\/p>\n","protected":false},"excerpt":{"rendered":"<p>Os cursos de extens\u00e3o s\u00e3o a\u00e7\u00f5es de car\u00e1ter te\u00f3rico e\/ou pr\u00e1tico, planejadas e organizadas de modo sistem\u00e1tico em projetos por indu\u00e7\u00e3o do Minist\u00e9rio da Educa\u00e7\u00e3o via Secretaria de Educa\u00e7\u00e3o B\u00e1sica (SEB), como os cursos de Forma\u00e7\u00e3o Continuada de Professores ou outros fomentados pela Pr\u00f3pria UNIFAP, oferecidos \u00e0s comunidades interna e externa, como o curso Universidade&#8230;<\/p>\n","protected":false},"author":786,"featured_media":0,"parent":0,"menu_order":3,"comment_status":"closed","ping_status":"closed","template":"","meta":{"inline_featured_image":false,"site-sidebar-layout":"default","site-content-layout":"","ast-site-content-layout":"default","site-content-style":"default","site-sidebar-style":"default","ast-global-header-display":"","ast-banner-title-visibility":"","ast-main-header-display":"","ast-hfb-above-header-display":"","ast-hfb-below-header-display":"","ast-hfb-mobile-header-display":"","site-post-title":"","ast-breadcrumbs-content":"","ast-featured-img":"","footer-sml-layout":"","theme-transparent-header-meta":"default","adv-header-id-meta":"","stick-header-meta":"","header-above-stick-meta":"","header-main-stick-meta":"","header-below-stick-meta":"","astra-migrate-meta-layouts":"set","ast-page-background-enabled":"default","ast-page-background-meta":{"desktop":{"background-color":"var(--ast-global-color-4)","background-image":"","background-repeat":"repeat","background-position":"center center","background-size":"auto","background-attachment":"scroll","background-type":"","background-media":"","overlay-type":"","overlay-color":"","overlay-opacity":"","overlay-gradient":""},"tablet":{"background-color":"","background-image":"","background-repeat":"repeat","background-position":"center center","background-size":"auto","background-attachment":"scroll","background-type":"","background-media":"","overlay-type":"","overlay-color":"","overlay-opacity":"","overlay-gradient":""},"mobile":{"background-color":"","background-image":"","background-repeat":"repeat","background-position":"center center","background-size":"auto","background-attachment":"scroll","background-type":"","background-media":"","overlay-type":"","overlay-color":"","overlay-opacity":"","overlay-gradient":""}},"ast-content-background-meta":{"desktop":{"background-color":"var(--ast-global-color-5)","background-image":"","background-repeat":"repeat","background-position":"center center","background-size":"auto","background-attachment":"scroll","background-type":"","background-media":"","overlay-type":"","overlay-color":"","overlay-opacity":"","overlay-gradient":""},"tablet":{"background-color":"var(--ast-global-color-5)","background-image":"","background-repeat":"repeat","background-position":"center center","background-size":"auto","background-attachment":"scroll","background-type":"","background-media":"","overlay-type":"","overlay-color":"","overlay-opacity":"","overlay-gradient":""},"mobile":{"background-color":"var(--ast-global-color-5)","background-image":"","background-repeat":"repeat","background-position":"center center","background-size":"auto","background-attachment":"scroll","background-type":"","background-media":"","overlay-type":"","overlay-color":"","overlay-opacity":"","overlay-gradient":""}},"ngg_post_thumbnail":0,"footnotes":""},"class_list":["post-1007","page","type-page","status-publish","hentry"],"_links":{"self":[{"href":"https:\/\/www2.unifap.br\/letras-santana\/wp-json\/wp\/v2\/pages\/1007","targetHints":{"allow":["GET"]}}],"collection":[{"href":"https:\/\/www2.unifap.br\/letras-santana\/wp-json\/wp\/v2\/pages"}],"about":[{"href":"https:\/\/www2.unifap.br\/letras-santana\/wp-json\/wp\/v2\/types\/page"}],"author":[{"embeddable":true,"href":"https:\/\/www2.unifap.br\/letras-santana\/wp-json\/wp\/v2\/users\/786"}],"replies":[{"embeddable":true,"href":"https:\/\/www2.unifap.br\/letras-santana\/wp-json\/wp\/v2\/comments?post=1007"}],"version-history":[{"count":19,"href":"https:\/\/www2.unifap.br\/letras-santana\/wp-json\/wp\/v2\/pages\/1007\/revisions"}],"predecessor-version":[{"id":2436,"href":"https:\/\/www2.unifap.br\/letras-santana\/wp-json\/wp\/v2\/pages\/1007\/revisions\/2436"}],"wp:attachment":[{"href":"https:\/\/www2.unifap.br\/letras-santana\/wp-json\/wp\/v2\/media?parent=1007"}],"curies":[{"name":"wp","href":"https:\/\/api.w.org\/{rel}","templated":true}]}}