{"id":1200,"date":"2020-01-04T20:32:46","date_gmt":"2020-01-04T20:32:46","guid":{"rendered":"http:\/\/www2.unifap.br\/letras-santana\/?page_id=1200"},"modified":"2025-05-29T13:34:58","modified_gmt":"2025-05-29T13:34:58","slug":"calendario-academico","status":"publish","type":"page","link":"https:\/\/www2.unifap.br\/letras-santana\/ensino\/calendario-academico\/","title":{"rendered":"Calend\u00e1rio Acad\u00eamico"},"content":{"rendered":"<p style=\"text-align: center\"><strong>CALEND\u00c1RIO ACAD\u00caMICO<\/strong><\/p>\n<p style=\"text-align: justify\">Conforme Resolu\u00e7\u00e3o n. 32, de 04 de outubro de 2024, a Universidade Federal do Amap\u00e1 aprova o calend\u00e1rio acad\u00eamico 2025.<\/p>\n<p>Para acess\u00e1-lo, <a href=\"https:\/\/drive.google.com\/file\/d\/145IDOQVslj8Y5VxhPUCo0t6Zslkx-HYf\/view?usp=sharing\">clique aqui<\/a>.<\/p>\n","protected":false},"excerpt":{"rendered":"<p>CALEND\u00c1RIO ACAD\u00caMICO Conforme Resolu\u00e7\u00e3o n. 32, de 04 de outubro de 2024, a Universidade Federal do Amap\u00e1 aprova o calend\u00e1rio acad\u00eamico 2025. Para acess\u00e1-lo, clique aqui.<\/p>\n","protected":false},"author":786,"featured_media":0,"parent":1005,"menu_order":0,"comment_status":"closed","ping_status":"closed","template":"","meta":{"inline_featured_image":false,"site-sidebar-layout":"default","site-content-layout":"","ast-site-content-layout":"default","site-content-style":"default","site-sidebar-style":"default","ast-global-header-display":"","ast-banner-title-visibility":"","ast-main-header-display":"","ast-hfb-above-header-display":"","ast-hfb-below-header-display":"","ast-hfb-mobile-header-display":"","site-post-title":"","ast-breadcrumbs-content":"","ast-featured-img":"","footer-sml-layout":"","theme-transparent-header-meta":"default","adv-header-id-meta":"","stick-header-meta":"","header-above-stick-meta":"","header-main-stick-meta":"","header-below-stick-meta":"","astra-migrate-meta-layouts":"set","ast-page-background-enabled":"default","ast-page-background-meta":{"desktop":{"background-color":"var(--ast-global-color-4)","background-image":"","background-repeat":"repeat","background-position":"center center","background-size":"auto","background-attachment":"scroll","background-type":"","background-media":"","overlay-type":"","overlay-color":"","overlay-opacity":"","overlay-gradient":""},"tablet":{"background-color":"","background-image":"","background-repeat":"repeat","background-position":"center center","background-size":"auto","background-attachment":"scroll","background-type":"","background-media":"","overlay-type":"","overlay-color":"","overlay-opacity":"","overlay-gradient":""},"mobile":{"background-color":"","background-image":"","background-repeat":"repeat","background-position":"center center","background-size":"auto","background-attachment":"scroll","background-type":"","background-media":"","overlay-type":"","overlay-color":"","overlay-opacity":"","overlay-gradient":""}},"ast-content-background-meta":{"desktop":{"background-color":"var(--ast-global-color-5)","background-image":"","background-repeat":"repeat","background-position":"center center","background-size":"auto","background-attachment":"scroll","background-type":"","background-media":"","overlay-type":"","overlay-color":"","overlay-opacity":"","overlay-gradient":""},"tablet":{"background-color":"var(--ast-global-color-5)","background-image":"","background-repeat":"repeat","background-position":"center center","background-size":"auto","background-attachment":"scroll","background-type":"","background-media":"","overlay-type":"","overlay-color":"","overlay-opacity":"","overlay-gradient":""},"mobile":{"background-color":"var(--ast-global-color-5)","background-image":"","background-repeat":"repeat","background-position":"center center","background-size":"auto","background-attachment":"scroll","background-type":"","background-media":"","overlay-type":"","overlay-color":"","overlay-opacity":"","overlay-gradient":""}},"ngg_post_thumbnail":0,"footnotes":""},"class_list":["post-1200","page","type-page","status-publish","hentry"],"_links":{"self":[{"href":"https:\/\/www2.unifap.br\/letras-santana\/wp-json\/wp\/v2\/pages\/1200","targetHints":{"allow":["GET"]}}],"collection":[{"href":"https:\/\/www2.unifap.br\/letras-santana\/wp-json\/wp\/v2\/pages"}],"about":[{"href":"https:\/\/www2.unifap.br\/letras-santana\/wp-json\/wp\/v2\/types\/page"}],"author":[{"embeddable":true,"href":"https:\/\/www2.unifap.br\/letras-santana\/wp-json\/wp\/v2\/users\/786"}],"replies":[{"embeddable":true,"href":"https:\/\/www2.unifap.br\/letras-santana\/wp-json\/wp\/v2\/comments?post=1200"}],"version-history":[{"count":15,"href":"https:\/\/www2.unifap.br\/letras-santana\/wp-json\/wp\/v2\/pages\/1200\/revisions"}],"predecessor-version":[{"id":2547,"href":"https:\/\/www2.unifap.br\/letras-santana\/wp-json\/wp\/v2\/pages\/1200\/revisions\/2547"}],"up":[{"embeddable":true,"href":"https:\/\/www2.unifap.br\/letras-santana\/wp-json\/wp\/v2\/pages\/1005"}],"wp:attachment":[{"href":"https:\/\/www2.unifap.br\/letras-santana\/wp-json\/wp\/v2\/media?parent=1200"}],"curies":[{"name":"wp","href":"https:\/\/api.w.org\/{rel}","templated":true}]}}