{"id":2005,"date":"2022-08-26T22:40:25","date_gmt":"2022-08-26T22:40:25","guid":{"rendered":"https:\/\/www2.unifap.br\/letras-santana\/?page_id=2005"},"modified":"2025-12-08T15:07:54","modified_gmt":"2025-12-08T15:07:54","slug":"pesquisas-discentes","status":"publish","type":"page","link":"https:\/\/www2.unifap.br\/letras-santana\/pesquisa-2\/pesquisas-discentes\/","title":{"rendered":"Inicia\u00e7\u00e3o Cient\u00edfica"},"content":{"rendered":"<table width=\"941\">\n<tbody>\n<tr>\n<td colspan=\"3\" width=\"941\"><strong>Bolsistas de Inicia\u00e7\u00e3o Cient\u00edfica 2025\/2026<\/strong><\/td>\n<\/tr>\n<tr>\n<td width=\"236\"><strong>Acad\u00eamicos<\/strong><\/td>\n<td width=\"293\"><strong>Professor(a) orientador(a)<\/strong><\/td>\n<td width=\"412\"><strong>Plano de trabalho<\/strong><\/td>\n<\/tr>\n<tr>\n<td width=\"236\">Camila Nara de Moraes Nogueira<\/td>\n<td width=\"293\">Prof. Dr. Eduardo Alves Vasconcelos<\/td>\n<td width=\"412\">Documenta\u00e7\u00e3o da l\u00edngua Waiana (Karib) \u2013 fase 1<\/td>\n<\/tr>\n<tr>\n<td width=\"236\">Zayra Moreira da Silva<\/td>\n<td width=\"293\">Prof.\u00aa Dr.\u00aa Gilmara dos Reis Ribeiro<\/td>\n<td width=\"412\">Educa\u00e7\u00e3o bil\u00edngue para surdos: um retrato de reivindica\u00e7\u00f5es ap\u00f3s a lei n\u00ba14.191<\/td>\n<\/tr>\n<tr>\n<td width=\"236\">Marcele Salgado Maciel<\/td>\n<td rowspan=\"2\" width=\"293\">Prof. Dr. Rom\u00e1rio Duarte Sanches<\/td>\n<td width=\"412\">Compara\u00e7\u00e3o cartogr\u00e1fica de variantes lexicais do campo sem\u00e2ntico \u201cjogos e brincadeiras infantis\u201d de atlas lingu\u00edsticos da Regi\u00e3o Norte<\/td>\n<\/tr>\n<tr>\n<td width=\"236\">Eder Pereira Pacheco Junior<\/td>\n<td width=\"412\">Desenvolvimento da plataforma digital PEGeo (Painel de Estudos Geossociolingu\u00edsticos no Norte do Brasil)<\/td>\n<\/tr>\n<\/tbody>\n<\/table>\n<table width=\"941\">\n<tbody>\n<tr>\n<td colspan=\"3\" width=\"941\"><strong>Bolsistas de Inicia\u00e7\u00e3o Cient\u00edfica 2024\/2025<\/strong><\/td>\n<\/tr>\n<tr>\n<td width=\"236\"><strong>Acad\u00eamicos<\/strong><\/td>\n<td width=\"293\"><strong>Professor(a) orientador(a)<\/strong><\/td>\n<td width=\"412\"><strong>Plano de trabalho<\/strong><\/td>\n<\/tr>\n<tr>\n<td width=\"236\">Bruna Danielle Guimar\u00e3es Silva<\/td>\n<td width=\"293\">Prof. Dr. Ednaldo Tartaglia Santos<\/td>\n<td width=\"412\">Discursos (des)legitimadores no processo de reconhecimento estatal do Marabaixo no s\u00e9culo XXI<\/td>\n<\/tr>\n<tr>\n<td width=\"236\">Jo\u00e3o Paulo Brito de Medeiros<\/td>\n<td width=\"293\">Prof. Dr. Eduardo Alves Vasconcelos<\/td>\n<td width=\"412\">Marcadores de posse em l\u00ednguas Karib do ramo guianense \u2013 Fase II<\/td>\n<\/tr>\n<tr>\n<td width=\"236\">Yasmim Leite Bruno Valente<\/td>\n<td width=\"293\">Prof.\u00aa Dr.\u00aa Natali Fabiana da Costa e Silva<\/td>\n<td width=\"412\">A Literatura de Autoria Feminina na Guiana Francesa e o Mercado Editorial<\/td>\n<\/tr>\n<tr>\n<td width=\"236\">Marcele Salgado Maciel<\/td>\n<td width=\"293\">Prof. Dr. Rom\u00e1rio Duarte Sanches<\/td>\n<td width=\"412\">An\u00e1lise lexical do campo sem\u00e2ntico \u201cjogos e brincadeiras infantis\u201d nos dados do Atlas Lingu\u00edstico do Amap\u00e1<\/td>\n<\/tr>\n<tr>\n<td width=\"236\">Nicole Abreu Figueiredo<\/td>\n<td width=\"293\">Prof. Dr. Rom\u00e1rio Duarte Sanches<\/td>\n<td width=\"412\">An\u00e1lise comparativa dos ditongos decrescentes orais \/ej\/, \/aj\/ e \/ow\/ no portugu\u00eas falado na Regi\u00e3o Norte do Brasil<\/td>\n<\/tr>\n<\/tbody>\n<\/table>\n","protected":false},"excerpt":{"rendered":"<p>Bolsistas de Inicia\u00e7\u00e3o Cient\u00edfica 2025\/2026 Acad\u00eamicos Professor(a) orientador(a) Plano de trabalho Camila Nara de Moraes Nogueira Prof. Dr. Eduardo Alves Vasconcelos Documenta\u00e7\u00e3o da l\u00edngua Waiana (Karib) \u2013 fase 1 Zayra Moreira da Silva Prof.\u00aa Dr.\u00aa Gilmara dos Reis Ribeiro Educa\u00e7\u00e3o bil\u00edngue para surdos: um retrato de reivindica\u00e7\u00f5es ap\u00f3s a lei n\u00ba14.191 Marcele Salgado Maciel Prof&#8230;.<\/p>\n","protected":false},"author":3865,"featured_media":0,"parent":1010,"menu_order":0,"comment_status":"closed","ping_status":"closed","template":"","meta":{"inline_featured_image":false,"site-sidebar-layout":"default","site-content-layout":"","ast-site-content-layout":"default","site-content-style":"default","site-sidebar-style":"default","ast-global-header-display":"","ast-banner-title-visibility":"","ast-main-header-display":"","ast-hfb-above-header-display":"","ast-hfb-below-header-display":"","ast-hfb-mobile-header-display":"","site-post-title":"","ast-breadcrumbs-content":"","ast-featured-img":"","footer-sml-layout":"","theme-transparent-header-meta":"default","adv-header-id-meta":"","stick-header-meta":"","header-above-stick-meta":"","header-main-stick-meta":"","header-below-stick-meta":"","astra-migrate-meta-layouts":"set","ast-page-background-enabled":"default","ast-page-background-meta":{"desktop":{"background-color":"var(--ast-global-color-4)","background-image":"","background-repeat":"repeat","background-position":"center center","background-size":"auto","background-attachment":"scroll","background-type":"","background-media":"","overlay-type":"","overlay-color":"","overlay-opacity":"","overlay-gradient":""},"tablet":{"background-color":"","background-image":"","background-repeat":"repeat","background-position":"center center","background-size":"auto","background-attachment":"scroll","background-type":"","background-media":"","overlay-type":"","overlay-color":"","overlay-opacity":"","overlay-gradient":""},"mobile":{"background-color":"","background-image":"","background-repeat":"repeat","background-position":"center center","background-size":"auto","background-attachment":"scroll","background-type":"","background-media":"","overlay-type":"","overlay-color":"","overlay-opacity":"","overlay-gradient":""}},"ast-content-background-meta":{"desktop":{"background-color":"var(--ast-global-color-5)","background-image":"","background-repeat":"repeat","background-position":"center center","background-size":"auto","background-attachment":"scroll","background-type":"","background-media":"","overlay-type":"","overlay-color":"","overlay-opacity":"","overlay-gradient":""},"tablet":{"background-color":"var(--ast-global-color-5)","background-image":"","background-repeat":"repeat","background-position":"center center","background-size":"auto","background-attachment":"scroll","background-type":"","background-media":"","overlay-type":"","overlay-color":"","overlay-opacity":"","overlay-gradient":""},"mobile":{"background-color":"var(--ast-global-color-5)","background-image":"","background-repeat":"repeat","background-position":"center center","background-size":"auto","background-attachment":"scroll","background-type":"","background-media":"","overlay-type":"","overlay-color":"","overlay-opacity":"","overlay-gradient":""}},"ngg_post_thumbnail":0,"footnotes":""},"class_list":["post-2005","page","type-page","status-publish","hentry"],"_links":{"self":[{"href":"https:\/\/www2.unifap.br\/letras-santana\/wp-json\/wp\/v2\/pages\/2005","targetHints":{"allow":["GET"]}}],"collection":[{"href":"https:\/\/www2.unifap.br\/letras-santana\/wp-json\/wp\/v2\/pages"}],"about":[{"href":"https:\/\/www2.unifap.br\/letras-santana\/wp-json\/wp\/v2\/types\/page"}],"author":[{"embeddable":true,"href":"https:\/\/www2.unifap.br\/letras-santana\/wp-json\/wp\/v2\/users\/3865"}],"replies":[{"embeddable":true,"href":"https:\/\/www2.unifap.br\/letras-santana\/wp-json\/wp\/v2\/comments?post=2005"}],"version-history":[{"count":15,"href":"https:\/\/www2.unifap.br\/letras-santana\/wp-json\/wp\/v2\/pages\/2005\/revisions"}],"predecessor-version":[{"id":2650,"href":"https:\/\/www2.unifap.br\/letras-santana\/wp-json\/wp\/v2\/pages\/2005\/revisions\/2650"}],"up":[{"embeddable":true,"href":"https:\/\/www2.unifap.br\/letras-santana\/wp-json\/wp\/v2\/pages\/1010"}],"wp:attachment":[{"href":"https:\/\/www2.unifap.br\/letras-santana\/wp-json\/wp\/v2\/media?parent=2005"}],"curies":[{"name":"wp","href":"https:\/\/api.w.org\/{rel}","templated":true}]}}