{"id":2409,"date":"2025-04-11T17:51:09","date_gmt":"2025-04-11T17:51:09","guid":{"rendered":"https:\/\/www2.unifap.br\/letras-santana\/?page_id=2409"},"modified":"2026-01-17T15:56:57","modified_gmt":"2026-01-17T15:56:57","slug":"monitoria","status":"publish","type":"page","link":"https:\/\/www2.unifap.br\/letras-santana\/monitoria\/","title":{"rendered":"Monitoria"},"content":{"rendered":"<p><a href=\"https:\/\/docs.google.com\/document\/d\/10TJ3hngr8HRLOVOZwyMqz84ZhPwxiAnj\/edit?usp=sharing&amp;ouid=115846069817116965804&amp;rtpof=true&amp;sd=true\">Modelo de Relat\u00f3rio Monitoria<\/a><\/p>\n<table>\n<tbody>\n<tr>\n<td colspan=\"3\" width=\"785\"><strong>2026.1<\/strong><\/td>\n<\/tr>\n<tr>\n<td width=\"272\"><strong>Disciplina<\/strong><\/td>\n<td width=\"293\"><strong>Professor(a) supervisor(a)<\/strong><\/td>\n<td width=\"220\"><strong>Acad\u00eamico(a)<\/strong><\/td>\n<\/tr>\n<tr>\n<td width=\"272\">&#8211;<\/td>\n<td width=\"293\">&#8211;<\/td>\n<td width=\"220\">Filipe de Jesus Silva da Paix\u00e3o<\/td>\n<\/tr>\n<tr>\n<td width=\"272\">&#8211;<\/td>\n<td width=\"293\">&#8211;<\/td>\n<td width=\"220\">Suely Cabral Quintela<\/td>\n<\/tr>\n<tr>\n<td width=\"272\">&#8211;<\/td>\n<td width=\"293\">&#8211;<\/td>\n<td width=\"220\">Luiza Tavares Muniz<\/td>\n<\/tr>\n<tr>\n<td width=\"272\">&#8211;<\/td>\n<td width=\"293\">&#8211;<\/td>\n<td width=\"220\">Railson Cadorso Barbosa<\/td>\n<\/tr>\n<\/tbody>\n<\/table>\n<table>\n<tbody>\n<tr>\n<td colspan=\"3\" width=\"785\"><strong>2025.2<\/strong><\/td>\n<\/tr>\n<tr>\n<td width=\"272\"><strong>Disciplina<\/strong><\/td>\n<td width=\"293\"><strong>Professor(a) supervisor(a)<\/strong><\/td>\n<td width=\"220\"><strong>Acad\u00eamico(a)<\/strong><\/td>\n<\/tr>\n<tr>\n<td width=\"272\">An\u00e1lise do Discurso<\/td>\n<td width=\"293\">Prof. Dr. Ednaldo Tartaglia Santos&nbsp;<\/td>\n<td width=\"220\">Filipe de Jesus Silva da Paix\u00e3o<\/td>\n<\/tr>\n<tr>\n<td width=\"272\">Lingu\u00edstica Textual<\/td>\n<td width=\"293\">Prof.\u00aa Dr.\u00aa Gilmara dos Reis Ribeiro<\/td>\n<td width=\"220\">Suely Cabral Quintela<\/td>\n<\/tr>\n<tr>\n<td width=\"272\">Fon\u00e9tica e Fonologia<\/td>\n<td width=\"293\">Prof. Dr. Eduardo Alves Vasconcelos<\/td>\n<td width=\"220\">Luiza Tavares Muniz<\/td>\n<\/tr>\n<tr>\n<td width=\"272\">Introdu\u00e7\u00e3o&nbsp;\u00e0&nbsp;Filosofia<\/td>\n<td width=\"293\">Prof. Dr. Victor Andr\u00e9 Pinheiro Cantu\u00e1rio<\/td>\n<td width=\"220\">Railson Cadorso Barbosa<\/td>\n<\/tr>\n<\/tbody>\n<\/table>\n<table>\n<tbody>\n<tr>\n<td colspan=\"3\" width=\"785\"><strong>2025.1<\/strong><\/td>\n<\/tr>\n<tr>\n<td width=\"272\"><strong>Disciplina<\/strong><\/td>\n<td width=\"293\"><strong>Professor(a) supervisor(a)<\/strong><\/td>\n<td width=\"220\"><strong>Acad\u00eamico(a)<\/strong><\/td>\n<\/tr>\n<tr>\n<td width=\"272\">Sociolingu\u00edstica<\/td>\n<td width=\"293\">Prof. Dr. Ednaldo Tartaglia Santos&nbsp;<\/td>\n<td width=\"220\">Filipe de Jesus Silva da Paix\u00e3o<\/td>\n<\/tr>\n<tr>\n<td width=\"272\">Teoria e Pr\u00e1ticas de Letramento<\/td>\n<td width=\"293\">Prof.\u00aa Dr.\u00aa Gilmara dos Reis Ribeiro<\/td>\n<td width=\"220\">Suely Cabral Quintela<\/td>\n<\/tr>\n<tr>\n<td width=\"272\">Produ\u00e7\u00e3o de Textos Acad\u00eamicos<\/td>\n<td width=\"293\">Prof. Dr. Rom\u00e1rio Duarte Sanches<\/td>\n<td width=\"220\">Luiza Tavares Muniz<\/td>\n<\/tr>\n<tr>\n<td width=\"272\">Introdu\u00e7\u00e3o&nbsp;\u00e0&nbsp;Filosofia<\/td>\n<td width=\"293\">Prof. Dr. Victor Andr\u00e9 Pinheiro Cantu\u00e1rio<\/td>\n<td width=\"220\">Cairon Vinicius Santiago Souza<\/td>\n<\/tr>\n<\/tbody>\n<\/table>\n<p>&nbsp;<\/p>\n<table>\n<tbody>\n<tr>\n<td colspan=\"3\" width=\"784\"><strong>2024.2<\/strong><\/td>\n<\/tr>\n<tr>\n<td width=\"272\"><strong>Disciplina<\/strong><\/td>\n<td width=\"295\"><strong>Professor(a) supervisor(a)<\/strong><\/td>\n<td width=\"217\"><strong>Acad\u00eamico(a)<\/strong><\/td>\n<\/tr>\n<tr>\n<td width=\"272\">Teoria e Pr\u00e1tica de L\u00edngua Portuguesa<\/td>\n<td width=\"295\">Prof. Dr. Rom\u00e1rio Duarte Sanches<\/td>\n<td width=\"217\">Daiana Learte dos Santos<\/td>\n<\/tr>\n<tr>\n<td width=\"272\">Fon\u00e9tica e Fonologia<\/td>\n<td width=\"295\">Prof. Dr. Eduardo Alves Vasconcelos<\/td>\n<td width=\"217\">Eder Pereira Pacheco<\/td>\n<\/tr>\n<tr>\n<td width=\"272\">Literatura Portuguesa III<\/td>\n<td width=\"295\">Prof.\u00aa Dr.\u00aa Fernanda dos Santos<\/td>\n<td width=\"217\">Filipe de Jesus Silva da Paix\u00e3o<\/td>\n<\/tr>\n<\/tbody>\n<\/table>\n<p>&nbsp;<\/p>\n<table>\n<tbody>\n<tr>\n<td colspan=\"3\" width=\"859\"><strong>2024.1<\/strong><\/td>\n<\/tr>\n<tr>\n<td width=\"272\"><strong>Disciplina<\/strong><\/td>\n<td width=\"263\"><strong>Professor(a) supervisor(a)<\/strong><\/td>\n<td width=\"324\"><strong>Acad\u00eamico(a)<\/strong><\/td>\n<\/tr>\n<tr>\n<td width=\"272\">Hist\u00f3ria da L\u00edngua Portuguesa<\/td>\n<td width=\"263\">Prof. Dr. Rom\u00e1rio Duarte Sanches<\/td>\n<td width=\"324\">Yasmim Leite Bruno Valente<\/td>\n<\/tr>\n<tr>\n<td width=\"272\">Introdu\u00e7\u00e3o aos Estudos Lingu\u00edsticos<\/td>\n<td width=\"263\">Prof. Dr. Eduardo Alves Vasconcelos<\/td>\n<td width=\"324\">Marcele Salgado Maciel\/ Eder Pereira Pacheco<\/td>\n<\/tr>\n<tr>\n<td width=\"272\">Literatura Brasileira IV<\/td>\n<td width=\"263\">Prof. Dr. Rafael Senra<\/td>\n<td width=\"324\">Filipe de Jesus Silva da Paix\u00e3o<\/td>\n<\/tr>\n<tr>\n<td width=\"272\">Literatura Portuguesa I<\/td>\n<td width=\"263\">Prof.\u00aa Dr.\u00aa Fernanda dos Santos<\/td>\n<td width=\"324\">Lucas Rodrigo Uch\u00f4a de Oliveira<\/td>\n<\/tr>\n<tr>\n<td width=\"272\">Psicolingu\u00edstica<\/td>\n<td width=\"263\">Prof. Dr. Ednaldo Tartaglia Santos&nbsp;<\/td>\n<td width=\"324\">Daiana Learte dos Santos<\/td>\n<\/tr>\n<\/tbody>\n<\/table>\n","protected":false},"excerpt":{"rendered":"<p>Modelo de Relat\u00f3rio Monitoria 2026.1 Disciplina Professor(a) supervisor(a) Acad\u00eamico(a) &#8211; &#8211; Filipe de Jesus Silva da Paix\u00e3o &#8211; &#8211; Suely Cabral Quintela &#8211; &#8211; Luiza Tavares Muniz &#8211; &#8211; Railson Cadorso Barbosa 2025.2 Disciplina Professor(a) supervisor(a) Acad\u00eamico(a) An\u00e1lise do Discurso Prof. Dr. Ednaldo Tartaglia Santos&nbsp; Filipe de Jesus Silva da Paix\u00e3o Lingu\u00edstica Textual Prof.\u00aa Dr.\u00aa&#8230;<\/p>\n","protected":false},"author":4046,"featured_media":0,"parent":0,"menu_order":0,"comment_status":"closed","ping_status":"closed","template":"","meta":{"inline_featured_image":false,"site-sidebar-layout":"default","site-content-layout":"","ast-site-content-layout":"default","site-content-style":"default","site-sidebar-style":"default","ast-global-header-display":"","ast-banner-title-visibility":"","ast-main-header-display":"","ast-hfb-above-header-display":"","ast-hfb-below-header-display":"","ast-hfb-mobile-header-display":"","site-post-title":"","ast-breadcrumbs-content":"","ast-featured-img":"","footer-sml-layout":"","theme-transparent-header-meta":"default","adv-header-id-meta":"","stick-header-meta":"","header-above-stick-meta":"","header-main-stick-meta":"","header-below-stick-meta":"","astra-migrate-meta-layouts":"set","ast-page-background-enabled":"default","ast-page-background-meta":{"desktop":{"background-color":"var(--ast-global-color-4)","background-image":"","background-repeat":"repeat","background-position":"center center","background-size":"auto","background-attachment":"scroll","background-type":"","background-media":"","overlay-type":"","overlay-color":"","overlay-opacity":"","overlay-gradient":""},"tablet":{"background-color":"","background-image":"","background-repeat":"repeat","background-position":"center center","background-size":"auto","background-attachment":"scroll","background-type":"","background-media":"","overlay-type":"","overlay-color":"","overlay-opacity":"","overlay-gradient":""},"mobile":{"background-color":"","background-image":"","background-repeat":"repeat","background-position":"center center","background-size":"auto","background-attachment":"scroll","background-type":"","background-media":"","overlay-type":"","overlay-color":"","overlay-opacity":"","overlay-gradient":""}},"ast-content-background-meta":{"desktop":{"background-color":"var(--ast-global-color-5)","background-image":"","background-repeat":"repeat","background-position":"center center","background-size":"auto","background-attachment":"scroll","background-type":"","background-media":"","overlay-type":"","overlay-color":"","overlay-opacity":"","overlay-gradient":""},"tablet":{"background-color":"var(--ast-global-color-5)","background-image":"","background-repeat":"repeat","background-position":"center center","background-size":"auto","background-attachment":"scroll","background-type":"","background-media":"","overlay-type":"","overlay-color":"","overlay-opacity":"","overlay-gradient":""},"mobile":{"background-color":"var(--ast-global-color-5)","background-image":"","background-repeat":"repeat","background-position":"center center","background-size":"auto","background-attachment":"scroll","background-type":"","background-media":"","overlay-type":"","overlay-color":"","overlay-opacity":"","overlay-gradient":""}},"ngg_post_thumbnail":0,"footnotes":""},"class_list":["post-2409","page","type-page","status-publish","hentry"],"_links":{"self":[{"href":"https:\/\/www2.unifap.br\/letras-santana\/wp-json\/wp\/v2\/pages\/2409","targetHints":{"allow":["GET"]}}],"collection":[{"href":"https:\/\/www2.unifap.br\/letras-santana\/wp-json\/wp\/v2\/pages"}],"about":[{"href":"https:\/\/www2.unifap.br\/letras-santana\/wp-json\/wp\/v2\/types\/page"}],"author":[{"embeddable":true,"href":"https:\/\/www2.unifap.br\/letras-santana\/wp-json\/wp\/v2\/users\/4046"}],"replies":[{"embeddable":true,"href":"https:\/\/www2.unifap.br\/letras-santana\/wp-json\/wp\/v2\/comments?post=2409"}],"version-history":[{"count":12,"href":"https:\/\/www2.unifap.br\/letras-santana\/wp-json\/wp\/v2\/pages\/2409\/revisions"}],"predecessor-version":[{"id":2666,"href":"https:\/\/www2.unifap.br\/letras-santana\/wp-json\/wp\/v2\/pages\/2409\/revisions\/2666"}],"wp:attachment":[{"href":"https:\/\/www2.unifap.br\/letras-santana\/wp-json\/wp\/v2\/media?parent=2409"}],"curies":[{"name":"wp","href":"https:\/\/api.w.org\/{rel}","templated":true}]}}