{"id":2414,"date":"2025-04-11T21:22:30","date_gmt":"2025-04-11T21:22:30","guid":{"rendered":"https:\/\/www2.unifap.br\/letras-santana\/?page_id=2414"},"modified":"2025-07-13T12:07:00","modified_gmt":"2025-07-13T12:07:00","slug":"programa-de-iniciacao-a-docencia","status":"publish","type":"page","link":"https:\/\/www2.unifap.br\/letras-santana\/programa-de-iniciacao-a-docencia\/","title":{"rendered":"Programa de Inicia\u00e7\u00e3o \u00e0 Doc\u00eancia"},"content":{"rendered":"<table>\n<tbody>\n<tr>\n<td colspan=\"3\" width=\"816\"><strong>Edi\u00e7\u00e3o PIBID 2024\/2026<\/strong><\/td>\n<\/tr>\n<tr>\n<td width=\"272\"><strong>Bolsistas<\/strong><\/td>\n<td width=\"272\"><strong>Coordenador de \u00c1rea L\u00edngua Portuguesa \u2013 Campus Santana<\/strong><\/td>\n<td width=\"272\"><strong>Professora Supervisora de L\u00edngua Portuguesa<\/strong><\/td>\n<\/tr>\n<tr>\n<td width=\"272\">Eliane Montes Moraes<\/td>\n<td rowspan=\"8\" width=\"272\">Prof. Dr. Rom\u00e1rio Duarte Sanches<\/td>\n<td rowspan=\"8\" width=\"272\">Prof.\u00aa Esp. Silvana Fa\u00e7anha de Souza<\/td>\n<\/tr>\n<tr>\n<td width=\"272\">Ana Carolina Farias Braz\u00e3o<\/td>\n<\/tr>\n<tr>\n<td width=\"272\">Bianca da Silva Martins<\/td>\n<\/tr>\n<tr>\n<td width=\"272\">Carolynne Souza Mour\u00e3o<\/td>\n<\/tr>\n<tr>\n<td width=\"272\">Cindy Tatiane Bezerra Da Silva<\/td>\n<\/tr>\n<tr>\n<td width=\"272\">Emanuely Cristina Gaia dos Santos<\/td>\n<\/tr>\n<tr>\n<td width=\"272\">Merian Ferreira Guedes<\/td>\n<\/tr>\n<tr>\n<td width=\"272\">Richard Biank Lobato Barbosa<\/td>\n<\/tr>\n<\/tbody>\n<\/table>\n","protected":false},"excerpt":{"rendered":"<p>Edi\u00e7\u00e3o PIBID 2024\/2026 Bolsistas Coordenador de \u00c1rea L\u00edngua Portuguesa \u2013 Campus Santana Professora Supervisora de L\u00edngua Portuguesa Eliane Montes Moraes Prof. Dr. Rom\u00e1rio Duarte Sanches Prof.\u00aa Esp. Silvana Fa\u00e7anha de Souza Ana Carolina Farias Braz\u00e3o Bianca da Silva Martins Carolynne Souza Mour\u00e3o Cindy Tatiane Bezerra Da Silva Emanuely Cristina Gaia dos Santos Merian Ferreira Guedes&#8230;<\/p>\n","protected":false},"author":4046,"featured_media":0,"parent":0,"menu_order":0,"comment_status":"closed","ping_status":"closed","template":"","meta":{"inline_featured_image":false,"site-sidebar-layout":"default","site-content-layout":"","ast-site-content-layout":"default","site-content-style":"default","site-sidebar-style":"default","ast-global-header-display":"","ast-banner-title-visibility":"","ast-main-header-display":"","ast-hfb-above-header-display":"","ast-hfb-below-header-display":"","ast-hfb-mobile-header-display":"","site-post-title":"","ast-breadcrumbs-content":"","ast-featured-img":"","footer-sml-layout":"","theme-transparent-header-meta":"default","adv-header-id-meta":"","stick-header-meta":"","header-above-stick-meta":"","header-main-stick-meta":"","header-below-stick-meta":"","astra-migrate-meta-layouts":"set","ast-page-background-enabled":"default","ast-page-background-meta":{"desktop":{"background-color":"var(--ast-global-color-4)","background-image":"","background-repeat":"repeat","background-position":"center center","background-size":"auto","background-attachment":"scroll","background-type":"","background-media":"","overlay-type":"","overlay-color":"","overlay-opacity":"","overlay-gradient":""},"tablet":{"background-color":"","background-image":"","background-repeat":"repeat","background-position":"center center","background-size":"auto","background-attachment":"scroll","background-type":"","background-media":"","overlay-type":"","overlay-color":"","overlay-opacity":"","overlay-gradient":""},"mobile":{"background-color":"","background-image":"","background-repeat":"repeat","background-position":"center center","background-size":"auto","background-attachment":"scroll","background-type":"","background-media":"","overlay-type":"","overlay-color":"","overlay-opacity":"","overlay-gradient":""}},"ast-content-background-meta":{"desktop":{"background-color":"var(--ast-global-color-5)","background-image":"","background-repeat":"repeat","background-position":"center center","background-size":"auto","background-attachment":"scroll","background-type":"","background-media":"","overlay-type":"","overlay-color":"","overlay-opacity":"","overlay-gradient":""},"tablet":{"background-color":"var(--ast-global-color-5)","background-image":"","background-repeat":"repeat","background-position":"center center","background-size":"auto","background-attachment":"scroll","background-type":"","background-media":"","overlay-type":"","overlay-color":"","overlay-opacity":"","overlay-gradient":""},"mobile":{"background-color":"var(--ast-global-color-5)","background-image":"","background-repeat":"repeat","background-position":"center center","background-size":"auto","background-attachment":"scroll","background-type":"","background-media":"","overlay-type":"","overlay-color":"","overlay-opacity":"","overlay-gradient":""}},"ngg_post_thumbnail":0,"footnotes":""},"class_list":["post-2414","page","type-page","status-publish","hentry"],"_links":{"self":[{"href":"https:\/\/www2.unifap.br\/letras-santana\/wp-json\/wp\/v2\/pages\/2414","targetHints":{"allow":["GET"]}}],"collection":[{"href":"https:\/\/www2.unifap.br\/letras-santana\/wp-json\/wp\/v2\/pages"}],"about":[{"href":"https:\/\/www2.unifap.br\/letras-santana\/wp-json\/wp\/v2\/types\/page"}],"author":[{"embeddable":true,"href":"https:\/\/www2.unifap.br\/letras-santana\/wp-json\/wp\/v2\/users\/4046"}],"replies":[{"embeddable":true,"href":"https:\/\/www2.unifap.br\/letras-santana\/wp-json\/wp\/v2\/comments?post=2414"}],"version-history":[{"count":3,"href":"https:\/\/www2.unifap.br\/letras-santana\/wp-json\/wp\/v2\/pages\/2414\/revisions"}],"predecessor-version":[{"id":2568,"href":"https:\/\/www2.unifap.br\/letras-santana\/wp-json\/wp\/v2\/pages\/2414\/revisions\/2568"}],"wp:attachment":[{"href":"https:\/\/www2.unifap.br\/letras-santana\/wp-json\/wp\/v2\/media?parent=2414"}],"curies":[{"name":"wp","href":"https:\/\/api.w.org\/{rel}","templated":true}]}}