{"id":2491,"date":"2025-04-15T15:46:55","date_gmt":"2025-04-15T15:46:55","guid":{"rendered":"https:\/\/www2.unifap.br\/letras-santana\/?page_id=2491"},"modified":"2026-02-02T13:42:27","modified_gmt":"2026-02-02T13:42:27","slug":"atas-de-reuniao-de-colegiado","status":"publish","type":"page","link":"https:\/\/www2.unifap.br\/letras-santana\/atas-de-reuniao-de-colegiado\/","title":{"rendered":"Atas de Reuni\u00e3o de Colegiado"},"content":{"rendered":"<ul>\n<li><a href=\"https:\/\/drive.google.com\/file\/d\/1AlkoDP1rgdz2J6H7ZNPrI_r3CClFIw7H\/view?usp=sharing\">ATA REUNI\u00c3O DE COLEGIADO ORDIN\u00c1RIA 27_01_2026<\/a><\/li>\n<li><a href=\"http:\/\/www2.unifap.br\/letras-santana\/files\/2026\/01\/ATA-DA-REUNIAO-EXTRAORDINARIA-DO-COLEGIADO_13_01_2026.pdf\">ATA DA REUNI\u00c3O EXTRAORDIN\u00c1RIA DO COLEGIADO_13_01_2026<\/a><\/li>\n<li><a href=\"http:\/\/www2.unifap.br\/letras-santana\/files\/2026\/01\/ATA-REUNIAO-DE-COLEGIADO-ORDINARIA-19_12_2025.pdf\">ATA REUNI\u00c3O DE COLEGIADO ORDIN\u00c1RIA 19_12_2025<\/a><\/li>\n<li><a href=\"http:\/\/www2.unifap.br\/letras-santana\/files\/2026\/01\/ATA-REUNIAO-DE-COLEGIADO-ORDINARIA-19_11_2025.pdf\">ATA REUNI\u00c3O DE COLEGIADO ORDIN\u00c1RIA 19_11_2025<\/a><\/li>\n<li><a href=\"http:\/\/www2.unifap.br\/letras-santana\/files\/2025\/11\/ATA-REUNIAO-DE-COLEGIADO-ORDINARIA-22_10_2025.pdf\">ATA REUNI\u00c3O DE COLEGIADO ORDIN\u00c1RIA 22_10_2025<\/a><\/li>\n<li><a href=\"http:\/\/www2.unifap.br\/letras-santana\/files\/2025\/11\/ATA-REUNIAO-DE-COLEGIADO-ORDINARIA-17_09_2025.pdf\">ATA REUNI\u00c3O DE COLEGIADO ORDIN\u00c1RIA 17_09_2025<\/a><\/li>\n<li><a href=\"http:\/\/www2.unifap.br\/letras-santana\/files\/2025\/11\/ATA-DA-REUNIAO-EXTRAORDINARIA-DO-COLEGIADO_11_08_2025.pdf\">ATA DA REUNI\u00c3O EXTRAORDIN\u00c1RIA DO COLEGIADO_11_08_2025<\/a><\/li>\n<li><a href=\"http:\/\/www2.unifap.br\/letras-santana\/files\/2025\/11\/ATA-REUNIAO-DE-COLEGIADO-ORDINARIA-19_08_2025.pdf\">ATA REUNI\u00c3O DE COLEGIADO ORDIN\u00c1RIA 19_08_2025<\/a><\/li>\n<li><a href=\"http:\/\/www2.unifap.br\/letras-santana\/files\/2025\/08\/ATA-REUNIAO-DE-COLEGIADO-ORDINARIA-28_07_2025.pdf\">ATA REUNI\u00c3O DE COLEGIADO ORDIN\u00c1RIA 28_07_2025<\/a><\/li>\n<li><a href=\"http:\/\/www2.unifap.br\/letras-santana\/files\/2025\/08\/ATA-DA-REUNIAO-EXTRAORDINARIA-DO-COLEGIADO_18_07_2025.pdf\">ATA DA REUNI\u00c3O EXTRAORDIN\u00c1RIA DO COLEGIADO_18_07_2025<\/a><\/li>\n<li><a href=\"http:\/\/www2.unifap.br\/letras-santana\/files\/2025\/08\/ATA-DA-REUNIAO-EXTRAORDINARIA-DO-COLEGIADO_27_06_2025.pdf\">ATA DA REUNI\u00c3O EXTRAORDIN\u00c1RIA DO COLEGIADO_27_06_2025<\/a><\/li>\n<li><a href=\"http:\/\/www2.unifap.br\/letras-santana\/files\/2025\/08\/ATA-DA-REUNIAO-EXTRAORDINARIA-DO-COLEGIADO_24_06_2025.pdf\">ATA DA REUNI\u00c3O EXTRAORDIN\u00c1RIA DO COLEGIADO_24_06_2025<\/a><\/li>\n<li><a href=\"http:\/\/www2.unifap.br\/letras-santana\/files\/2025\/06\/ATA-REUNIAO-DE-COLEGIADO-ORDINARIA-13-DE-JUNHO-2025.pdf\">ATA DE REUNI\u00c3O ORDIN\u00c1RIA DO COLEGIADO_13_06_2025<\/a><\/li>\n<li><a href=\"http:\/\/www2.unifap.br\/letras-santana\/files\/2025\/06\/ATA-REUNIAO-ORDINARIA-COLEGIADO-22-MAIO-2025.pdf\">ATA DE REUNI\u00c3O ORDIN\u00c1RIA DO COLEGIADO_22_05_2025<\/a><\/li>\n<li><a href=\"http:\/\/www2.unifap.br\/letras-santana\/files\/2025\/06\/ATA-REUNIAO-DE-COLEGIADO-16-ABRI.pdf\">ATA DE REUNI\u00c3O ORDIN\u00c1RIA DO COLEGIADO_16_04_2025<\/a><\/li>\n<li><a style=\"font-size: 17px;font-style: normal;font-weight: 400;color: #3a3a3a\" href=\"http:\/\/www2.unifap.br\/letras-santana\/files\/2025\/04\/ATA-DE-REUNIAO-ORDINARIA-DO-COLEGIADO_11_03_2025.pdf\">ATA DE REUNI\u00c3O ORDIN\u00c1RIA DO COLEGIADO_11_03_2025<\/a><\/li>\n<li style=\"font-size: 17px\"><a style=\"font-size: 17px;color: #3a3a3a\" href=\"http:\/\/www2.unifap.br\/letras-santana\/files\/2025\/04\/ATA-DA-REUNIAO-EXTRAORDINARIA-DO-COLEGIADO_27_02_2025.pdf\">ATA DA REUNI\u00c3O EXTRAORDIN\u00c1RIA DO COLEGIADO_27_02_2025<\/a><\/li>\n<li style=\"font-size: 17px\"><a style=\"font-size: 17px;color: #3a3a3a\" href=\"http:\/\/www2.unifap.br\/letras-santana\/files\/2025\/04\/ATA-DE-REUNIAO-ORDINARIA-DO-COLEGIADO_10_02_2025.pdf\">ATA DE REUNI\u00c3O ORDIN\u00c1RIA DO COLEGIADO_10_02_2025<\/a><\/li>\n<\/ul>\n","protected":false},"excerpt":{"rendered":"<p>ATA REUNI\u00c3O DE COLEGIADO ORDIN\u00c1RIA 27_01_2026 ATA DA REUNI\u00c3O EXTRAORDIN\u00c1RIA DO COLEGIADO_13_01_2026 ATA REUNI\u00c3O DE COLEGIADO ORDIN\u00c1RIA 19_12_2025 ATA REUNI\u00c3O DE COLEGIADO ORDIN\u00c1RIA 19_11_2025 ATA REUNI\u00c3O DE COLEGIADO ORDIN\u00c1RIA 22_10_2025 ATA REUNI\u00c3O DE COLEGIADO ORDIN\u00c1RIA 17_09_2025 ATA DA REUNI\u00c3O EXTRAORDIN\u00c1RIA DO COLEGIADO_11_08_2025 ATA REUNI\u00c3O DE COLEGIADO ORDIN\u00c1RIA 19_08_2025 ATA REUNI\u00c3O DE COLEGIADO ORDIN\u00c1RIA 28_07_2025 ATA&#8230;<\/p>\n","protected":false},"author":4046,"featured_media":0,"parent":0,"menu_order":0,"comment_status":"closed","ping_status":"closed","template":"","meta":{"inline_featured_image":false,"site-sidebar-layout":"default","site-content-layout":"","ast-site-content-layout":"default","site-content-style":"default","site-sidebar-style":"default","ast-global-header-display":"","ast-banner-title-visibility":"","ast-main-header-display":"","ast-hfb-above-header-display":"","ast-hfb-below-header-display":"","ast-hfb-mobile-header-display":"","site-post-title":"","ast-breadcrumbs-content":"","ast-featured-img":"","footer-sml-layout":"","theme-transparent-header-meta":"default","adv-header-id-meta":"","stick-header-meta":"","header-above-stick-meta":"","header-main-stick-meta":"","header-below-stick-meta":"","astra-migrate-meta-layouts":"set","ast-page-background-enabled":"default","ast-page-background-meta":{"desktop":{"background-color":"var(--ast-global-color-4)","background-image":"","background-repeat":"repeat","background-position":"center center","background-size":"auto","background-attachment":"scroll","background-type":"","background-media":"","overlay-type":"","overlay-color":"","overlay-opacity":"","overlay-gradient":""},"tablet":{"background-color":"","background-image":"","background-repeat":"repeat","background-position":"center center","background-size":"auto","background-attachment":"scroll","background-type":"","background-media":"","overlay-type":"","overlay-color":"","overlay-opacity":"","overlay-gradient":""},"mobile":{"background-color":"","background-image":"","background-repeat":"repeat","background-position":"center center","background-size":"auto","background-attachment":"scroll","background-type":"","background-media":"","overlay-type":"","overlay-color":"","overlay-opacity":"","overlay-gradient":""}},"ast-content-background-meta":{"desktop":{"background-color":"var(--ast-global-color-5)","background-image":"","background-repeat":"repeat","background-position":"center center","background-size":"auto","background-attachment":"scroll","background-type":"","background-media":"","overlay-type":"","overlay-color":"","overlay-opacity":"","overlay-gradient":""},"tablet":{"background-color":"var(--ast-global-color-5)","background-image":"","background-repeat":"repeat","background-position":"center center","background-size":"auto","background-attachment":"scroll","background-type":"","background-media":"","overlay-type":"","overlay-color":"","overlay-opacity":"","overlay-gradient":""},"mobile":{"background-color":"var(--ast-global-color-5)","background-image":"","background-repeat":"repeat","background-position":"center center","background-size":"auto","background-attachment":"scroll","background-type":"","background-media":"","overlay-type":"","overlay-color":"","overlay-opacity":"","overlay-gradient":""}},"ngg_post_thumbnail":0,"footnotes":""},"class_list":["post-2491","page","type-page","status-publish","hentry"],"_links":{"self":[{"href":"https:\/\/www2.unifap.br\/letras-santana\/wp-json\/wp\/v2\/pages\/2491","targetHints":{"allow":["GET"]}}],"collection":[{"href":"https:\/\/www2.unifap.br\/letras-santana\/wp-json\/wp\/v2\/pages"}],"about":[{"href":"https:\/\/www2.unifap.br\/letras-santana\/wp-json\/wp\/v2\/types\/page"}],"author":[{"embeddable":true,"href":"https:\/\/www2.unifap.br\/letras-santana\/wp-json\/wp\/v2\/users\/4046"}],"replies":[{"embeddable":true,"href":"https:\/\/www2.unifap.br\/letras-santana\/wp-json\/wp\/v2\/comments?post=2491"}],"version-history":[{"count":10,"href":"https:\/\/www2.unifap.br\/letras-santana\/wp-json\/wp\/v2\/pages\/2491\/revisions"}],"predecessor-version":[{"id":2669,"href":"https:\/\/www2.unifap.br\/letras-santana\/wp-json\/wp\/v2\/pages\/2491\/revisions\/2669"}],"wp:attachment":[{"href":"https:\/\/www2.unifap.br\/letras-santana\/wp-json\/wp\/v2\/media?parent=2491"}],"curies":[{"name":"wp","href":"https:\/\/api.w.org\/{rel}","templated":true}]}}