{"id":2493,"date":"2025-04-15T15:47:41","date_gmt":"2025-04-15T15:47:41","guid":{"rendered":"https:\/\/www2.unifap.br\/letras-santana\/?page_id=2493"},"modified":"2026-02-02T11:09:45","modified_gmt":"2026-02-02T11:09:45","slug":"atas-de-reuniao-de-nde","status":"publish","type":"page","link":"https:\/\/www2.unifap.br\/letras-santana\/atas-de-reuniao-de-nde\/","title":{"rendered":"Atas de Reuni\u00e3o do NDE"},"content":{"rendered":"<ul>\n<li><a href=\"https:\/\/drive.google.com\/file\/d\/1NvQtjyBdBHhJ9OH4M7ldRuOii7yhK4CH\/view?usp=sharing\">ATA DE REUNI\u00c3O ORDIN\u00c1RIA DO NDE_20_01_2026<\/a><\/li>\n<li><a href=\"http:\/\/www2.unifap.br\/letras-santana\/files\/2026\/01\/ATA-DE-REUNIAO-ORDINARIA-DO-NDE_09_12_2025.pdf\">ATA DE REUNI\u00c3O ORDIN\u00c1RIA DO NDE_09_12_2025<\/a><\/li>\n<li><a href=\"http:\/\/www2.unifap.br\/letras-santana\/files\/2025\/11\/ATA-DE-REUNIAO-ORDINARIA-DO-NDE_11_11_2025.pdf\">ATA DE REUNI\u00c3O ORDIN\u00c1RIA DO NDE_11_11_2025<\/a><\/li>\n<li><a href=\"http:\/\/www2.unifap.br\/letras-santana\/files\/2025\/11\/ATA-DE-REUNIAO-ORDINARIA-DO-NDE_20_08_2025.pdf\">ATA DE REUNI\u00c3O ORDIN\u00c1RIA DO NDE_20_08_2025<\/a><\/li>\n<li><a href=\"http:\/\/www2.unifap.br\/letras-santana\/files\/2025\/08\/ATA-DE-REUNIAO-ORDINARIA-DO-NDE_30_07_2025.pdf\">ATA DE REUNI\u00c3O ORDIN\u00c1RIA DO NDE_30_07_2025<\/a><\/li>\n<li><a href=\"http:\/\/www2.unifap.br\/letras-santana\/files\/2025\/06\/ATA-REUNIAO-NDE-18-JUNHO-2025.pdf\">ATA DE REUNI\u00c3O ORDIN\u00c1RIA DO NDE_18_06_2025<\/a><\/li>\n<li><a href=\"http:\/\/www2.unifap.br\/letras-santana\/files\/2025\/06\/ATA-NDE-21-DE-MAIO-2025.pdf\">ATA DE REUNI\u00c3O ORDIN\u00c1RIA DO NDE_21_05_2025<\/a><\/li>\n<li><a href=\"http:\/\/www2.unifap.br\/letras-santana\/files\/2025\/06\/ATA-DE-NDE-23-DE-ABRIL.pdf\">ATA DE REUNI\u00c3O ORDIN\u00c1RIA DO NDE_23_04_2025<\/a><\/li>\n<li><a href=\"http:\/\/www2.unifap.br\/letras-santana\/files\/2025\/04\/ATA-DE-REUNIAO-ORDINARIA-DO-NDE_26_03_2025.pdf\">ATA DE REUNI\u00c3O ORDIN\u00c1RIA DO NDE_26_03_2025<\/a><\/li>\n<li style=\"font-size: 17px\"><a style=\"font-size: 17px;color: #3a3a3a\" href=\"http:\/\/www2.unifap.br\/letras-santana\/files\/2025\/04\/ATA-DE-REUNIAO-ORDINARIA-DO-NDE_19_02_2025.pdf\">ATA DE REUNI\u00c3O ORDIN\u00c1RIA DO NDE_19_02_2025<\/a><\/li>\n<li style=\"font-size: 17px\"><a style=\"font-size: 17px;color: #3a3a3a\" href=\"http:\/\/www2.unifap.br\/letras-santana\/files\/2025\/04\/ATA-DE-REUNIAO-ORDINARIA-DO-NDE_22_01_2025.pdf\">ATA DE REUNI\u00c3O ORDIN\u00c1RIA DO NDE_22_01_2025<\/a><\/li>\n<\/ul>\n","protected":false},"excerpt":{"rendered":"<p>ATA DE REUNI\u00c3O ORDIN\u00c1RIA DO NDE_20_01_2026 ATA DE REUNI\u00c3O ORDIN\u00c1RIA DO NDE_09_12_2025 ATA DE REUNI\u00c3O ORDIN\u00c1RIA DO NDE_11_11_2025 ATA DE REUNI\u00c3O ORDIN\u00c1RIA DO NDE_20_08_2025 ATA DE REUNI\u00c3O ORDIN\u00c1RIA DO NDE_30_07_2025 ATA DE REUNI\u00c3O ORDIN\u00c1RIA DO NDE_18_06_2025 ATA DE REUNI\u00c3O ORDIN\u00c1RIA DO NDE_21_05_2025 ATA DE REUNI\u00c3O ORDIN\u00c1RIA DO NDE_23_04_2025 ATA DE REUNI\u00c3O ORDIN\u00c1RIA DO NDE_26_03_2025 ATA&#8230;<\/p>\n","protected":false},"author":4046,"featured_media":0,"parent":0,"menu_order":0,"comment_status":"closed","ping_status":"closed","template":"","meta":{"inline_featured_image":false,"site-sidebar-layout":"default","site-content-layout":"","ast-site-content-layout":"default","site-content-style":"default","site-sidebar-style":"default","ast-global-header-display":"","ast-banner-title-visibility":"","ast-main-header-display":"","ast-hfb-above-header-display":"","ast-hfb-below-header-display":"","ast-hfb-mobile-header-display":"","site-post-title":"","ast-breadcrumbs-content":"","ast-featured-img":"","footer-sml-layout":"","theme-transparent-header-meta":"default","adv-header-id-meta":"","stick-header-meta":"","header-above-stick-meta":"","header-main-stick-meta":"","header-below-stick-meta":"","astra-migrate-meta-layouts":"set","ast-page-background-enabled":"default","ast-page-background-meta":{"desktop":{"background-color":"var(--ast-global-color-4)","background-image":"","background-repeat":"repeat","background-position":"center center","background-size":"auto","background-attachment":"scroll","background-type":"","background-media":"","overlay-type":"","overlay-color":"","overlay-opacity":"","overlay-gradient":""},"tablet":{"background-color":"","background-image":"","background-repeat":"repeat","background-position":"center center","background-size":"auto","background-attachment":"scroll","background-type":"","background-media":"","overlay-type":"","overlay-color":"","overlay-opacity":"","overlay-gradient":""},"mobile":{"background-color":"","background-image":"","background-repeat":"repeat","background-position":"center center","background-size":"auto","background-attachment":"scroll","background-type":"","background-media":"","overlay-type":"","overlay-color":"","overlay-opacity":"","overlay-gradient":""}},"ast-content-background-meta":{"desktop":{"background-color":"var(--ast-global-color-5)","background-image":"","background-repeat":"repeat","background-position":"center center","background-size":"auto","background-attachment":"scroll","background-type":"","background-media":"","overlay-type":"","overlay-color":"","overlay-opacity":"","overlay-gradient":""},"tablet":{"background-color":"var(--ast-global-color-5)","background-image":"","background-repeat":"repeat","background-position":"center center","background-size":"auto","background-attachment":"scroll","background-type":"","background-media":"","overlay-type":"","overlay-color":"","overlay-opacity":"","overlay-gradient":""},"mobile":{"background-color":"var(--ast-global-color-5)","background-image":"","background-repeat":"repeat","background-position":"center center","background-size":"auto","background-attachment":"scroll","background-type":"","background-media":"","overlay-type":"","overlay-color":"","overlay-opacity":"","overlay-gradient":""}},"ngg_post_thumbnail":0,"footnotes":""},"class_list":["post-2493","page","type-page","status-publish","hentry"],"_links":{"self":[{"href":"https:\/\/www2.unifap.br\/letras-santana\/wp-json\/wp\/v2\/pages\/2493","targetHints":{"allow":["GET"]}}],"collection":[{"href":"https:\/\/www2.unifap.br\/letras-santana\/wp-json\/wp\/v2\/pages"}],"about":[{"href":"https:\/\/www2.unifap.br\/letras-santana\/wp-json\/wp\/v2\/types\/page"}],"author":[{"embeddable":true,"href":"https:\/\/www2.unifap.br\/letras-santana\/wp-json\/wp\/v2\/users\/4046"}],"replies":[{"embeddable":true,"href":"https:\/\/www2.unifap.br\/letras-santana\/wp-json\/wp\/v2\/comments?post=2493"}],"version-history":[{"count":9,"href":"https:\/\/www2.unifap.br\/letras-santana\/wp-json\/wp\/v2\/pages\/2493\/revisions"}],"predecessor-version":[{"id":2667,"href":"https:\/\/www2.unifap.br\/letras-santana\/wp-json\/wp\/v2\/pages\/2493\/revisions\/2667"}],"wp:attachment":[{"href":"https:\/\/www2.unifap.br\/letras-santana\/wp-json\/wp\/v2\/media?parent=2493"}],"curies":[{"name":"wp","href":"https:\/\/api.w.org\/{rel}","templated":true}]}}