{"id":2507,"date":"2025-04-15T16:13:20","date_gmt":"2025-04-15T16:13:20","guid":{"rendered":"https:\/\/www2.unifap.br\/letras-santana\/?page_id=2507"},"modified":"2025-04-15T16:22:16","modified_gmt":"2025-04-15T16:22:16","slug":"calma","status":"publish","type":"page","link":"https:\/\/www2.unifap.br\/letras-santana\/calma\/","title":{"rendered":"Centro Acad\u00eamico de Letras M\u00e1rio de Andrade"},"content":{"rendered":"<p><strong>GEST\u00c3O 2023-2025<\/strong><\/p>\n<p><strong>Presidente:<\/strong> Jo\u00e3o Paulo Brito de Medeiros<br \/>\n<strong>Vice:<\/strong> Jonathan Eduardo Bitencourt Lopes<br \/>\n<strong>Secretaria geral:<\/strong> Luiza Tavares Muniz<\/p>\n<p><strong>Conselho fiscal<\/strong><\/p>\n<p><strong>Tesoureiro:<\/strong> Railson Cardoso Barbosa<br \/>\n<strong>Conselheiro 1:<\/strong> Bruna Danielle Guimar\u00e3es Silva<br \/>\n<strong>Conselheiro 2:<\/strong> Elysa Oliveira Guimar\u00e3es<br \/>\n<strong>Conselheiro 3:<\/strong> Roberta Miranda&nbsp;de&nbsp;Carvalho<\/p>\n","protected":false},"excerpt":{"rendered":"<p>GEST\u00c3O 2023-2025 Presidente: Jo\u00e3o Paulo Brito de Medeiros Vice: Jonathan Eduardo Bitencourt Lopes Secretaria geral: Luiza Tavares Muniz Conselho fiscal Tesoureiro: Railson Cardoso Barbosa Conselheiro 1: Bruna Danielle Guimar\u00e3es Silva Conselheiro 2: Elysa Oliveira Guimar\u00e3es Conselheiro 3: Roberta Miranda&nbsp;de&nbsp;Carvalho<\/p>\n","protected":false},"author":4046,"featured_media":0,"parent":0,"menu_order":0,"comment_status":"closed","ping_status":"closed","template":"","meta":{"inline_featured_image":false,"site-sidebar-layout":"default","site-content-layout":"","ast-site-content-layout":"default","site-content-style":"default","site-sidebar-style":"default","ast-global-header-display":"","ast-banner-title-visibility":"","ast-main-header-display":"","ast-hfb-above-header-display":"","ast-hfb-below-header-display":"","ast-hfb-mobile-header-display":"","site-post-title":"","ast-breadcrumbs-content":"","ast-featured-img":"","footer-sml-layout":"","theme-transparent-header-meta":"default","adv-header-id-meta":"","stick-header-meta":"","header-above-stick-meta":"","header-main-stick-meta":"","header-below-stick-meta":"","astra-migrate-meta-layouts":"set","ast-page-background-enabled":"default","ast-page-background-meta":{"desktop":{"background-color":"var(--ast-global-color-4)","background-image":"","background-repeat":"repeat","background-position":"center center","background-size":"auto","background-attachment":"scroll","background-type":"","background-media":"","overlay-type":"","overlay-color":"","overlay-opacity":"","overlay-gradient":""},"tablet":{"background-color":"","background-image":"","background-repeat":"repeat","background-position":"center center","background-size":"auto","background-attachment":"scroll","background-type":"","background-media":"","overlay-type":"","overlay-color":"","overlay-opacity":"","overlay-gradient":""},"mobile":{"background-color":"","background-image":"","background-repeat":"repeat","background-position":"center center","background-size":"auto","background-attachment":"scroll","background-type":"","background-media":"","overlay-type":"","overlay-color":"","overlay-opacity":"","overlay-gradient":""}},"ast-content-background-meta":{"desktop":{"background-color":"var(--ast-global-color-5)","background-image":"","background-repeat":"repeat","background-position":"center center","background-size":"auto","background-attachment":"scroll","background-type":"","background-media":"","overlay-type":"","overlay-color":"","overlay-opacity":"","overlay-gradient":""},"tablet":{"background-color":"var(--ast-global-color-5)","background-image":"","background-repeat":"repeat","background-position":"center center","background-size":"auto","background-attachment":"scroll","background-type":"","background-media":"","overlay-type":"","overlay-color":"","overlay-opacity":"","overlay-gradient":""},"mobile":{"background-color":"var(--ast-global-color-5)","background-image":"","background-repeat":"repeat","background-position":"center center","background-size":"auto","background-attachment":"scroll","background-type":"","background-media":"","overlay-type":"","overlay-color":"","overlay-opacity":"","overlay-gradient":""}},"ngg_post_thumbnail":0,"footnotes":""},"class_list":["post-2507","page","type-page","status-publish","hentry"],"_links":{"self":[{"href":"https:\/\/www2.unifap.br\/letras-santana\/wp-json\/wp\/v2\/pages\/2507","targetHints":{"allow":["GET"]}}],"collection":[{"href":"https:\/\/www2.unifap.br\/letras-santana\/wp-json\/wp\/v2\/pages"}],"about":[{"href":"https:\/\/www2.unifap.br\/letras-santana\/wp-json\/wp\/v2\/types\/page"}],"author":[{"embeddable":true,"href":"https:\/\/www2.unifap.br\/letras-santana\/wp-json\/wp\/v2\/users\/4046"}],"replies":[{"embeddable":true,"href":"https:\/\/www2.unifap.br\/letras-santana\/wp-json\/wp\/v2\/comments?post=2507"}],"version-history":[{"count":3,"href":"https:\/\/www2.unifap.br\/letras-santana\/wp-json\/wp\/v2\/pages\/2507\/revisions"}],"predecessor-version":[{"id":2511,"href":"https:\/\/www2.unifap.br\/letras-santana\/wp-json\/wp\/v2\/pages\/2507\/revisions\/2511"}],"wp:attachment":[{"href":"https:\/\/www2.unifap.br\/letras-santana\/wp-json\/wp\/v2\/media?parent=2507"}],"curies":[{"name":"wp","href":"https:\/\/api.w.org\/{rel}","templated":true}]}}