{"id":2599,"date":"2025-09-03T13:32:57","date_gmt":"2025-09-03T13:32:57","guid":{"rendered":"https:\/\/www2.unifap.br\/letras-santana\/?page_id=2599"},"modified":"2025-12-15T12:51:11","modified_gmt":"2025-12-15T12:51:11","slug":"trabalhos-de-conclusao-de-curso","status":"publish","type":"page","link":"https:\/\/www2.unifap.br\/letras-santana\/trabalhos-de-conclusao-de-curso\/","title":{"rendered":"Trabalhos de Conclus\u00e3o de Curso"},"content":{"rendered":"<p><a href=\"http:\/\/www2.unifap.br\/letras-santana\/files\/2025\/12\/2025-JENNIFER-LUANA-NASCIMENTO-DA-LUZ-A-LITERATURA-INFANTIL-COMO-INSTRUMENTO-DE-FORMACAO-DO-LEITOR-CRITICO-ATRAVES-DO-LIVRO-NORTE-NAO-E-COM-M.pdf\">2025 &#8211; JENNIFER LUANA NASCIMENTO DA LUZ &#8211; A LITERATURA INFANTIL COMO INSTRUMENTO DE FORMA\u00c7\u00c3O DO LEITOR CR\u00cdTICO&nbsp;<\/a><\/p>\n<p><a href=\"http:\/\/www2.unifap.br\/letras-santana\/files\/2025\/11\/2025-MERIAN-FERREIRA-GUEDES-O-ENSINO-DO-GENERO-TEXTUAL-CONTOS-DE-ASSOMBRACAO-APLICACAO-DE-SEQUENCIA-DIDATICA-PARA-O-7\u00b0-ANO-DO-ENSINO-FUNDAMENTAL.pdf\">2025 &#8211; MERIAN FERREIRA GUEDES &#8211; O ENSINO DO G\u00caNERO TEXTUAL \u201cCONTOS DE ASSOMBRA\u00c7\u00c3O\u201d APLICA\u00c7\u00c3O DE SEQU\u00caNCIA DID\u00c1TICA PARA O 7\u00b0 ANO DO ENSINO FUNDAMENTAL<\/a><\/p>\n<p><a href=\"http:\/\/www2.unifap.br\/letras-santana\/files\/2025\/11\/2025-BIANCA-DA-SILVA-MARTINS-PRATICAS-DE-LETRAMENTO-NO-ENSINO-MEDIO-ESTUDO-DO-GENERO-TEXTUAL-ENTREVISTA-NA-ESCOLA-RODOVAL-BORGES-SANTANA-AP.pdf\">2025 &#8211; BIANCA DA SILVA MARTINS &#8211; PR\u00c1TICAS DE LETRAMENTO NO ENSINO M\u00c9DIO ESTUDO DO G\u00caNERO TEXTUAL ENTREVISTA NA ESCOLA RODOVAL BORGES (SANTANA-AP)<\/a><\/p>\n<p><a href=\"http:\/\/www2.unifap.br\/letras-santana\/files\/2025\/11\/2025-CAMILLY-MIKAELLA-DE-OLVEIRA-DE-MIRANDA-RECOMPOSICAO-DAS-APRENDIZAGENS-UM-OLHAR-CRITICO-SOBRE-AS-ACOES-IMPLEMENTADAS-EM-DUAS-ESCOLAS-PUBLICAS-DE-MACAPA.pdf\">2025 &#8211; CAMILLY MIKAELLA DE OLVEIRA DE MIRANDA &#8211; RECOMPOSI\u00c7\u00c3O DAS APRENDIZAGENS UM OLHAR CR\u00cdTICO SOBRE AS A\u00c7\u00d5ES IMPLEMENTADAS EM DUAS ESCOLAS P\u00daBLICAS DE MACAP\u00c1<\/a><\/p>\n<p><a href=\"http:\/\/www2.unifap.br\/letras-santana\/files\/2025\/09\/2025-ELIZEU-PANTOJA-DE-SOUZA-A-VARIACAO-E-O-PRECONCEITO-LINGUISTICOS-COMO-OBJETOS-DE-CONHECIMENTO-NOS-LIVROS-DIDATICOS-DO-9o-ANO-DO-ENSINO-FUNDAMENTAL.pdf\">2025 &#8211; ELIZEU PANTOJA DE SOUZA &#8211; A VARIA\u00c7\u00c3O E O PRECONCEITO LINGU\u00cdSTICOS COMO OBJETOS DE CONHECIMENTO NOS LIVROS DID\u00c1TICOS DO 9\u00ba ANO DO ENSINO FUNDAMENTAL<\/a><\/p>\n<p><a href=\"http:\/\/www2.unifap.br\/letras-santana\/files\/2025\/09\/2025-T1.pdf\">2025 &#8211; T\u00c1LITA SAMARA DE LIMA SOUZA -A AUS\u00caNCIA DA LITERATURA IND\u00cdGENA NA EDUCA\u00c7\u00c3O B\u00c1SICA AMAPAENSE REFLEX\u00d5ES SOBRE PROPOSTAS DE PR\u00c1TICAS PARA O ENSINO M\u00c9DIO<\/a><\/p>\n<p>&nbsp;<\/p>\n<p>&nbsp;<\/p>\n<p>&nbsp;<\/p>\n","protected":false},"excerpt":{"rendered":"<p>2025 &#8211; JENNIFER LUANA NASCIMENTO DA LUZ &#8211; A LITERATURA INFANTIL COMO INSTRUMENTO DE FORMA\u00c7\u00c3O DO LEITOR CR\u00cdTICO&nbsp; 2025 &#8211; MERIAN FERREIRA GUEDES &#8211; O ENSINO DO G\u00caNERO TEXTUAL \u201cCONTOS DE ASSOMBRA\u00c7\u00c3O\u201d APLICA\u00c7\u00c3O DE SEQU\u00caNCIA DID\u00c1TICA PARA O 7\u00b0 ANO DO ENSINO FUNDAMENTAL 2025 &#8211; BIANCA DA SILVA MARTINS &#8211; PR\u00c1TICAS DE LETRAMENTO NO ENSINO&#8230;<\/p>\n","protected":false},"author":4046,"featured_media":0,"parent":0,"menu_order":0,"comment_status":"closed","ping_status":"closed","template":"","meta":{"inline_featured_image":false,"site-sidebar-layout":"default","site-content-layout":"","ast-site-content-layout":"default","site-content-style":"default","site-sidebar-style":"default","ast-global-header-display":"","ast-banner-title-visibility":"","ast-main-header-display":"","ast-hfb-above-header-display":"","ast-hfb-below-header-display":"","ast-hfb-mobile-header-display":"","site-post-title":"","ast-breadcrumbs-content":"","ast-featured-img":"","footer-sml-layout":"","theme-transparent-header-meta":"default","adv-header-id-meta":"","stick-header-meta":"","header-above-stick-meta":"","header-main-stick-meta":"","header-below-stick-meta":"","astra-migrate-meta-layouts":"set","ast-page-background-enabled":"default","ast-page-background-meta":{"desktop":{"background-color":"var(--ast-global-color-4)","background-image":"","background-repeat":"repeat","background-position":"center center","background-size":"auto","background-attachment":"scroll","background-type":"","background-media":"","overlay-type":"","overlay-color":"","overlay-opacity":"","overlay-gradient":""},"tablet":{"background-color":"","background-image":"","background-repeat":"repeat","background-position":"center center","background-size":"auto","background-attachment":"scroll","background-type":"","background-media":"","overlay-type":"","overlay-color":"","overlay-opacity":"","overlay-gradient":""},"mobile":{"background-color":"","background-image":"","background-repeat":"repeat","background-position":"center center","background-size":"auto","background-attachment":"scroll","background-type":"","background-media":"","overlay-type":"","overlay-color":"","overlay-opacity":"","overlay-gradient":""}},"ast-content-background-meta":{"desktop":{"background-color":"var(--ast-global-color-5)","background-image":"","background-repeat":"repeat","background-position":"center center","background-size":"auto","background-attachment":"scroll","background-type":"","background-media":"","overlay-type":"","overlay-color":"","overlay-opacity":"","overlay-gradient":""},"tablet":{"background-color":"var(--ast-global-color-5)","background-image":"","background-repeat":"repeat","background-position":"center center","background-size":"auto","background-attachment":"scroll","background-type":"","background-media":"","overlay-type":"","overlay-color":"","overlay-opacity":"","overlay-gradient":""},"mobile":{"background-color":"var(--ast-global-color-5)","background-image":"","background-repeat":"repeat","background-position":"center center","background-size":"auto","background-attachment":"scroll","background-type":"","background-media":"","overlay-type":"","overlay-color":"","overlay-opacity":"","overlay-gradient":""}},"ngg_post_thumbnail":0,"footnotes":""},"class_list":["post-2599","page","type-page","status-publish","hentry"],"_links":{"self":[{"href":"https:\/\/www2.unifap.br\/letras-santana\/wp-json\/wp\/v2\/pages\/2599","targetHints":{"allow":["GET"]}}],"collection":[{"href":"https:\/\/www2.unifap.br\/letras-santana\/wp-json\/wp\/v2\/pages"}],"about":[{"href":"https:\/\/www2.unifap.br\/letras-santana\/wp-json\/wp\/v2\/types\/page"}],"author":[{"embeddable":true,"href":"https:\/\/www2.unifap.br\/letras-santana\/wp-json\/wp\/v2\/users\/4046"}],"replies":[{"embeddable":true,"href":"https:\/\/www2.unifap.br\/letras-santana\/wp-json\/wp\/v2\/comments?post=2599"}],"version-history":[{"count":4,"href":"https:\/\/www2.unifap.br\/letras-santana\/wp-json\/wp\/v2\/pages\/2599\/revisions"}],"predecessor-version":[{"id":2653,"href":"https:\/\/www2.unifap.br\/letras-santana\/wp-json\/wp\/v2\/pages\/2599\/revisions\/2653"}],"wp:attachment":[{"href":"https:\/\/www2.unifap.br\/letras-santana\/wp-json\/wp\/v2\/media?parent=2599"}],"curies":[{"name":"wp","href":"https:\/\/api.w.org\/{rel}","templated":true}]}}