{"id":2609,"date":"2025-09-18T14:58:01","date_gmt":"2025-09-18T14:58:01","guid":{"rendered":"https:\/\/www2.unifap.br\/letras-santana\/?page_id=2609"},"modified":"2025-09-18T14:58:01","modified_gmt":"2025-09-18T14:58:01","slug":"questionario-de-autoavaliacao","status":"publish","type":"page","link":"https:\/\/www2.unifap.br\/letras-santana\/questionario-de-autoavaliacao\/","title":{"rendered":"Question\u00e1rio de Autoavalia\u00e7\u00e3o"},"content":{"rendered":"<p><a href=\"https:\/\/forms.gle\/MUfMGCTWBTDELJkQA\">Question\u00e1rio de Autoavalia\u00e7\u00e3o do Curso de Letras Portugu\u00eas 2026.1 (em breve)<\/a><\/p>\n<p><a href=\"http:\/\/www2.unifap.br\/letras-santana\/files\/2025\/09\/Questionario-de-Autoavaliacao-do-Curso-de-Letras-Portugues-2025.1.pdf\">Question\u00e1rio de Autoavalia\u00e7\u00e3o do Curso de Letras Portugu\u00eas 2025.1<\/a><\/p>\n<p><a href=\"http:\/\/www2.unifap.br\/letras-santana\/files\/2025\/09\/Resumo-do-questionario-de-autoavaliacao.pdf\">Relat\u00f3rio de autoavalia\u00e7\u00e3o 2025.1<\/a><\/p>\n<p>&nbsp;<\/p>\n","protected":false},"excerpt":{"rendered":"<p>Question\u00e1rio de Autoavalia\u00e7\u00e3o do Curso de Letras Portugu\u00eas 2026.1 (em breve) Question\u00e1rio de Autoavalia\u00e7\u00e3o do Curso de Letras Portugu\u00eas 2025.1 Relat\u00f3rio de autoavalia\u00e7\u00e3o 2025.1 &nbsp;<\/p>\n","protected":false},"author":4046,"featured_media":0,"parent":0,"menu_order":0,"comment_status":"closed","ping_status":"closed","template":"","meta":{"inline_featured_image":false,"site-sidebar-layout":"default","site-content-layout":"","ast-site-content-layout":"default","site-content-style":"default","site-sidebar-style":"default","ast-global-header-display":"","ast-banner-title-visibility":"","ast-main-header-display":"","ast-hfb-above-header-display":"","ast-hfb-below-header-display":"","ast-hfb-mobile-header-display":"","site-post-title":"","ast-breadcrumbs-content":"","ast-featured-img":"","footer-sml-layout":"","theme-transparent-header-meta":"default","adv-header-id-meta":"","stick-header-meta":"","header-above-stick-meta":"","header-main-stick-meta":"","header-below-stick-meta":"","astra-migrate-meta-layouts":"set","ast-page-background-enabled":"default","ast-page-background-meta":{"desktop":{"background-color":"var(--ast-global-color-4)","background-image":"","background-repeat":"repeat","background-position":"center center","background-size":"auto","background-attachment":"scroll","background-type":"","background-media":"","overlay-type":"","overlay-color":"","overlay-opacity":"","overlay-gradient":""},"tablet":{"background-color":"","background-image":"","background-repeat":"repeat","background-position":"center center","background-size":"auto","background-attachment":"scroll","background-type":"","background-media":"","overlay-type":"","overlay-color":"","overlay-opacity":"","overlay-gradient":""},"mobile":{"background-color":"","background-image":"","background-repeat":"repeat","background-position":"center center","background-size":"auto","background-attachment":"scroll","background-type":"","background-media":"","overlay-type":"","overlay-color":"","overlay-opacity":"","overlay-gradient":""}},"ast-content-background-meta":{"desktop":{"background-color":"var(--ast-global-color-5)","background-image":"","background-repeat":"repeat","background-position":"center center","background-size":"auto","background-attachment":"scroll","background-type":"","background-media":"","overlay-type":"","overlay-color":"","overlay-opacity":"","overlay-gradient":""},"tablet":{"background-color":"var(--ast-global-color-5)","background-image":"","background-repeat":"repeat","background-position":"center center","background-size":"auto","background-attachment":"scroll","background-type":"","background-media":"","overlay-type":"","overlay-color":"","overlay-opacity":"","overlay-gradient":""},"mobile":{"background-color":"var(--ast-global-color-5)","background-image":"","background-repeat":"repeat","background-position":"center center","background-size":"auto","background-attachment":"scroll","background-type":"","background-media":"","overlay-type":"","overlay-color":"","overlay-opacity":"","overlay-gradient":""}},"ngg_post_thumbnail":0,"footnotes":""},"class_list":["post-2609","page","type-page","status-publish","hentry"],"_links":{"self":[{"href":"https:\/\/www2.unifap.br\/letras-santana\/wp-json\/wp\/v2\/pages\/2609","targetHints":{"allow":["GET"]}}],"collection":[{"href":"https:\/\/www2.unifap.br\/letras-santana\/wp-json\/wp\/v2\/pages"}],"about":[{"href":"https:\/\/www2.unifap.br\/letras-santana\/wp-json\/wp\/v2\/types\/page"}],"author":[{"embeddable":true,"href":"https:\/\/www2.unifap.br\/letras-santana\/wp-json\/wp\/v2\/users\/4046"}],"replies":[{"embeddable":true,"href":"https:\/\/www2.unifap.br\/letras-santana\/wp-json\/wp\/v2\/comments?post=2609"}],"version-history":[{"count":1,"href":"https:\/\/www2.unifap.br\/letras-santana\/wp-json\/wp\/v2\/pages\/2609\/revisions"}],"predecessor-version":[{"id":2612,"href":"https:\/\/www2.unifap.br\/letras-santana\/wp-json\/wp\/v2\/pages\/2609\/revisions\/2612"}],"wp:attachment":[{"href":"https:\/\/www2.unifap.br\/letras-santana\/wp-json\/wp\/v2\/media?parent=2609"}],"curies":[{"name":"wp","href":"https:\/\/api.w.org\/{rel}","templated":true}]}}