{"id":298,"date":"2018-08-20T22:37:07","date_gmt":"2018-08-20T22:37:07","guid":{"rendered":"http:\/\/www2.unifap.br\/letras-santana\/?page_id=298"},"modified":"2025-04-14T21:56:42","modified_gmt":"2025-04-14T21:56:42","slug":"estagio","status":"publish","type":"page","link":"https:\/\/www2.unifap.br\/letras-santana\/documentos-institucionais\/regulamentos-2\/estagio\/","title":{"rendered":"Est\u00e1gio Supervisionado"},"content":{"rendered":"<p style=\"text-align: justify\">As atividades de Est\u00e1gio Supervisionado s\u00e3o partes integrantes e obrigat\u00f3rias do curr\u00edculo do Curso de Licenciatura em Letras-Portugu\u00eas e t\u00eam como objetivos, dentre outros, oportunizar ao\/\u00e0 discente uma aproxima\u00e7\u00e3o do conhecimento te\u00f3rico com a pr\u00e1tica docente, possibilitando a reflex\u00e3o cr\u00edtica acerca das experi\u00eancias vivenciadas e a capacidade de diagnosticar, avaliar e compreender os processos e rotinas inerentes \u00e0 pr\u00e1tica docente e propor alternativas aos desafios profissionais encontrados, a partir da rela\u00e7\u00e3o entre teoria e pr\u00e1tica;<\/p>\n<p>Regulamento do Est\u00e1gio Supervisionado (<a href=\"http:\/\/www2.unifap.br\/letras-santana\/files\/2019\/12\/PPC_Apendice_F_Regulamento_Estagio.pdf\">pdf<\/a>)<\/p>\n<p>Documentos atualizados para os Est\u00e1gios realizados durante a pandemia*<\/p>\n<p>Ap\u00eandice B (adaptado) &#8211; Ficha de dados de identifica\u00e7\u00e3o e cronograma (<a href=\"https:\/\/www2.unifap.br\/letras-santana\/files\/2021\/06\/Apendice_F_Regulamento_Estagio_Apendice_B-Adaptado.docx\">docx<\/a>) ou (<a href=\"http:\/\/www2.unifap.br\/letras-santana\/files\/2021\/06\/Apendice_F_Regulamento_Estagio_Apendice_B-Adaptado.pdf\">pdf<\/a>)<br \/>\nAp\u00eandice D (adaptado) &#8211; Ficha das observa\u00e7\u00f5es realizadas (<a href=\"https:\/\/www2.unifap.br\/letras-santana\/files\/2021\/06\/Apendice_F_Regulamento_Estagio_Apendice_D_Adaptado.docx\">docx<\/a>) ou (<a href=\"http:\/\/www2.unifap.br\/letras-santana\/files\/2021\/06\/Apendice_F_Regulamento_Estagio_Apendice_D_Adaptado.pdf\">pdf<\/a>)<br \/>\nAp\u00eandice G (adaptado) &#8211; Roteiro para Relat\u00f3rio de Est\u00e1gio (<a href=\"https:\/\/www2.unifap.br\/letras-santana\/files\/2021\/06\/Apendice_F_Regulamento_Estagio_Apendice_G_adaptado-1.docx\">docx<\/a>) ou (<a href=\"http:\/\/www2.unifap.br\/letras-santana\/files\/2021\/06\/Apendice_F_Regulamento_Estagio_Apendice_G_adaptado-1.pdf\">pdf<\/a>)<\/p>\n<p>* Os documentos referentes \u00e0s avalia\u00e7\u00f5es realizadas pelos professores respons\u00e1veis pelas disciplinas observadas, em rela\u00e7\u00e3o aos discentes, foram adaptados em formul\u00e1rio eletr\u00f4nico enviado diretamente aos coordenadores pedag\u00f3gicos das escolas.<\/p>\n<p>Ap\u00eandice A &#8211; Termo de Encaminhamento&nbsp; (<a href=\"http:\/\/www2.unifap.br\/letras-santana\/files\/2019\/12\/PPC_Apendice_F_Regulamento_Estagio_Apendice_A.pdf\">pdf<\/a>)<br \/>\nAp\u00eandice B &#8211; Ficha de dados de identifica\u00e7\u00e3o e cronograma (<a href=\"http:\/\/www2.unifap.br\/letras-santana\/files\/2019\/12\/PPC_Apendice_F_Regulamento_Estagio_Apendice_B.pdf\">pdf<\/a><span style=\"font-size: 16px\">)<br \/>\n<\/span>Ap\u00eandice C &#8211; Ficha de Registro das orienta\u00e7\u00f5es (<a href=\"http:\/\/www2.unifap.br\/letras-santana\/files\/2019\/12\/PPC_Apendice_F_Regulamento_Estagio_Apendice_C.pdf\">pdf<\/a><span style=\"font-size: 16px\">)<br \/>\n<\/span>Ap\u00eandice D &#8211; Ficha de Registro das observa\u00e7\u00f5es de est\u00e1gio na escola (<a href=\"http:\/\/www2.unifap.br\/letras-santana\/files\/2019\/12\/PPC_Apendice_F_Regulamento_Estagio_Apendice_D.pdf\">pdf<\/a><span style=\"font-size: 16px\">)<br \/>\n<\/span>Ap\u00eandice E &#8211; Ficha de registro das atividades de ensino (<a href=\"http:\/\/www2.unifap.br\/letras-santana\/files\/2019\/12\/PPC_Apendice_F_Regulamento_Estagio_Apendice_E.pdf\">pdf<\/a><span style=\"font-size: 16px\">)<br \/>\n<\/span>Ap\u00eandice F &#8211; Ficha de Avalia\u00e7\u00e3o dos est\u00e1gios supervisionados&nbsp;(<a href=\"http:\/\/www2.unifap.br\/letras-santana\/files\/2019\/12\/PPC_Apendice_F_Regulamento_Estagio_Apendice_F.pdf\">pdf<\/a><span style=\"font-size: 16px\">)<br \/>\n<\/span>Ap\u00eandice G &#8211; Roteiro para elabora\u00e7\u00e3o do Relat\u00f3rio de Est\u00e1gio&nbsp;(<a href=\"http:\/\/www2.unifap.br\/letras-santana\/files\/2019\/12\/PPC_Apendice_F_Regulamento_Estagio_Apendice_G.pdf\">pdf<\/a><span style=\"font-size: 16px\">)<br \/>\n<\/span>Ap\u00eandice H &#8211; Modelo de Plano de Aula&nbsp;(<a href=\"http:\/\/www2.unifap.br\/letras-santana\/files\/2019\/12\/PPC_Apendice_F_Regulamento_Estagio_Apendice_H.pdf\">pdf<\/a><span style=\"font-size: 16px\">)<\/span><\/p>\n<p>&nbsp;<\/p>\n<p>&nbsp;<\/p>\n","protected":false},"excerpt":{"rendered":"<p>As atividades de Est\u00e1gio Supervisionado s\u00e3o partes integrantes e obrigat\u00f3rias do curr\u00edculo do Curso de Licenciatura em Letras-Portugu\u00eas e t\u00eam como objetivos, dentre outros, oportunizar ao\/\u00e0 discente uma aproxima\u00e7\u00e3o do conhecimento te\u00f3rico com a pr\u00e1tica docente, possibilitando a reflex\u00e3o cr\u00edtica acerca das experi\u00eancias vivenciadas e a capacidade de diagnosticar, avaliar e compreender os processos e&#8230;<\/p>\n","protected":false},"author":786,"featured_media":0,"parent":25,"menu_order":2,"comment_status":"open","ping_status":"closed","template":"","meta":{"inline_featured_image":false,"site-sidebar-layout":"default","site-content-layout":"","ast-site-content-layout":"default","site-content-style":"default","site-sidebar-style":"default","ast-global-header-display":"","ast-banner-title-visibility":"","ast-main-header-display":"","ast-hfb-above-header-display":"","ast-hfb-below-header-display":"","ast-hfb-mobile-header-display":"","site-post-title":"","ast-breadcrumbs-content":"","ast-featured-img":"","footer-sml-layout":"","theme-transparent-header-meta":"default","adv-header-id-meta":"","stick-header-meta":"","header-above-stick-meta":"","header-main-stick-meta":"","header-below-stick-meta":"","astra-migrate-meta-layouts":"set","ast-page-background-enabled":"default","ast-page-background-meta":{"desktop":{"background-color":"var(--ast-global-color-4)","background-image":"","background-repeat":"repeat","background-position":"center center","background-size":"auto","background-attachment":"scroll","background-type":"","background-media":"","overlay-type":"","overlay-color":"","overlay-opacity":"","overlay-gradient":""},"tablet":{"background-color":"","background-image":"","background-repeat":"repeat","background-position":"center center","background-size":"auto","background-attachment":"scroll","background-type":"","background-media":"","overlay-type":"","overlay-color":"","overlay-opacity":"","overlay-gradient":""},"mobile":{"background-color":"","background-image":"","background-repeat":"repeat","background-position":"center center","background-size":"auto","background-attachment":"scroll","background-type":"","background-media":"","overlay-type":"","overlay-color":"","overlay-opacity":"","overlay-gradient":""}},"ast-content-background-meta":{"desktop":{"background-color":"var(--ast-global-color-5)","background-image":"","background-repeat":"repeat","background-position":"center center","background-size":"auto","background-attachment":"scroll","background-type":"","background-media":"","overlay-type":"","overlay-color":"","overlay-opacity":"","overlay-gradient":""},"tablet":{"background-color":"var(--ast-global-color-5)","background-image":"","background-repeat":"repeat","background-position":"center center","background-size":"auto","background-attachment":"scroll","background-type":"","background-media":"","overlay-type":"","overlay-color":"","overlay-opacity":"","overlay-gradient":""},"mobile":{"background-color":"var(--ast-global-color-5)","background-image":"","background-repeat":"repeat","background-position":"center center","background-size":"auto","background-attachment":"scroll","background-type":"","background-media":"","overlay-type":"","overlay-color":"","overlay-opacity":"","overlay-gradient":""}},"ngg_post_thumbnail":0,"footnotes":""},"class_list":["post-298","page","type-page","status-publish","hentry"],"_links":{"self":[{"href":"https:\/\/www2.unifap.br\/letras-santana\/wp-json\/wp\/v2\/pages\/298","targetHints":{"allow":["GET"]}}],"collection":[{"href":"https:\/\/www2.unifap.br\/letras-santana\/wp-json\/wp\/v2\/pages"}],"about":[{"href":"https:\/\/www2.unifap.br\/letras-santana\/wp-json\/wp\/v2\/types\/page"}],"author":[{"embeddable":true,"href":"https:\/\/www2.unifap.br\/letras-santana\/wp-json\/wp\/v2\/users\/786"}],"replies":[{"embeddable":true,"href":"https:\/\/www2.unifap.br\/letras-santana\/wp-json\/wp\/v2\/comments?post=298"}],"version-history":[{"count":24,"href":"https:\/\/www2.unifap.br\/letras-santana\/wp-json\/wp\/v2\/pages\/298\/revisions"}],"predecessor-version":[{"id":2452,"href":"https:\/\/www2.unifap.br\/letras-santana\/wp-json\/wp\/v2\/pages\/298\/revisions\/2452"}],"up":[{"embeddable":true,"href":"https:\/\/www2.unifap.br\/letras-santana\/wp-json\/wp\/v2\/pages\/25"}],"wp:attachment":[{"href":"https:\/\/www2.unifap.br\/letras-santana\/wp-json\/wp\/v2\/media?parent=298"}],"curies":[{"name":"wp","href":"https:\/\/api.w.org\/{rel}","templated":true}]}}