{"id":304,"date":"2018-08-20T22:44:19","date_gmt":"2018-08-20T22:44:19","guid":{"rendered":"http:\/\/www2.unifap.br\/letras-santana\/?page_id=304"},"modified":"2025-09-03T13:23:50","modified_gmt":"2025-09-03T13:23:50","slug":"tcc_1","status":"publish","type":"page","link":"https:\/\/www2.unifap.br\/letras-santana\/documentos-institucionais\/regulamentos-2\/tcc_1\/","title":{"rendered":"Orienta\u00e7\u00f5es para TCC"},"content":{"rendered":"<p style=\"text-align: justify\">O Trabalho de Conclus\u00e3o de Curso (TCC) \u00e9 componente obrigat\u00f3rio do Curso de Licenciatura em Letras-Portugu\u00eas,&nbsp;<em>Campus<\/em>&nbsp;Santana, o qual proporciona inicia\u00e7\u00e3o em atividades de pesquisa e viabiliza a rela\u00e7\u00e3o integradora e transformadora entre os saberes apropriados pelos\/as discentes durante a realiza\u00e7\u00e3o do Curso.<\/p>\n<p><strong>Regulamento de TCC (<a href=\"http:\/\/www2.unifap.br\/letras-santana\/files\/2023\/07\/REGULAMENTO-DE-TCC.pdf\">pdf<\/a>)<\/strong><\/p>\n<p>Regulamento de TCC &#8211; Ap\u00eandice A (<a href=\"http:\/\/www2.unifap.br\/letras-santana\/files\/2019\/12\/Apendice-E_Regulamento_TCC_Apendice_A.pdf\">pdf<\/a>)<br \/>\nRegulamento de TCC &#8211; Ap\u00eandice B (<a href=\"http:\/\/www2.unifap.br\/letras-santana\/files\/2019\/12\/Apendice-E_Regulamento_TCC_Apendice_B.pdf\">pdf<\/a><span style=\"font-size: 16px\">)<br \/>\n<\/span>Regulamento de TCC &#8211; Ap\u00eandice C (<a href=\"http:\/\/www2.unifap.br\/letras-santana\/files\/2019\/12\/Ap\u00eandice_E_Regulamento_TCC_Apendice_C.pdf\">pdf<\/a><span style=\"font-size: 16px\">)<br \/>\n<\/span>Regulamento de TCC &#8211; Ap\u00eandice D (<a href=\"http:\/\/www2.unifap.br\/letras-santana\/files\/2019\/12\/Ap\u00eandice_E_Regulamento_TCC_Apendice_D.pdf\">pdf<\/a><span style=\"font-size: 16px\">)<\/span><\/p>\n<p>Modelo de projeto de TCC (<a href=\"https:\/\/drive.google.com\/file\/d\/1YTpQHmyehx5dK5yScYMK7M63KasC9S6t\/view?usp=sharing\">doc<\/a>)<\/p>\n<p>Termo de Autoriza\u00e7\u00e3o de Entrega de TCC (<a href=\"http:\/\/www2.unifap.br\/letras-santana\/files\/2020\/01\/Termo-de-Autoriza\u00e7\u00e3o-TCC.pdf\">pdf<\/a>)<\/p>\n","protected":false},"excerpt":{"rendered":"<p>O Trabalho de Conclus\u00e3o de Curso (TCC) \u00e9 componente obrigat\u00f3rio do Curso de Licenciatura em Letras-Portugu\u00eas,&nbsp;Campus&nbsp;Santana, o qual proporciona inicia\u00e7\u00e3o em atividades de pesquisa e viabiliza a rela\u00e7\u00e3o integradora e transformadora entre os saberes apropriados pelos\/as discentes durante a realiza\u00e7\u00e3o do Curso. Regulamento de TCC (pdf) Regulamento de TCC &#8211; Ap\u00eandice A (pdf) Regulamento de&#8230;<\/p>\n","protected":false},"author":786,"featured_media":0,"parent":25,"menu_order":10,"comment_status":"open","ping_status":"closed","template":"","meta":{"inline_featured_image":false,"site-sidebar-layout":"default","site-content-layout":"","ast-site-content-layout":"default","site-content-style":"default","site-sidebar-style":"default","ast-global-header-display":"","ast-banner-title-visibility":"","ast-main-header-display":"","ast-hfb-above-header-display":"","ast-hfb-below-header-display":"","ast-hfb-mobile-header-display":"","site-post-title":"","ast-breadcrumbs-content":"","ast-featured-img":"","footer-sml-layout":"","theme-transparent-header-meta":"default","adv-header-id-meta":"","stick-header-meta":"","header-above-stick-meta":"","header-main-stick-meta":"","header-below-stick-meta":"","astra-migrate-meta-layouts":"set","ast-page-background-enabled":"default","ast-page-background-meta":{"desktop":{"background-color":"var(--ast-global-color-4)","background-image":"","background-repeat":"repeat","background-position":"center center","background-size":"auto","background-attachment":"scroll","background-type":"","background-media":"","overlay-type":"","overlay-color":"","overlay-opacity":"","overlay-gradient":""},"tablet":{"background-color":"","background-image":"","background-repeat":"repeat","background-position":"center center","background-size":"auto","background-attachment":"scroll","background-type":"","background-media":"","overlay-type":"","overlay-color":"","overlay-opacity":"","overlay-gradient":""},"mobile":{"background-color":"","background-image":"","background-repeat":"repeat","background-position":"center center","background-size":"auto","background-attachment":"scroll","background-type":"","background-media":"","overlay-type":"","overlay-color":"","overlay-opacity":"","overlay-gradient":""}},"ast-content-background-meta":{"desktop":{"background-color":"var(--ast-global-color-5)","background-image":"","background-repeat":"repeat","background-position":"center center","background-size":"auto","background-attachment":"scroll","background-type":"","background-media":"","overlay-type":"","overlay-color":"","overlay-opacity":"","overlay-gradient":""},"tablet":{"background-color":"var(--ast-global-color-5)","background-image":"","background-repeat":"repeat","background-position":"center center","background-size":"auto","background-attachment":"scroll","background-type":"","background-media":"","overlay-type":"","overlay-color":"","overlay-opacity":"","overlay-gradient":""},"mobile":{"background-color":"var(--ast-global-color-5)","background-image":"","background-repeat":"repeat","background-position":"center center","background-size":"auto","background-attachment":"scroll","background-type":"","background-media":"","overlay-type":"","overlay-color":"","overlay-opacity":"","overlay-gradient":""}},"ngg_post_thumbnail":0,"footnotes":""},"class_list":["post-304","page","type-page","status-publish","hentry"],"_links":{"self":[{"href":"https:\/\/www2.unifap.br\/letras-santana\/wp-json\/wp\/v2\/pages\/304","targetHints":{"allow":["GET"]}}],"collection":[{"href":"https:\/\/www2.unifap.br\/letras-santana\/wp-json\/wp\/v2\/pages"}],"about":[{"href":"https:\/\/www2.unifap.br\/letras-santana\/wp-json\/wp\/v2\/types\/page"}],"author":[{"embeddable":true,"href":"https:\/\/www2.unifap.br\/letras-santana\/wp-json\/wp\/v2\/users\/786"}],"replies":[{"embeddable":true,"href":"https:\/\/www2.unifap.br\/letras-santana\/wp-json\/wp\/v2\/comments?post=304"}],"version-history":[{"count":26,"href":"https:\/\/www2.unifap.br\/letras-santana\/wp-json\/wp\/v2\/pages\/304\/revisions"}],"predecessor-version":[{"id":2598,"href":"https:\/\/www2.unifap.br\/letras-santana\/wp-json\/wp\/v2\/pages\/304\/revisions\/2598"}],"up":[{"embeddable":true,"href":"https:\/\/www2.unifap.br\/letras-santana\/wp-json\/wp\/v2\/pages\/25"}],"wp:attachment":[{"href":"https:\/\/www2.unifap.br\/letras-santana\/wp-json\/wp\/v2\/media?parent=304"}],"curies":[{"name":"wp","href":"https:\/\/api.w.org\/{rel}","templated":true}]}}