{"id":38,"date":"2017-03-27T17:47:59","date_gmt":"2017-03-27T17:47:59","guid":{"rendered":"http:\/\/www2.unifap.br\/letras-santana\/?page_id=38"},"modified":"2025-04-11T15:16:19","modified_gmt":"2025-04-11T15:16:19","slug":"ppc","status":"publish","type":"page","link":"https:\/\/www2.unifap.br\/letras-santana\/historico\/ppc\/","title":{"rendered":"PPC"},"content":{"rendered":"<p style=\"text-align: justify\">O PPC (Projeto Pedag\u00f3gico de Curso) \u00e9 o documento que norteia as atividades desenvolvidas no curso. Nesse documento s\u00e3o apresentadas informa\u00e7\u00f5es como a import\u00e2ncia dele para a regi\u00e3o socioecon\u00f4mica, o que se espera do profissional formado, bem com, a organiza\u00e7\u00e3o do curso (disciplinas, concep\u00e7\u00e3o de est\u00e1gio, TCC e AC).<\/p>\n<p style=\"text-align: justify\">O PPC \u00e9 aprovado no colegiado do curso, \u00f3rg\u00e3o deliberativo formado pelos docentes, representantes discentes e t\u00e9cnicos do curso, e depois levado \u00e0 an\u00e1lise da C\u00e2mara de Ensino e Conselho Superior (CONSU).<\/p>\n<p>PPC&nbsp; (<a href=\"http:\/\/www2.unifap.br\/letras-santana\/files\/2020\/05\/PPC_Atualizado.pdf\" target=\"_blank\" rel=\"noopener\">pdf<\/a>)<\/p>\n","protected":false},"excerpt":{"rendered":"<p>O PPC (Projeto Pedag\u00f3gico de Curso) \u00e9 o documento que norteia as atividades desenvolvidas no curso. Nesse documento s\u00e3o apresentadas informa\u00e7\u00f5es como a import\u00e2ncia dele para a regi\u00e3o socioecon\u00f4mica, o que se espera do profissional formado, bem com, a organiza\u00e7\u00e3o do curso (disciplinas, concep\u00e7\u00e3o de est\u00e1gio, TCC e AC). O PPC \u00e9 aprovado no colegiado&#8230;<\/p>\n","protected":false},"author":786,"featured_media":0,"parent":990,"menu_order":4,"comment_status":"open","ping_status":"closed","template":"","meta":{"inline_featured_image":false,"site-sidebar-layout":"default","site-content-layout":"","ast-site-content-layout":"default","site-content-style":"default","site-sidebar-style":"default","ast-global-header-display":"","ast-banner-title-visibility":"","ast-main-header-display":"","ast-hfb-above-header-display":"","ast-hfb-below-header-display":"","ast-hfb-mobile-header-display":"","site-post-title":"","ast-breadcrumbs-content":"","ast-featured-img":"","footer-sml-layout":"","theme-transparent-header-meta":"default","adv-header-id-meta":"","stick-header-meta":"","header-above-stick-meta":"","header-main-stick-meta":"","header-below-stick-meta":"","astra-migrate-meta-layouts":"set","ast-page-background-enabled":"default","ast-page-background-meta":{"desktop":{"background-color":"var(--ast-global-color-4)","background-image":"","background-repeat":"repeat","background-position":"center center","background-size":"auto","background-attachment":"scroll","background-type":"","background-media":"","overlay-type":"","overlay-color":"","overlay-opacity":"","overlay-gradient":""},"tablet":{"background-color":"","background-image":"","background-repeat":"repeat","background-position":"center center","background-size":"auto","background-attachment":"scroll","background-type":"","background-media":"","overlay-type":"","overlay-color":"","overlay-opacity":"","overlay-gradient":""},"mobile":{"background-color":"","background-image":"","background-repeat":"repeat","background-position":"center center","background-size":"auto","background-attachment":"scroll","background-type":"","background-media":"","overlay-type":"","overlay-color":"","overlay-opacity":"","overlay-gradient":""}},"ast-content-background-meta":{"desktop":{"background-color":"var(--ast-global-color-5)","background-image":"","background-repeat":"repeat","background-position":"center center","background-size":"auto","background-attachment":"scroll","background-type":"","background-media":"","overlay-type":"","overlay-color":"","overlay-opacity":"","overlay-gradient":""},"tablet":{"background-color":"var(--ast-global-color-5)","background-image":"","background-repeat":"repeat","background-position":"center center","background-size":"auto","background-attachment":"scroll","background-type":"","background-media":"","overlay-type":"","overlay-color":"","overlay-opacity":"","overlay-gradient":""},"mobile":{"background-color":"var(--ast-global-color-5)","background-image":"","background-repeat":"repeat","background-position":"center center","background-size":"auto","background-attachment":"scroll","background-type":"","background-media":"","overlay-type":"","overlay-color":"","overlay-opacity":"","overlay-gradient":""}},"ngg_post_thumbnail":0,"footnotes":""},"class_list":["post-38","page","type-page","status-publish","hentry"],"_links":{"self":[{"href":"https:\/\/www2.unifap.br\/letras-santana\/wp-json\/wp\/v2\/pages\/38","targetHints":{"allow":["GET"]}}],"collection":[{"href":"https:\/\/www2.unifap.br\/letras-santana\/wp-json\/wp\/v2\/pages"}],"about":[{"href":"https:\/\/www2.unifap.br\/letras-santana\/wp-json\/wp\/v2\/types\/page"}],"author":[{"embeddable":true,"href":"https:\/\/www2.unifap.br\/letras-santana\/wp-json\/wp\/v2\/users\/786"}],"replies":[{"embeddable":true,"href":"https:\/\/www2.unifap.br\/letras-santana\/wp-json\/wp\/v2\/comments?post=38"}],"version-history":[{"count":16,"href":"https:\/\/www2.unifap.br\/letras-santana\/wp-json\/wp\/v2\/pages\/38\/revisions"}],"predecessor-version":[{"id":2383,"href":"https:\/\/www2.unifap.br\/letras-santana\/wp-json\/wp\/v2\/pages\/38\/revisions\/2383"}],"up":[{"embeddable":true,"href":"https:\/\/www2.unifap.br\/letras-santana\/wp-json\/wp\/v2\/pages\/990"}],"wp:attachment":[{"href":"https:\/\/www2.unifap.br\/letras-santana\/wp-json\/wp\/v2\/media?parent=38"}],"curies":[{"name":"wp","href":"https:\/\/api.w.org\/{rel}","templated":true}]}}