{"id":42,"date":"2017-03-27T17:48:36","date_gmt":"2017-03-27T17:48:36","guid":{"rendered":"http:\/\/www2.unifap.br\/letras-santana\/?page_id=42"},"modified":"2025-04-11T15:19:18","modified_gmt":"2025-04-11T15:19:18","slug":"sigaa","status":"publish","type":"page","link":"https:\/\/www2.unifap.br\/letras-santana\/sigaa\/","title":{"rendered":"Sigaa"},"content":{"rendered":"<p style=\"text-align: justify\">O SIGAA (Sistema Integrado de Gest\u00e3o de Atividades Acad\u00eamicas) \u00e9 o programa utilizado pela Universidade Federal do Amap\u00e1, assim como por outras Institui\u00e7\u00f5es de Ensino Superior e T\u00e9cnico, com o intuito de otimizar os acessos, tanto de discentes quanto de docentes, trazendo informa\u00e7\u00f5es, gerenciamento de aulas, frequ\u00eancias, materiais de estudos, etc.<\/p>\n<p>Acesse o sistema <a href=\"https:\/\/sigaa.unifap.br\/sigaa\/public\/home.jsf\">aqui<\/a>.<\/p>\n","protected":false},"excerpt":{"rendered":"<p>O SIGAA (Sistema Integrado de Gest\u00e3o de Atividades Acad\u00eamicas) \u00e9 o programa utilizado pela Universidade Federal do Amap\u00e1, assim como por outras Institui\u00e7\u00f5es de Ensino Superior e T\u00e9cnico, com o intuito de otimizar os acessos, tanto de discentes quanto de docentes, trazendo informa\u00e7\u00f5es, gerenciamento de aulas, frequ\u00eancias, materiais de estudos, etc. Acesse o sistema aqui.<\/p>\n","protected":false},"author":786,"featured_media":0,"parent":0,"menu_order":22,"comment_status":"open","ping_status":"open","template":"","meta":{"inline_featured_image":false,"site-sidebar-layout":"default","site-content-layout":"","ast-site-content-layout":"default","site-content-style":"default","site-sidebar-style":"default","ast-global-header-display":"","ast-banner-title-visibility":"","ast-main-header-display":"","ast-hfb-above-header-display":"","ast-hfb-below-header-display":"","ast-hfb-mobile-header-display":"","site-post-title":"","ast-breadcrumbs-content":"","ast-featured-img":"","footer-sml-layout":"","theme-transparent-header-meta":"default","adv-header-id-meta":"","stick-header-meta":"","header-above-stick-meta":"","header-main-stick-meta":"","header-below-stick-meta":"","astra-migrate-meta-layouts":"set","ast-page-background-enabled":"default","ast-page-background-meta":{"desktop":{"background-color":"var(--ast-global-color-4)","background-image":"","background-repeat":"repeat","background-position":"center center","background-size":"auto","background-attachment":"scroll","background-type":"","background-media":"","overlay-type":"","overlay-color":"","overlay-opacity":"","overlay-gradient":""},"tablet":{"background-color":"","background-image":"","background-repeat":"repeat","background-position":"center center","background-size":"auto","background-attachment":"scroll","background-type":"","background-media":"","overlay-type":"","overlay-color":"","overlay-opacity":"","overlay-gradient":""},"mobile":{"background-color":"","background-image":"","background-repeat":"repeat","background-position":"center center","background-size":"auto","background-attachment":"scroll","background-type":"","background-media":"","overlay-type":"","overlay-color":"","overlay-opacity":"","overlay-gradient":""}},"ast-content-background-meta":{"desktop":{"background-color":"var(--ast-global-color-5)","background-image":"","background-repeat":"repeat","background-position":"center center","background-size":"auto","background-attachment":"scroll","background-type":"","background-media":"","overlay-type":"","overlay-color":"","overlay-opacity":"","overlay-gradient":""},"tablet":{"background-color":"var(--ast-global-color-5)","background-image":"","background-repeat":"repeat","background-position":"center center","background-size":"auto","background-attachment":"scroll","background-type":"","background-media":"","overlay-type":"","overlay-color":"","overlay-opacity":"","overlay-gradient":""},"mobile":{"background-color":"var(--ast-global-color-5)","background-image":"","background-repeat":"repeat","background-position":"center center","background-size":"auto","background-attachment":"scroll","background-type":"","background-media":"","overlay-type":"","overlay-color":"","overlay-opacity":"","overlay-gradient":""}},"ngg_post_thumbnail":0,"footnotes":""},"class_list":["post-42","page","type-page","status-publish","hentry"],"_links":{"self":[{"href":"https:\/\/www2.unifap.br\/letras-santana\/wp-json\/wp\/v2\/pages\/42","targetHints":{"allow":["GET"]}}],"collection":[{"href":"https:\/\/www2.unifap.br\/letras-santana\/wp-json\/wp\/v2\/pages"}],"about":[{"href":"https:\/\/www2.unifap.br\/letras-santana\/wp-json\/wp\/v2\/types\/page"}],"author":[{"embeddable":true,"href":"https:\/\/www2.unifap.br\/letras-santana\/wp-json\/wp\/v2\/users\/786"}],"replies":[{"embeddable":true,"href":"https:\/\/www2.unifap.br\/letras-santana\/wp-json\/wp\/v2\/comments?post=42"}],"version-history":[{"count":11,"href":"https:\/\/www2.unifap.br\/letras-santana\/wp-json\/wp\/v2\/pages\/42\/revisions"}],"predecessor-version":[{"id":2386,"href":"https:\/\/www2.unifap.br\/letras-santana\/wp-json\/wp\/v2\/pages\/42\/revisions\/2386"}],"wp:attachment":[{"href":"https:\/\/www2.unifap.br\/letras-santana\/wp-json\/wp\/v2\/media?parent=42"}],"curies":[{"name":"wp","href":"https:\/\/api.w.org\/{rel}","templated":true}]}}