{"id":47,"date":"2017-03-27T18:02:26","date_gmt":"2017-03-27T18:02:26","guid":{"rendered":"http:\/\/www2.unifap.br\/letras-santana\/?page_id=47"},"modified":"2021-10-25T22:57:57","modified_gmt":"2021-10-25T22:57:57","slug":"projetos-de-extensao","status":"publish","type":"page","link":"https:\/\/www2.unifap.br\/letras-santana\/pesquisa\/projetos-de-extensao-2\/projetos-de-extensao\/","title":{"rendered":"Cine Campus"},"content":{"rendered":"<p><img fetchpriority=\"high\" decoding=\"async\" src=\"http:\/\/www2.unifap.br\/letras-santana\/files\/2019\/05\/logo_CineCampus.jpg\" alt=\"\" width=\"800\" height=\"339\"><\/p>\n<p style=\"text-align: justify\">Este projeto prop\u00f5e encontros mensais para a exibi\u00e7\u00e3o de uma obra cinematogr\u00e1fica. Os filmes abordam temas de conte\u00fado cr\u00edtico de diversas \u00e1reas: literatura, ci\u00eancias sociais, pol\u00edtica, filosofia, psicologia, etc. Geralmente, ap\u00f3s a sess\u00e3o, convida-se um professor mediador para aprofundar as quest\u00f5es trabalhadas e promover um bate-papo entre os alunos com rela\u00e7\u00e3o \u00e0s reflex\u00f5es suscitadas na ocasi\u00e3o. O p\u00fablico-alvo s\u00e3o os discentes dos cursos vespertino e noturno (Letras, Filosofia e Pedagogia) do Campus de Santana\/UNIFAP. A iniciativa est\u00e1 vinculada ao Projeto de Pesquisa &#8220;Estudos em Espa\u00e7os Culturais, Inclusivos e Deliberativos&#8221;.<\/p>\n<p>&nbsp;<\/p>\n<p><em>*No momento, devido \u00e0 pandemia, o projeto aguarda o retorno das atividades presenciais.<\/em><\/p>\n<p>&nbsp;<\/p>\n<table width=\"796\" cellspacing=\"0\" cellpadding=\"2\">\n<colgroup>\n<col width=\"120\">\n<col width=\"105\">\n<col width=\"377\">\n<col width=\"179\"> <\/colgroup>\n<tbody>\n<tr>\n<td colspan=\"4\" width=\"792\">\n<p align=\"center\"><strong>AGENDA<\/strong><\/p>\n<\/td>\n<\/tr>\n<tr>\n<td width=\"120\">\n<p align=\"center\"><strong>Data\/Local<\/strong><\/p>\n<\/td>\n<td width=\"105\">\n<p align=\"center\"><strong>Hor\u00e1rio<\/strong><\/p>\n<\/td>\n<td width=\"377\">\n<p align=\"center\"><strong>Filme<\/strong><\/p>\n<\/td>\n<td width=\"179\">\n<p align=\"center\"><strong>Respons\u00e1vel<\/strong><\/p>\n<\/td>\n<\/tr>\n<tr>\n<td width=\"120\">&nbsp;<\/td>\n<td width=\"105\">&nbsp;<\/td>\n<td width=\"377\">&nbsp;<\/td>\n<td width=\"179\">&nbsp;<\/td>\n<\/tr>\n<tr>\n<td width=\"120\">&nbsp;<\/td>\n<td width=\"105\">&nbsp;<\/td>\n<td width=\"377\">&nbsp;<\/td>\n<td width=\"179\">&nbsp;<\/td>\n<\/tr>\n<tr>\n<td width=\"120\">&nbsp;<\/td>\n<td width=\"105\">&nbsp;<\/td>\n<td width=\"377\">&nbsp;<\/td>\n<td width=\"179\">&nbsp;<\/td>\n<\/tr>\n<tr>\n<td width=\"120\">&nbsp;<\/td>\n<td width=\"105\">&nbsp;<\/td>\n<td width=\"377\">&nbsp;<\/td>\n<td width=\"179\">&nbsp;<\/td>\n<\/tr>\n<tr>\n<td width=\"120\">&nbsp;<\/td>\n<td width=\"105\">&nbsp;<\/td>\n<td width=\"377\">&nbsp;<\/td>\n<td width=\"179\">&nbsp;<\/td>\n<\/tr>\n<tr>\n<td width=\"120\">&nbsp;<\/td>\n<td width=\"105\">&nbsp;<\/td>\n<td width=\"377\">&nbsp;<\/td>\n<td width=\"179\">&nbsp;<\/td>\n<\/tr>\n<tr>\n<td width=\"120\">&nbsp;<\/td>\n<td width=\"105\">&nbsp;<\/td>\n<td width=\"377\">&nbsp;<\/td>\n<td width=\"179\">&nbsp;<\/td>\n<\/tr>\n<\/tbody>\n<\/table>\n<p style=\"text-align: left\">&nbsp;<\/p>\n<p>&nbsp;<\/p>\n","protected":false},"excerpt":{"rendered":"<p>Este projeto prop\u00f5e encontros mensais para a exibi\u00e7\u00e3o de uma obra cinematogr\u00e1fica. Os filmes abordam temas de conte\u00fado cr\u00edtico de diversas \u00e1reas: literatura, ci\u00eancias sociais, pol\u00edtica, filosofia, psicologia, etc. Geralmente, ap\u00f3s a sess\u00e3o, convida-se um professor mediador para aprofundar as quest\u00f5es trabalhadas e promover um bate-papo entre os alunos com rela\u00e7\u00e3o \u00e0s reflex\u00f5es suscitadas na&#8230;<\/p>\n","protected":false},"author":786,"featured_media":0,"parent":997,"menu_order":15,"comment_status":"open","ping_status":"closed","template":"","meta":{"inline_featured_image":false,"site-sidebar-layout":"default","site-content-layout":"","ast-site-content-layout":"default","site-content-style":"default","site-sidebar-style":"default","ast-global-header-display":"","ast-banner-title-visibility":"","ast-main-header-display":"","ast-hfb-above-header-display":"","ast-hfb-below-header-display":"","ast-hfb-mobile-header-display":"","site-post-title":"","ast-breadcrumbs-content":"","ast-featured-img":"","footer-sml-layout":"","theme-transparent-header-meta":"","adv-header-id-meta":"","stick-header-meta":"","header-above-stick-meta":"","header-main-stick-meta":"","header-below-stick-meta":"","astra-migrate-meta-layouts":"default","ast-page-background-enabled":"default","ast-page-background-meta":{"desktop":{"background-color":"var(--ast-global-color-4)","background-image":"","background-repeat":"repeat","background-position":"center center","background-size":"auto","background-attachment":"scroll","background-type":"","background-media":"","overlay-type":"","overlay-color":"","overlay-opacity":"","overlay-gradient":""},"tablet":{"background-color":"","background-image":"","background-repeat":"repeat","background-position":"center center","background-size":"auto","background-attachment":"scroll","background-type":"","background-media":"","overlay-type":"","overlay-color":"","overlay-opacity":"","overlay-gradient":""},"mobile":{"background-color":"","background-image":"","background-repeat":"repeat","background-position":"center center","background-size":"auto","background-attachment":"scroll","background-type":"","background-media":"","overlay-type":"","overlay-color":"","overlay-opacity":"","overlay-gradient":""}},"ast-content-background-meta":{"desktop":{"background-color":"var(--ast-global-color-5)","background-image":"","background-repeat":"repeat","background-position":"center center","background-size":"auto","background-attachment":"scroll","background-type":"","background-media":"","overlay-type":"","overlay-color":"","overlay-opacity":"","overlay-gradient":""},"tablet":{"background-color":"var(--ast-global-color-5)","background-image":"","background-repeat":"repeat","background-position":"center center","background-size":"auto","background-attachment":"scroll","background-type":"","background-media":"","overlay-type":"","overlay-color":"","overlay-opacity":"","overlay-gradient":""},"mobile":{"background-color":"var(--ast-global-color-5)","background-image":"","background-repeat":"repeat","background-position":"center center","background-size":"auto","background-attachment":"scroll","background-type":"","background-media":"","overlay-type":"","overlay-color":"","overlay-opacity":"","overlay-gradient":""}},"ngg_post_thumbnail":0,"footnotes":""},"class_list":["post-47","page","type-page","status-publish","hentry"],"_links":{"self":[{"href":"https:\/\/www2.unifap.br\/letras-santana\/wp-json\/wp\/v2\/pages\/47","targetHints":{"allow":["GET"]}}],"collection":[{"href":"https:\/\/www2.unifap.br\/letras-santana\/wp-json\/wp\/v2\/pages"}],"about":[{"href":"https:\/\/www2.unifap.br\/letras-santana\/wp-json\/wp\/v2\/types\/page"}],"author":[{"embeddable":true,"href":"https:\/\/www2.unifap.br\/letras-santana\/wp-json\/wp\/v2\/users\/786"}],"replies":[{"embeddable":true,"href":"https:\/\/www2.unifap.br\/letras-santana\/wp-json\/wp\/v2\/comments?post=47"}],"version-history":[{"count":23,"href":"https:\/\/www2.unifap.br\/letras-santana\/wp-json\/wp\/v2\/pages\/47\/revisions"}],"predecessor-version":[{"id":1928,"href":"https:\/\/www2.unifap.br\/letras-santana\/wp-json\/wp\/v2\/pages\/47\/revisions\/1928"}],"up":[{"embeddable":true,"href":"https:\/\/www2.unifap.br\/letras-santana\/wp-json\/wp\/v2\/pages\/997"}],"wp:attachment":[{"href":"https:\/\/www2.unifap.br\/letras-santana\/wp-json\/wp\/v2\/media?parent=47"}],"curies":[{"name":"wp","href":"https:\/\/api.w.org\/{rel}","templated":true}]}}