{"id":5,"date":"2015-05-29T19:06:23","date_gmt":"2015-05-29T19:06:23","guid":{"rendered":"http:\/\/www2.unifap.br\/letras-santana\/?page_id=5"},"modified":"2025-04-15T16:37:55","modified_gmt":"2025-04-15T16:37:55","slug":"grupos-de-pesquisa","status":"publish","type":"page","link":"https:\/\/www2.unifap.br\/letras-santana\/pesquisa-2\/grupos-de-pesquisa\/","title":{"rendered":"Grupos de Pesquisa"},"content":{"rendered":"<p><strong><a href=\"http:\/\/dgp.cnpq.br\/dgp\/espelhogrupo\/6072190212494038\">N\u00facleo de Pesquisa em Estudos Liter\u00e1rios (NUPEL)<\/a><\/strong><\/p>\n<p>L\u00edder do grupo:<\/p>\n<p><strong>Prof.\u00aa Dr.\u00aa Fernanda Cristina da Encarna\u00e7\u00e3o dos Santos<\/strong><\/p>\n<p>O N\u00facleo de Pesquisa em Estudos Liter\u00e1rios (NUPEL) foi criado em 2015. Tem como objetivo aglutinar trabalhos e pesquisas relacionados aos estudos de literatura. Nesse sentido, busca a forma\u00e7\u00e3o de uma rede de pesquisadores que promovam a reflex\u00e3o, o debate e a produ\u00e7\u00e3o de trabalhos cient\u00edficos, bem como atividades de pesquisa que se voltem para a comunidade acad\u00eamica, como minicursos, congressos, ciclo de palestras, semin\u00e1rios e simp\u00f3sios. A partir de uma abordagem te\u00f3rica diversificada, o NUPEL visa ao estudo de variados campos liter\u00e1rios, com pesquisas de quest\u00f5es est\u00e9tico-formais e reflex\u00f5es te\u00f3ricas acerca da literatura brasileira e\/ou estrangeira em diferentes momentos hist\u00f3ricos, desde os antigos at\u00e9 os contempor\u00e2neos.<\/p>\n<p><!--more--><\/p>\n<p><strong><a href=\"http:\/\/dgp.cnpq.br\/dgp\/espelhogrupo\/5816389851637268\">N\u00facleo de Estudos Lingu\u00edsticos na Amaz\u00f4nia (NELAM)<\/a><\/strong><\/p>\n<p>L\u00edder(es) do grupo:<\/p>\n<p><strong>Prof. Dr. Ednaldo Tartaglia Santos<\/strong><\/p>\n<p><strong>Prof. Dr. Eduardo Alves Vasconcelos<\/strong><\/p>\n<p>O N\u00facleo de Estudos Lingu\u00edsticos na Amaz\u00f4nia (NELAM-UNIFAP) foi criado em 2017. Tem como objetivo desenvolver pesquisas lingu\u00edsticas ancoradas na interface entre an\u00e1lise, descri\u00e7\u00e3o e ensino de l\u00ednguas na Amaz\u00f4nia. Nesse sentido, visa empreender investiga\u00e7\u00f5es que contribuam para a compreens\u00e3o de diversos fen\u00f4menos lingu\u00edsticos relacionados \u00e0s l\u00ednguas naturais. Assim, os estudos lingu\u00edsticos desenvolvidos pelo N\u00facleo contemplar\u00e3o diferentes abordagens te\u00f3rico-metodol\u00f3gicas, podendo assumir, ainda, um car\u00e1ter interdisciplinar.<\/p>\n<p><!--more--><\/p>\n","protected":false},"excerpt":{"rendered":"<p>N\u00facleo de Pesquisa em Estudos Liter\u00e1rios (NUPEL) L\u00edder do grupo: Prof.\u00aa Dr.\u00aa Fernanda Cristina da Encarna\u00e7\u00e3o dos Santos O N\u00facleo de Pesquisa em Estudos Liter\u00e1rios (NUPEL) foi criado em 2015. Tem como objetivo aglutinar trabalhos e pesquisas relacionados aos estudos de literatura. Nesse sentido, busca a forma\u00e7\u00e3o de uma rede de pesquisadores que promovam a&#8230;<\/p>\n","protected":false},"author":167,"featured_media":0,"parent":1010,"menu_order":2,"comment_status":"open","ping_status":"closed","template":"","meta":{"inline_featured_image":false,"site-sidebar-layout":"default","site-content-layout":"","ast-site-content-layout":"default","site-content-style":"default","site-sidebar-style":"default","ast-global-header-display":"","ast-banner-title-visibility":"","ast-main-header-display":"","ast-hfb-above-header-display":"","ast-hfb-below-header-display":"","ast-hfb-mobile-header-display":"","site-post-title":"","ast-breadcrumbs-content":"","ast-featured-img":"","footer-sml-layout":"","theme-transparent-header-meta":"default","adv-header-id-meta":"","stick-header-meta":"","header-above-stick-meta":"","header-main-stick-meta":"","header-below-stick-meta":"","astra-migrate-meta-layouts":"set","ast-page-background-enabled":"default","ast-page-background-meta":{"desktop":{"background-color":"var(--ast-global-color-4)","background-image":"","background-repeat":"repeat","background-position":"center center","background-size":"auto","background-attachment":"scroll","background-type":"","background-media":"","overlay-type":"","overlay-color":"","overlay-opacity":"","overlay-gradient":""},"tablet":{"background-color":"","background-image":"","background-repeat":"repeat","background-position":"center center","background-size":"auto","background-attachment":"scroll","background-type":"","background-media":"","overlay-type":"","overlay-color":"","overlay-opacity":"","overlay-gradient":""},"mobile":{"background-color":"","background-image":"","background-repeat":"repeat","background-position":"center center","background-size":"auto","background-attachment":"scroll","background-type":"","background-media":"","overlay-type":"","overlay-color":"","overlay-opacity":"","overlay-gradient":""}},"ast-content-background-meta":{"desktop":{"background-color":"var(--ast-global-color-5)","background-image":"","background-repeat":"repeat","background-position":"center center","background-size":"auto","background-attachment":"scroll","background-type":"","background-media":"","overlay-type":"","overlay-color":"","overlay-opacity":"","overlay-gradient":""},"tablet":{"background-color":"var(--ast-global-color-5)","background-image":"","background-repeat":"repeat","background-position":"center center","background-size":"auto","background-attachment":"scroll","background-type":"","background-media":"","overlay-type":"","overlay-color":"","overlay-opacity":"","overlay-gradient":""},"mobile":{"background-color":"var(--ast-global-color-5)","background-image":"","background-repeat":"repeat","background-position":"center center","background-size":"auto","background-attachment":"scroll","background-type":"","background-media":"","overlay-type":"","overlay-color":"","overlay-opacity":"","overlay-gradient":""}},"ngg_post_thumbnail":0,"footnotes":""},"class_list":["post-5","page","type-page","status-publish","hentry"],"_links":{"self":[{"href":"https:\/\/www2.unifap.br\/letras-santana\/wp-json\/wp\/v2\/pages\/5","targetHints":{"allow":["GET"]}}],"collection":[{"href":"https:\/\/www2.unifap.br\/letras-santana\/wp-json\/wp\/v2\/pages"}],"about":[{"href":"https:\/\/www2.unifap.br\/letras-santana\/wp-json\/wp\/v2\/types\/page"}],"author":[{"embeddable":true,"href":"https:\/\/www2.unifap.br\/letras-santana\/wp-json\/wp\/v2\/users\/167"}],"replies":[{"embeddable":true,"href":"https:\/\/www2.unifap.br\/letras-santana\/wp-json\/wp\/v2\/comments?post=5"}],"version-history":[{"count":13,"href":"https:\/\/www2.unifap.br\/letras-santana\/wp-json\/wp\/v2\/pages\/5\/revisions"}],"predecessor-version":[{"id":2518,"href":"https:\/\/www2.unifap.br\/letras-santana\/wp-json\/wp\/v2\/pages\/5\/revisions\/2518"}],"up":[{"embeddable":true,"href":"https:\/\/www2.unifap.br\/letras-santana\/wp-json\/wp\/v2\/pages\/1010"}],"wp:attachment":[{"href":"https:\/\/www2.unifap.br\/letras-santana\/wp-json\/wp\/v2\/media?parent=5"}],"curies":[{"name":"wp","href":"https:\/\/api.w.org\/{rel}","templated":true}]}}