{"id":50,"date":"2017-03-27T18:04:05","date_gmt":"2017-03-27T18:04:05","guid":{"rendered":"http:\/\/www2.unifap.br\/letras-santana\/?page_id=50"},"modified":"2025-04-14T21:25:25","modified_gmt":"2025-04-14T21:25:25","slug":"linhas-de-pesquisa","status":"publish","type":"page","link":"https:\/\/www2.unifap.br\/letras-santana\/pesquisa-2\/linhas-de-pesquisa\/","title":{"rendered":"Linhas de Pesquisa"},"content":{"rendered":"<ul>\n<li><span style=\"color: #000000\">Literatura, Cultura e Mem\u00f3ria;<\/span><\/li>\n<li><span style=\"color: #000000\">Teoria Liter\u00e1ria;<br \/>\n<\/span><\/li>\n<li><span style=\"color: #000000\">Literatura Brasileira e Portuguesa;<br \/>\n<\/span><\/li>\n<li><span style=\"color: #000000\">Teorias e cr\u00edticas da narrativa;<br \/>\n<\/span><\/li>\n<li><span style=\"color: #000000\">Teorias e cr\u00edticas do drama;<\/span><\/li>\n<li><span style=\"color: #000000\">An\u00e1lise, Descri\u00e7\u00e3o e Documenta\u00e7\u00e3o de L\u00ednguas Naturais;<br \/>\n<\/span><\/li>\n<li><span style=\"color: #000000\">Diversidade Lingu\u00edstica na Amaz\u00f4nia;<br \/>\n<\/span><\/li>\n<li><span style=\"color: #000000\">L\u00edngua, cultura e sociedade;<br \/>\n<\/span><\/li>\n<li><span style=\"color: #000000\">Estudos do texto e do discurso;<br \/>\n<\/span><\/li>\n<li><span style=\"color: #000000\">Ensino-Aprendizagem de Portugu\u00eas como L\u00edngua Materna;<br \/>\n<\/span><\/li>\n<li><span style=\"color: #000000\">Ensino-Aprendizagem de Portugu\u00eas escrito para surdos;<br \/>\n<\/span><\/li>\n<li><span style=\"color: #000000\">Ensino-Aprendizagem de Portugu\u00eas como L\u00edngua Estrangeira.<\/span><\/li>\n<\/ul>\n","protected":false},"excerpt":{"rendered":"<p>Literatura, Cultura e Mem\u00f3ria; Teoria Liter\u00e1ria; Literatura Brasileira e Portuguesa; Teorias e cr\u00edticas da narrativa; Teorias e cr\u00edticas do drama; An\u00e1lise, Descri\u00e7\u00e3o e Documenta\u00e7\u00e3o de L\u00ednguas Naturais; Diversidade Lingu\u00edstica na Amaz\u00f4nia; L\u00edngua, cultura e sociedade; Estudos do texto e do discurso; Ensino-Aprendizagem de Portugu\u00eas como L\u00edngua Materna; Ensino-Aprendizagem de Portugu\u00eas escrito para surdos; Ensino-Aprendizagem de&#8230;<\/p>\n","protected":false},"author":786,"featured_media":0,"parent":1010,"menu_order":1,"comment_status":"open","ping_status":"closed","template":"","meta":{"inline_featured_image":false,"site-sidebar-layout":"default","site-content-layout":"","ast-site-content-layout":"default","site-content-style":"default","site-sidebar-style":"default","ast-global-header-display":"","ast-banner-title-visibility":"","ast-main-header-display":"","ast-hfb-above-header-display":"","ast-hfb-below-header-display":"","ast-hfb-mobile-header-display":"","site-post-title":"","ast-breadcrumbs-content":"","ast-featured-img":"","footer-sml-layout":"","theme-transparent-header-meta":"default","adv-header-id-meta":"","stick-header-meta":"","header-above-stick-meta":"","header-main-stick-meta":"","header-below-stick-meta":"","astra-migrate-meta-layouts":"set","ast-page-background-enabled":"default","ast-page-background-meta":{"desktop":{"background-color":"var(--ast-global-color-4)","background-image":"","background-repeat":"repeat","background-position":"center center","background-size":"auto","background-attachment":"scroll","background-type":"","background-media":"","overlay-type":"","overlay-color":"","overlay-opacity":"","overlay-gradient":""},"tablet":{"background-color":"","background-image":"","background-repeat":"repeat","background-position":"center center","background-size":"auto","background-attachment":"scroll","background-type":"","background-media":"","overlay-type":"","overlay-color":"","overlay-opacity":"","overlay-gradient":""},"mobile":{"background-color":"","background-image":"","background-repeat":"repeat","background-position":"center center","background-size":"auto","background-attachment":"scroll","background-type":"","background-media":"","overlay-type":"","overlay-color":"","overlay-opacity":"","overlay-gradient":""}},"ast-content-background-meta":{"desktop":{"background-color":"var(--ast-global-color-5)","background-image":"","background-repeat":"repeat","background-position":"center center","background-size":"auto","background-attachment":"scroll","background-type":"","background-media":"","overlay-type":"","overlay-color":"","overlay-opacity":"","overlay-gradient":""},"tablet":{"background-color":"var(--ast-global-color-5)","background-image":"","background-repeat":"repeat","background-position":"center center","background-size":"auto","background-attachment":"scroll","background-type":"","background-media":"","overlay-type":"","overlay-color":"","overlay-opacity":"","overlay-gradient":""},"mobile":{"background-color":"var(--ast-global-color-5)","background-image":"","background-repeat":"repeat","background-position":"center center","background-size":"auto","background-attachment":"scroll","background-type":"","background-media":"","overlay-type":"","overlay-color":"","overlay-opacity":"","overlay-gradient":""}},"ngg_post_thumbnail":0,"footnotes":""},"class_list":["post-50","page","type-page","status-publish","hentry"],"_links":{"self":[{"href":"https:\/\/www2.unifap.br\/letras-santana\/wp-json\/wp\/v2\/pages\/50","targetHints":{"allow":["GET"]}}],"collection":[{"href":"https:\/\/www2.unifap.br\/letras-santana\/wp-json\/wp\/v2\/pages"}],"about":[{"href":"https:\/\/www2.unifap.br\/letras-santana\/wp-json\/wp\/v2\/types\/page"}],"author":[{"embeddable":true,"href":"https:\/\/www2.unifap.br\/letras-santana\/wp-json\/wp\/v2\/users\/786"}],"replies":[{"embeddable":true,"href":"https:\/\/www2.unifap.br\/letras-santana\/wp-json\/wp\/v2\/comments?post=50"}],"version-history":[{"count":10,"href":"https:\/\/www2.unifap.br\/letras-santana\/wp-json\/wp\/v2\/pages\/50\/revisions"}],"predecessor-version":[{"id":2435,"href":"https:\/\/www2.unifap.br\/letras-santana\/wp-json\/wp\/v2\/pages\/50\/revisions\/2435"}],"up":[{"embeddable":true,"href":"https:\/\/www2.unifap.br\/letras-santana\/wp-json\/wp\/v2\/pages\/1010"}],"wp:attachment":[{"href":"https:\/\/www2.unifap.br\/letras-santana\/wp-json\/wp\/v2\/media?parent=50"}],"curies":[{"name":"wp","href":"https:\/\/api.w.org\/{rel}","templated":true}]}}