{"id":587,"date":"2018-09-11T00:35:56","date_gmt":"2018-09-11T00:35:56","guid":{"rendered":"http:\/\/www2.unifap.br\/letras-santana\/?page_id=587"},"modified":"2026-01-17T15:49:53","modified_gmt":"2026-01-17T15:49:53","slug":"lingua-portuguesa","status":"publish","type":"page","link":"https:\/\/www2.unifap.br\/letras-santana\/pesquisa-2\/projetos-de-pesquisa\/lingua-portuguesa\/","title":{"rendered":"L\u00edngua Portuguesa"},"content":{"rendered":"<ul>\n<li><strong>Pol\u00edticas lingu\u00edsticas e educacionais e(m) forma\u00e7\u00e3o docente: um estudo sobre a educa\u00e7\u00e3o bil\u00edngue de surdos<\/strong><\/li>\n<\/ul>\n<p><strong>Per\u00edodo:<\/strong> 2025-2027<\/p>\n<p><strong>Resumo<\/strong>: Este projeto objetiva apresentar e discutir criticamente a configura\u00e7\u00e3o da educa\u00e7\u00e3o bil\u00edngue dos cursos de licenciatura em educa\u00e7\u00e3o bil\u00edngue de surdos ofertados via Programa Nacional de Fomento \u00e0 Equidade na Forma\u00e7\u00e3o de Professores da Educa\u00e7\u00e3o B\u00e1sica (PARFOR EQUIDADE), observando em que medida a proposta educacional condiz com as pol\u00edticas lingu\u00edsticas e educacionais expl\u00edcitas (Schiffman, 1996; Shohamy, 2006) e com o reivindicado pelas comunidades surdas. Trata-se de uma pesquisa qualitativa (Flick, 2009; Paiva, 2019), explorat\u00f3ria (Gil, 2008) e interpretativista (Moita Lopes, 1994). O estudo \u00e9 movido pelo sentipensamento (Moraes; Torre, 2002, 2015) de que o direito lingu\u00edstico \u00e9 respeitado \u00e0 medida que a implementa\u00e7\u00e3o de pol\u00edticas lingu\u00edsticas corresponde \u00e0s reivindica\u00e7\u00f5es, viv\u00eancias e necessidades dos membros das comunidades lingu\u00edsticas, sendo, portanto, relevantes pesquisas atentas a observar a implementa\u00e7\u00e3o das pol\u00edticas lingu\u00edsticas a partir das pol\u00edticas educacionais. Como resultado, esperamos que o estudo contribua com o debate sobre os avan\u00e7os e as lacunas presentes na forma\u00e7\u00e3o docente voltada \u00e0 atua\u00e7\u00e3o na educa\u00e7\u00e3o lingu\u00edstica de surdos.<\/p>\n<p>Coordenadora: Prof.\u00aa Dr.\u00aa Gilmara dos Reis Ribeiro<\/p>\n","protected":false},"excerpt":{"rendered":"<p>Pol\u00edticas lingu\u00edsticas e educacionais e(m) forma\u00e7\u00e3o docente: um estudo sobre a educa\u00e7\u00e3o bil\u00edngue de surdos Per\u00edodo: 2025-2027 Resumo: Este projeto objetiva apresentar e discutir criticamente a configura\u00e7\u00e3o da educa\u00e7\u00e3o bil\u00edngue dos cursos de licenciatura em educa\u00e7\u00e3o bil\u00edngue de surdos ofertados via Programa Nacional de Fomento \u00e0 Equidade na Forma\u00e7\u00e3o de Professores da Educa\u00e7\u00e3o B\u00e1sica (PARFOR&#8230;<\/p>\n","protected":false},"author":786,"featured_media":0,"parent":7,"menu_order":2,"comment_status":"open","ping_status":"open","template":"","meta":{"inline_featured_image":false,"site-sidebar-layout":"default","site-content-layout":"","ast-site-content-layout":"default","site-content-style":"default","site-sidebar-style":"default","ast-global-header-display":"","ast-banner-title-visibility":"","ast-main-header-display":"","ast-hfb-above-header-display":"","ast-hfb-below-header-display":"","ast-hfb-mobile-header-display":"","site-post-title":"","ast-breadcrumbs-content":"","ast-featured-img":"","footer-sml-layout":"","theme-transparent-header-meta":"default","adv-header-id-meta":"","stick-header-meta":"","header-above-stick-meta":"","header-main-stick-meta":"","header-below-stick-meta":"","astra-migrate-meta-layouts":"set","ast-page-background-enabled":"default","ast-page-background-meta":{"desktop":{"background-color":"var(--ast-global-color-4)","background-image":"","background-repeat":"repeat","background-position":"center center","background-size":"auto","background-attachment":"scroll","background-type":"","background-media":"","overlay-type":"","overlay-color":"","overlay-opacity":"","overlay-gradient":""},"tablet":{"background-color":"","background-image":"","background-repeat":"repeat","background-position":"center center","background-size":"auto","background-attachment":"scroll","background-type":"","background-media":"","overlay-type":"","overlay-color":"","overlay-opacity":"","overlay-gradient":""},"mobile":{"background-color":"","background-image":"","background-repeat":"repeat","background-position":"center center","background-size":"auto","background-attachment":"scroll","background-type":"","background-media":"","overlay-type":"","overlay-color":"","overlay-opacity":"","overlay-gradient":""}},"ast-content-background-meta":{"desktop":{"background-color":"var(--ast-global-color-5)","background-image":"","background-repeat":"repeat","background-position":"center center","background-size":"auto","background-attachment":"scroll","background-type":"","background-media":"","overlay-type":"","overlay-color":"","overlay-opacity":"","overlay-gradient":""},"tablet":{"background-color":"var(--ast-global-color-5)","background-image":"","background-repeat":"repeat","background-position":"center center","background-size":"auto","background-attachment":"scroll","background-type":"","background-media":"","overlay-type":"","overlay-color":"","overlay-opacity":"","overlay-gradient":""},"mobile":{"background-color":"var(--ast-global-color-5)","background-image":"","background-repeat":"repeat","background-position":"center center","background-size":"auto","background-attachment":"scroll","background-type":"","background-media":"","overlay-type":"","overlay-color":"","overlay-opacity":"","overlay-gradient":""}},"ngg_post_thumbnail":0,"footnotes":""},"class_list":["post-587","page","type-page","status-publish","hentry"],"_links":{"self":[{"href":"https:\/\/www2.unifap.br\/letras-santana\/wp-json\/wp\/v2\/pages\/587","targetHints":{"allow":["GET"]}}],"collection":[{"href":"https:\/\/www2.unifap.br\/letras-santana\/wp-json\/wp\/v2\/pages"}],"about":[{"href":"https:\/\/www2.unifap.br\/letras-santana\/wp-json\/wp\/v2\/types\/page"}],"author":[{"embeddable":true,"href":"https:\/\/www2.unifap.br\/letras-santana\/wp-json\/wp\/v2\/users\/786"}],"replies":[{"embeddable":true,"href":"https:\/\/www2.unifap.br\/letras-santana\/wp-json\/wp\/v2\/comments?post=587"}],"version-history":[{"count":13,"href":"https:\/\/www2.unifap.br\/letras-santana\/wp-json\/wp\/v2\/pages\/587\/revisions"}],"predecessor-version":[{"id":2665,"href":"https:\/\/www2.unifap.br\/letras-santana\/wp-json\/wp\/v2\/pages\/587\/revisions\/2665"}],"up":[{"embeddable":true,"href":"https:\/\/www2.unifap.br\/letras-santana\/wp-json\/wp\/v2\/pages\/7"}],"wp:attachment":[{"href":"https:\/\/www2.unifap.br\/letras-santana\/wp-json\/wp\/v2\/media?parent=587"}],"curies":[{"name":"wp","href":"https:\/\/api.w.org\/{rel}","templated":true}]}}