{"id":589,"date":"2018-09-11T00:37:12","date_gmt":"2018-09-11T00:37:12","guid":{"rendered":"http:\/\/www2.unifap.br\/letras-santana\/?page_id=589"},"modified":"2026-01-17T15:49:57","modified_gmt":"2026-01-17T15:49:57","slug":"linguistica","status":"publish","type":"page","link":"https:\/\/www2.unifap.br\/letras-santana\/pesquisa-2\/projetos-de-pesquisa\/linguistica\/","title":{"rendered":"Lingu\u00edstica"},"content":{"rendered":"<p><!--more--><\/p>\n<ul>\n<li><strong>Painel de estudos geossociolingu\u00edsticos no Norte do Brasil \u2013 PEGeo<\/strong><\/li>\n<\/ul>\n<p><strong>Per\u00edodo:<\/strong> 2024-2026<\/p>\n<p><strong>Resumo:<\/strong> O projeto busca fazer um levantamento sistem\u00e1tico dos estudos Sociolingu\u00edsticos e Geolingu\u00edsticos junto aos programas de p\u00f3s-gradua\u00e7\u00e3o em Letras e em peri\u00f3dicos cient\u00edficos, de modo que novas pesquisas possam ser realizadas no \u00e2mbito da gradua\u00e7\u00e3o e p\u00f3s-gradua\u00e7\u00e3o. O objeto de estudo corresponde a fen\u00f4menos lingu\u00edsticos do portugu\u00eas falado em contexto amaz\u00f4nico, fon\u00e9tico-fonol\u00f3gico, pros\u00f3dico, sem\u00e2ntico-lexical, morfossint\u00e1tico, discursivo e pragm\u00e1tico. Os principais aportes te\u00f3rico-metodol\u00f3gicos s\u00e3o a Dialetologia Pluridimensional e Relacional (Thun, 1998), a Geossociolingu\u00edstica (Razky, 2010), a Sociolingu\u00edstica quantitativa (Labov, 2008).&nbsp; Como procedimento metodol\u00f3gico ser\u00e3o adotados dois tipos de pesquisa, a pesquisa bibliogr\u00e1fica e a pesquisa de campo. Para o primeiro tipo de pesquisa ser\u00e1 realizado um levantamento bibliogr\u00e1fico de trabalhos sociolingu\u00edsticos e geolingu\u00edsticos j\u00e1 realizados na Amaz\u00f4nia brasileira, que tenham como objetivo o mapeamento e a descri\u00e7\u00e3o de fen\u00f4menos lingu\u00edsticos. Esse levantamento tamb\u00e9m servir\u00e1 para produ\u00e7\u00e3o de novos estudos no \u00e2mbito do cotejo de dados lingu\u00edsticos. J\u00e1 para o segundo tipo de pesquisa, poder\u00e3o ser realizadas pesquisas de campo, em que se utilizar\u00e3o os m\u00e9todos Geolingu\u00edstico (Cardoso, 2010) e Sociolingu\u00edstico (Labov, 2008) acompanhados do m\u00e9todo Etnogr\u00e1fico, buscando auxiliar na escolha das localidades pesquisadas, sele\u00e7\u00e3o dos participantes, tratamento e organiza\u00e7\u00e3o dos dados coletados, an\u00e1lise quantitativa e elabora\u00e7\u00e3o de mapas geossociolingu\u00edsticos. Como resultados espera-se: i) cria\u00e7\u00e3o de um painel (plataforma on-line) de estudos sociolingu\u00edsticos e geolingu\u00edsticos de modo a identificar os fen\u00f4menos j\u00e1 estudados sobre o portugu\u00eas amaz\u00f4nico; ii) delimita\u00e7\u00e3o de tra\u00e7os varietais&nbsp; e &nbsp;seus est\u00e1gios de varia\u00e7\u00e3o e mudan\u00e7a lingu\u00edstica; iii) compreens\u00e3o dos fatores lingu\u00edsticos e extralingu\u00edstico que tendem a condicionar a varia\u00e7\u00e3o e a mudan\u00e7a lingu\u00edstica; e iv) produ\u00e7\u00e3o de novas pesquisas a n\u00edvel de gradua\u00e7\u00e3o e p\u00f3s-gradua\u00e7\u00e3o com base no levantamento bibliogr\u00e1fico, no cotejo de dados e na pesquisa de campo.<\/p>\n<p><strong>Coordenador:<\/strong> Prof. Dr. Rom\u00e1rio Duarte Sanches<\/p>\n<p><!--more--><\/p>\n<ul>\n<li><strong>Pr\u00e1ticas discursivas midi\u00e1ticas: pol\u00edtica, jogos de verdade e subjetiva\u00e7\u00e3o<\/strong><\/li>\n<\/ul>\n<p><b>Per\u00edodo: <\/b>2025-2027<\/p>\n<p>O projeto estudar\u00e1 os sujeitos do presente a partir de pr\u00e1ticas discursivas midi\u00e1ticas. Tem como objetivos estudar os regimes de verdade de discursos midi\u00e1ticos, verificando as rela\u00e7\u00f5es de poder que levam os sujeitos a tomarem partido e se posicionam nos espa\u00e7os midi\u00e1ticos, al\u00e9m de compreender os processos de subjetiva\u00e7\u00e3o das rela\u00e7\u00f5es saber-poder que esses espa\u00e7os desencadeiam. As perguntas de pesquisa s\u00e3o: Como os discursos midi\u00e1ticos funcionam na constru\u00e7\u00e3o de regimes de verdades que muitas vezes (re)produzem discursos de \u00f3dio? Quais s\u00e3o as principais rela\u00e7\u00f5es de saber-poder travadas entre sujeitos, institui\u00e7\u00f5es e governo nas m\u00eddias digitais? Como os sujeitos se constituem a partir de pr\u00e1ticas discursivas midi\u00e1ticas do presente?Ser\u00e3o coletadas materialidades anal\u00edticas das plataformas digitais como sites de jornais, blogs e redes sociais (Facebook, Instagram, X etc.). O projeto se ancora nos Estudos Discursivos Foucaultianos e no m\u00e9todo arqueogeneal\u00f3gico, em que lan\u00e7amos m\u00e3o de conceitos como: discurso, acontecimento, verdade, forma\u00e7\u00e3o discursiva, poder, resist\u00eancia, objetiva\u00e7\u00e3o, subjetividade e dessubjetiva\u00e7\u00e3o (Foucault, 2011, 2013, 2015a, 2015b, 2016; Agamben, 2005; Navarro, 2020). Espera-se que os resultados possam atender aos objetivos desta pesquisa que consistem em compreender regimes de verdade, rela\u00e7\u00f5es de poder (e resist\u00eancia), posi\u00e7\u00f5es-sujeito que podem fazer emergir discursos de \u00f3dio, racismo, homofobia, misoginia etc., al\u00e9m de cartografar pr\u00e1ticas discursivas midi\u00e1ticas que trabalham na objetiva\u00e7\u00e3o e na visibilidade de sujei\u00e7\u00f5es no presente.<\/p>\n<p><strong>Coordenador:<\/strong> Prof. Dr. Ednaldo Tartaglia Santos<\/p>\n","protected":false},"excerpt":{"rendered":"","protected":false},"author":786,"featured_media":0,"parent":7,"menu_order":3,"comment_status":"open","ping_status":"open","template":"","meta":{"inline_featured_image":false,"site-sidebar-layout":"default","site-content-layout":"","ast-site-content-layout":"default","site-content-style":"default","site-sidebar-style":"default","ast-global-header-display":"","ast-banner-title-visibility":"","ast-main-header-display":"","ast-hfb-above-header-display":"","ast-hfb-below-header-display":"","ast-hfb-mobile-header-display":"","site-post-title":"","ast-breadcrumbs-content":"","ast-featured-img":"","footer-sml-layout":"","theme-transparent-header-meta":"default","adv-header-id-meta":"","stick-header-meta":"","header-above-stick-meta":"","header-main-stick-meta":"","header-below-stick-meta":"","astra-migrate-meta-layouts":"set","ast-page-background-enabled":"default","ast-page-background-meta":{"desktop":{"background-color":"var(--ast-global-color-4)","background-image":"","background-repeat":"repeat","background-position":"center center","background-size":"auto","background-attachment":"scroll","background-type":"","background-media":"","overlay-type":"","overlay-color":"","overlay-opacity":"","overlay-gradient":""},"tablet":{"background-color":"","background-image":"","background-repeat":"repeat","background-position":"center center","background-size":"auto","background-attachment":"scroll","background-type":"","background-media":"","overlay-type":"","overlay-color":"","overlay-opacity":"","overlay-gradient":""},"mobile":{"background-color":"","background-image":"","background-repeat":"repeat","background-position":"center center","background-size":"auto","background-attachment":"scroll","background-type":"","background-media":"","overlay-type":"","overlay-color":"","overlay-opacity":"","overlay-gradient":""}},"ast-content-background-meta":{"desktop":{"background-color":"var(--ast-global-color-5)","background-image":"","background-repeat":"repeat","background-position":"center center","background-size":"auto","background-attachment":"scroll","background-type":"","background-media":"","overlay-type":"","overlay-color":"","overlay-opacity":"","overlay-gradient":""},"tablet":{"background-color":"var(--ast-global-color-5)","background-image":"","background-repeat":"repeat","background-position":"center center","background-size":"auto","background-attachment":"scroll","background-type":"","background-media":"","overlay-type":"","overlay-color":"","overlay-opacity":"","overlay-gradient":""},"mobile":{"background-color":"var(--ast-global-color-5)","background-image":"","background-repeat":"repeat","background-position":"center center","background-size":"auto","background-attachment":"scroll","background-type":"","background-media":"","overlay-type":"","overlay-color":"","overlay-opacity":"","overlay-gradient":""}},"ngg_post_thumbnail":0,"footnotes":""},"class_list":["post-589","page","type-page","status-publish","hentry"],"_links":{"self":[{"href":"https:\/\/www2.unifap.br\/letras-santana\/wp-json\/wp\/v2\/pages\/589","targetHints":{"allow":["GET"]}}],"collection":[{"href":"https:\/\/www2.unifap.br\/letras-santana\/wp-json\/wp\/v2\/pages"}],"about":[{"href":"https:\/\/www2.unifap.br\/letras-santana\/wp-json\/wp\/v2\/types\/page"}],"author":[{"embeddable":true,"href":"https:\/\/www2.unifap.br\/letras-santana\/wp-json\/wp\/v2\/users\/786"}],"replies":[{"embeddable":true,"href":"https:\/\/www2.unifap.br\/letras-santana\/wp-json\/wp\/v2\/comments?post=589"}],"version-history":[{"count":22,"href":"https:\/\/www2.unifap.br\/letras-santana\/wp-json\/wp\/v2\/pages\/589\/revisions"}],"predecessor-version":[{"id":2664,"href":"https:\/\/www2.unifap.br\/letras-santana\/wp-json\/wp\/v2\/pages\/589\/revisions\/2664"}],"up":[{"embeddable":true,"href":"https:\/\/www2.unifap.br\/letras-santana\/wp-json\/wp\/v2\/pages\/7"}],"wp:attachment":[{"href":"https:\/\/www2.unifap.br\/letras-santana\/wp-json\/wp\/v2\/media?parent=589"}],"curies":[{"name":"wp","href":"https:\/\/api.w.org\/{rel}","templated":true}]}}