{"id":658,"date":"2018-11-22T22:31:12","date_gmt":"2018-11-22T22:31:12","guid":{"rendered":"http:\/\/www2.unifap.br\/letras-santana\/?page_id=658"},"modified":"2024-10-26T14:34:24","modified_gmt":"2024-10-26T14:34:24","slug":"requerimentos","status":"publish","type":"page","link":"https:\/\/www2.unifap.br\/letras-santana\/documentos-institucionais\/requerimentos\/","title":{"rendered":"Requerimentos"},"content":{"rendered":"<h3>Aqui est\u00e3o documentos diversos para solicita\u00e7\u00f5es junto \u00e0 Coordena\u00e7\u00e3o do Curso de Licenciatura em Letras-Portugu\u00eas, Campus Santana.<\/h3>\n<h3>&nbsp;<\/h3>\n<h3>Requerimento de matr\u00edcula &#8211; (<a href=\"https:\/\/www2.unifap.br\/letras-santana\/files\/2022\/09\/Requerimento-Matricula.docx\">docx<\/a>) ou (<a href=\"https:\/\/www2.unifap.br\/letras-santana\/files\/2022\/09\/Requerimento-Matricula.pdf\">pdf<\/a>)<\/h3>\n<h3 style=\"text-align: left\">Requerimento (diversos) &#8211; (<a href=\"https:\/\/www2.unifap.br\/letras-santana\/files\/2022\/09\/Requerimento-Diversos.docx\">docx<\/a>) ou (<a href=\"https:\/\/www2.unifap.br\/letras-santana\/files\/2022\/09\/Requerimento-Diversos.pdf\">pdf<\/a>)<\/h3>\n<h3 style=\"text-align: left\">Requerimento de equival\u00eancia de cr\u00e9ditos &#8211; (<a href=\"http:\/\/www2.unifap.br\/letras-santana\/files\/2024\/10\/Requerimento-para-equivalencia-de-credito-em-disciplina.docx\">docx<\/a>) ou (<a href=\"http:\/\/www2.unifap.br\/letras-santana\/files\/2024\/10\/Requerimento-para-equivalencia-de-credito-em-disciplina.pdf\">pdf<\/a>)<\/h3>\n<h3>Requerimento de solicita\u00e7\u00e3o de cola\u00e7\u00e3o de grau &#8211; (<a href=\"https:\/\/www2.unifap.br\/letras-santana\/files\/2022\/09\/Requerimento-Colacao-de-Grau.docx\">docx<\/a>) ou (<a href=\"https:\/\/www2.unifap.br\/letras-santana\/files\/2022\/09\/Requerimento-Colacao-de-Grau.pdf\">pdf<\/a>)<\/h3>\n<h3 style=\"text-align: left\">Encaminhamento discente &#8211; (<a href=\"https:\/\/www2.unifap.br\/letras-santana\/files\/2022\/09\/Requerimento-Encaminhamento-Discente.docx\">docx<\/a>) ou (<a href=\"https:\/\/www2.unifap.br\/letras-santana\/files\/2022\/09\/Requerimento-Encaminhamento-Discente.pdf\">pdf<\/a>)<\/h3>\n<p>&nbsp;<\/p>\n","protected":false},"excerpt":{"rendered":"<p>Aqui est\u00e3o documentos diversos para solicita\u00e7\u00f5es junto \u00e0 Coordena\u00e7\u00e3o do Curso de Licenciatura em Letras-Portugu\u00eas, Campus Santana. &nbsp; Requerimento de matr\u00edcula &#8211; (docx) ou (pdf) Requerimento (diversos) &#8211; (docx) ou (pdf) Requerimento de equival\u00eancia de cr\u00e9ditos &#8211; (docx) ou (pdf) Requerimento de solicita\u00e7\u00e3o de cola\u00e7\u00e3o de grau &#8211; (docx) ou (pdf) Encaminhamento discente &#8211; (docx)&#8230;<\/p>\n","protected":false},"author":786,"featured_media":0,"parent":278,"menu_order":0,"comment_status":"open","ping_status":"open","template":"","meta":{"inline_featured_image":false,"site-sidebar-layout":"default","site-content-layout":"","ast-site-content-layout":"default","site-content-style":"default","site-sidebar-style":"default","ast-global-header-display":"","ast-banner-title-visibility":"","ast-main-header-display":"","ast-hfb-above-header-display":"","ast-hfb-below-header-display":"","ast-hfb-mobile-header-display":"","site-post-title":"","ast-breadcrumbs-content":"","ast-featured-img":"","footer-sml-layout":"","theme-transparent-header-meta":"","adv-header-id-meta":"","stick-header-meta":"","header-above-stick-meta":"","header-main-stick-meta":"","header-below-stick-meta":"","astra-migrate-meta-layouts":"default","ast-page-background-enabled":"default","ast-page-background-meta":{"desktop":{"background-color":"var(--ast-global-color-4)","background-image":"","background-repeat":"repeat","background-position":"center center","background-size":"auto","background-attachment":"scroll","background-type":"","background-media":"","overlay-type":"","overlay-color":"","overlay-opacity":"","overlay-gradient":""},"tablet":{"background-color":"","background-image":"","background-repeat":"repeat","background-position":"center center","background-size":"auto","background-attachment":"scroll","background-type":"","background-media":"","overlay-type":"","overlay-color":"","overlay-opacity":"","overlay-gradient":""},"mobile":{"background-color":"","background-image":"","background-repeat":"repeat","background-position":"center center","background-size":"auto","background-attachment":"scroll","background-type":"","background-media":"","overlay-type":"","overlay-color":"","overlay-opacity":"","overlay-gradient":""}},"ast-content-background-meta":{"desktop":{"background-color":"var(--ast-global-color-5)","background-image":"","background-repeat":"repeat","background-position":"center center","background-size":"auto","background-attachment":"scroll","background-type":"","background-media":"","overlay-type":"","overlay-color":"","overlay-opacity":"","overlay-gradient":""},"tablet":{"background-color":"var(--ast-global-color-5)","background-image":"","background-repeat":"repeat","background-position":"center center","background-size":"auto","background-attachment":"scroll","background-type":"","background-media":"","overlay-type":"","overlay-color":"","overlay-opacity":"","overlay-gradient":""},"mobile":{"background-color":"var(--ast-global-color-5)","background-image":"","background-repeat":"repeat","background-position":"center center","background-size":"auto","background-attachment":"scroll","background-type":"","background-media":"","overlay-type":"","overlay-color":"","overlay-opacity":"","overlay-gradient":""}},"ngg_post_thumbnail":0,"footnotes":""},"class_list":["post-658","page","type-page","status-publish","hentry"],"_links":{"self":[{"href":"https:\/\/www2.unifap.br\/letras-santana\/wp-json\/wp\/v2\/pages\/658","targetHints":{"allow":["GET"]}}],"collection":[{"href":"https:\/\/www2.unifap.br\/letras-santana\/wp-json\/wp\/v2\/pages"}],"about":[{"href":"https:\/\/www2.unifap.br\/letras-santana\/wp-json\/wp\/v2\/types\/page"}],"author":[{"embeddable":true,"href":"https:\/\/www2.unifap.br\/letras-santana\/wp-json\/wp\/v2\/users\/786"}],"replies":[{"embeddable":true,"href":"https:\/\/www2.unifap.br\/letras-santana\/wp-json\/wp\/v2\/comments?post=658"}],"version-history":[{"count":37,"href":"https:\/\/www2.unifap.br\/letras-santana\/wp-json\/wp\/v2\/pages\/658\/revisions"}],"predecessor-version":[{"id":2315,"href":"https:\/\/www2.unifap.br\/letras-santana\/wp-json\/wp\/v2\/pages\/658\/revisions\/2315"}],"up":[{"embeddable":true,"href":"https:\/\/www2.unifap.br\/letras-santana\/wp-json\/wp\/v2\/pages\/278"}],"wp:attachment":[{"href":"https:\/\/www2.unifap.br\/letras-santana\/wp-json\/wp\/v2\/media?parent=658"}],"curies":[{"name":"wp","href":"https:\/\/api.w.org\/{rel}","templated":true}]}}