{"id":7,"date":"2015-05-29T19:09:56","date_gmt":"2015-05-29T19:09:56","guid":{"rendered":"http:\/\/www2.unifap.br\/letras-santana\/?page_id=7"},"modified":"2025-04-14T21:27:38","modified_gmt":"2025-04-14T21:27:38","slug":"projetos-de-pesquisa","status":"publish","type":"page","link":"https:\/\/www2.unifap.br\/letras-santana\/pesquisa-2\/projetos-de-pesquisa\/","title":{"rendered":"Projetos de Pesquisa"},"content":{"rendered":"<p style=\"text-align: justify\">Os docentes do curso de Licenciatura em Letras-Portugu\u00eas, campus Santana, desenvolvem pesquisas nas seguintes \u00e1reas:<\/p>\n<p style=\"text-align: left\"><em><span style=\"color: #000000\"><a style=\"color: #000000\" href=\"http:\/\/www2.unifap.br\/letras-santana\/projetos-de-pesquisa\/lingua-portuguesa\/\">L\u00cdNGUA PORTUGUESA<\/a>&nbsp;<\/span><\/em><\/p>\n<p style=\"text-align: left\"><em><span style=\"color: #000000\"><a style=\"color: #000000\" href=\"http:\/\/www2.unifap.br\/letras-santana\/projetos-de-pesquisa\/linguistica\/\">LINGU\u00cdSTICA<\/a>&nbsp;<\/span><\/em><\/p>\n<p style=\"text-align: left\"><em><span style=\"color: #000000\"><a style=\"color: #000000\" href=\"http:\/\/www2.unifap.br\/letras-santana\/projetos-de-pesquisa\/literatura\/\">LITERATURA<\/a><\/span><\/em><\/p>\n","protected":false},"excerpt":{"rendered":"<p>Os docentes do curso de Licenciatura em Letras-Portugu\u00eas, campus Santana, desenvolvem pesquisas nas seguintes \u00e1reas: L\u00cdNGUA PORTUGUESA&nbsp; LINGU\u00cdSTICA&nbsp; LITERATURA<\/p>\n","protected":false},"author":167,"featured_media":0,"parent":1010,"menu_order":3,"comment_status":"open","ping_status":"closed","template":"","meta":{"inline_featured_image":false,"site-sidebar-layout":"default","site-content-layout":"","ast-site-content-layout":"default","site-content-style":"default","site-sidebar-style":"default","ast-global-header-display":"","ast-banner-title-visibility":"","ast-main-header-display":"","ast-hfb-above-header-display":"","ast-hfb-below-header-display":"","ast-hfb-mobile-header-display":"","site-post-title":"","ast-breadcrumbs-content":"","ast-featured-img":"","footer-sml-layout":"","theme-transparent-header-meta":"default","adv-header-id-meta":"","stick-header-meta":"","header-above-stick-meta":"","header-main-stick-meta":"","header-below-stick-meta":"","astra-migrate-meta-layouts":"set","ast-page-background-enabled":"default","ast-page-background-meta":{"desktop":{"background-color":"var(--ast-global-color-4)","background-image":"","background-repeat":"repeat","background-position":"center center","background-size":"auto","background-attachment":"scroll","background-type":"","background-media":"","overlay-type":"","overlay-color":"","overlay-opacity":"","overlay-gradient":""},"tablet":{"background-color":"","background-image":"","background-repeat":"repeat","background-position":"center center","background-size":"auto","background-attachment":"scroll","background-type":"","background-media":"","overlay-type":"","overlay-color":"","overlay-opacity":"","overlay-gradient":""},"mobile":{"background-color":"","background-image":"","background-repeat":"repeat","background-position":"center center","background-size":"auto","background-attachment":"scroll","background-type":"","background-media":"","overlay-type":"","overlay-color":"","overlay-opacity":"","overlay-gradient":""}},"ast-content-background-meta":{"desktop":{"background-color":"var(--ast-global-color-5)","background-image":"","background-repeat":"repeat","background-position":"center center","background-size":"auto","background-attachment":"scroll","background-type":"","background-media":"","overlay-type":"","overlay-color":"","overlay-opacity":"","overlay-gradient":""},"tablet":{"background-color":"var(--ast-global-color-5)","background-image":"","background-repeat":"repeat","background-position":"center center","background-size":"auto","background-attachment":"scroll","background-type":"","background-media":"","overlay-type":"","overlay-color":"","overlay-opacity":"","overlay-gradient":""},"mobile":{"background-color":"var(--ast-global-color-5)","background-image":"","background-repeat":"repeat","background-position":"center center","background-size":"auto","background-attachment":"scroll","background-type":"","background-media":"","overlay-type":"","overlay-color":"","overlay-opacity":"","overlay-gradient":""}},"ngg_post_thumbnail":0,"footnotes":""},"class_list":["post-7","page","type-page","status-publish","hentry"],"_links":{"self":[{"href":"https:\/\/www2.unifap.br\/letras-santana\/wp-json\/wp\/v2\/pages\/7","targetHints":{"allow":["GET"]}}],"collection":[{"href":"https:\/\/www2.unifap.br\/letras-santana\/wp-json\/wp\/v2\/pages"}],"about":[{"href":"https:\/\/www2.unifap.br\/letras-santana\/wp-json\/wp\/v2\/types\/page"}],"author":[{"embeddable":true,"href":"https:\/\/www2.unifap.br\/letras-santana\/wp-json\/wp\/v2\/users\/167"}],"replies":[{"embeddable":true,"href":"https:\/\/www2.unifap.br\/letras-santana\/wp-json\/wp\/v2\/comments?post=7"}],"version-history":[{"count":22,"href":"https:\/\/www2.unifap.br\/letras-santana\/wp-json\/wp\/v2\/pages\/7\/revisions"}],"predecessor-version":[{"id":2437,"href":"https:\/\/www2.unifap.br\/letras-santana\/wp-json\/wp\/v2\/pages\/7\/revisions\/2437"}],"up":[{"embeddable":true,"href":"https:\/\/www2.unifap.br\/letras-santana\/wp-json\/wp\/v2\/pages\/1010"}],"wp:attachment":[{"href":"https:\/\/www2.unifap.br\/letras-santana\/wp-json\/wp\/v2\/media?parent=7"}],"curies":[{"name":"wp","href":"https:\/\/api.w.org\/{rel}","templated":true}]}}