{"id":811,"date":"2019-05-17T20:02:39","date_gmt":"2019-05-17T20:02:39","guid":{"rendered":"http:\/\/www2.unifap.br\/letras-santana\/?page_id=811"},"modified":"2025-04-11T15:15:47","modified_gmt":"2025-04-11T15:15:47","slug":"nde","status":"publish","type":"page","link":"https:\/\/www2.unifap.br\/letras-santana\/historico\/nde\/","title":{"rendered":"NDE"},"content":{"rendered":"<p style=\"text-align: justify\">O N\u00facleo Docente Estruturante (NDE), do curso de Gradua\u00e7\u00e3o em Letras Portugu\u00eas &#8211; Campus Santana, \u00e9 formado por um grupo de membros do Colegiado, com atribui\u00e7\u00f5es acad\u00eamicas de acompanhamento, elabora\u00e7\u00e3o, consolida\u00e7\u00e3o e atualiza\u00e7\u00e3o do Projeto Pedag\u00f3gico do Curso (PPC).&nbsp;Atualmente, o NDE \u00e9 constitu\u00eddo pelos seguintes docentes:<\/p>\n<ul>\n<li>Prof.\u00aa Dr.\u00aa Fernanda Cristina dos Santos (Presidente)<\/li>\n<li>Prof. Dr. Rom\u00e1rio Duarte Sanches (Vice-presidente)<\/li>\n<li>Prof. Dr. Rafael Senra Coelho<\/li>\n<li>Prof. Dr. Eduardo Alves Vasconcelos<\/li>\n<li>Prof. Dr. Victor Andr\u00e9 Pinheiro Cantu\u00e1rio<\/li>\n<\/ul>\n<p>&nbsp;<\/p>\n","protected":false},"excerpt":{"rendered":"<p>O N\u00facleo Docente Estruturante (NDE), do curso de Gradua\u00e7\u00e3o em Letras Portugu\u00eas &#8211; Campus Santana, \u00e9 formado por um grupo de membros do Colegiado, com atribui\u00e7\u00f5es acad\u00eamicas de acompanhamento, elabora\u00e7\u00e3o, consolida\u00e7\u00e3o e atualiza\u00e7\u00e3o do Projeto Pedag\u00f3gico do Curso (PPC).&nbsp;Atualmente, o NDE \u00e9 constitu\u00eddo pelos seguintes docentes: Prof.\u00aa Dr.\u00aa Fernanda Cristina dos Santos (Presidente) Prof. Dr&#8230;.<\/p>\n","protected":false},"author":786,"featured_media":0,"parent":990,"menu_order":3,"comment_status":"closed","ping_status":"closed","template":"","meta":{"inline_featured_image":false,"site-sidebar-layout":"default","site-content-layout":"","ast-site-content-layout":"normal-width-container","site-content-style":"default","site-sidebar-style":"default","ast-global-header-display":"","ast-banner-title-visibility":"","ast-main-header-display":"","ast-hfb-above-header-display":"","ast-hfb-below-header-display":"","ast-hfb-mobile-header-display":"","site-post-title":"","ast-breadcrumbs-content":"","ast-featured-img":"","footer-sml-layout":"","theme-transparent-header-meta":"default","adv-header-id-meta":"","stick-header-meta":"","header-above-stick-meta":"","header-main-stick-meta":"","header-below-stick-meta":"","astra-migrate-meta-layouts":"set","ast-page-background-enabled":"default","ast-page-background-meta":{"desktop":{"background-color":"var(--ast-global-color-4)","background-image":"","background-repeat":"repeat","background-position":"center center","background-size":"auto","background-attachment":"scroll","background-type":"","background-media":"","overlay-type":"","overlay-color":"","overlay-opacity":"","overlay-gradient":""},"tablet":{"background-color":"","background-image":"","background-repeat":"repeat","background-position":"center center","background-size":"auto","background-attachment":"scroll","background-type":"","background-media":"","overlay-type":"","overlay-color":"","overlay-opacity":"","overlay-gradient":""},"mobile":{"background-color":"","background-image":"","background-repeat":"repeat","background-position":"center center","background-size":"auto","background-attachment":"scroll","background-type":"","background-media":"","overlay-type":"","overlay-color":"","overlay-opacity":"","overlay-gradient":""}},"ast-content-background-meta":{"desktop":{"background-color":"var(--ast-global-color-5)","background-image":"","background-repeat":"repeat","background-position":"center center","background-size":"auto","background-attachment":"scroll","background-type":"","background-media":"","overlay-type":"","overlay-color":"","overlay-opacity":"","overlay-gradient":""},"tablet":{"background-color":"var(--ast-global-color-5)","background-image":"","background-repeat":"repeat","background-position":"center center","background-size":"auto","background-attachment":"scroll","background-type":"","background-media":"","overlay-type":"","overlay-color":"","overlay-opacity":"","overlay-gradient":""},"mobile":{"background-color":"var(--ast-global-color-5)","background-image":"","background-repeat":"repeat","background-position":"center center","background-size":"auto","background-attachment":"scroll","background-type":"","background-media":"","overlay-type":"","overlay-color":"","overlay-opacity":"","overlay-gradient":""}},"ngg_post_thumbnail":0,"footnotes":""},"class_list":["post-811","page","type-page","status-publish","hentry"],"_links":{"self":[{"href":"https:\/\/www2.unifap.br\/letras-santana\/wp-json\/wp\/v2\/pages\/811","targetHints":{"allow":["GET"]}}],"collection":[{"href":"https:\/\/www2.unifap.br\/letras-santana\/wp-json\/wp\/v2\/pages"}],"about":[{"href":"https:\/\/www2.unifap.br\/letras-santana\/wp-json\/wp\/v2\/types\/page"}],"author":[{"embeddable":true,"href":"https:\/\/www2.unifap.br\/letras-santana\/wp-json\/wp\/v2\/users\/786"}],"replies":[{"embeddable":true,"href":"https:\/\/www2.unifap.br\/letras-santana\/wp-json\/wp\/v2\/comments?post=811"}],"version-history":[{"count":27,"href":"https:\/\/www2.unifap.br\/letras-santana\/wp-json\/wp\/v2\/pages\/811\/revisions"}],"predecessor-version":[{"id":2382,"href":"https:\/\/www2.unifap.br\/letras-santana\/wp-json\/wp\/v2\/pages\/811\/revisions\/2382"}],"up":[{"embeddable":true,"href":"https:\/\/www2.unifap.br\/letras-santana\/wp-json\/wp\/v2\/pages\/990"}],"wp:attachment":[{"href":"https:\/\/www2.unifap.br\/letras-santana\/wp-json\/wp\/v2\/media?parent=811"}],"curies":[{"name":"wp","href":"https:\/\/api.w.org\/{rel}","templated":true}]}}