{"id":9,"date":"2015-06-01T13:16:08","date_gmt":"2015-06-01T13:16:08","guid":{"rendered":"http:\/\/www2.unifap.br\/letras-santana\/?page_id=9"},"modified":"2025-09-18T15:31:43","modified_gmt":"2025-09-18T15:31:43","slug":"eventos","status":"publish","type":"page","link":"https:\/\/www2.unifap.br\/letras-santana\/pesquisa\/eventos\/","title":{"rendered":"Eventos"},"content":{"rendered":"<p><strong>2025<\/strong><\/p>\n<p><strong><a href=\"https:\/\/www.even3.com.br\/iv-semana-de-letras-itinerarios-da-linguagem-622172\/\">IV Semana de Letras&nbsp;<\/a><\/strong><\/p>\n<p>Entre os dias 23 e 24 de outubro de 2025, o curso de Letras-Portugu\u00eas, Campus Santana, da Universidade Federal do Amap\u00e1 (UNIFAP), realizar\u00e1 a quarta edi\u00e7\u00e3o da Semana de Letras, com o tema <strong>Itiner\u00e1rios da Linguagem<\/strong>. A semana \u00e9 direcionada a discentes, a p\u00f3s-graduandos, a ingressantes e a demais interessados e tem por objetivo os debates e discuss\u00f5es que envolvem a licenciatura em Letras e \u00e1reas afins.<\/p>\n<p><strong><a href=\"https:\/\/www.even3.com.br\/iii-seplip-612720\/\">III Semin\u00e1rio de Professores de L\u00edngua Portuguesa<\/a><\/strong><\/p>\n<p>O evento ocorrer\u00e1 nos dias 18 e 19 de novembro de 2025, com o tema&nbsp;<b>&#8220;Pol\u00edticas educacionais e pr\u00e1ticas de ensino: desafios do trabalho docente em L\u00edngua Portuguesa e Literatura&#8221;. <\/b>O 3\u00b0 Semin\u00e1rio de Professores de L\u00edngua Portuguesa busca discutir e promover reflex\u00f5es acerca da forma\u00e7\u00e3o inicial com profissionais e acad\u00eamicos da \u00e1rea de Letras. A partir de palestras, mesas-redondas, apresenta\u00e7\u00f5es de pain\u00e9is e comunica\u00e7\u00f5es orais, a terceira edi\u00e7\u00e3o do SEPLIP resulta de uma parceria entre a Universidade Federal do Amap\u00e1 (UNIFAP) e a Universidade do Estado do Amap\u00e1 (UEAP) e contar\u00e1 com ambas as institui\u00e7\u00f5es para abrigar a diversa programa\u00e7\u00e3o proposta.&nbsp;<\/p>\n<p><a href=\"https:\/\/www.instagram.com\/cartografias_lit_amazonia?igsh=bG1ueGtpYmsxZmFo\"><strong>II Encontro Cartografias Liter\u00e1rias da Amaz\u00f4nia: Vozes Plurais no Meio do Mundo<\/strong><\/a><\/p>\n<p>Na 2\u00aa edi\u00e7\u00e3o do evento Cartografias Liter\u00e1rias da Amaz\u00f4nia pretendemos olhar, de forma abrangente, para as literaturas produzidas no Amap\u00e1, entre autores mais e menos divulgados. O evento ocorrer\u00e1 nos dias 13 e 14 de Novembro (Quinta e Sexta-feira da semana) de 2025, em Macap\u00e1 e em Tartarugalzinho.&nbsp;<\/p>\n<p><strong>2021<\/strong><\/p>\n<p>Ciclo de Palestras<\/p>\n<p>&nbsp;<\/p>\n<p><span style=\"color: #000000\"><strong>2019<\/strong><\/span><\/p>\n<p>II Semin\u00e1rio de Orienta\u00e7\u00e3o Discente<\/p>\n<p><span style=\"color: #000000\"><a style=\"color: #000000\" href=\"http:\/\/www2.unifap.br\/letras-santana\/2019\/09\/06\/ii-semana-de-letras\/\">II Semana de Letras<\/a><\/span><\/p>\n<p>&nbsp;<\/p>\n<p><span style=\"color: #000000\"><strong>2018<\/strong><\/span><\/p>\n<p><strong><span style=\"color: #000000\"><a style=\"color: #000000\" href=\"http:\/\/www2.unifap.br\/letras-santana\/simposios\/i-seminario-de-estudos-literarios\/\">I Semin\u00e1rio de Estudos Liter\u00e1rios: a narrativa moderna e contempor\u00e2nea<\/a><\/span><\/strong><\/p>\n<p><strong><span style=\"color: #000000\"><a style=\"color: #000000\" href=\"https:\/\/1seladiversidade.wordpress.com\/\">I Simp\u00f3sio de Estudos Lingu\u00edsticos na Amaz\u00f4nia: percurso, diversidade e contatos na Amaz\u00f4nia Setentrional<\/a><\/span><\/strong><\/p>\n<p><strong><span style=\"color: #000000\"><a style=\"color: #000000\" href=\"http:\/\/www2.unifap.br\/letras-santana\/simposios\/ii-jornadas-de-estudos-literarios-i-semana-de-letras\/\">II Jornadas de Estudos Liter\u00e1rios \/ I Semana de Letras<\/a><\/span><\/strong><\/p>\n<p><strong><span style=\"color: #000000\"><a style=\"color: #000000\" href=\"http:\/\/www2.unifap.br\/letras-santana\/2018\/08\/24\/i-seminario-de-orientacao-para-discentes-letras-portugues-campus-santana\/\">I Semin\u00e1rio de Orienta\u00e7\u00e3o Discente<\/a><\/span><\/strong><\/p>\n<p>&nbsp;<\/p>\n<p><span style=\"color: #000000\"><strong>2017<\/strong><\/span><\/p>\n<p><strong><span style=\"color: #000000\"><a style=\"color: #000000\" href=\"http:\/\/www2.unifap.br\/letras-santana\/simposios\/ii-seminario-de-socializacao-de-resultados-de-disciplinas-ssrd-explorando-a-escrita-academica\/\">II Semin\u00e1rio de Socializa\u00e7\u00e3o de Resultados de Disciplinas (SSRD): Explorando a Escrita Acad\u00eamica<\/a><\/span><\/strong><\/p>\n<p>&nbsp;<\/p>\n<p><span style=\"color: #000000\"><strong>2016<\/strong><\/span><\/p>\n<p><strong><span style=\"color: #000000\"><a style=\"color: #000000\" href=\"http:\/\/www2.unifap.br\/letras-santana\/simposios\/i-seminario-de-socializacao-de-resultados-de-disciplinas-ssrd-integrando-texto-leitura-e-escrita-academica\/\">I Semin\u00e1rio de Socializa\u00e7\u00e3o de Resultados de Disciplinas (SSRD): Integrando Texto, Leitura e Escrita Acad\u00eamica<\/a><\/span><\/strong><\/p>\n<p><strong><span style=\"color: #000000\">I Jornada de Estudos Liter\u00e1rios<\/span><\/strong><\/p>\n<p>&nbsp;<\/p>\n<p><strong><span style=\"color: #000000\">2015 <\/span><\/strong><\/p>\n<p><strong><span style=\"color: #000000\"><a style=\"color: #000000\" title=\"I Simp\u00f3sio de Pesquisa em L\u00ednguas Ind\u00edgenas - Regi\u00e3o Norte (I SIPLI - Norte)\" href=\"http:\/\/www2.unifap.br\/sipli-norte\/\">I Simp\u00f3sio de Pesquisa em L\u00ednguas Ind\u00edgenas &#8211; Regi\u00e3o Norte (I SIPLI &#8211; Norte)<\/a><\/span><\/strong><\/p>\n<p>&nbsp;<\/p>\n<p>&nbsp;<\/p>\n<p>&nbsp;<\/p>\n<p>&nbsp;<\/p>\n","protected":false},"excerpt":{"rendered":"<p>2025 IV Semana de Letras&nbsp; Entre os dias 23 e 24 de outubro de 2025, o curso de Letras-Portugu\u00eas, Campus Santana, da Universidade Federal do Amap\u00e1 (UNIFAP), realizar\u00e1 a quarta edi\u00e7\u00e3o da Semana de Letras, com o tema Itiner\u00e1rios da Linguagem. A semana \u00e9 direcionada a discentes, a p\u00f3s-graduandos, a ingressantes e a demais interessados&#8230;<\/p>\n","protected":false},"author":167,"featured_media":0,"parent":1007,"menu_order":5,"comment_status":"open","ping_status":"open","template":"","meta":{"inline_featured_image":false,"site-sidebar-layout":"default","site-content-layout":"","ast-site-content-layout":"default","site-content-style":"default","site-sidebar-style":"default","ast-global-header-display":"","ast-banner-title-visibility":"","ast-main-header-display":"","ast-hfb-above-header-display":"","ast-hfb-below-header-display":"","ast-hfb-mobile-header-display":"","site-post-title":"","ast-breadcrumbs-content":"","ast-featured-img":"","footer-sml-layout":"","theme-transparent-header-meta":"default","adv-header-id-meta":"","stick-header-meta":"","header-above-stick-meta":"","header-main-stick-meta":"","header-below-stick-meta":"","astra-migrate-meta-layouts":"set","ast-page-background-enabled":"default","ast-page-background-meta":{"desktop":{"background-color":"var(--ast-global-color-4)","background-image":"","background-repeat":"repeat","background-position":"center center","background-size":"auto","background-attachment":"scroll","background-type":"","background-media":"","overlay-type":"","overlay-color":"","overlay-opacity":"","overlay-gradient":""},"tablet":{"background-color":"","background-image":"","background-repeat":"repeat","background-position":"center center","background-size":"auto","background-attachment":"scroll","background-type":"","background-media":"","overlay-type":"","overlay-color":"","overlay-opacity":"","overlay-gradient":""},"mobile":{"background-color":"","background-image":"","background-repeat":"repeat","background-position":"center center","background-size":"auto","background-attachment":"scroll","background-type":"","background-media":"","overlay-type":"","overlay-color":"","overlay-opacity":"","overlay-gradient":""}},"ast-content-background-meta":{"desktop":{"background-color":"var(--ast-global-color-5)","background-image":"","background-repeat":"repeat","background-position":"center center","background-size":"auto","background-attachment":"scroll","background-type":"","background-media":"","overlay-type":"","overlay-color":"","overlay-opacity":"","overlay-gradient":""},"tablet":{"background-color":"var(--ast-global-color-5)","background-image":"","background-repeat":"repeat","background-position":"center center","background-size":"auto","background-attachment":"scroll","background-type":"","background-media":"","overlay-type":"","overlay-color":"","overlay-opacity":"","overlay-gradient":""},"mobile":{"background-color":"var(--ast-global-color-5)","background-image":"","background-repeat":"repeat","background-position":"center center","background-size":"auto","background-attachment":"scroll","background-type":"","background-media":"","overlay-type":"","overlay-color":"","overlay-opacity":"","overlay-gradient":""}},"ngg_post_thumbnail":0,"footnotes":""},"class_list":["post-9","page","type-page","status-publish","hentry"],"_links":{"self":[{"href":"https:\/\/www2.unifap.br\/letras-santana\/wp-json\/wp\/v2\/pages\/9","targetHints":{"allow":["GET"]}}],"collection":[{"href":"https:\/\/www2.unifap.br\/letras-santana\/wp-json\/wp\/v2\/pages"}],"about":[{"href":"https:\/\/www2.unifap.br\/letras-santana\/wp-json\/wp\/v2\/types\/page"}],"author":[{"embeddable":true,"href":"https:\/\/www2.unifap.br\/letras-santana\/wp-json\/wp\/v2\/users\/167"}],"replies":[{"embeddable":true,"href":"https:\/\/www2.unifap.br\/letras-santana\/wp-json\/wp\/v2\/comments?post=9"}],"version-history":[{"count":19,"href":"https:\/\/www2.unifap.br\/letras-santana\/wp-json\/wp\/v2\/pages\/9\/revisions"}],"predecessor-version":[{"id":2624,"href":"https:\/\/www2.unifap.br\/letras-santana\/wp-json\/wp\/v2\/pages\/9\/revisions\/2624"}],"up":[{"embeddable":true,"href":"https:\/\/www2.unifap.br\/letras-santana\/wp-json\/wp\/v2\/pages\/1007"}],"wp:attachment":[{"href":"https:\/\/www2.unifap.br\/letras-santana\/wp-json\/wp\/v2\/media?parent=9"}],"curies":[{"name":"wp","href":"https:\/\/api.w.org\/{rel}","templated":true}]}}