{"id":990,"date":"2019-12-02T20:13:23","date_gmt":"2019-12-02T20:13:23","guid":{"rendered":"http:\/\/www2.unifap.br\/letras-santana\/?page_id=990"},"modified":"2025-04-15T15:35:15","modified_gmt":"2025-04-15T15:35:15","slug":"historico","status":"publish","type":"page","link":"https:\/\/www2.unifap.br\/letras-santana\/historico\/","title":{"rendered":"CURSO"},"content":{"rendered":"<p><img fetchpriority=\"high\" decoding=\"async\" class=\"size-medium wp-image-2350 aligncenter\" src=\"http:\/\/www2.unifap.br\/letras-santana\/files\/2025\/04\/cropped-Banner-de-ecommerce-moda-infantil-verde-e-rosa-600x187.png\" alt=\"\" width=\"600\" height=\"187\" srcset=\"https:\/\/www2.unifap.br\/letras-santana\/files\/2025\/04\/cropped-Banner-de-ecommerce-moda-infantil-verde-e-rosa-600x187.png 600w, https:\/\/www2.unifap.br\/letras-santana\/files\/2025\/04\/cropped-Banner-de-ecommerce-moda-infantil-verde-e-rosa-1500x468.png 1500w, https:\/\/www2.unifap.br\/letras-santana\/files\/2025\/04\/cropped-Banner-de-ecommerce-moda-infantil-verde-e-rosa-768x240.png 768w, https:\/\/www2.unifap.br\/letras-santana\/files\/2025\/04\/cropped-Banner-de-ecommerce-moda-infantil-verde-e-rosa-1536x479.png 1536w, https:\/\/www2.unifap.br\/letras-santana\/files\/2025\/04\/cropped-Banner-de-ecommerce-moda-infantil-verde-e-rosa.png 1849w\" sizes=\"(max-width: 600px) 100vw, 600px\" \/><\/p>\n<p>Localizado na Rodovia Duca Serra, n. 1233 \u2013 Bairro Fonte Nova, na cidade de Santana, no estado do Amap\u00e1, o curso de Licenciatura em Letras-Portugu\u00eas iniciou suas atividades em novembro de 2015, sob a Resolu\u00e7\u00e3o n. 046\/2013-CONSU. Desde esse per\u00edodo at\u00e9 os dias atuais, recebe 50 alunos anualmente com entrada de discentes no segundo semestre de cada ano letivo. Conv\u00e9m destacar que o curso de Letras da Universidade Federal do Amap\u00e1, Campus Santana, \u00e9 o \u00fanico do estado com habilita\u00e7\u00e3o exclusivamente em Letras-Portugu\u00eas.<\/p>\n<p style=\"text-align: justify\">Visando suprir a car\u00eancia de forma\u00e7\u00e3o na \u00e1rea, o curso funciona nos turnos vespertino e noturno e tem dura\u00e7\u00e3o de 8 (oito) semestres, totalizando 3.450 (tr\u00eas mil, quatrocentas e cinquenta) horas ou 4.140 (quatro mil cento e quarenta) horas\/aula. Seu per\u00edodo m\u00ednimo de integraliza\u00e7\u00e3o de cr\u00e9ditos \u00e9 de 4 (quatro) anos e seu per\u00edodo m\u00e1ximo, 6 (seis) anos.<\/p>\n<p style=\"text-align: justify\">Alguns aspectos aferem o impacto do curso de Letras-Portugu\u00eas na regi\u00e3o, como o crescente n\u00famero de inicia\u00e7\u00e3o cient\u00edfica e a maior participa\u00e7\u00e3o em eventos acad\u00eamicos fora da IES e\/ou fora do estado. Outro ponto significativo \u00e9 a entrada de alunos da primeira turma (2015) em programas de P\u00f3s-Gradua\u00e7\u00e3o, tais como o Programa de P\u00f3s-Gradua\u00e7\u00e3o em Letras da UNIFESP (Universidade Federal de S\u00e3o Paulo), o Programa de P\u00f3s-Gradua\u00e7\u00e3o em Estudos Comparados de Literaturas de L\u00edngua Portuguesa da USP (Universidade de S\u00e3o Paulo) e o Programa de P\u00f3s-Gradua\u00e7\u00e3o em Letras da UNIFAP (Universidade Federal do Amap\u00e1). Acredita-se que a qualifica\u00e7\u00e3o profissional dos discentes para atuarem tanto na doc\u00eancia quanto na pesquisa poder\u00e1, a m\u00e9dio e longo prazo, diminuir as assimetrias regionais e melhorar o \u00cdndice de Desenvolvimento da Educa\u00e7\u00e3o B\u00e1sica (Ideb) do estado do Amap\u00e1.<\/p>\n","protected":false},"excerpt":{"rendered":"<p>Localizado na Rodovia Duca Serra, n. 1233 \u2013 Bairro Fonte Nova, na cidade de Santana, no estado do Amap\u00e1, o curso de Licenciatura em Letras-Portugu\u00eas iniciou suas atividades em novembro de 2015, sob a Resolu\u00e7\u00e3o n. 046\/2013-CONSU. Desde esse per\u00edodo at\u00e9 os dias atuais, recebe 50 alunos anualmente com entrada de discentes no segundo semestre&#8230;<\/p>\n","protected":false},"author":786,"featured_media":0,"parent":0,"menu_order":0,"comment_status":"closed","ping_status":"closed","template":"","meta":{"inline_featured_image":false,"site-sidebar-layout":"default","site-content-layout":"","ast-site-content-layout":"default","site-content-style":"default","site-sidebar-style":"default","ast-global-header-display":"","ast-banner-title-visibility":"","ast-main-header-display":"","ast-hfb-above-header-display":"","ast-hfb-below-header-display":"","ast-hfb-mobile-header-display":"","site-post-title":"","ast-breadcrumbs-content":"","ast-featured-img":"","footer-sml-layout":"","theme-transparent-header-meta":"default","adv-header-id-meta":"","stick-header-meta":"","header-above-stick-meta":"","header-main-stick-meta":"","header-below-stick-meta":"","astra-migrate-meta-layouts":"set","ast-page-background-enabled":"default","ast-page-background-meta":{"desktop":{"background-color":"var(--ast-global-color-4)","background-image":"","background-repeat":"repeat","background-position":"center center","background-size":"auto","background-attachment":"scroll","background-type":"","background-media":"","overlay-type":"","overlay-color":"","overlay-opacity":"","overlay-gradient":""},"tablet":{"background-color":"","background-image":"","background-repeat":"repeat","background-position":"center center","background-size":"auto","background-attachment":"scroll","background-type":"","background-media":"","overlay-type":"","overlay-color":"","overlay-opacity":"","overlay-gradient":""},"mobile":{"background-color":"","background-image":"","background-repeat":"repeat","background-position":"center center","background-size":"auto","background-attachment":"scroll","background-type":"","background-media":"","overlay-type":"","overlay-color":"","overlay-opacity":"","overlay-gradient":""}},"ast-content-background-meta":{"desktop":{"background-color":"var(--ast-global-color-5)","background-image":"","background-repeat":"repeat","background-position":"center center","background-size":"auto","background-attachment":"scroll","background-type":"","background-media":"","overlay-type":"","overlay-color":"","overlay-opacity":"","overlay-gradient":""},"tablet":{"background-color":"var(--ast-global-color-5)","background-image":"","background-repeat":"repeat","background-position":"center center","background-size":"auto","background-attachment":"scroll","background-type":"","background-media":"","overlay-type":"","overlay-color":"","overlay-opacity":"","overlay-gradient":""},"mobile":{"background-color":"var(--ast-global-color-5)","background-image":"","background-repeat":"repeat","background-position":"center center","background-size":"auto","background-attachment":"scroll","background-type":"","background-media":"","overlay-type":"","overlay-color":"","overlay-opacity":"","overlay-gradient":""}},"ngg_post_thumbnail":0,"footnotes":""},"class_list":["post-990","page","type-page","status-publish","hentry"],"_links":{"self":[{"href":"https:\/\/www2.unifap.br\/letras-santana\/wp-json\/wp\/v2\/pages\/990","targetHints":{"allow":["GET"]}}],"collection":[{"href":"https:\/\/www2.unifap.br\/letras-santana\/wp-json\/wp\/v2\/pages"}],"about":[{"href":"https:\/\/www2.unifap.br\/letras-santana\/wp-json\/wp\/v2\/types\/page"}],"author":[{"embeddable":true,"href":"https:\/\/www2.unifap.br\/letras-santana\/wp-json\/wp\/v2\/users\/786"}],"replies":[{"embeddable":true,"href":"https:\/\/www2.unifap.br\/letras-santana\/wp-json\/wp\/v2\/comments?post=990"}],"version-history":[{"count":18,"href":"https:\/\/www2.unifap.br\/letras-santana\/wp-json\/wp\/v2\/pages\/990\/revisions"}],"predecessor-version":[{"id":2489,"href":"https:\/\/www2.unifap.br\/letras-santana\/wp-json\/wp\/v2\/pages\/990\/revisions\/2489"}],"wp:attachment":[{"href":"https:\/\/www2.unifap.br\/letras-santana\/wp-json\/wp\/v2\/media?parent=990"}],"curies":[{"name":"wp","href":"https:\/\/api.w.org\/{rel}","templated":true}]}}