{"id":1082,"date":"2016-04-05T19:06:46","date_gmt":"2016-04-05T19:06:46","guid":{"rendered":"http:\/\/www2.unifap.br\/letras\/?page_id=1082"},"modified":"2021-06-15T13:02:40","modified_gmt":"2021-06-15T13:02:40","slug":"laboratorios-4","status":"publish","type":"page","link":"https:\/\/www2.unifap.br\/letras\/laboratorios-4\/","title":{"rendered":"Laborat\u00f3rios"},"content":{"rendered":"\t\t<div data-elementor-type=\"wp-post\" data-elementor-id=\"1082\" class=\"elementor elementor-1082\">\n\t\t\t\t\t\t<section class=\"elementor-section elementor-top-section elementor-element elementor-element-46e7f457 elementor-section-boxed elementor-section-height-default elementor-section-height-default\" data-id=\"46e7f457\" data-element_type=\"section\" data-e-type=\"section\">\n\t\t\t\t\t\t<div class=\"elementor-container elementor-column-gap-default\">\n\t\t\t\t\t<div class=\"elementor-column elementor-col-100 elementor-top-column elementor-element elementor-element-1c50e9a8\" data-id=\"1c50e9a8\" data-element_type=\"column\" data-e-type=\"column\">\n\t\t\t<div class=\"elementor-widget-wrap elementor-element-populated\">\n\t\t\t\t\t\t<div class=\"elementor-element elementor-element-10c18988 elementor-invisible elementor-widget elementor-widget-heading\" data-id=\"10c18988\" data-element_type=\"widget\" data-e-type=\"widget\" data-settings=\"{&quot;_animation&quot;:&quot;bounceInUp&quot;}\" data-widget_type=\"heading.default\">\n\t\t\t\t<div class=\"elementor-widget-container\">\n\t\t\t\t\t<h2 class=\"elementor-heading-title elementor-size-large\">Laborat\u00f3rios<\/h2>\t\t\t\t<\/div>\n\t\t\t\t<\/div>\n\t\t\t\t\t<\/div>\n\t\t<\/div>\n\t\t\t\t\t<\/div>\n\t\t<\/section>\n\t\t\t\t<section class=\"elementor-section elementor-top-section elementor-element elementor-element-1b026849 elementor-section-boxed elementor-section-height-default elementor-section-height-default\" data-id=\"1b026849\" data-element_type=\"section\" data-e-type=\"section\">\n\t\t\t\t\t\t<div class=\"elementor-container elementor-column-gap-default\">\n\t\t\t\t\t<div class=\"elementor-column elementor-col-100 elementor-top-column elementor-element elementor-element-7048cacb\" data-id=\"7048cacb\" data-element_type=\"column\" data-e-type=\"column\">\n\t\t\t<div class=\"elementor-widget-wrap elementor-element-populated\">\n\t\t\t\t\t\t<div class=\"elementor-element elementor-element-2e177212 elementor-invisible elementor-widget elementor-widget-text-editor\" data-id=\"2e177212\" data-element_type=\"widget\" data-e-type=\"widget\" data-settings=\"{&quot;_animation&quot;:&quot;bounceInDown&quot;}\" data-widget_type=\"text-editor.default\">\n\t\t\t\t<div class=\"elementor-widget-container\">\n\t\t\t\t\t\t\t\t\t<h4>\u00a0<\/h4><p><span style=\"color: #000000\"><a style=\"color: #000000\" href=\"http:\/\/www2.unifap.br\/letras\/files\/2016\/05\/20160525_115519.jpg\"><img fetchpriority=\"high\" decoding=\"async\" class=\"alignnone wp-image-1434\" src=\"http:\/\/www2.unifap.br\/letras\/files\/2016\/05\/20160525_115519-300x225.jpg\" alt=\"20160525_115519\" width=\"270\" height=\"203\" srcset=\"https:\/\/www2.unifap.br\/letras\/files\/2016\/05\/20160525_115519-300x225.jpg 300w, https:\/\/www2.unifap.br\/letras\/files\/2016\/05\/20160525_115519-1024x768.jpg 1024w\" sizes=\"(max-width: 270px) 100vw, 270px\" \/><\/a> <a style=\"color: #000000\" href=\"http:\/\/www2.unifap.br\/letras\/files\/2016\/05\/20160525_115547.jpg\"><img decoding=\"async\" class=\"alignnone wp-image-1435\" src=\"http:\/\/www2.unifap.br\/letras\/files\/2016\/05\/20160525_115547-300x225.jpg\" alt=\"20160525_115547\" width=\"270\" height=\"203\" srcset=\"https:\/\/www2.unifap.br\/letras\/files\/2016\/05\/20160525_115547-300x225.jpg 300w, https:\/\/www2.unifap.br\/letras\/files\/2016\/05\/20160525_115547-1024x768.jpg 1024w\" sizes=\"(max-width: 270px) 100vw, 270px\" \/><\/a><\/span><\/p><p><span style=\"color: #000000\">&gt;\u00a0<a style=\"color: #000000\" href=\"https:\/\/calendar.google.com\/calendar\/embed?src=103m9buveohd7n6ib6upedid00%40group.calendar.google.com&amp;ctz=America\/Belem\">Agenda do Laborat\u00f3rio Interdisciplinar de Forma\u00e7\u00e3o de Educadores<\/a><\/span><\/p><p><span style=\"color: #000000\"><a style=\"line-height: 1.5em;color: #000000\" href=\"http:\/\/www2.unifap.br\/letras\/files\/2016\/05\/20160525_115802.jpg\"><img decoding=\"async\" class=\"alignnone wp-image-1437\" src=\"http:\/\/www2.unifap.br\/letras\/files\/2016\/05\/20160525_115802-300x225.jpg\" alt=\"20160525_115802\" width=\"270\" height=\"203\" srcset=\"https:\/\/www2.unifap.br\/letras\/files\/2016\/05\/20160525_115802-300x225.jpg 300w, https:\/\/www2.unifap.br\/letras\/files\/2016\/05\/20160525_115802-1024x768.jpg 1024w\" sizes=\"(max-width: 270px) 100vw, 270px\" \/><\/a><a style=\"line-height: 1.5em;color: #000000\" href=\"http:\/\/www2.unifap.br\/letras\/files\/2016\/05\/20160525_115750.jpg\"><img loading=\"lazy\" decoding=\"async\" class=\"alignnone wp-image-1436\" src=\"http:\/\/www2.unifap.br\/letras\/files\/2016\/05\/20160525_115750-300x225.jpg\" alt=\"20160525_115750\" width=\"270\" height=\"203\" srcset=\"https:\/\/www2.unifap.br\/letras\/files\/2016\/05\/20160525_115750-300x225.jpg 300w, https:\/\/www2.unifap.br\/letras\/files\/2016\/05\/20160525_115750-1024x768.jpg 1024w\" sizes=\"(max-width: 270px) 100vw, 270px\" \/><\/a><\/span><\/p><p><span style=\"color: #000000\">&gt;\u00a0<a style=\"color: #000000\" href=\"https:\/\/calendar.google.com\/calendar\/embed?src=23vq4hjoh8nt0s5np7r0umb0i0%40group.calendar.google.com&amp;ctz=America\/Belem\">Agenda do Laborat\u00f3rio de L\u00ednguas<\/a><\/span><\/p><h4><span style=\"color: #000000\">OBS.: Agendamento via memorando para Coord. do Curso de Letras Portugu\u00eas\/Ingl\u00eas ou presencialmente com o T\u00e9cnico de Laborat\u00f3rio: Rom\u00e1rio E. Pelaes<\/span><strong><br \/><\/strong><\/h4>\t\t\t\t\t\t\t\t<\/div>\n\t\t\t\t<\/div>\n\t\t\t\t\t<\/div>\n\t\t<\/div>\n\t\t\t\t\t<\/div>\n\t\t<\/section>\n\t\t\t\t<\/div>\n\t\t","protected":false},"excerpt":{"rendered":"<p>Laborat\u00f3rios \u00a0 &gt;\u00a0Agenda do Laborat\u00f3rio Interdisciplinar de Forma\u00e7\u00e3o de Educadores &gt;\u00a0Agenda do Laborat\u00f3rio de L\u00ednguas OBS.: Agendamento via memorando para&#8230;<\/p>\n","protected":false},"author":73,"featured_media":0,"parent":0,"menu_order":0,"comment_status":"open","ping_status":"open","template":"","meta":{"inline_featured_image":false,"site-sidebar-layout":"default","site-content-layout":"","ast-site-content-layout":"default","site-content-style":"default","site-sidebar-style":"default","ast-global-header-display":"","ast-banner-title-visibility":"","ast-main-header-display":"","ast-hfb-above-header-display":"","ast-hfb-below-header-display":"","ast-hfb-mobile-header-display":"","site-post-title":"","ast-breadcrumbs-content":"","ast-featured-img":"","footer-sml-layout":"","theme-transparent-header-meta":"","adv-header-id-meta":"","stick-header-meta":"","header-above-stick-meta":"","header-main-stick-meta":"","header-below-stick-meta":"","astra-migrate-meta-layouts":"default","ast-page-background-enabled":"default","ast-page-background-meta":{"desktop":{"background-color":"var(--ast-global-color-4)","background-image":"","background-repeat":"repeat","background-position":"center center","background-size":"auto","background-attachment":"scroll","background-type":"","background-media":"","overlay-type":"","overlay-color":"","overlay-opacity":"","overlay-gradient":""},"tablet":{"background-color":"","background-image":"","background-repeat":"repeat","background-position":"center center","background-size":"auto","background-attachment":"scroll","background-type":"","background-media":"","overlay-type":"","overlay-color":"","overlay-opacity":"","overlay-gradient":""},"mobile":{"background-color":"","background-image":"","background-repeat":"repeat","background-position":"center center","background-size":"auto","background-attachment":"scroll","background-type":"","background-media":"","overlay-type":"","overlay-color":"","overlay-opacity":"","overlay-gradient":""}},"ast-content-background-meta":{"desktop":{"background-color":"var(--ast-global-color-5)","background-image":"","background-repeat":"repeat","background-position":"center center","background-size":"auto","background-attachment":"scroll","background-type":"","background-media":"","overlay-type":"","overlay-color":"","overlay-opacity":"","overlay-gradient":""},"tablet":{"background-color":"var(--ast-global-color-5)","background-image":"","background-repeat":"repeat","background-position":"center center","background-size":"auto","background-attachment":"scroll","background-type":"","background-media":"","overlay-type":"","overlay-color":"","overlay-opacity":"","overlay-gradient":""},"mobile":{"background-color":"var(--ast-global-color-5)","background-image":"","background-repeat":"repeat","background-position":"center center","background-size":"auto","background-attachment":"scroll","background-type":"","background-media":"","overlay-type":"","overlay-color":"","overlay-opacity":"","overlay-gradient":""}},"ngg_post_thumbnail":0,"footnotes":""},"class_list":["post-1082","page","type-page","status-publish","hentry"],"_links":{"self":[{"href":"https:\/\/www2.unifap.br\/letras\/wp-json\/wp\/v2\/pages\/1082","targetHints":{"allow":["GET"]}}],"collection":[{"href":"https:\/\/www2.unifap.br\/letras\/wp-json\/wp\/v2\/pages"}],"about":[{"href":"https:\/\/www2.unifap.br\/letras\/wp-json\/wp\/v2\/types\/page"}],"author":[{"embeddable":true,"href":"https:\/\/www2.unifap.br\/letras\/wp-json\/wp\/v2\/users\/73"}],"replies":[{"embeddable":true,"href":"https:\/\/www2.unifap.br\/letras\/wp-json\/wp\/v2\/comments?post=1082"}],"version-history":[{"count":13,"href":"https:\/\/www2.unifap.br\/letras\/wp-json\/wp\/v2\/pages\/1082\/revisions"}],"predecessor-version":[{"id":2360,"href":"https:\/\/www2.unifap.br\/letras\/wp-json\/wp\/v2\/pages\/1082\/revisions\/2360"}],"wp:attachment":[{"href":"https:\/\/www2.unifap.br\/letras\/wp-json\/wp\/v2\/media?parent=1082"}],"curies":[{"name":"wp","href":"https:\/\/api.w.org\/{rel}","templated":true}]}}