{"id":2247,"date":"2021-06-01T13:05:07","date_gmt":"2021-06-01T13:05:07","guid":{"rendered":"http:\/\/www2.unifap.br\/letras\/?page_id=2247"},"modified":"2023-05-15T14:25:54","modified_gmt":"2023-05-15T14:25:54","slug":"regimento","status":"publish","type":"page","link":"https:\/\/www2.unifap.br\/letras\/regimento\/","title":{"rendered":"Regimentos e Manuais"},"content":{"rendered":"\t\t<div data-elementor-type=\"wp-page\" data-elementor-id=\"2247\" class=\"elementor elementor-2247\">\n\t\t\t\t\t\t<section class=\"elementor-section elementor-top-section elementor-element elementor-element-1a7a1f2f elementor-section-boxed elementor-section-height-default elementor-section-height-default\" data-id=\"1a7a1f2f\" data-element_type=\"section\" data-e-type=\"section\">\n\t\t\t\t\t\t<div class=\"elementor-container elementor-column-gap-default\">\n\t\t\t\t\t<div class=\"elementor-column elementor-col-100 elementor-top-column elementor-element elementor-element-4f79125d\" data-id=\"4f79125d\" data-element_type=\"column\" data-e-type=\"column\">\n\t\t\t<div class=\"elementor-widget-wrap elementor-element-populated\">\n\t\t\t\t\t\t<div class=\"elementor-element elementor-element-cc9bd3b elementor-widget elementor-widget-text-editor\" data-id=\"cc9bd3b\" data-element_type=\"widget\" data-e-type=\"widget\" data-widget_type=\"text-editor.default\">\n\t\t\t\t<div class=\"elementor-widget-container\">\n\t\t\t\t\t\t\t\t\t<p><a href=\"http:\/\/www2.unifap.br\/letras\/files\/2023\/05\/Manual-do-Estagio-Supervisionado.pdf\">Manual do Est\u00e1gio Supervisionado<\/a><\/p><p><a href=\"http:\/\/www2.unifap.br\/letras\/files\/2023\/05\/LETRAS-PORTUGUESFRANCES-REVISADO.pdf\">Orienta\u00e7\u00f5es Para Escrita Acad\u00eamica e Cient\u00edfica<\/a><\/p><p><a href=\"http:\/\/www2.unifap.br\/letras\/files\/2023\/05\/Regimento-TCC.pdf\">Regimento TCC<\/a><\/p><p><a href=\"http:\/\/www2.unifap.br\/letras\/files\/2023\/05\/Regimento-Nivelamento.pdf\">Regimento Nivelamento<\/a><\/p><p><a href=\"http:\/\/www2.unifap.br\/letras\/files\/2023\/05\/Regimento-Monitoria.pdf\">Regimento Monitoria<\/a><\/p><p><a href=\"http:\/\/www2.unifap.br\/letras\/files\/2023\/05\/Regimento-Atividades-Complementares.pdf\">Regimento Atividades Complementares<\/a><\/p><p><a href=\"http:\/\/www2.unifap.br\/letras\/files\/2023\/05\/Regimento-Atividade-Extensionista.pdf\">Regimento Atividade Extensionista<\/a><\/p>\t\t\t\t\t\t\t\t<\/div>\n\t\t\t\t<\/div>\n\t\t\t\t\t<\/div>\n\t\t<\/div>\n\t\t\t\t\t<\/div>\n\t\t<\/section>\n\t\t\t\t<\/div>\n\t\t","protected":false},"excerpt":{"rendered":"<p>Manual do Est\u00e1gio Supervisionado Orienta\u00e7\u00f5es Para Escrita Acad\u00eamica e Cient\u00edfica Regimento TCC Regimento Nivelamento Regimento Monitoria Regimento Atividades Complementares Regimento&#8230;<\/p>\n","protected":false},"author":73,"featured_media":0,"parent":0,"menu_order":0,"comment_status":"closed","ping_status":"closed","template":"","meta":{"inline_featured_image":false,"site-sidebar-layout":"default","site-content-layout":"","ast-site-content-layout":"default","site-content-style":"default","site-sidebar-style":"default","ast-global-header-display":"","ast-banner-title-visibility":"","ast-main-header-display":"","ast-hfb-above-header-display":"","ast-hfb-below-header-display":"","ast-hfb-mobile-header-display":"","site-post-title":"","ast-breadcrumbs-content":"","ast-featured-img":"","footer-sml-layout":"","theme-transparent-header-meta":"","adv-header-id-meta":"","stick-header-meta":"","header-above-stick-meta":"","header-main-stick-meta":"","header-below-stick-meta":"","astra-migrate-meta-layouts":"default","ast-page-background-enabled":"default","ast-page-background-meta":{"desktop":{"background-color":"var(--ast-global-color-4)","background-image":"","background-repeat":"repeat","background-position":"center center","background-size":"auto","background-attachment":"scroll","background-type":"","background-media":"","overlay-type":"","overlay-color":"","overlay-opacity":"","overlay-gradient":""},"tablet":{"background-color":"","background-image":"","background-repeat":"repeat","background-position":"center center","background-size":"auto","background-attachment":"scroll","background-type":"","background-media":"","overlay-type":"","overlay-color":"","overlay-opacity":"","overlay-gradient":""},"mobile":{"background-color":"","background-image":"","background-repeat":"repeat","background-position":"center center","background-size":"auto","background-attachment":"scroll","background-type":"","background-media":"","overlay-type":"","overlay-color":"","overlay-opacity":"","overlay-gradient":""}},"ast-content-background-meta":{"desktop":{"background-color":"var(--ast-global-color-5)","background-image":"","background-repeat":"repeat","background-position":"center center","background-size":"auto","background-attachment":"scroll","background-type":"","background-media":"","overlay-type":"","overlay-color":"","overlay-opacity":"","overlay-gradient":""},"tablet":{"background-color":"var(--ast-global-color-5)","background-image":"","background-repeat":"repeat","background-position":"center center","background-size":"auto","background-attachment":"scroll","background-type":"","background-media":"","overlay-type":"","overlay-color":"","overlay-opacity":"","overlay-gradient":""},"mobile":{"background-color":"var(--ast-global-color-5)","background-image":"","background-repeat":"repeat","background-position":"center center","background-size":"auto","background-attachment":"scroll","background-type":"","background-media":"","overlay-type":"","overlay-color":"","overlay-opacity":"","overlay-gradient":""}},"ngg_post_thumbnail":0,"footnotes":""},"class_list":["post-2247","page","type-page","status-publish","hentry"],"_links":{"self":[{"href":"https:\/\/www2.unifap.br\/letras\/wp-json\/wp\/v2\/pages\/2247","targetHints":{"allow":["GET"]}}],"collection":[{"href":"https:\/\/www2.unifap.br\/letras\/wp-json\/wp\/v2\/pages"}],"about":[{"href":"https:\/\/www2.unifap.br\/letras\/wp-json\/wp\/v2\/types\/page"}],"author":[{"embeddable":true,"href":"https:\/\/www2.unifap.br\/letras\/wp-json\/wp\/v2\/users\/73"}],"replies":[{"embeddable":true,"href":"https:\/\/www2.unifap.br\/letras\/wp-json\/wp\/v2\/comments?post=2247"}],"version-history":[{"count":10,"href":"https:\/\/www2.unifap.br\/letras\/wp-json\/wp\/v2\/pages\/2247\/revisions"}],"predecessor-version":[{"id":3289,"href":"https:\/\/www2.unifap.br\/letras\/wp-json\/wp\/v2\/pages\/2247\/revisions\/3289"}],"wp:attachment":[{"href":"https:\/\/www2.unifap.br\/letras\/wp-json\/wp\/v2\/media?parent=2247"}],"curies":[{"name":"wp","href":"https:\/\/api.w.org\/{rel}","templated":true}]}}