{"id":2698,"date":"2022-09-16T18:23:28","date_gmt":"2022-09-16T18:23:28","guid":{"rendered":"https:\/\/www2.unifap.br\/letras\/?page_id=2698"},"modified":"2024-07-24T14:26:25","modified_gmt":"2024-07-24T14:26:25","slug":"__trashed-4","status":"publish","type":"page","link":"https:\/\/www2.unifap.br\/letras\/__trashed-4\/","title":{"rendered":"Grupos de Pesquisa"},"content":{"rendered":"\t\t<div data-elementor-type=\"wp-post\" data-elementor-id=\"2698\" class=\"elementor elementor-2698\">\n\t\t\t\t\t\t<section class=\"elementor-section elementor-top-section elementor-element elementor-element-4602c56e elementor-section-boxed elementor-section-height-default elementor-section-height-default\" data-id=\"4602c56e\" data-element_type=\"section\" data-e-type=\"section\">\n\t\t\t\t\t\t<div class=\"elementor-container elementor-column-gap-default\">\n\t\t\t\t\t<div class=\"elementor-column elementor-col-100 elementor-top-column elementor-element elementor-element-1ed854e0\" data-id=\"1ed854e0\" data-element_type=\"column\" data-e-type=\"column\">\n\t\t\t<div class=\"elementor-widget-wrap elementor-element-populated\">\n\t\t\t\t\t\t<div class=\"elementor-element elementor-element-57cc2f51 elementor-invisible elementor-widget elementor-widget-heading\" data-id=\"57cc2f51\" data-element_type=\"widget\" data-e-type=\"widget\" data-settings=\"{&quot;_animation&quot;:&quot;bounceInUp&quot;}\" data-widget_type=\"heading.default\">\n\t\t\t\t<div class=\"elementor-widget-container\">\n\t\t\t\t\t<h2 class=\"elementor-heading-title elementor-size-large\">Grupos de pesquisa<\/h2>\t\t\t\t<\/div>\n\t\t\t\t<\/div>\n\t\t\t\t\t<\/div>\n\t\t<\/div>\n\t\t\t\t\t<\/div>\n\t\t<\/section>\n\t\t\t\t<section class=\"elementor-section elementor-top-section elementor-element elementor-element-1d43720d elementor-section-boxed elementor-section-height-default elementor-section-height-default\" data-id=\"1d43720d\" data-element_type=\"section\" data-e-type=\"section\">\n\t\t\t\t\t\t<div class=\"elementor-container elementor-column-gap-default\">\n\t\t\t\t\t<div class=\"elementor-column elementor-col-100 elementor-top-column elementor-element elementor-element-55025e8b\" data-id=\"55025e8b\" data-element_type=\"column\" data-e-type=\"column\">\n\t\t\t<div class=\"elementor-widget-wrap elementor-element-populated\">\n\t\t\t\t\t\t<div class=\"elementor-element elementor-element-3c28f845 elementor-invisible elementor-widget elementor-widget-text-editor\" data-id=\"3c28f845\" data-element_type=\"widget\" data-e-type=\"widget\" data-settings=\"{&quot;_animation&quot;:&quot;slideInDown&quot;}\" data-widget_type=\"text-editor.default\">\n\t\t\t\t<div class=\"elementor-widget-container\">\n\t\t\t\t\t\t\t\t\t<p style=\"margin: 0cm 0cm 0.0001pt;text-align: center\"><b><span style=\"color: #800080\">N\u00fa<\/span><a href=\"https:\/\/www2.unifap.br\/nepla\/\" target=\"_blank\">cleo de Estudos e Pesquisas Interdisciplinares em Lingu\u00edstica Aplicada (NEPLA)<\/a><\/b><\/p>\n<p style=\"margin: 0cm;margin-bottom: .0001pt\"><span style=\"color: #000000\">Endere\u00e7o para acessar este espelho: <a style=\"color: #000000\" href=\"http:\/\/dgp.cnpq.br\/dgp\/espelhogrupo\/3919750133628144\">dgp.cnpq.br\/dgp\/espelhogrupo\/3919750133628144<\/a><\/span><\/p>\n<p style=\"margin: 0cm;margin-bottom: .0001pt\"><span style=\"color: #000000\">Coordenador: Prof. Dr. Rosivaldo Gomes<\/span><\/p>\n<p><\/p>\n<p style=\"margin: 0cm 0cm 0.0001pt;text-align: center\"><span style=\"color: #800080\"><strong>N\u00facleo de Pesquisas P\u00f3s-coloniais &#8211; NePC<\/strong><\/span><\/p>\n<p style=\"margin: 0cm;margin-bottom: .0001pt\"><span style=\"color: #000000\">Endere\u00e7o para acessar este espelho: d<a style=\"color: #000000\" href=\"http:\/\/gp.cnpq.br\/dgp\/espelhogrupo\/2072106899486923\">gp.cnpq.br\/dgp\/espelhogrupo\/2072106899486923<\/a><\/span><\/p>\n<p style=\"margin: 0cm;margin-bottom: .0001pt\"><span style=\"color: #000000\">Coordenador: Prof. Marcos Paulo T. Pereira<\/span><\/p>\n<p><\/p>\n<p style=\"margin: 0cm 0cm 0.0001pt;text-align: center\"><span style=\"color: #800080\"><strong>Grupo Atlas Lingu\u00edstico do Amap\u00e1 \u2013 ALAP<\/strong><\/span><\/p>\n<p style=\"margin: 0cm;margin-bottom: .0001pt\"><span style=\"color: #000000\">Endere\u00e7o para acessar este espelho: <a style=\"color: #000000\" href=\"http:\/\/dgp.cnpq.br\/dgp\/espelhogrupo\/8985994956163705\">dgp.cnpq.br\/dgp\/espelhogrupo\/8985994956163705<\/a><\/span><\/p>\n<p style=\"margin: 0cm;margin-bottom: .0001pt\"><span style=\"color: #000000\">Coordenadores: <\/span><\/p>\n<p style=\"margin: 0cm;margin-bottom: .0001pt\"><span style=\"color: #000000\">Profa. Dra. Celeste Maria da Rocha Ribeiro<\/span><\/p>\n<p style=\"margin: 0cm;margin-bottom: .0001pt\"><span style=\"color: #000000\">Prof. Dr. Rom\u00e1rio Duarte Sanches<\/span><\/p>\n<p><\/p>\n<p style=\"margin: 0cm 0cm 0.0001pt;text-align: center\"><span style=\"color: #800080\"><strong>Linguagem, Educa\u00e7\u00e3o, Sociedade, Forma\u00e7\u00e3o Inicial e Continuada de Professores<\/strong><\/span><\/p>\n<p style=\"margin: 0cm;margin-bottom: .0001pt\"><span style=\"color: #000000\">Endere\u00e7o para acessar este espelho: <a style=\"color: #000000\" href=\"http:\/\/dgp.cnpq.br\/dgp\/espelhogrupo\/4455536353572184\">dgp.cnpq.br\/dgp\/espelhogrupo\/4455536353572184<\/a><\/span><\/p>\n<p style=\"margin: 0cm;margin-bottom: .0001pt\"><span style=\"color: #000000\">Coordenadora: Profa. Dra. Adelma das Neves Nunes Barros Mendes<\/span><\/p>\n<p><\/p>\n<p style=\"margin: 0cm 0cm 0.0001pt;text-align: center\"><span style=\"color: #800080\"><strong>N\u00facleo Amapaense de Pesquisas em L\u00ednguas e Literaturas Estrangeiras (NAPLLE)<\/strong><\/span><\/p>\n<p style=\"margin: 0cm;margin-bottom: .0001pt\"><span style=\"color: #000000\">Endere\u00e7o para acessar este espelho: <a style=\"color: #000000\" href=\"http:\/\/dgp.cnpq.br\/dgp\/espelhogrupo\/5764130083581144\">dgp.cnpq.br\/dgp\/espelhogrupo\/5764130083581144<\/a><\/span><\/p>\n<p style=\"margin: 0cm;margin-bottom: .0001pt\"><span style=\"color: #000000\">Coordenadoras: <\/span><\/p>\n<p style=\"margin: 0cm;margin-bottom: .0001pt\"><span style=\"color: #000000\">Profa. Aldenice de Andrade Couto<\/span><\/p>\n<p style=\"margin: 0cm;margin-bottom: .0001pt\"><span style=\"color: #000000\">Profa. Darllen Almeida da Silva<\/span><\/p>\n<p><\/p>\n<p style=\"margin: 0cm 0cm 0.0001pt;text-align: center\"><span style=\"color: #800080\"><strong>N\u00facleo de Estudos de L\u00ednguas Ind\u00edgenas (NELI)<\/strong><\/span><\/p>\n<p style=\"margin: 0cm;margin-bottom: .0001pt\"><span style=\"color: #000000\">Endere\u00e7o para acessar este espelho: <a style=\"color: #000000\" href=\"http:\/\/dgp.cnpq.br\/dgp\/espelhogrupo\/0952560490296115\">dgp.cnpq.br\/dgp\/espelhogrupo\/0952560490296115<\/a><\/span><\/p>\n<p style=\"margin: 0cm;margin-bottom: .0001pt\"><span style=\"color: #000000\">Coordenadores: <\/span><\/p>\n<p style=\"margin: 0cm;margin-bottom: .0001pt\"><span style=\"color: #000000\">Prof. Dr. Antonio Almir Silva Gomes<\/span><\/p>\n<p style=\"margin: 0cm;margin-bottom: .0001pt\"><span style=\"color: #000000\">Profa. Dra. G\u00e9lsama Mara Ferreira dos Santos<\/span><\/p>\n<p><\/p>\n<p style=\"margin: 0cm 0cm 0.0001pt;text-align: center\"><span style=\"color: #800080\"><strong>N\u00facleo de Pesquisas em Estudos Liter\u00e1rios (NUPEL)<\/strong><\/span><\/p>\n<p style=\"margin: 0cm;margin-bottom: .0001pt\"><span style=\"color: #000000\">Endere\u00e7o para acessar este espelho: <a style=\"color: #000000\" href=\"http:\/\/dgp.cnpq.br\/dgp\/espelhogrupo\/6072190212494038\">dgp.cnpq.br\/dgp\/espelhogrupo\/6072190212494038<\/a><\/span><\/p>\n<p style=\"margin: 0cm;margin-bottom: .0001pt\"><span style=\"color: #000000\">Coordenadora: <\/span><\/p>\n<p style=\"margin: 0cm;margin-bottom: .0001pt\"><span style=\"color: #000000\">Profa. Dra. Fernanda Cristina da Encarna\u00e7\u00e3o dos Santos<\/span><\/p>\t\t\t\t\t\t\t\t<\/div>\n\t\t\t\t<\/div>\n\t\t\t\t\t<\/div>\n\t\t<\/div>\n\t\t\t\t\t<\/div>\n\t\t<\/section>\n\t\t\t\t<\/div>\n\t\t","protected":false},"excerpt":{"rendered":"<p>Grupos de pesquisa N\u00facleo de Estudos e Pesquisas Interdisciplinares em Lingu\u00edstica Aplicada (NEPLA) Endere\u00e7o para acessar este espelho: dgp.cnpq.br\/dgp\/espelhogrupo\/3919750133628144 Coordenador:&#8230;<\/p>\n","protected":false},"author":73,"featured_media":0,"parent":0,"menu_order":0,"comment_status":"closed","ping_status":"closed","template":"","meta":{"inline_featured_image":false,"site-sidebar-layout":"default","site-content-layout":"","ast-site-content-layout":"default","site-content-style":"default","site-sidebar-style":"default","ast-global-header-display":"","ast-banner-title-visibility":"","ast-main-header-display":"","ast-hfb-above-header-display":"","ast-hfb-below-header-display":"","ast-hfb-mobile-header-display":"","site-post-title":"","ast-breadcrumbs-content":"","ast-featured-img":"","footer-sml-layout":"","theme-transparent-header-meta":"","adv-header-id-meta":"","stick-header-meta":"","header-above-stick-meta":"","header-main-stick-meta":"","header-below-stick-meta":"","astra-migrate-meta-layouts":"default","ast-page-background-enabled":"default","ast-page-background-meta":{"desktop":{"background-color":"var(--ast-global-color-4)","background-image":"","background-repeat":"repeat","background-position":"center center","background-size":"auto","background-attachment":"scroll","background-type":"","background-media":"","overlay-type":"","overlay-color":"","overlay-opacity":"","overlay-gradient":""},"tablet":{"background-color":"","background-image":"","background-repeat":"repeat","background-position":"center center","background-size":"auto","background-attachment":"scroll","background-type":"","background-media":"","overlay-type":"","overlay-color":"","overlay-opacity":"","overlay-gradient":""},"mobile":{"background-color":"","background-image":"","background-repeat":"repeat","background-position":"center center","background-size":"auto","background-attachment":"scroll","background-type":"","background-media":"","overlay-type":"","overlay-color":"","overlay-opacity":"","overlay-gradient":""}},"ast-content-background-meta":{"desktop":{"background-color":"var(--ast-global-color-5)","background-image":"","background-repeat":"repeat","background-position":"center center","background-size":"auto","background-attachment":"scroll","background-type":"","background-media":"","overlay-type":"","overlay-color":"","overlay-opacity":"","overlay-gradient":""},"tablet":{"background-color":"var(--ast-global-color-5)","background-image":"","background-repeat":"repeat","background-position":"center center","background-size":"auto","background-attachment":"scroll","background-type":"","background-media":"","overlay-type":"","overlay-color":"","overlay-opacity":"","overlay-gradient":""},"mobile":{"background-color":"var(--ast-global-color-5)","background-image":"","background-repeat":"repeat","background-position":"center center","background-size":"auto","background-attachment":"scroll","background-type":"","background-media":"","overlay-type":"","overlay-color":"","overlay-opacity":"","overlay-gradient":""}},"ngg_post_thumbnail":0,"footnotes":""},"class_list":["post-2698","page","type-page","status-publish","hentry"],"_links":{"self":[{"href":"https:\/\/www2.unifap.br\/letras\/wp-json\/wp\/v2\/pages\/2698","targetHints":{"allow":["GET"]}}],"collection":[{"href":"https:\/\/www2.unifap.br\/letras\/wp-json\/wp\/v2\/pages"}],"about":[{"href":"https:\/\/www2.unifap.br\/letras\/wp-json\/wp\/v2\/types\/page"}],"author":[{"embeddable":true,"href":"https:\/\/www2.unifap.br\/letras\/wp-json\/wp\/v2\/users\/73"}],"replies":[{"embeddable":true,"href":"https:\/\/www2.unifap.br\/letras\/wp-json\/wp\/v2\/comments?post=2698"}],"version-history":[{"count":11,"href":"https:\/\/www2.unifap.br\/letras\/wp-json\/wp\/v2\/pages\/2698\/revisions"}],"predecessor-version":[{"id":4044,"href":"https:\/\/www2.unifap.br\/letras\/wp-json\/wp\/v2\/pages\/2698\/revisions\/4044"}],"wp:attachment":[{"href":"https:\/\/www2.unifap.br\/letras\/wp-json\/wp\/v2\/media?parent=2698"}],"curies":[{"name":"wp","href":"https:\/\/api.w.org\/{rel}","templated":true}]}}