{"id":2746,"date":"2022-09-19T19:27:11","date_gmt":"2022-09-19T19:27:11","guid":{"rendered":"https:\/\/www2.unifap.br\/letras\/?page_id=2746"},"modified":"2023-03-31T17:45:38","modified_gmt":"2023-03-31T17:45:38","slug":"ensino-aplicado","status":"publish","type":"page","link":"https:\/\/www2.unifap.br\/letras\/ensino-aplicado\/","title":{"rendered":"Ensino Aplicado"},"content":{"rendered":"\t\t<div data-elementor-type=\"wp-page\" data-elementor-id=\"2746\" class=\"elementor elementor-2746\">\n\t\t\t\t\t\t<section class=\"elementor-section elementor-top-section elementor-element elementor-element-742e9ab elementor-section-boxed elementor-section-height-default elementor-section-height-default\" data-id=\"742e9ab\" data-element_type=\"section\" data-e-type=\"section\">\n\t\t\t\t\t\t<div class=\"elementor-container elementor-column-gap-default\">\n\t\t\t\t\t<div class=\"elementor-column elementor-col-100 elementor-top-column elementor-element elementor-element-9ffb63f\" data-id=\"9ffb63f\" data-element_type=\"column\" data-e-type=\"column\">\n\t\t\t<div class=\"elementor-widget-wrap elementor-element-populated\">\n\t\t\t\t\t\t<div class=\"elementor-element elementor-element-7b3d1a9 elementor-widget elementor-widget-text-editor\" data-id=\"7b3d1a9\" data-element_type=\"widget\" data-e-type=\"widget\" data-widget_type=\"text-editor.default\">\n\t\t\t\t<div class=\"elementor-widget-container\">\n\t\t\t\t\t\t\t\t\t<p style=\"text-align: center\"><span style=\"color: #800080\"><strong>Resid\u00eancia Pedag\u00f3gica Portugu\u00eas (2021-Atual)<\/strong><\/span><\/p><p style=\"text-align: justify\"><span style=\"color: #000000\"><strong>Coordenadora<\/strong>: Adelma Barros Mendes<\/span><\/p><p style=\"text-align: justify\"><span style=\"color: #000000\"><strong>Objetivo<\/strong>: Orientar a forma\u00e7\u00e3o de um professor pesquisador (Preceptor e em forma\u00e7\u00e3o inicial-Residente) das suas a\u00e7\u00f5es pedag\u00f3gicas, para problematiz\u00e1-las e construir hip\u00f3teses de estrat\u00e9gias que possam melhor\u00e1-las.<\/span><\/p><p style=\"text-align: justify\"><span style=\"color: #000000\"><strong>P\u00fablico alvo<\/strong>: Acad\u00eamicos do curso de Letras e alunos e Professores da Rede P\u00fablica do<\/span><\/p><p style=\"text-align: justify\"><span style=\"color: #000000\">Estado do Amap\u00e1.<\/span><\/p><p style=\"text-align: justify\"><span style=\"color: #000000\"><strong>Financiamento<\/strong>: CAPES<\/span><\/p><p style=\"text-align: justify\"><span style=\"color: #000000\"><strong>Co-realiza\u00e7\u00e3o<\/strong>: Universidade Federal do Amap\u00e1<\/span><\/p><p style=\"text-align: justify\"><span style=\"color: #000000\"><strong>Informa\u00e7\u00f5es<\/strong>: <a style=\"color: #000000\" href=\"mailto:adelma@unifap.br\">adelma@unifap.br<\/a><\/span><\/p><p>\u00a0<\/p><p style=\"text-align: center\"><span style=\"color: #800080\"><strong>Resid\u00eancia Pedag\u00f3gica Ingl\u00eas (2022-Atual)<\/strong><\/span><\/p><p style=\"text-align: justify\"><span style=\"color: #000000\"><strong>Coordenador<\/strong>: Silvagne Vasconcelos Duarte<\/span><\/p><p style=\"text-align: justify\"><span style=\"color: #000000\"><strong>Objetivos<\/strong>: Conhecer e refletir a realidade escolar da Educa\u00e7\u00e3o B\u00e1sica (Ensino Fundamental e M\u00e9dio) nas dimens\u00f5es pol\u00edtico-sociais e culturais, em toda a sua complexidade, a fim de subsidiar o planejamento da Resid\u00eancia Pedag\u00f3gica no que se refere ao processo ensino-aprendizagem de L\u00edngua Estrangeira, mais especificamente, a L\u00edngua Inglesa.<\/span><\/p><p style=\"text-align: justify\"><span style=\"color: #000000\"><strong>Financiamento<\/strong>: CAPES<\/span><\/p><p style=\"text-align: justify\"><span style=\"color: #000000\"><strong>P\u00fablico-alvo (atendido)<\/strong>: Acad\u00eamicos do Curso de Letras Portugu\u00eas\/Ingl\u00eas da Universidade Federal do Amap\u00e1.<\/span><\/p><p style=\"text-align: justify\"><span style=\"color: #000000\"><strong>Informa\u00e7\u00f5es: <\/strong><a style=\"color: #000000\" href=\"mailto:silvagne_duarte@unifap.br\">silvagne_duarte@unifap.br<\/a><\/span><\/p><p>\u00a0<\/p><p style=\"text-align: center\"><span style=\"color: #800080\"><strong>PIBID \u2013 Programa Institucional de Bolsa de Inicia\u00e7\u00e3o \u00e0 Doc\u00eancia<\/strong><\/span><\/p><p style=\"text-align: center\"><span style=\"color: #800080\"><strong>(2023-2024)<\/strong><\/span><\/p><p style=\"text-align: justify\"><span style=\"color: #000000\"><strong>Coordenadora do subprojeto Letras Ingl\u00eas<\/strong>: Brenda Mota<\/span><\/p><p style=\"text-align: justify\"><span style=\"color: #000000\"><strong>Objetivo<\/strong>: Conhecer, desenvolver e refletir, de modo te\u00f3rico e pr\u00e1tico, sobre o trabalho docente no contexto educacional a partir de atividades diretamente ligadas ao ambiente das aulas de l\u00edngua estrangeira de ensino fundamental\/m\u00e9dio, relacionadas ao ensino e \u00e0 aprendizagem de l\u00edngua inglesa de maneira inovadora.<\/span><\/p><p style=\"text-align: justify\"><span style=\"color: #000000\"><strong>P\u00fablico-alvo (atendido)<\/strong>: alunos do Ensino Fundamental e M\u00e9dio das escolas p\u00fablicas<\/span><\/p><p style=\"text-align: justify\"><span style=\"color: #000000\">de Macap\u00e1 \u2013 AP.<\/span><\/p><p style=\"text-align: justify\"><span style=\"color: #000000\"><strong>Financiamento<\/strong>: CAPES<\/span><\/p><p style=\"text-align: justify\"><span style=\"color: #000000\"><strong>Informa\u00e7\u00f5es:<\/strong>\u00a0<a style=\"color: #000000\" href=\"mailto:brenda.mota@unifap.br\">brenda.mota@unifap.br<\/a><\/span><\/p><p style=\"text-align: justify\"><span style=\"color: #000000\"><strong>Coordenadora do subprojeto Letras Portugu\u00eas e Literaturas<\/strong>: Ana Paula de Arruda<\/span><\/p><p style=\"text-align: justify\"><span style=\"color: #000000\">Objetivo: desenvolver e articular atividades que possibilitem o ensino, a pesquisa e a extens\u00e3o na forma\u00e7\u00e3o docente no contexto educacional a partir de experi\u00eancias ligadas aos ambientes das aulas de L\u00edngua Portuguesa e suas respectivas literaturas.<\/span><\/p><p style=\"text-align: justify\"><span style=\"color: #000000\"><strong>P\u00fablico-alvo (atendido)<\/strong>: alunos do Ensino Fundamental e M\u00e9dio das escolas p\u00fablicas<\/span><\/p><p style=\"text-align: justify\"><span style=\"color: #000000\">de Macap\u00e1 \u2013 AP.<\/span><\/p><p style=\"text-align: justify\"><span style=\"color: #000000\"><strong>Financiamento<\/strong>: CAPES<\/span><\/p><p style=\"text-align: justify\"><span style=\"color: #000000\"><strong>Informa\u00e7\u00f5es<\/strong>: <a style=\"color: #000000\" href=\"mailto:ana.paula@unifap.br\">ana.paula@unifap.br<\/a> \u00a0<\/span><\/p>\t\t\t\t\t\t\t\t<\/div>\n\t\t\t\t<\/div>\n\t\t\t\t\t<\/div>\n\t\t<\/div>\n\t\t\t\t\t<\/div>\n\t\t<\/section>\n\t\t\t\t<\/div>\n\t\t","protected":false},"excerpt":{"rendered":"<p>Resid\u00eancia Pedag\u00f3gica Portugu\u00eas (2021-Atual) Coordenadora: Adelma Barros Mendes Objetivo: Orientar a forma\u00e7\u00e3o de um professor pesquisador (Preceptor e em forma\u00e7\u00e3o&#8230;<\/p>\n","protected":false},"author":73,"featured_media":0,"parent":0,"menu_order":0,"comment_status":"closed","ping_status":"closed","template":"","meta":{"inline_featured_image":false,"site-sidebar-layout":"default","site-content-layout":"","ast-site-content-layout":"default","site-content-style":"default","site-sidebar-style":"default","ast-global-header-display":"","ast-banner-title-visibility":"","ast-main-header-display":"","ast-hfb-above-header-display":"","ast-hfb-below-header-display":"","ast-hfb-mobile-header-display":"","site-post-title":"","ast-breadcrumbs-content":"","ast-featured-img":"","footer-sml-layout":"","theme-transparent-header-meta":"","adv-header-id-meta":"","stick-header-meta":"","header-above-stick-meta":"","header-main-stick-meta":"","header-below-stick-meta":"","astra-migrate-meta-layouts":"default","ast-page-background-enabled":"default","ast-page-background-meta":{"desktop":{"background-color":"var(--ast-global-color-4)","background-image":"","background-repeat":"repeat","background-position":"center center","background-size":"auto","background-attachment":"scroll","background-type":"","background-media":"","overlay-type":"","overlay-color":"","overlay-opacity":"","overlay-gradient":""},"tablet":{"background-color":"","background-image":"","background-repeat":"repeat","background-position":"center center","background-size":"auto","background-attachment":"scroll","background-type":"","background-media":"","overlay-type":"","overlay-color":"","overlay-opacity":"","overlay-gradient":""},"mobile":{"background-color":"","background-image":"","background-repeat":"repeat","background-position":"center center","background-size":"auto","background-attachment":"scroll","background-type":"","background-media":"","overlay-type":"","overlay-color":"","overlay-opacity":"","overlay-gradient":""}},"ast-content-background-meta":{"desktop":{"background-color":"var(--ast-global-color-5)","background-image":"","background-repeat":"repeat","background-position":"center center","background-size":"auto","background-attachment":"scroll","background-type":"","background-media":"","overlay-type":"","overlay-color":"","overlay-opacity":"","overlay-gradient":""},"tablet":{"background-color":"var(--ast-global-color-5)","background-image":"","background-repeat":"repeat","background-position":"center center","background-size":"auto","background-attachment":"scroll","background-type":"","background-media":"","overlay-type":"","overlay-color":"","overlay-opacity":"","overlay-gradient":""},"mobile":{"background-color":"var(--ast-global-color-5)","background-image":"","background-repeat":"repeat","background-position":"center center","background-size":"auto","background-attachment":"scroll","background-type":"","background-media":"","overlay-type":"","overlay-color":"","overlay-opacity":"","overlay-gradient":""}},"ngg_post_thumbnail":0,"footnotes":""},"class_list":["post-2746","page","type-page","status-publish","hentry"],"_links":{"self":[{"href":"https:\/\/www2.unifap.br\/letras\/wp-json\/wp\/v2\/pages\/2746","targetHints":{"allow":["GET"]}}],"collection":[{"href":"https:\/\/www2.unifap.br\/letras\/wp-json\/wp\/v2\/pages"}],"about":[{"href":"https:\/\/www2.unifap.br\/letras\/wp-json\/wp\/v2\/types\/page"}],"author":[{"embeddable":true,"href":"https:\/\/www2.unifap.br\/letras\/wp-json\/wp\/v2\/users\/73"}],"replies":[{"embeddable":true,"href":"https:\/\/www2.unifap.br\/letras\/wp-json\/wp\/v2\/comments?post=2746"}],"version-history":[{"count":10,"href":"https:\/\/www2.unifap.br\/letras\/wp-json\/wp\/v2\/pages\/2746\/revisions"}],"predecessor-version":[{"id":3069,"href":"https:\/\/www2.unifap.br\/letras\/wp-json\/wp\/v2\/pages\/2746\/revisions\/3069"}],"wp:attachment":[{"href":"https:\/\/www2.unifap.br\/letras\/wp-json\/wp\/v2\/media?parent=2746"}],"curies":[{"name":"wp","href":"https:\/\/api.w.org\/{rel}","templated":true}]}}