{"id":3323,"date":"2023-06-23T14:38:14","date_gmt":"2023-06-23T14:38:14","guid":{"rendered":"https:\/\/www2.unifap.br\/letras\/?page_id=3323"},"modified":"2025-06-04T03:09:05","modified_gmt":"2025-06-04T03:09:05","slug":"materiais-didaticos-produzidos-no-life-letras-unifap","status":"publish","type":"page","link":"https:\/\/www2.unifap.br\/letras\/materiais-didaticos-produzidos-no-life-letras-unifap\/","title":{"rendered":"Laborat\u00f3rios Interdisciplinares de Forma\u00e7\u00e3o de Educadores &#8211; LIFE"},"content":{"rendered":"\t\t<div data-elementor-type=\"wp-page\" data-elementor-id=\"3323\" class=\"elementor elementor-3323\">\n\t\t\t\t\t\t<section class=\"elementor-section elementor-top-section elementor-element elementor-element-7e9e6346 elementor-section-boxed elementor-section-height-default elementor-section-height-default\" data-id=\"7e9e6346\" data-element_type=\"section\" data-e-type=\"section\">\n\t\t\t\t\t\t<div class=\"elementor-container elementor-column-gap-default\">\n\t\t\t\t\t<div class=\"elementor-column elementor-col-100 elementor-top-column elementor-element elementor-element-50568c0a\" data-id=\"50568c0a\" data-element_type=\"column\" data-e-type=\"column\">\n\t\t\t<div class=\"elementor-widget-wrap elementor-element-populated\">\n\t\t\t\t\t\t<div class=\"elementor-element elementor-element-285e4a28 elementor-widget elementor-widget-text-editor\" data-id=\"285e4a28\" data-element_type=\"widget\" data-e-type=\"widget\" data-widget_type=\"text-editor.default\">\n\t\t\t\t<div class=\"elementor-widget-container\">\n\t\t\t\t\t\t\t\t\tO Laborat\u00f3rio Interdisciplinar de Forma\u00e7\u00e3o docente \u00e9 um espa\u00e7o em que os docentes e acad\u00eamicos dos cursos de licenciatura Letras-Franc\u00eas e Letras Ingl\u00eas t\u00eam para analisar e construir materiais did\u00e1ticos, pautados nas realidades observadas de institui\u00e7\u00f5es p\u00fablicas de ensino da educa\u00e7\u00e3o b\u00e1sica.\n\nNesse sentido, como contribui\u00e7\u00e3o ao ensino, traz-se aqui alguns desses materiais para ficar \u00e0 disposi\u00e7\u00e3o dos professores da educa\u00e7\u00e3o b\u00e1sica, que podem al\u00e9m de utiliz\u00e1-los, ressignific\u00e1-los\/customiz\u00e1-los, adequando-os \u00e0s realidades de seus alunos e escolas.\n\nEntre esses materiais est\u00e3o, principalmente, as Sequ\u00eancias did\u00e1ticas para o ensino da L\u00edngua Portuguesa como l\u00edngua materna.\n\nEstamos iniciando as postagens, mas a inten\u00e7\u00e3o \u00e9 que, a partir de ent\u00e3o, possamos ampliar as postagens de mais materiais como Prot\u00f3tipos de ensino, projeto did\u00e1tico de g\u00eanero, recurso educacional aberto, objeto educacional digital, projeto did\u00e1tico-autoral de material de ensino, projeto de engenharia did\u00e1tica, etc., incluindo aqueles para o trabalho com L\u00edngua estrangeira.\t\t\t\t\t\t\t\t<\/div>\n\t\t\t\t<\/div>\n\t\t\t\t\t<\/div>\n\t\t<\/div>\n\t\t\t\t\t<\/div>\n\t\t<\/section>\n\t\t\t\t<section class=\"elementor-section elementor-top-section elementor-element elementor-element-e6343f6 elementor-section-boxed elementor-section-height-default elementor-section-height-default\" data-id=\"e6343f6\" data-element_type=\"section\" data-e-type=\"section\">\n\t\t\t\t\t\t<div class=\"elementor-container elementor-column-gap-default\">\n\t\t\t\t\t<div class=\"elementor-column elementor-col-100 elementor-top-column elementor-element elementor-element-1656e60\" data-id=\"1656e60\" data-element_type=\"column\" data-e-type=\"column\">\n\t\t\t<div class=\"elementor-widget-wrap elementor-element-populated\">\n\t\t\t\t\t\t<div class=\"elementor-element elementor-element-54d4b7b elementor-widget elementor-widget-text-editor\" data-id=\"54d4b7b\" data-element_type=\"widget\" data-e-type=\"widget\" data-widget_type=\"text-editor.default\">\n\t\t\t\t<div class=\"elementor-widget-container\">\n\t\t\t\t\t\t\t\t\t<p><a style=\"font-family: var( --e-global-typography-text-font-family ), Sans-serif;font-weight: var( --e-global-typography-text-font-weight );font-size: 1em\" href=\"http:\/\/www2.unifap.br\/letras\/files\/2023\/07\/PUBLICIDADE.pdf\">SEQU\u00caNCIA DID\u00c1TICA &#8211; PUBLICIDADE<\/a><\/p><p><a href=\"http:\/\/www2.unifap.br\/letras\/files\/2023\/07\/SEQUENCIA-DIDATICA-BIOGRAFIA.pdf\">SEQU\u00caNCIA DID\u00c1TICA &#8211; BIOGRAFIA<\/a><\/p><p><a href=\"http:\/\/www2.unifap.br\/letras\/files\/2023\/07\/SEQUENCIA-DIDATICA-VERBETE.rar\">SEQU\u00caNCIA DID\u00c1TICA &#8211; VERBETE<\/a><\/p><p><a href=\"http:\/\/www2.unifap.br\/letras\/files\/2023\/07\/SEQUENCIA-DIDATICA-NOTICIA.pdf\">SEQU\u00caNCIA DID\u00c1TICA &#8211; NOT\u00cdCIA<\/a><\/p><p><a href=\"http:\/\/www2.unifap.br\/letras\/files\/2023\/07\/SEQUENCIA-DIDATICA-CRONICA.pdf\">SEQU\u00caNCIA DID\u00c1TICA &#8211; CR\u00d4NICA<\/a><\/p><p><a href=\"http:\/\/www2.unifap.br\/letras\/files\/2023\/07\/SEQUENCIA-DIDATICA-CONTOS-QUE-ASSOMBRAM.rar\">SEQU\u00caNCIA DID\u00c1TICA &#8211; CONTOS QUE ASSOMBRAM<\/a><\/p><p>\u00a0<\/p>\t\t\t\t\t\t\t\t<\/div>\n\t\t\t\t<\/div>\n\t\t\t\t\t<\/div>\n\t\t<\/div>\n\t\t\t\t\t<\/div>\n\t\t<\/section>\n\t\t\t\t<\/div>\n\t\t","protected":false},"excerpt":{"rendered":"<p>O Laborat\u00f3rio Interdisciplinar de Forma\u00e7\u00e3o docente \u00e9 um espa\u00e7o em que os docentes e acad\u00eamicos dos cursos de licenciatura Letras-Franc\u00eas&#8230;<\/p>\n","protected":false},"author":73,"featured_media":0,"parent":0,"menu_order":0,"comment_status":"closed","ping_status":"closed","template":"","meta":{"inline_featured_image":false,"site-sidebar-layout":"default","site-content-layout":"","ast-site-content-layout":"default","site-content-style":"default","site-sidebar-style":"default","ast-global-header-display":"","ast-banner-title-visibility":"","ast-main-header-display":"","ast-hfb-above-header-display":"","ast-hfb-below-header-display":"","ast-hfb-mobile-header-display":"","site-post-title":"","ast-breadcrumbs-content":"","ast-featured-img":"","footer-sml-layout":"","theme-transparent-header-meta":"default","adv-header-id-meta":"","stick-header-meta":"","header-above-stick-meta":"","header-main-stick-meta":"","header-below-stick-meta":"","astra-migrate-meta-layouts":"set","ast-page-background-enabled":"default","ast-page-background-meta":{"desktop":{"background-color":"var(--ast-global-color-4)","background-image":"","background-repeat":"repeat","background-position":"center center","background-size":"auto","background-attachment":"scroll","background-type":"","background-media":"","overlay-type":"","overlay-color":"","overlay-opacity":"","overlay-gradient":""},"tablet":{"background-color":"","background-image":"","background-repeat":"repeat","background-position":"center center","background-size":"auto","background-attachment":"scroll","background-type":"","background-media":"","overlay-type":"","overlay-color":"","overlay-opacity":"","overlay-gradient":""},"mobile":{"background-color":"","background-image":"","background-repeat":"repeat","background-position":"center center","background-size":"auto","background-attachment":"scroll","background-type":"","background-media":"","overlay-type":"","overlay-color":"","overlay-opacity":"","overlay-gradient":""}},"ast-content-background-meta":{"desktop":{"background-color":"var(--ast-global-color-5)","background-image":"","background-repeat":"repeat","background-position":"center center","background-size":"auto","background-attachment":"scroll","background-type":"","background-media":"","overlay-type":"","overlay-color":"","overlay-opacity":"","overlay-gradient":""},"tablet":{"background-color":"var(--ast-global-color-5)","background-image":"","background-repeat":"repeat","background-position":"center center","background-size":"auto","background-attachment":"scroll","background-type":"","background-media":"","overlay-type":"","overlay-color":"","overlay-opacity":"","overlay-gradient":""},"mobile":{"background-color":"var(--ast-global-color-5)","background-image":"","background-repeat":"repeat","background-position":"center center","background-size":"auto","background-attachment":"scroll","background-type":"","background-media":"","overlay-type":"","overlay-color":"","overlay-opacity":"","overlay-gradient":""}},"ngg_post_thumbnail":0,"footnotes":""},"class_list":["post-3323","page","type-page","status-publish","hentry"],"_links":{"self":[{"href":"https:\/\/www2.unifap.br\/letras\/wp-json\/wp\/v2\/pages\/3323","targetHints":{"allow":["GET"]}}],"collection":[{"href":"https:\/\/www2.unifap.br\/letras\/wp-json\/wp\/v2\/pages"}],"about":[{"href":"https:\/\/www2.unifap.br\/letras\/wp-json\/wp\/v2\/types\/page"}],"author":[{"embeddable":true,"href":"https:\/\/www2.unifap.br\/letras\/wp-json\/wp\/v2\/users\/73"}],"replies":[{"embeddable":true,"href":"https:\/\/www2.unifap.br\/letras\/wp-json\/wp\/v2\/comments?post=3323"}],"version-history":[{"count":23,"href":"https:\/\/www2.unifap.br\/letras\/wp-json\/wp\/v2\/pages\/3323\/revisions"}],"predecessor-version":[{"id":4263,"href":"https:\/\/www2.unifap.br\/letras\/wp-json\/wp\/v2\/pages\/3323\/revisions\/4263"}],"wp:attachment":[{"href":"https:\/\/www2.unifap.br\/letras\/wp-json\/wp\/v2\/media?parent=3323"}],"curies":[{"name":"wp","href":"https:\/\/api.w.org\/{rel}","templated":true}]}}