{"id":1379,"date":"2024-03-13T15:31:24","date_gmt":"2024-03-13T15:31:24","guid":{"rendered":"https:\/\/www2.unifap.br\/letraslibras\/?page_id=1379"},"modified":"2024-10-31T00:24:07","modified_gmt":"2024-10-31T00:24:07","slug":"autoavaliacao-do-curso","status":"publish","type":"page","link":"https:\/\/www2.unifap.br\/letraslibras\/coordenacao\/autoavaliacao-do-curso\/","title":{"rendered":"Autoavalia\u00e7\u00e3o do Curso"},"content":{"rendered":"<header class=\"entry-header \">\n<h1 class=\"entry-title\">&nbsp;<\/h1>\n<\/header>\n<div class=\"entry-content clear\">\n<p>A autoavalia\u00e7\u00e3o do curso de&nbsp;<strong>Licenciatura em Letras Libras Portugu\u00eas<\/strong>&nbsp;est\u00e1 em conson\u00e2ncia com a Resolu\u00e7\u00e3o n<sup>o<\/sup>&nbsp;025\/2006 \u2013 CONSU da UNIFAP, que estabeleceu a Comiss\u00e3o Pr\u00f3pria de Avalia\u00e7\u00e3o (CPA) a respeito da elabora\u00e7\u00e3o de estrat\u00e9gias sobre o processo de avalia\u00e7\u00e3o interna. A gest\u00e3o do curso aplicou, no ano de 2023, sua primeira pesquisa de autoavalia\u00e7\u00e3o e pretende torn\u00e1-la semestral, via formul\u00e1rios eletr\u00f4nicos de f\u00e1cil acesso.<\/p>\n<p>Essas avalia\u00e7\u00f5es internas s\u00e3o fundamentais para o planejamento da coordena\u00e7\u00e3o e para que o colegiado tenha conhecimento de forma ampla sobre a situa\u00e7\u00e3o do curso.<\/p>\n<p><strong>INDICADORES DE AUTOAVALIA\u00c7\u00c3O:<\/strong><\/p>\n<ul>\n<li>Atua\u00e7\u00e3o docente;<\/li>\n<li>Metodologias de Ensino- aprendizagem;<\/li>\n<li>Acesso a materiais did\u00e1ticos para os discentes;<\/li>\n<li>Atua\u00e7\u00e3o da Coordena\u00e7\u00e3o;<\/li>\n<li>Uso de Tecnologias de Informa\u00e7\u00e3o;<\/li>\n<li>Comunica\u00e7\u00e3o interna;<\/li>\n<li>Engajamento em projetos de extens\u00e3o e pesquisa.<\/li>\n<\/ul>\n<p>Para visualizar os resultados do formul\u00e1rio de Autoavalia\u00e7\u00e3o 2023&nbsp;<a href=\"http:\/\/www2.unifap.br\/letraslibras\/files\/2024\/03\/AUTOAVALIACAO-2023.pdf\">clique aqui<\/a>.<\/p>\n<\/div>\n<p>AUTOAVALIA\u00c7\u00c3O 2024<\/p>\n<p>Prezados\/as alunos\/as, pedimos sua colabora\u00e7\u00e3o no preenchimento de nosso formul\u00e1rio online de autoavalia\u00e7\u00e3o 2024. <a href=\"https:\/\/forms.gle\/4HDbow68hYMpGiWP7\">Clique aqui<\/a><\/p>\n","protected":false},"excerpt":{"rendered":"<p>&nbsp; A autoavalia\u00e7\u00e3o do curso de&nbsp;Licenciatura em Letras Libras Portugu\u00eas&nbsp;est\u00e1 em conson\u00e2ncia com a Resolu\u00e7\u00e3o no&nbsp;025\/2006 \u2013 CONSU da UNIFAP, que estabeleceu a Comiss\u00e3o Pr\u00f3pria de Avalia\u00e7\u00e3o (CPA) a respeito da elabora\u00e7\u00e3o de estrat\u00e9gias sobre o processo de avalia\u00e7\u00e3o interna. A gest\u00e3o do curso aplicou, no ano de 2023, sua&#8230; <a class=\"continue-reading-link\" href=\"https:\/\/www2.unifap.br\/letraslibras\/coordenacao\/autoavaliacao-do-curso\/\"> Continue reading <span class=\"meta-nav\">&rarr; <\/span><\/a><\/p>\n","protected":false},"author":3951,"featured_media":0,"parent":367,"menu_order":0,"comment_status":"closed","ping_status":"closed","template":"","meta":{"inline_featured_image":false,"ngg_post_thumbnail":0,"footnotes":""},"class_list":["post-1379","page","type-page","status-publish","hentry"],"_links":{"self":[{"href":"https:\/\/www2.unifap.br\/letraslibras\/wp-json\/wp\/v2\/pages\/1379","targetHints":{"allow":["GET"]}}],"collection":[{"href":"https:\/\/www2.unifap.br\/letraslibras\/wp-json\/wp\/v2\/pages"}],"about":[{"href":"https:\/\/www2.unifap.br\/letraslibras\/wp-json\/wp\/v2\/types\/page"}],"author":[{"embeddable":true,"href":"https:\/\/www2.unifap.br\/letraslibras\/wp-json\/wp\/v2\/users\/3951"}],"replies":[{"embeddable":true,"href":"https:\/\/www2.unifap.br\/letraslibras\/wp-json\/wp\/v2\/comments?post=1379"}],"version-history":[{"count":4,"href":"https:\/\/www2.unifap.br\/letraslibras\/wp-json\/wp\/v2\/pages\/1379\/revisions"}],"predecessor-version":[{"id":2259,"href":"https:\/\/www2.unifap.br\/letraslibras\/wp-json\/wp\/v2\/pages\/1379\/revisions\/2259"}],"up":[{"embeddable":true,"href":"https:\/\/www2.unifap.br\/letraslibras\/wp-json\/wp\/v2\/pages\/367"}],"wp:attachment":[{"href":"https:\/\/www2.unifap.br\/letraslibras\/wp-json\/wp\/v2\/media?parent=1379"}],"curies":[{"name":"wp","href":"https:\/\/api.w.org\/{rel}","templated":true}]}}