{"id":1429,"date":"2024-03-13T23:23:35","date_gmt":"2024-03-13T23:23:35","guid":{"rendered":"https:\/\/www2.unifap.br\/letraslibras\/?page_id=1429"},"modified":"2024-03-14T00:41:30","modified_gmt":"2024-03-14T00:41:30","slug":"orientacoes-sobre-servico-de-traducao-e-interpretacao-em-libras","status":"publish","type":"page","link":"https:\/\/www2.unifap.br\/letraslibras\/coordenacao\/orientacoes-sobre-servico-de-traducao-e-interpretacao-em-libras\/","title":{"rendered":"Orienta\u00e7\u00f5es sobre servi\u00e7o de Tradu\u00e7\u00e3o e Interpreta\u00e7\u00e3o em Libras"},"content":{"rendered":"<h3 style=\"text-align: left\">Comunicamos que os servi\u00e7os de tradu\u00e7\u00e3o e interpreta\u00e7\u00e3o de Libras realizados pela equipe de int\u00e9rpretes da Universidade Federal do Amap\u00e1 s\u00e3o realizados a partir de alguns crit\u00e9rios. <a href=\"http:\/\/www2.unifap.br\/letraslibras\/files\/2024\/03\/Orientac\u0327o\u0303es-sobre-a-Solicitac\u0327a\u0303o-de-Servic\u0327os-de-Traduc\u0327a\u0303o-e-Interpretac\u0327a\u0303o-de-Libras-.pdf\">Clique aqui<\/a> para conhec\u00ea-los.&nbsp;<\/h3>\n<h3 style=\"text-align: left\">E-mail para contato com int\u00e9rpretes<strong>: tilsunifap@gmail.com<\/strong><\/h3>\n","protected":false},"excerpt":{"rendered":"<p>Comunicamos que os servi\u00e7os de tradu\u00e7\u00e3o e interpreta\u00e7\u00e3o de Libras realizados pela equipe de int\u00e9rpretes da Universidade Federal do Amap\u00e1 s\u00e3o realizados a partir de alguns crit\u00e9rios. Clique aqui para conhec\u00ea-los.&nbsp; E-mail para contato com int\u00e9rpretes: tilsunifap@gmail.com<\/p>\n","protected":false},"author":3951,"featured_media":0,"parent":367,"menu_order":0,"comment_status":"closed","ping_status":"closed","template":"","meta":{"inline_featured_image":false,"ngg_post_thumbnail":0,"footnotes":""},"class_list":["post-1429","page","type-page","status-publish","hentry"],"_links":{"self":[{"href":"https:\/\/www2.unifap.br\/letraslibras\/wp-json\/wp\/v2\/pages\/1429","targetHints":{"allow":["GET"]}}],"collection":[{"href":"https:\/\/www2.unifap.br\/letraslibras\/wp-json\/wp\/v2\/pages"}],"about":[{"href":"https:\/\/www2.unifap.br\/letraslibras\/wp-json\/wp\/v2\/types\/page"}],"author":[{"embeddable":true,"href":"https:\/\/www2.unifap.br\/letraslibras\/wp-json\/wp\/v2\/users\/3951"}],"replies":[{"embeddable":true,"href":"https:\/\/www2.unifap.br\/letraslibras\/wp-json\/wp\/v2\/comments?post=1429"}],"version-history":[{"count":5,"href":"https:\/\/www2.unifap.br\/letraslibras\/wp-json\/wp\/v2\/pages\/1429\/revisions"}],"predecessor-version":[{"id":1434,"href":"https:\/\/www2.unifap.br\/letraslibras\/wp-json\/wp\/v2\/pages\/1429\/revisions\/1434"}],"up":[{"embeddable":true,"href":"https:\/\/www2.unifap.br\/letraslibras\/wp-json\/wp\/v2\/pages\/367"}],"wp:attachment":[{"href":"https:\/\/www2.unifap.br\/letraslibras\/wp-json\/wp\/v2\/media?parent=1429"}],"curies":[{"name":"wp","href":"https:\/\/api.w.org\/{rel}","templated":true}]}}