{"id":1435,"date":"2024-03-14T01:06:45","date_gmt":"2024-03-14T01:06:45","guid":{"rendered":"https:\/\/www2.unifap.br\/letraslibras\/?page_id=1435"},"modified":"2025-07-08T17:12:08","modified_gmt":"2025-07-08T17:12:08","slug":"equipe-de-interpretes","status":"publish","type":"page","link":"https:\/\/www2.unifap.br\/letraslibras\/equipe-de-interpretes\/","title":{"rendered":"Equipe de int\u00e9rpretes"},"content":{"rendered":"\t\t<div data-elementor-type=\"wp-page\" data-elementor-id=\"1435\" class=\"elementor elementor-1435\">\n\t\t\t\t\t\t<section class=\"elementor-section elementor-top-section elementor-element elementor-element-7da047ef elementor-section-boxed elementor-section-height-default elementor-section-height-default\" data-id=\"7da047ef\" data-element_type=\"section\" data-e-type=\"section\">\n\t\t\t\t\t\t<div class=\"elementor-container elementor-column-gap-default\">\n\t\t\t\t\t<div class=\"elementor-column elementor-col-100 elementor-top-column elementor-element elementor-element-29fb9bdf\" data-id=\"29fb9bdf\" data-element_type=\"column\" data-e-type=\"column\">\n\t\t\t<div class=\"elementor-widget-wrap elementor-element-populated\">\n\t\t\t\t\t\t<div class=\"elementor-element elementor-element-405f7c86 elementor-widget elementor-widget-text-editor\" data-id=\"405f7c86\" data-element_type=\"widget\" data-e-type=\"widget\" data-widget_type=\"text-editor.default\">\n\t\t\t\t<div class=\"elementor-widget-container\">\n\t\t\t\t\t\t\t\t\t<header><h1 class=\"entry-title\">Orienta\u00e7\u00f5es sobre servi\u00e7o de Tradu\u00e7\u00e3o e Interpreta\u00e7\u00e3o em Libras<\/h1><div class=\"entry-content\"><h3>Comunicamos que os servi\u00e7os de tradu\u00e7\u00e3o e interpreta\u00e7\u00e3o de Libras realizados pela equipe de int\u00e9rpretes da Universidade Federal do Amap\u00e1 s\u00e3o realizados a partir de alguns crit\u00e9rios.\u00a0<a href=\"http:\/\/www2.unifap.br\/letraslibras\/files\/2024\/03\/Orientac%CC%A7o%CC%83es-sobre-a-Solicitac%CC%A7a%CC%83o-de-Servic%CC%A7os-de-Traduc%CC%A7a%CC%83o-e-Interpretac%CC%A7a%CC%83o-de-Libras-.pdf\">Clique aqui<\/a>\u00a0para conhec\u00ea-los.\u00a0<\/h3><h3>E-mail para contato com int\u00e9rpretes<strong>: tilsunifap@gmail.com<\/strong><\/h3><\/div><\/header><h1 class=\"entry-title\">Equipe de Int\u00e9rpretes e Tradutores de Libras<\/h1><div><div data-elementor-type=\"wp-post\" data-elementor-id=\"559\"><section data-id=\"6e051c7f\" data-element_type=\"section\"><div data-id=\"7748d0e1\" data-element_type=\"widget\" data-widget_type=\"text-editor.default\"><p><a href=\"http:\/\/www2.unifap.br\/letraslibras\/files\/2024\/03\/heliton.jpg\"><img fetchpriority=\"high\" decoding=\"async\" class=\"alignnone wp-image-1436\" src=\"http:\/\/www2.unifap.br\/letraslibras\/files\/2024\/03\/heliton-293x300.jpg\" alt=\"\" width=\"255\" height=\"261\" srcset=\"https:\/\/www2.unifap.br\/letraslibras\/files\/2024\/03\/heliton-293x300.jpg 293w, https:\/\/www2.unifap.br\/letraslibras\/files\/2024\/03\/heliton-147x150.jpg 147w, https:\/\/www2.unifap.br\/letraslibras\/files\/2024\/03\/heliton.jpg 310w\" sizes=\"(max-width: 255px) 100vw, 255px\" \/><\/a>HELITON SOUZA SILVA<\/p><p><a href=\"http:\/\/www2.unifap.br\/letraslibras\/files\/2024\/03\/maykon.jpg\"><img decoding=\"async\" class=\"alignnone wp-image-1437\" src=\"http:\/\/www2.unifap.br\/letraslibras\/files\/2024\/03\/maykon-300x300.jpg\" alt=\"\" width=\"245\" height=\"245\" srcset=\"https:\/\/www2.unifap.br\/letraslibras\/files\/2024\/03\/maykon-300x300.jpg 300w, https:\/\/www2.unifap.br\/letraslibras\/files\/2024\/03\/maykon-150x150.jpg 150w, https:\/\/www2.unifap.br\/letraslibras\/files\/2024\/03\/maykon-768x768.jpg 768w, https:\/\/www2.unifap.br\/letraslibras\/files\/2024\/03\/maykon.jpg 863w\" sizes=\"(max-width: 245px) 100vw, 245px\" \/><\/a>MAYKON CARVALHO QUEIROZ<\/p><p><a href=\"http:\/\/www2.unifap.br\/letraslibras\/files\/2024\/03\/ro.jpg\"><img decoding=\"async\" class=\"alignnone wp-image-1438\" src=\"http:\/\/www2.unifap.br\/letraslibras\/files\/2024\/03\/ro-300x300.jpg\" alt=\"\" width=\"242\" height=\"242\" srcset=\"https:\/\/www2.unifap.br\/letraslibras\/files\/2024\/03\/ro-300x300.jpg 300w, https:\/\/www2.unifap.br\/letraslibras\/files\/2024\/03\/ro-150x150.jpg 150w, https:\/\/www2.unifap.br\/letraslibras\/files\/2024\/03\/ro.jpg 640w\" sizes=\"(max-width: 242px) 100vw, 242px\" \/><\/a> RODRIGO FERREIRA DOS SANTOS (EM AFASTAMENTO PARA QUALIFICA\u00c7\u00c3O)<\/p><p><a href=\"http:\/\/www2.unifap.br\/letraslibras\/files\/2024\/03\/tati.jpg\"><img loading=\"lazy\" decoding=\"async\" class=\"alignnone wp-image-1440\" src=\"http:\/\/www2.unifap.br\/letraslibras\/files\/2024\/03\/tati-300x296.jpg\" alt=\"\" width=\"242\" height=\"239\" srcset=\"https:\/\/www2.unifap.br\/letraslibras\/files\/2024\/03\/tati-300x296.jpg 300w, https:\/\/www2.unifap.br\/letraslibras\/files\/2024\/03\/tati-150x148.jpg 150w, https:\/\/www2.unifap.br\/letraslibras\/files\/2024\/03\/tati-152x150.jpg 152w, https:\/\/www2.unifap.br\/letraslibras\/files\/2024\/03\/tati.jpg 728w\" sizes=\"(max-width: 242px) 100vw, 242px\" \/><\/a>TATIANA SIRENE DE CARVALHO PANTOJA<\/p><p><a href=\"http:\/\/www2.unifap.br\/letraslibras\/files\/2024\/03\/milene.jpg\"><img loading=\"lazy\" decoding=\"async\" class=\"alignnone size-medium wp-image-1442\" src=\"http:\/\/www2.unifap.br\/letraslibras\/files\/2024\/03\/milene-238x300.jpg\" alt=\"\" width=\"238\" height=\"300\" srcset=\"https:\/\/www2.unifap.br\/letraslibras\/files\/2024\/03\/milene-238x300.jpg 238w, https:\/\/www2.unifap.br\/letraslibras\/files\/2024\/03\/milene-119x150.jpg 119w, https:\/\/www2.unifap.br\/letraslibras\/files\/2024\/03\/milene.jpg 461w\" sizes=\"(max-width: 238px) 100vw, 238px\" \/><\/a> MILENE SUELY DE SOUZA CORDEIRO<\/p><\/div><p>\u00a0<\/p><p><a href=\"http:\/\/www2.unifap.br\/letraslibras\/files\/2025\/07\/Patricia.jpg\"><img loading=\"lazy\" decoding=\"async\" class=\"alignnone  wp-image-2739\" src=\"http:\/\/www2.unifap.br\/letraslibras\/files\/2025\/07\/Patricia.jpg\" alt=\"\" width=\"237\" height=\"319\" srcset=\"https:\/\/www2.unifap.br\/letraslibras\/files\/2025\/07\/Patricia.jpg 151w, https:\/\/www2.unifap.br\/letraslibras\/files\/2025\/07\/Patricia-112x150.jpg 112w\" sizes=\"(max-width: 237px) 100vw, 237px\" \/><\/a> PATR\u00cdCIA WELLEN FERREIRA DO NASCIMENTO<\/p><div data-id=\"7748d0e1\" data-element_type=\"widget\" data-widget_type=\"text-editor.default\"><div class=\"mceTemp\"><br \/><\/div><p>\u00a0<\/p><\/section><\/div><\/div>\t\t\t\t\t\t\t\t<\/div>\n\t\t\t\t<\/div>\n\t\t\t\t\t<\/div>\n\t\t<\/div>\n\t\t\t\t\t<\/div>\n\t\t<\/section>\n\t\t\t\t<\/div>\n\t\t","protected":false},"excerpt":{"rendered":"<p>Orienta\u00e7\u00f5es sobre servi\u00e7o de Tradu\u00e7\u00e3o e Interpreta\u00e7\u00e3o em Libras Comunicamos que os servi\u00e7os de tradu\u00e7\u00e3o e interpreta\u00e7\u00e3o de Libras realizados pela equipe de int\u00e9rpretes da Universidade Federal do Amap\u00e1 s\u00e3o realizados a partir de alguns crit\u00e9rios.\u00a0Clique aqui\u00a0para conhec\u00ea-los.\u00a0 E-mail para contato com int\u00e9rpretes: tilsunifap@gmail.com Equipe de Int\u00e9rpretes e Tradutores de&#8230; <a class=\"continue-reading-link\" href=\"https:\/\/www2.unifap.br\/letraslibras\/equipe-de-interpretes\/\"> Continue reading <span class=\"meta-nav\">&rarr; <\/span><\/a><\/p>\n","protected":false},"author":3951,"featured_media":0,"parent":0,"menu_order":0,"comment_status":"closed","ping_status":"closed","template":"","meta":{"inline_featured_image":false,"ngg_post_thumbnail":0,"footnotes":""},"class_list":["post-1435","page","type-page","status-publish","hentry"],"_links":{"self":[{"href":"https:\/\/www2.unifap.br\/letraslibras\/wp-json\/wp\/v2\/pages\/1435","targetHints":{"allow":["GET"]}}],"collection":[{"href":"https:\/\/www2.unifap.br\/letraslibras\/wp-json\/wp\/v2\/pages"}],"about":[{"href":"https:\/\/www2.unifap.br\/letraslibras\/wp-json\/wp\/v2\/types\/page"}],"author":[{"embeddable":true,"href":"https:\/\/www2.unifap.br\/letraslibras\/wp-json\/wp\/v2\/users\/3951"}],"replies":[{"embeddable":true,"href":"https:\/\/www2.unifap.br\/letraslibras\/wp-json\/wp\/v2\/comments?post=1435"}],"version-history":[{"count":39,"href":"https:\/\/www2.unifap.br\/letraslibras\/wp-json\/wp\/v2\/pages\/1435\/revisions"}],"predecessor-version":[{"id":2772,"href":"https:\/\/www2.unifap.br\/letraslibras\/wp-json\/wp\/v2\/pages\/1435\/revisions\/2772"}],"wp:attachment":[{"href":"https:\/\/www2.unifap.br\/letraslibras\/wp-json\/wp\/v2\/media?parent=1435"}],"curies":[{"name":"wp","href":"https:\/\/api.w.org\/{rel}","templated":true}]}}