{"id":1622,"date":"2024-04-10T17:31:47","date_gmt":"2024-04-10T17:31:47","guid":{"rendered":"https:\/\/www2.unifap.br\/letraslibras\/?page_id=1622"},"modified":"2024-11-23T17:41:43","modified_gmt":"2024-11-23T17:41:43","slug":"colacao-de-grau","status":"publish","type":"page","link":"https:\/\/www2.unifap.br\/letraslibras\/colacao-de-grau\/","title":{"rendered":"Cola\u00e7\u00e3o de Grau"},"content":{"rendered":"\t\t<div data-elementor-type=\"wp-page\" data-elementor-id=\"1622\" class=\"elementor elementor-1622\">\n\t\t\t\t\t\t<section class=\"elementor-section elementor-top-section elementor-element elementor-element-6d5d30c elementor-section-boxed elementor-section-height-default elementor-section-height-default\" data-id=\"6d5d30c\" data-element_type=\"section\" data-e-type=\"section\">\n\t\t\t\t\t\t<div class=\"elementor-container elementor-column-gap-default\">\n\t\t\t\t\t<div class=\"elementor-column elementor-col-100 elementor-top-column elementor-element elementor-element-74480d4\" data-id=\"74480d4\" data-element_type=\"column\" data-e-type=\"column\">\n\t\t\t<div class=\"elementor-widget-wrap elementor-element-populated\">\n\t\t\t\t\t\t<div class=\"elementor-element elementor-element-9577914 elementor-widget elementor-widget-image\" data-id=\"9577914\" data-element_type=\"widget\" data-e-type=\"widget\" data-widget_type=\"image.default\">\n\t\t\t\t<div class=\"elementor-widget-container\">\n\t\t\t\t\t\t\t\t\t\t\t\t\t\t\t<img fetchpriority=\"high\" decoding=\"async\" width=\"390\" height=\"260\" src=\"https:\/\/www2.unifap.br\/letraslibras\/files\/2024\/04\/Banner-Mobile-Colacao-de-Grau.png\" class=\"attachment-large size-large wp-image-1623\" alt=\"\" srcset=\"https:\/\/www2.unifap.br\/letraslibras\/files\/2024\/04\/Banner-Mobile-Colacao-de-Grau.png 390w, https:\/\/www2.unifap.br\/letraslibras\/files\/2024\/04\/Banner-Mobile-Colacao-de-Grau-300x200.png 300w, https:\/\/www2.unifap.br\/letraslibras\/files\/2024\/04\/Banner-Mobile-Colacao-de-Grau-150x100.png 150w, https:\/\/www2.unifap.br\/letraslibras\/files\/2024\/04\/Banner-Mobile-Colacao-de-Grau-225x150.png 225w\" sizes=\"(max-width: 390px) 100vw, 390px\" \/>\t\t\t\t\t\t\t\t\t\t\t\t\t\t\t<\/div>\n\t\t\t\t<\/div>\n\t\t\t\t\t<\/div>\n\t\t<\/div>\n\t\t\t\t\t<\/div>\n\t\t<\/section>\n\t\t\t\t<section class=\"elementor-section elementor-top-section elementor-element elementor-element-9fce61f elementor-section-boxed elementor-section-height-default elementor-section-height-default\" data-id=\"9fce61f\" data-element_type=\"section\" data-e-type=\"section\">\n\t\t\t\t\t\t<div class=\"elementor-container elementor-column-gap-default\">\n\t\t\t\t\t<div class=\"elementor-column elementor-col-100 elementor-top-column elementor-element elementor-element-a8991ae\" data-id=\"a8991ae\" data-element_type=\"column\" data-e-type=\"column\">\n\t\t\t<div class=\"elementor-widget-wrap elementor-element-populated\">\n\t\t\t\t\t\t<div class=\"elementor-element elementor-element-5690cf5 elementor-widget elementor-widget-text-editor\" data-id=\"5690cf5\" data-element_type=\"widget\" data-e-type=\"widget\" data-widget_type=\"text-editor.default\">\n\t\t\t\t<div class=\"elementor-widget-container\">\n\t\t\t\t\t\t\t\t\t<p style=\"margin: 0cm;background-image: initial;background-position: initial;background-size: initial;background-attachment: initial\"><span style=\"font-weight: 700\"><span style=\"font-size: 11.5pt;, sans-serif\">Os documentos necess\u00e1rios para cola\u00e7\u00e3o de grau s\u00e3o:<\/span><\/span><\/p><p style=\"margin: 0cm;background-image: initial;background-position: initial;background-size: initial;background-attachment: initial\"><span style=\"font-size: 11.5pt;, sans-serif\">1. Certid\u00e3o de nascimento\/casamento<\/span><\/p><p style=\"margin: 0cm;background-image: initial;background-position: initial;background-size: initial;background-attachment: initial\"><span style=\"font-size: 11.5pt;, sans-serif\">2. RG<\/span><\/p><p style=\"margin: 0cm;background-image: initial;background-position: initial;background-size: initial;background-attachment: initial\"><span style=\"font-size: 11.5pt;, sans-serif\">3. CPF<\/span><\/p><p style=\"margin: 0cm;background-image: initial;background-position: initial;background-size: initial;background-attachment: initial\"><span style=\"font-size: 11.5pt;, sans-serif\">4. Comprovante de resid\u00eancia atualizado<\/span><\/p><p style=\"margin: 0cm;background-image: initial;background-position: initial;background-size: initial;background-attachment: initial\"><span style=\"font-size: 11.5pt;, sans-serif\">5. Certificado do ensino m\u00e9dio ( com carimbo do NIOE SEED)<\/span><\/p><p style=\"margin: 0cm;background-image: initial;background-position: initial;background-size: initial;background-attachment: initial\"><span style=\"font-size: 11.5pt;, sans-serif\">6. Hist\u00f3rico do ensino m\u00e9dio<\/span><\/p><p style=\"margin: 0cm;background-image: initial;background-position: initial;background-size: initial;background-attachment: initial\"><span style=\"font-size: 11.5pt;, sans-serif\">7. T\u00edtulo de eleitor<\/span><\/p><p style=\"margin: 0cm;background-image: initial;background-position: initial;background-size: initial;background-attachment: initial\"><span style=\"font-size: 11.5pt;, sans-serif\">8. Certid\u00e3o de quita\u00e7\u00e3o eleitoral<\/span><\/p><p style=\"margin: 0cm;background-image: initial;background-position: initial;background-size: initial;background-attachment: initial\"><span style=\"font-size: 11.5pt;, sans-serif\">9. Certificado de reservista (pessoas do sexo masculino)<\/span><\/p><p style=\"margin: 0cm;background-image: initial;background-position: initial;background-size: initial;background-attachment: initial\"><span style=\"font-size: 11.5pt;, sans-serif\">10. Certid\u00e3o de quita\u00e7\u00e3o com a biblioteca (via Sigaa ou na<br>Biblioteca)<\/span><\/p><p style=\"margin: 0cm;background-image: initial;background-position: initial;background-size: initial;background-attachment: initial\"><span style=\"font-size: 11.5pt;, sans-serif\"><br><\/span><\/p><p style=\"margin: 0cm;background-image: initial;background-position: initial;background-size: initial;background-attachment: initial\"><span style=\"font-size: 11.5pt;, sans-serif\">OBS: Essa documenta\u00e7\u00e3o deve ser encaminhada para o e-mail da<br>Coordena\u00e7\u00e3o do curso: letras.libras@unifap.br<\/span><\/p>\t\t\t\t\t\t\t\t<\/div>\n\t\t\t\t<\/div>\n\t\t\t\t\t<\/div>\n\t\t<\/div>\n\t\t\t\t\t<\/div>\n\t\t<\/section>\n\t\t\t\t<section class=\"elementor-section elementor-top-section elementor-element elementor-element-db8a13a elementor-section-boxed elementor-section-height-default elementor-section-height-default\" data-id=\"db8a13a\" data-element_type=\"section\" data-e-type=\"section\">\n\t\t\t\t\t\t<div class=\"elementor-container elementor-column-gap-default\">\n\t\t\t\t\t<div class=\"elementor-column elementor-col-100 elementor-top-column elementor-element elementor-element-685b8a1\" data-id=\"685b8a1\" data-element_type=\"column\" data-e-type=\"column\">\n\t\t\t<div class=\"elementor-widget-wrap elementor-element-populated\">\n\t\t\t\t\t\t<div class=\"elementor-element elementor-element-93cbaa2 elementor-widget elementor-widget-heading\" data-id=\"93cbaa2\" data-element_type=\"widget\" data-e-type=\"widget\" data-widget_type=\"heading.default\">\n\t\t\t\t<div class=\"elementor-widget-container\">\n\t\t\t\t\t<h2 class=\"elementor-heading-title elementor-size-default\">Cola\u00e7\u00e3o de grau (2025)<\/h2>\t\t\t\t<\/div>\n\t\t\t\t<\/div>\n\t\t\t\t\t<\/div>\n\t\t<\/div>\n\t\t\t\t\t<\/div>\n\t\t<\/section>\n\t\t\t\t<section class=\"elementor-section elementor-top-section elementor-element elementor-element-a3a085b elementor-section-boxed elementor-section-height-default elementor-section-height-default\" data-id=\"a3a085b\" data-element_type=\"section\" data-e-type=\"section\">\n\t\t\t\t\t\t<div class=\"elementor-container elementor-column-gap-default\">\n\t\t\t\t\t<div class=\"elementor-column elementor-col-100 elementor-top-column elementor-element elementor-element-c67c37e\" data-id=\"c67c37e\" data-element_type=\"column\" data-e-type=\"column\">\n\t\t\t<div class=\"elementor-widget-wrap elementor-element-populated\">\n\t\t\t\t\t\t<div class=\"elementor-element elementor-element-e59842b elementor-widget elementor-widget-text-editor\" data-id=\"e59842b\" data-element_type=\"widget\" data-e-type=\"widget\" data-widget_type=\"text-editor.default\">\n\t\t\t\t<div class=\"elementor-widget-container\">\n\t\t\t\t\t\t\t\t\t<p dir=\"ltr\">A Cola\u00e7\u00e3o de Grau dos alunos concluintes do semestre letivo 2024.1 e dos alunos remanescentes:<\/p><p dir=\"ltr\">Cronograma de Atividades:<\/p><ul><li dir=\"ltr\"><p dir=\"ltr\">10 a 21\/12\/2024: Per\u00edodo de solicita\u00e7\u00e3o de Cola\u00e7\u00e3o de Grau \u00e0 Coordena\u00e7\u00e3o de Curso, destinado aos concluintes de 2024.1 e alunos remanescentes (via e-mail).<\/p><\/li><li dir=\"ltr\"><p dir=\"ltr\">23\/12\/2024 a 04\/01\/2025: Recesso de Final de Ano.<\/p><\/li><li dir=\"ltr\"><p dir=\"ltr\">06 a 10\/01\/2025: An\u00e1lise das solicita\u00e7\u00f5es de Cola\u00e7\u00e3o de Grau pela Coordena\u00e7\u00e3o de Curso, com envio das informa\u00e7\u00f5es aos Departamentos Acad\u00eamicos\/Campi via SIPAC (Coordena\u00e7\u00e3o de Curso).<\/p><\/li><li dir=\"ltr\"><p dir=\"ltr\">13 a 24\/01\/2025: Abertura dos Processos de Cola\u00e7\u00e3o de Grau pelos Departamentos Acad\u00eamicos e envio ao DERCA via SIPAC (Departamento Acad\u00eamico).<\/p><\/li><li dir=\"ltr\"><p dir=\"ltr\">27\/01 a 24\/02\/2025: An\u00e1lise dos processos pela DICA e DIRD.<\/p><\/li><li dir=\"ltr\"><p dir=\"ltr\">25\/02\/2025: Divulga\u00e7\u00e3o do resultado da an\u00e1lise dos Processos de Cola\u00e7\u00e3o de Grau pela DIRD.<\/p><\/li><li dir=\"ltr\"><p dir=\"ltr\">28\/02\/2025: Publica\u00e7\u00e3o da lista de alunos aptos \u00e0 Cola\u00e7\u00e3o de Grau pela DIRD.<\/p><\/li><li dir=\"ltr\"><p dir=\"ltr\">06 e 07\/03\/2025: Prazo final para resolu\u00e7\u00e3o de pend\u00eancias documentais relacionadas \u00e0 Cola\u00e7\u00e3o de Grau (via DERCA).<\/p><\/li><li dir=\"ltr\"><p dir=\"ltr\">10 a 31\/03\/2025: Realiza\u00e7\u00e3o das cerim\u00f4nias de Cola\u00e7\u00e3o de Grau, organizadas pela PROGRAD\/DERCA.<\/p><\/li><\/ul><p dir=\"ltr\">Informa\u00e7\u00f5es Adicionais:<\/p><p dir=\"ltr\">As cerim\u00f4nias de Cola\u00e7\u00e3o de Grau ser\u00e3o organizadas pelos Departamentos Acad\u00eamicos\/ Campi, conforme o quantitativo de alunos aptos por curso. O cronograma com a data, hor\u00e1rio e local de cada cerim\u00f4nia ser\u00e1 divulgado a partir de 28\/02\/2025.<\/p><p dir=\"ltr\">Outras orienta\u00e7\u00f5es relacionadas \u00e0s etapas e procedimentos ser\u00e3o comunicadas pela PROGRAD por meio do SIPAC, site oficial e redes sociais da UNIFAP.<\/p>\t\t\t\t\t\t\t\t<\/div>\n\t\t\t\t<\/div>\n\t\t\t\t\t<\/div>\n\t\t<\/div>\n\t\t\t\t\t<\/div>\n\t\t<\/section>\n\t\t\t\t<\/div>\n\t\t","protected":false},"excerpt":{"rendered":"<p>Os documentos necess\u00e1rios para cola\u00e7\u00e3o de grau s\u00e3o: 1. Certid\u00e3o de nascimento\/casamento 2. RG 3. CPF 4. Comprovante de resid\u00eancia atualizado 5. Certificado do ensino m\u00e9dio ( com carimbo do NIOE SEED) 6. Hist\u00f3rico do ensino m\u00e9dio 7. T\u00edtulo de eleitor 8. Certid\u00e3o de quita\u00e7\u00e3o eleitoral 9. Certificado de reservista&#8230; <a class=\"continue-reading-link\" href=\"https:\/\/www2.unifap.br\/letraslibras\/colacao-de-grau\/\"> Continue reading <span class=\"meta-nav\">&rarr; <\/span><\/a><\/p>\n","protected":false},"author":3951,"featured_media":0,"parent":0,"menu_order":0,"comment_status":"closed","ping_status":"closed","template":"","meta":{"inline_featured_image":false,"ngg_post_thumbnail":0,"footnotes":""},"class_list":["post-1622","page","type-page","status-publish","hentry"],"_links":{"self":[{"href":"https:\/\/www2.unifap.br\/letraslibras\/wp-json\/wp\/v2\/pages\/1622","targetHints":{"allow":["GET"]}}],"collection":[{"href":"https:\/\/www2.unifap.br\/letraslibras\/wp-json\/wp\/v2\/pages"}],"about":[{"href":"https:\/\/www2.unifap.br\/letraslibras\/wp-json\/wp\/v2\/types\/page"}],"author":[{"embeddable":true,"href":"https:\/\/www2.unifap.br\/letraslibras\/wp-json\/wp\/v2\/users\/3951"}],"replies":[{"embeddable":true,"href":"https:\/\/www2.unifap.br\/letraslibras\/wp-json\/wp\/v2\/comments?post=1622"}],"version-history":[{"count":9,"href":"https:\/\/www2.unifap.br\/letraslibras\/wp-json\/wp\/v2\/pages\/1622\/revisions"}],"predecessor-version":[{"id":2510,"href":"https:\/\/www2.unifap.br\/letraslibras\/wp-json\/wp\/v2\/pages\/1622\/revisions\/2510"}],"wp:attachment":[{"href":"https:\/\/www2.unifap.br\/letraslibras\/wp-json\/wp\/v2\/media?parent=1622"}],"curies":[{"name":"wp","href":"https:\/\/api.w.org\/{rel}","templated":true}]}}