{"id":1695,"date":"2024-04-25T03:19:19","date_gmt":"2024-04-25T03:19:19","guid":{"rendered":"https:\/\/www2.unifap.br\/letraslibras\/?page_id=1695"},"modified":"2024-04-25T03:21:32","modified_gmt":"2024-04-25T03:21:32","slug":"psicolinguistica","status":"publish","type":"page","link":"https:\/\/www2.unifap.br\/letraslibras\/materiais-didaticos-traduzidos-em-libras\/disciplinas\/psicolinguistica\/","title":{"rendered":"Psicolingu\u00edstica"},"content":{"rendered":"<p>Texto 1: PEREIRA, Vera Wannamacher ( et al.). Compreens\u00e3o e processamento da leitura : uma vis\u00e3opsicolingu\u00edstica [grava\u00e7\u00e3o de som]. Porto Alegre : EDIPUCRS, [2015]. Dispon\u00edvel em: <a href=\"https:\/\/editora.pucrs.br\/edipucrs\/acessolivre\/Ebooks\/\/audio\/cpl\/\">https:\/\/editora.pucrs.br\/edipucrs\/acessolivre\/Ebooks\/\/audio\/cpl\/<\/a>. Acesso em 9 ago. 2018.<\/p>\n<p>Tradu\u00e7\u00e3o em Libras:&nbsp;<\/p>\n<ul>\n<li><a href=\"https:\/\/www.youtube.com\/watch?v=SwtvoA4DmGE\">Cap\u00edtulo 3: Processamento da leitura<\/a><\/li>\n<li><a href=\"https:\/\/www.youtube.com\/watch?v=evFaGF1gpzU\">Cap\u00edtulo 5: Leitura e consci\u00eancia<\/a><\/li>\n<\/ul>\n","protected":false},"excerpt":{"rendered":"<p>Texto 1: PEREIRA, Vera Wannamacher ( et al.). Compreens\u00e3o e processamento da leitura : uma vis\u00e3opsicolingu\u00edstica [grava\u00e7\u00e3o de som]. Porto Alegre : EDIPUCRS, [2015]. Dispon\u00edvel em: https:\/\/editora.pucrs.br\/edipucrs\/acessolivre\/Ebooks\/\/audio\/cpl\/. Acesso em 9 ago. 2018. Tradu\u00e7\u00e3o em Libras:&nbsp; Cap\u00edtulo 3: Processamento da leitura Cap\u00edtulo 5: Leitura e consci\u00eancia<\/p>\n","protected":false},"author":3951,"featured_media":0,"parent":1687,"menu_order":0,"comment_status":"closed","ping_status":"closed","template":"","meta":{"inline_featured_image":false,"ngg_post_thumbnail":0,"footnotes":""},"class_list":["post-1695","page","type-page","status-publish","hentry"],"_links":{"self":[{"href":"https:\/\/www2.unifap.br\/letraslibras\/wp-json\/wp\/v2\/pages\/1695","targetHints":{"allow":["GET"]}}],"collection":[{"href":"https:\/\/www2.unifap.br\/letraslibras\/wp-json\/wp\/v2\/pages"}],"about":[{"href":"https:\/\/www2.unifap.br\/letraslibras\/wp-json\/wp\/v2\/types\/page"}],"author":[{"embeddable":true,"href":"https:\/\/www2.unifap.br\/letraslibras\/wp-json\/wp\/v2\/users\/3951"}],"replies":[{"embeddable":true,"href":"https:\/\/www2.unifap.br\/letraslibras\/wp-json\/wp\/v2\/comments?post=1695"}],"version-history":[{"count":3,"href":"https:\/\/www2.unifap.br\/letraslibras\/wp-json\/wp\/v2\/pages\/1695\/revisions"}],"predecessor-version":[{"id":1698,"href":"https:\/\/www2.unifap.br\/letraslibras\/wp-json\/wp\/v2\/pages\/1695\/revisions\/1698"}],"up":[{"embeddable":true,"href":"https:\/\/www2.unifap.br\/letraslibras\/wp-json\/wp\/v2\/pages\/1687"}],"wp:attachment":[{"href":"https:\/\/www2.unifap.br\/letraslibras\/wp-json\/wp\/v2\/media?parent=1695"}],"curies":[{"name":"wp","href":"https:\/\/api.w.org\/{rel}","templated":true}]}}