{"id":1699,"date":"2024-04-25T03:25:58","date_gmt":"2024-04-25T03:25:58","guid":{"rendered":"https:\/\/www2.unifap.br\/letraslibras\/?page_id=1699"},"modified":"2024-07-17T15:37:23","modified_gmt":"2024-07-17T15:37:23","slug":"sintaxe","status":"publish","type":"page","link":"https:\/\/www2.unifap.br\/letraslibras\/materiais-didaticos-traduzidos-em-libras\/disciplinas\/sintaxe\/","title":{"rendered":"Sem\u00e2ntica e Pragm\u00e1tica"},"content":{"rendered":"<p>Texto 1: MCCLEARY, Leland; VIOTTI, Evani. Unidade I. In: <strong>Sem\u00e2ntica e Pragm\u00e1tica<\/strong>. Florian\u00f3polis: LLV\/CCE\/UFSC, 2009. Textos Did\u00e1ticos do Curso de Licenciatura e Bacharelado em Letras \u2013Libras na modalidade \u00e0 dist\u00e2ncia, p. 4-10.<\/p>\n<p><a href=\"http:\/\/www2.unifap.br\/letraslibras\/files\/2024\/05\/1-SemanticaPragmatica_McCleary_Viotti-3.pdf\">PDF<\/a><\/p>\n<p><a href=\"https:\/\/www.youtube.com\/watch?v=Vke_yhy23ws\">Tradu\u00e7\u00e3o em Libras<\/a><\/p>\n<p>Texto 2: <span style=\"font-weight: 400\">SILVA, Leilane Ramos da. <\/span><b>Sem\u00e2ntica e Pragm\u00e1tica<\/b><span style=\"font-weight: 400\">. S\u00e3o Crist\u00f3v\u00e3o: Universidade Federal de Sergipe, CESAD, 2011, p. 19-32.&nbsp;<\/span><\/p>\n<p><a href=\"http:\/\/www2.unifap.br\/letraslibras\/files\/2024\/06\/Correntes-semanticas.pdf\">PDF<\/a><\/p>\n<p><a href=\"https:\/\/www.youtube.com\/watch?v=nEmX7CvJ-LA\">Tradu\u00e7\u00e3o em Libras<\/a><\/p>\n<p>Texto 3: SILVA, Leilane Ramos da.&nbsp;<strong>Sem\u00e2ntica e Pragm\u00e1tica<\/strong>. S\u00e3o Crist\u00f3v\u00e3o: Universidade Federal de Sergipe, CESAD, 2011, p. 52-70.&nbsp;<\/p>\n<p><a href=\"http:\/\/www2.unifap.br\/letraslibras\/files\/2024\/07\/Semantica-Cognitiva-texto-2-1.pdf\">PDF<\/a><\/p>\n<p><a href=\"https:\/\/www.youtube.com\/watch?v=D9cldYgljnI\">Tradu\u00e7\u00e3o em Libras<\/a><\/p>\n","protected":false},"excerpt":{"rendered":"<p>Texto 1: MCCLEARY, Leland; VIOTTI, Evani. Unidade I. In: Sem\u00e2ntica e Pragm\u00e1tica. Florian\u00f3polis: LLV\/CCE\/UFSC, 2009. Textos Did\u00e1ticos do Curso de Licenciatura e Bacharelado em Letras \u2013Libras na modalidade \u00e0 dist\u00e2ncia, p. 4-10. PDF Tradu\u00e7\u00e3o em Libras Texto 2: SILVA, Leilane Ramos da. Sem\u00e2ntica e Pragm\u00e1tica. S\u00e3o Crist\u00f3v\u00e3o: Universidade Federal de&#8230; <a class=\"continue-reading-link\" href=\"https:\/\/www2.unifap.br\/letraslibras\/materiais-didaticos-traduzidos-em-libras\/disciplinas\/sintaxe\/\"> Continue reading <span class=\"meta-nav\">&rarr; <\/span><\/a><\/p>\n","protected":false},"author":3951,"featured_media":0,"parent":1687,"menu_order":0,"comment_status":"closed","ping_status":"closed","template":"","meta":{"inline_featured_image":false,"ngg_post_thumbnail":0,"footnotes":""},"class_list":["post-1699","page","type-page","status-publish","hentry"],"_links":{"self":[{"href":"https:\/\/www2.unifap.br\/letraslibras\/wp-json\/wp\/v2\/pages\/1699","targetHints":{"allow":["GET"]}}],"collection":[{"href":"https:\/\/www2.unifap.br\/letraslibras\/wp-json\/wp\/v2\/pages"}],"about":[{"href":"https:\/\/www2.unifap.br\/letraslibras\/wp-json\/wp\/v2\/types\/page"}],"author":[{"embeddable":true,"href":"https:\/\/www2.unifap.br\/letraslibras\/wp-json\/wp\/v2\/users\/3951"}],"replies":[{"embeddable":true,"href":"https:\/\/www2.unifap.br\/letraslibras\/wp-json\/wp\/v2\/comments?post=1699"}],"version-history":[{"count":10,"href":"https:\/\/www2.unifap.br\/letraslibras\/wp-json\/wp\/v2\/pages\/1699\/revisions"}],"predecessor-version":[{"id":1927,"href":"https:\/\/www2.unifap.br\/letraslibras\/wp-json\/wp\/v2\/pages\/1699\/revisions\/1927"}],"up":[{"embeddable":true,"href":"https:\/\/www2.unifap.br\/letraslibras\/wp-json\/wp\/v2\/pages\/1687"}],"wp:attachment":[{"href":"https:\/\/www2.unifap.br\/letraslibras\/wp-json\/wp\/v2\/media?parent=1699"}],"curies":[{"name":"wp","href":"https:\/\/api.w.org\/{rel}","templated":true}]}}