{"id":17,"date":"2014-07-17T05:19:37","date_gmt":"2014-07-17T05:19:37","guid":{"rendered":"http:\/\/www2.unifap.br\/letraslibras\/?page_id=17"},"modified":"2025-07-08T00:15:02","modified_gmt":"2025-07-08T00:15:02","slug":"corpo-docente","status":"publish","type":"page","link":"https:\/\/www2.unifap.br\/letraslibras\/corpo-docente\/","title":{"rendered":"Corpo Docente"},"content":{"rendered":"\t\t<div data-elementor-type=\"wp-post\" data-elementor-id=\"17\" class=\"elementor elementor-17\">\n\t\t\t\t\t\t<section class=\"elementor-section elementor-top-section elementor-element elementor-element-135a9489 elementor-section-boxed elementor-section-height-default elementor-section-height-default\" data-id=\"135a9489\" data-element_type=\"section\" data-e-type=\"section\">\n\t\t\t\t\t\t<div class=\"elementor-container elementor-column-gap-default\">\n\t\t\t\t\t<div class=\"elementor-column elementor-col-100 elementor-top-column elementor-element elementor-element-194017d5\" data-id=\"194017d5\" data-element_type=\"column\" data-e-type=\"column\">\n\t\t\t<div class=\"elementor-widget-wrap elementor-element-populated\">\n\t\t\t\t\t\t<div class=\"elementor-element elementor-element-3dc41a87 elementor-widget elementor-widget-text-editor\" data-id=\"3dc41a87\" data-element_type=\"widget\" data-e-type=\"widget\" data-widget_type=\"text-editor.default\">\n\t\t\t\t<div class=\"elementor-widget-container\">\n\t\t\t\t\t\t\t\t\t<ol><li><p>O colegiado de Letras Libras Portugu\u00eas possui um corpo docente composto por professores\/as com forma\u00e7\u00e3o nas \u00e1reas de Libras, Lingu\u00edstica, L\u00edngua Portuguesa como L2 e Educa\u00e7\u00e3o de Surdos.<\/p><\/li><\/ol><h4><img decoding=\"async\" class=\"\" src=\"http:\/\/www2.unifap.br\/letraslibras\/files\/2014\/07\/abymael.png\" alt=\"\" width=\"144\" height=\"133\" \/> Prof. Especialista Abymael Pereira &#8211; <a href=\"http:\/\/lattes.cnpq.br\/7962202443810103\">Curr\u00edculo Lattes<\/a><\/h4><h4><img decoding=\"async\" class=\"\" src=\"http:\/\/www2.unifap.br\/letraslibras\/files\/2019\/12\/DIL.jpg\" alt=\"\" width=\"144\" height=\"144\" \/> Profa. Mestra Edleide Lima &#8211;\u00a0<a href=\"http:\/\/lattes.cnpq.br\/4617014440766923\">Curr\u00edculo Lattes<\/a><\/h4><h4><img decoding=\"async\" class=\"\" src=\"http:\/\/www2.unifap.br\/letraslibras\/files\/2023\/01\/WhatsApp-Image-2023-01-16-at-12.24.54-1.jpeg\" alt=\"\" width=\"147\" height=\"146\" \/> Prof. Esp. Hegon Favacho &#8211; <a href=\"http:\/\/lattes.cnpq.br\/5912009281264645\">Curr\u00edculo Lattes<\/a><\/h4><h4><img loading=\"lazy\" decoding=\"async\" class=\"\" src=\"http:\/\/www2.unifap.br\/letraslibras\/files\/2023\/01\/WhatsApp-Image-2023-01-16-at-12.01.36.jpeg\" alt=\"\" width=\"133\" height=\"169\" \/> Profa. Doutoranda Marceline Guedes &#8211; <a href=\"http:\/\/lattes.cnpq.br\/4506185842901085\">Curr\u00edculo Lattes<\/a><\/h4><h4><img loading=\"lazy\" decoding=\"async\" class=\"\" src=\"http:\/\/www2.unifap.br\/letraslibras\/files\/2019\/11\/73092218_560986594730488_1448338701136290115_n.jpg\" alt=\"\" width=\"142\" height=\"142\" \/> Prof. Doutorando Melque Lima &#8211; <a href=\"http:\/\/lattes.cnpq.br\/2386122748308000\">Curr\u00edculo Lattes<\/a><\/h4><h4><img loading=\"lazy\" decoding=\"async\" class=\"\" src=\"http:\/\/www2.unifap.br\/letraslibras\/files\/2019\/11\/WhatsApp-Image-2019-11-19-at-11.52.40-AM.jpeg\" alt=\"\" width=\"141\" height=\"145\" \/> Profa. Dra. Martha Zoni &#8211; <a href=\"http:\/\/lattes.cnpq.br\/6080220601150647\">Curr\u00edculo Lattes<\/a><\/h4><h4><img loading=\"lazy\" decoding=\"async\" class=\"\" src=\"http:\/\/www2.unifap.br\/letraslibras\/files\/2014\/07\/10294381_737522749626340_1910679740070073704_n.jpg\" alt=\"\" width=\"140\" height=\"169\" \/> Profa. Doutoranda Josy Vit\u00f3ria &#8211; <a href=\"http:\/\/lattes.cnpq.br\/6747047806840412\">Curr\u00edculo Lattes<\/a><\/h4><h4><img loading=\"lazy\" decoding=\"async\" class=\"\" src=\"http:\/\/www2.unifap.br\/letraslibras\/files\/2014\/07\/nat.jpg\" alt=\"\" width=\"139\" height=\"170\" \/> Profa. Doutoranda Nat\u00e1lia Vaconcelos &#8211; <a href=\"http:\/\/lattes.cnpq.br\/4147570504598344\">Curr\u00edculo Lattes<\/a><\/h4><h4><img loading=\"lazy\" decoding=\"async\" class=\"\" src=\"http:\/\/www2.unifap.br\/letraslibras\/files\/2019\/11\/67836381_2502922936470199_5948941527899176960_n.jpg\" alt=\"\" width=\"140\" height=\"140\" \/> Profa. Mestranda P\u00e2mella Cunha &#8211; <a href=\"http:\/\/lattes.cnpq.br\/7359009019139369\">Curr\u00edculo Lattes<\/a><\/h4><h4><img loading=\"lazy\" decoding=\"async\" class=\"\" src=\"http:\/\/www2.unifap.br\/letraslibras\/files\/2019\/11\/42886030_2197349280299810_8208769541698748416_o.jpg\" alt=\"\" width=\"143\" height=\"214\" \/> Prof. Dr. Ronaldo Manass\u00e9s &#8211; <a href=\"http:\/\/lattes.cnpq.br\/0804552014423002\">Curr\u00edculo Lattes<\/a><\/h4><h4><img loading=\"lazy\" decoding=\"async\" class=\"\" src=\"http:\/\/www2.unifap.br\/letraslibras\/files\/2023\/01\/WhatsApp-Image-2023-01-16-at-16.02.01.jpeg\" alt=\"\" width=\"144\" height=\"144\" \/> Profa. Dra. S\u00e2mela Ramos &#8211; <a href=\"http:\/\/lattes.cnpq.br\/3021091714866840\">Curr\u00edculo Lattes<\/a><\/h4><h4><img loading=\"lazy\" decoding=\"async\" class=\"\" src=\"http:\/\/www2.unifap.br\/letraslibras\/files\/2023\/01\/WhatsApp-Image-2023-01-16-at-12.01.33.jpeg\" alt=\"\" width=\"146\" height=\"134\" \/> Prof. Doutorando Willian <span style=\"color: #1a1a1a;font-family: inherit, serif\">J\u00f4natas <\/span>&#8211; <a href=\"http:\/\/lattes.cnpq.br\/2065919695393339\">Curr\u00edculo Lattes<\/a><\/h4><h4><a href=\"http:\/\/www2.unifap.br\/letraslibras\/files\/2024\/02\/cLEO.jpg\"><img loading=\"lazy\" decoding=\"async\" class=\"alignnone wp-image-1137\" src=\"http:\/\/www2.unifap.br\/letraslibras\/files\/2024\/02\/cLEO-300x300.jpg\" alt=\"\" width=\"145\" height=\"145\" srcset=\"https:\/\/www2.unifap.br\/letraslibras\/files\/2024\/02\/cLEO-300x300.jpg 300w, https:\/\/www2.unifap.br\/letraslibras\/files\/2024\/02\/cLEO-150x150.jpg 150w, https:\/\/www2.unifap.br\/letraslibras\/files\/2024\/02\/cLEO-768x768.jpg 768w, https:\/\/www2.unifap.br\/letraslibras\/files\/2024\/02\/cLEO.jpg 960w\" sizes=\"(max-width: 145px) 100vw, 145px\" \/><\/a> Profa. Mestranda Cleonice Rodrigues &#8211; <a href=\"http:\/\/lattes.cnpq.br\/3465579272857598\">Curr\u00edculo Lattes<\/a><\/h4><h4><a href=\"http:\/\/www2.unifap.br\/letraslibras\/files\/2024\/03\/bruna-zamara.jpg\"><img loading=\"lazy\" decoding=\"async\" class=\"alignnone wp-image-1179\" src=\"http:\/\/www2.unifap.br\/letraslibras\/files\/2024\/03\/bruna-zamara-300x300.jpg\" alt=\"\" width=\"145\" height=\"145\" srcset=\"https:\/\/www2.unifap.br\/letraslibras\/files\/2024\/03\/bruna-zamara-300x300.jpg 300w, https:\/\/www2.unifap.br\/letraslibras\/files\/2024\/03\/bruna-zamara-1024x1024.jpg 1024w, https:\/\/www2.unifap.br\/letraslibras\/files\/2024\/03\/bruna-zamara-150x150.jpg 150w, https:\/\/www2.unifap.br\/letraslibras\/files\/2024\/03\/bruna-zamara-768x768.jpg 768w, https:\/\/www2.unifap.br\/letraslibras\/files\/2024\/03\/bruna-zamara.jpg 1080w\" sizes=\"(max-width: 145px) 100vw, 145px\" \/><\/a>Profa. Esp. Bruna Zamara &#8211; <a href=\"http:\/\/lattes.cnpq.br\/7446489375323544\">Curr\u00edculo Lattes<\/a><\/h4><p>\u00a0<\/p><p>\u00a0 \u00a0 \u00a0 \u00a0 <a href=\"http:\/\/www2.unifap.br\/letraslibras\/files\/2025\/07\/Bianor.jpg\"><img loading=\"lazy\" decoding=\"async\" class=\" wp-image-2693 alignleft\" src=\"http:\/\/www2.unifap.br\/letraslibras\/files\/2025\/07\/Bianor.jpg\" alt=\"\" width=\"142\" height=\"166\" \/><\/a><\/p><div><span style=\"font-size: inherit\">\u00a0<\/span><\/div><div><span style=\"font-size: inherit\">\u00a0<\/span><\/div><h4>Prof. Esp. Bianor dos Santos Netto &#8211; <a href=\"https:\/\/buscatextual.cnpq.br\/buscatextual\/visualizacv.do?id=K1516798Y6&amp;tokenCaptchar=03AFcWeA5SbT3axqNehRws5rMjxolY_JFu_EojpRNTlc6XbU6OxFV44VUuv4K5nYFKAr6CemBuv1X5hbCHVbUU10qMKbdfHrnGU5qB1YvSRh1YKVWwLZS1Mouh2YpkbOin9gI8UTWG7UrCtgWAG0xqD7iIFVUIbxPZV03TIm7pM9nSNkqHYm69sjiirC4bG67a3JXvMlzlGSaghyrX35SC5-F3OQGu42qoC46S1OSNqppfVzfPlx-xm6f2LthlmczQ5_7gAFlrIz6ipIGrUis8zEv0wcertAkAjcBNohbCAar7jpU-n3aofm87c1jyUnPjReNFK-EPNRsQ9bIS9rluB6EQU_YqfxgtyEnZT6cAOuormZcab5hEyX8EP1gkCs8PS5FEQGfzR5am_Y0JS5CCM74g0OcFOg1dyt5YD_9xiH6EpyfKb-cBG8dkAS5aXzJImy7DFUCfhkThdPIPCaH0_EGuLsYK4Ht9sF-INnzAhbTjAnu-d9Q0Oq-O96VhwcuY9bV16D04rJhgl9z_eyMDB0vqj2C6-d3CYX5Hko7l6N7zK1sQSv8Vj_UVaA3CIKQfh65FhCxtgBDJqD1G5BWqcjJON_eTklmdUrbqZWfemMBRt22u7JxND_zl4EbtTzWejYqTnBubno-AhpRdrtXzdC0ry8CtfZmg4by6fufW7M0kIPly9TVzKQ0Kt1lh6U0-nxiPabTosH2X1KPNYsox6GqJO--uJJRFSLKQJOPMELhYKB-ERwfSFOetfa2BPWJ4zjLsm6eNRctVSZ7U7wW1UA3oByvK7K8MtFhA6_ltT-x13fZVjORuz_9hmDeP6Tiv5_s03LH3kKWLpsKIq4079jK7Ixd5gOG5Rhe4Sjogl74W3nlmJBLGOhdJo_Gt8bYmoIjMt2V1UGajo9V6onYW6aGRKXntG0QVmaRDoz35U6mGIm7vejLLvmIx6M0i4e2nlRRHyvUQJ0FlXVA6LpPHUQp0o9ZBvPMQa0Yf5HrqxVbgymBJnqZqSDlhhvt0hBbWbKklVck66fcJ\">Curr\u00edculo Lattes<\/a>\u00a0<\/h4><p>\u00a0<\/p><h4><a href=\"http:\/\/www2.unifap.br\/letraslibras\/files\/2025\/07\/Ana-Paula.jpg\"><img loading=\"lazy\" decoding=\"async\" class=\"alignnone wp-image-2706\" src=\"http:\/\/www2.unifap.br\/letraslibras\/files\/2025\/07\/Ana-Paula.jpg\" alt=\"\" width=\"147\" height=\"172\" \/><\/a> \u00a0Profa. Esp. Ana Paula Martins Vasconcelos &#8211; <a href=\"https:\/\/buscatextual.cnpq.br\/buscatextual\/visualizacv.do?id=K9298170D6&amp;tokenCaptchar=03AFcWeA7fg5ueIw9VU9xbWElajLBNNQ3EYWAi26iPw_D49JxPiSRGrQQoeK4f2KYCavn_ABe2Qpaa5vsePcBofXpS-vx75k7iC4DdF0tI3jpv1XrMFSj9QHm7-KUgQewJoNLIaYkyfAa2Uz_jmqNxX5DrSJsLBJ4lvfnDihVb0eewAPzjdDQxLxGVmK5HUPPEyUcUP6JmwNj74eQ5Ryux7jNP_z9e28EaxBoe8VWStErXPp-q13GLOHtnwG8ybyzpxJvQp47cKfXpjualVMOc5WgQCHTPDwmg2Iwa91YMMsSJPBA3zuJqoi5FnlAZZ1BJe9gesYU-zrcewjzlf8sn51pmkPKKR3kQmPJtoOuLQaM5P4Atx-iNV2gq53RxU-cZb9KJyb4vrSOyyP8atTSWdUDq6IUTl1u4lOX4JtzibxQ-LHWXA3S2R_DlgcY6BvAG4O5nuMf8AUBrNo2An-vl9KURqzPGalbVZsZA77jtjNwoTxeIsT-zMjPCdAnlAww-Qqkv2d6i0hOzo-2gztKVuET_acKND6TMoigevp2MvtDLs1sLOD81-kUwcKlVk09ItTM_9Q4qRzJ_t8_HqQSSAHdXmSh3C3exc6ZY_lUT_Hepe_zQND1cwb8DNyQK4IUR-3sNEflzl_wDRs4pwyrHoAXKK0dEHbhNLYcoeTF8iudg78lLyxUuHus2J6n9xsQc5P9BO4Kb37a7Bk9DCMM4CNnxNWLwOdls-ylkRgkEON1cU2EtzVHqGAAAlVOicAtpVMmGfma_HoHoa8fVjnRyCCCsn3yRhO8zQgp-eMmYFnLd5dTCcg_DR6wGnshyBFnvwTULL9hWQlg9FLEz-s8rHGPH01SCJk66uhfk2mI7wpX79ELLA6UBpMcoM02BNktZys7Epgvzuev31VjhJVEaDAsb0K2JxDcIJIBkexydjrhnPezK9pGhQw-dja-QtUQy3kQYm_oRB2zXbTJn4q_2ohLrt1s9yRrOTKdm-tdtY8IHInjD2TXZKTSFWi7HH46YxKYuxxwbFEKx\">Curr\u00edculo Lattes<\/a><\/h4><p>\u00a0<\/p><h4><a href=\"http:\/\/www2.unifap.br\/letraslibras\/files\/2025\/07\/Fabricio.jpg\"><img loading=\"lazy\" decoding=\"async\" class=\"alignnone wp-image-2713\" src=\"http:\/\/www2.unifap.br\/letraslibras\/files\/2025\/07\/Fabricio.jpg\" alt=\"\" width=\"149\" height=\"129\" \/> <\/a>Prof. Esp. Fabr\u00edcio dos Santos Oliveira &#8211; <a href=\"https:\/\/buscatextual.cnpq.br\/buscatextual\/visualizacv.do?id=K8118904Z4&amp;tokenCaptchar=03AFcWeA7UheUxg6vNsgnLRlT1QruyeDZGD6xfc4ZsYugIf0FNhmgmk5llCQETeQjC32CcXIlQKqfL2XsErRIdaDqfmbLuO8tHiICp-t7W-c7PG-S0C1Jg6Cb-7qyAFAVlTimJK0AIIeOeWtVlfO-wroFBuYqt_elULpCSeHF3xIsGKlCj32TwmBPIvr3mnUW3E-oAkWYG1Y5d_qDzYC45kYIVZmdF5a-0yRQAEUr0BPki5YJAB-C1qCtbZ5rhhlT_N3R6CwgUJsRz3SO2gc42l9xoNRy7dmlftoVn9irj0qL9yStleCH8ciRcXZjUH2apa9ZtGP0dQg5eIrytULZsa97dlH3cvTuaC3mSjnsZTbxUFxd7eD1EoiykM7JrcxhvPsD227PLb2RhTnghkjXWhU2NdyQ9NRx-_v-0C0gRWt6bhVGKP8ltYKG27CEj0nI-UIwlKC8Z1gZehjn--Mj9w97fUk0s735P9V4saWGcRCW1a_bIsT_bLGVw0atrO37BWnah43LXwltautOh7Y21dzzyitiP4Dm1T9nLWLkd-tWjZ87J5xYhEFIz1qTLEeqLjKOFYVdSrxin7zS0k-290F6WgxmtPSBR3wbAuyxe9i2fDC_ZdrlVx1tvMqbriGc2OFNBUnzF1rJAHGIqM9x32qfR8PWcHu-I2sd-NtuEd5G-usynaomnCnx0Ou6ZI9s49Y03w3eb3eJgk8ObG9hiXHWJvSPNSw4zpKUI9wDFyrX4abCx_PUrGR3EvGQ_5fT4qqV7p-z1UmER-4L2fTXbD_TfJldI8NLcdHiFMeyqZaub2Nib9237kjxO2sxoPJarVbZJnABrtdTT_K1jfucRmDXu264wr6QPz62BzJ0mk5LsyxoX7cGi6-S5zrYKPYPZPYerCZPR78NYPcRavVDfKRfwqx2iW5dQadnwelmvIApoAHjJ9Bam-ITxph-4chkeUsVdAXGK-pBTkFwc4XFlTHUg3pBXMe0nZI8GrQs4nfkODCN6PSSSvWqGobaw6h95jwhrZevZuBJh6q5LS4NRoltq6OnllZDRKA\">Curr\u00edculo Lattes<\/a><\/h4><p>\u00a0<\/p><h4><a href=\"http:\/\/www2.unifap.br\/letraslibras\/files\/2025\/07\/Maria.jpg\"><img loading=\"lazy\" decoding=\"async\" class=\"alignnone  wp-image-2715\" src=\"http:\/\/www2.unifap.br\/letraslibras\/files\/2025\/07\/Maria.jpg\" alt=\"\" width=\"138\" height=\"142\" \/><\/a>\u00a0Profa. Esp. Maria do Socorro Machado Costa &#8211; <a href=\"https:\/\/buscatextual.cnpq.br\/buscatextual\/visualizacv.do?id=K9830747Y0&amp;tokenCaptchar=03AFcWeA4jmn-B1ZpDIBkHVCxHCiAnba6IHAX18J8qqm1RWhgEGAb2aggHpZIukIhZr0KzGiAFy9XaoHpNeJtHSrAlL6Ebo-bJeOgiskKMx65gayDtuzvlL17_E5I1rMD-QgAEDve49me7iZEZkWzsJGyE4-qcrHeaFSBb8XOssj75lS6BtK-ZmnltHvADFiz5Ji8exZzls2CyS8CnZ4bQSUfjM1RN1mJJwX8ZNELYkmbf4sM5YVhSwaF9dZnicSZnrHB3osBd3Xbs_gfguZ8m8qpJu4k7PKraBQefdlHG_BOsWmvaPwDYxj39YXa4olXbap1DMu2fzs8ueaiiBMZPWkWkwV-ErRgfQhqJUnuaR34jQAJznaNgxnxQljlmr-x57KsmPTlKXWft4MO-J1uIoJPGjZwE-OutUSwQDD0xk9O0GKjvScf0Oo-sDM7d_a1oHSHimztfbcEnP8eHPuRQrWW3_BpPwtDC50qUiZ1g9UGFwAGZvqWVJEM8V17Yim0baGebma8cMIzXx5mj-h5Bqn-CP2AX-p0KBYt9CfYp0OJ4b6sxY6kfZAz1SsO2ujIIH5lvNEHIIHxGPOt7azWoPELGCVHQ1WiTQpTdhAd9byNXU5an3DDYcCJVrrQSjEvkoKQ-iI-fCPD9L2xJmEwOSZwKjJIRCabJQcC_V20daST4Vdiz6e_6ooNcVP-XSZqo3KJIwbm7Y7HFtBL2MI8VzLUDzZo9FNRgRe6DU4sqVk3Ti2VDk0_YioJ3SSYhmcBRigOQmuzsJIhmunGpYiUGwf__AE_VbCiETfq6AHFLFWkGuCFrMZYF0c_JcUyI1skUqN0QTqNGiZMu4cVxGHK-qNE-nlqFv7vjfeVEZlbcRwk4nUOPFn-cZXYDJFnAMbZw4L7Z-MNRVvQeaOlHhV21c0J8cdXtprvLhvOVOa-ntNzQf5puzW81DfUno3pyh6w0xHzIJ6XGPBi95U-rBiLSixb582hYUnDhTvIT4lQ3MUqSXgkiTkc55nsDMhLDONWxQwsen7UoASJz\">Curr\u00edculo Lattes<\/a><\/h4><div>\u00a0<\/div><div>\u00a0<\/div><div>\u00a0<\/div><p style=\"color: #333333;font-family: Helvetica,Arial,sans-serif;font-size: 17px;font-style: normal;font-variant: normal;font-weight: 400;letter-spacing: normal;text-align: left;text-decoration: none;text-indent: 0px;text-transform: none;padding: 0px 0px 0.5em 0px;margin: 0px\">\u00a0<\/p><p style=\"color: #333333;font-family: Helvetica,Arial,sans-serif;font-size: 17px;font-style: normal;font-variant: normal;font-weight: 400;letter-spacing: normal;text-align: left;text-decoration: none;text-indent: 0px;text-transform: none;padding: 0px 0px 0.5em 0px;margin: 0px\">O professor \u00e9, naturalmente, um artista, mas ser um artista n\u00e3o significa que ele ou ela consiga formar o perfil, possa moldar os alunos. O que um educador faz no ensino \u00e9 tornar poss\u00edvel que os estudantes se tornem eles mesmos.<\/p><p style=\"color: #807b75;font-family: Helvetica,Arial,sans-serif;font-size: 12px;font-style: normal;font-variant: normal;font-weight: 400;letter-spacing: normal;text-align: left;text-decoration: none;text-indent: 0px;text-transform: none;padding: 0px;margin: 10px 20px 5px 0px\">Paulo Freire<\/p>\t\t\t\t\t\t\t\t<\/div>\n\t\t\t\t<\/div>\n\t\t\t\t\t<\/div>\n\t\t<\/div>\n\t\t\t\t\t<\/div>\n\t\t<\/section>\n\t\t\t\t<\/div>\n\t\t","protected":false},"excerpt":{"rendered":"<p>O colegiado de Letras Libras Portugu\u00eas possui um corpo docente composto por professores\/as com forma\u00e7\u00e3o nas \u00e1reas de Libras, Lingu\u00edstica, L\u00edngua Portuguesa como L2 e Educa\u00e7\u00e3o de Surdos. Prof. Especialista Abymael Pereira &#8211; Curr\u00edculo Lattes Profa. Mestra Edleide Lima &#8211;\u00a0Curr\u00edculo Lattes Prof. Esp. Hegon Favacho &#8211; Curr\u00edculo Lattes Profa. Doutoranda&#8230; <a class=\"continue-reading-link\" href=\"https:\/\/www2.unifap.br\/letraslibras\/corpo-docente\/\"> Continue reading <span class=\"meta-nav\">&rarr; <\/span><\/a><\/p>\n","protected":false},"author":3453,"featured_media":0,"parent":0,"menu_order":0,"comment_status":"open","ping_status":"closed","template":"","meta":{"inline_featured_image":false,"ngg_post_thumbnail":0,"footnotes":""},"class_list":["post-17","page","type-page","status-publish","hentry"],"_links":{"self":[{"href":"https:\/\/www2.unifap.br\/letraslibras\/wp-json\/wp\/v2\/pages\/17","targetHints":{"allow":["GET"]}}],"collection":[{"href":"https:\/\/www2.unifap.br\/letraslibras\/wp-json\/wp\/v2\/pages"}],"about":[{"href":"https:\/\/www2.unifap.br\/letraslibras\/wp-json\/wp\/v2\/types\/page"}],"author":[{"embeddable":true,"href":"https:\/\/www2.unifap.br\/letraslibras\/wp-json\/wp\/v2\/users\/3453"}],"replies":[{"embeddable":true,"href":"https:\/\/www2.unifap.br\/letraslibras\/wp-json\/wp\/v2\/comments?post=17"}],"version-history":[{"count":98,"href":"https:\/\/www2.unifap.br\/letraslibras\/wp-json\/wp\/v2\/pages\/17\/revisions"}],"predecessor-version":[{"id":2728,"href":"https:\/\/www2.unifap.br\/letraslibras\/wp-json\/wp\/v2\/pages\/17\/revisions\/2728"}],"wp:attachment":[{"href":"https:\/\/www2.unifap.br\/letraslibras\/wp-json\/wp\/v2\/media?parent=17"}],"curies":[{"name":"wp","href":"https:\/\/api.w.org\/{rel}","templated":true}]}}