{"id":1702,"date":"2024-04-25T03:30:01","date_gmt":"2024-04-25T03:30:01","guid":{"rendered":"https:\/\/www2.unifap.br\/letraslibras\/?page_id=1702"},"modified":"2024-04-25T03:46:53","modified_gmt":"2024-04-25T03:46:53","slug":"sintaxe-2","status":"publish","type":"page","link":"https:\/\/www2.unifap.br\/letraslibras\/materiais-didaticos-traduzidos-em-libras\/disciplinas\/sintaxe-2\/","title":{"rendered":"Sintaxe"},"content":{"rendered":"<p>Texto 1: PERINI, M. A. Objetivos do estudo da gram\u00e1tica. In: <em>Gram\u00e1tica descritiva do portugu\u00eas<\/em>. S\u00e3o Paulo: \u00c1tica, 2007, p. 27-34.<\/p>\n<p><a href=\"http:\/\/www2.unifap.br\/letraslibras\/files\/2024\/04\/Objetivos-do-estudo-da-gramatica.pdf\">PDF<\/a><\/p>\n<p><a href=\"https:\/\/www.youtube.com\/watch?v=EQBORItFycc\">Tradu\u00e7\u00e3o em Libras<\/a><\/p>\n<p>&nbsp;<\/p>\n<p>Texto 2: KANTHACK, Gessilene Silveira. Letras Vern\u00e1culas: sintaxe da l\u00edngua portuguesa. Ilh\u00e9us: EDITUS, 2011.<\/p>\n<p><a href=\"http:\/\/www2.unifap.br\/letraslibras\/files\/2024\/04\/Sintaxe-da-LP.pdf\">PDF<\/a><\/p>\n<p>Cap\u00edtulo: Objeto de estudo e perspectiva gramatical<\/p>\n<p><a href=\"https:\/\/www.youtube.com\/watch?v=CJQmKi24PM0\">Tradu\u00e7\u00e3o em Libras<\/a><\/p>\n<p>Cap\u00edtulo: Classes e Fun\u00e7\u00f5es (p.37-49)<\/p>\n<p><a href=\"https:\/\/www.youtube.com\/watch?v=5AOgZW0tYjM\">Tradu\u00e7\u00e3o em Libras<\/a><\/p>\n<p>Cap\u00edtulo: Sintagmas (p.143-151)&nbsp;<\/p>\n<p><a href=\"https:\/\/www.youtube.com\/watch?v=44-CKsXdqNw\">Tradu\u00e7\u00e3o em Libras<\/a><\/p>\n<p>&nbsp;<\/p>\n<p>Texto 3:&nbsp; CAN\u00c7ADO, Maria. Pap\u00e9is tem\u00e1ticos. In: <strong>Manual de Sem\u00e2ntica: no\u00e7\u00f5es b\u00e1sicas e exerc\u00edcios<\/strong>. S\u00e3o Paulo: Contexto, 2013, p. 105-118.<\/p>\n<p><a href=\"http:\/\/www2.unifap.br\/letraslibras\/files\/2024\/04\/Papeis-tematicos.pdf\">PDF<\/a><\/p>\n<p><a href=\"https:\/\/www.youtube.com\/watch?v=goaR8uNlNhY\">Tradu\u00e7\u00e3o em Libras<\/a><\/p>\n","protected":false},"excerpt":{"rendered":"<p>Texto 1: PERINI, M. A. Objetivos do estudo da gram\u00e1tica. In: Gram\u00e1tica descritiva do portugu\u00eas. S\u00e3o Paulo: \u00c1tica, 2007, p. 27-34. PDF Tradu\u00e7\u00e3o em Libras &nbsp; Texto 2: KANTHACK, Gessilene Silveira. Letras Vern\u00e1culas: sintaxe da l\u00edngua portuguesa. Ilh\u00e9us: EDITUS, 2011. PDF Cap\u00edtulo: Objeto de estudo e perspectiva gramatical Tradu\u00e7\u00e3o em&#8230; <a class=\"continue-reading-link\" href=\"https:\/\/www2.unifap.br\/letraslibras\/materiais-didaticos-traduzidos-em-libras\/disciplinas\/sintaxe-2\/\"> Continue reading <span class=\"meta-nav\">&rarr; <\/span><\/a><\/p>\n","protected":false},"author":3951,"featured_media":0,"parent":1687,"menu_order":0,"comment_status":"closed","ping_status":"closed","template":"","meta":{"inline_featured_image":false,"ngg_post_thumbnail":0,"footnotes":""},"class_list":["post-1702","page","type-page","status-publish","hentry"],"_links":{"self":[{"href":"https:\/\/www2.unifap.br\/letraslibras\/wp-json\/wp\/v2\/pages\/1702","targetHints":{"allow":["GET"]}}],"collection":[{"href":"https:\/\/www2.unifap.br\/letraslibras\/wp-json\/wp\/v2\/pages"}],"about":[{"href":"https:\/\/www2.unifap.br\/letraslibras\/wp-json\/wp\/v2\/types\/page"}],"author":[{"embeddable":true,"href":"https:\/\/www2.unifap.br\/letraslibras\/wp-json\/wp\/v2\/users\/3951"}],"replies":[{"embeddable":true,"href":"https:\/\/www2.unifap.br\/letraslibras\/wp-json\/wp\/v2\/comments?post=1702"}],"version-history":[{"count":7,"href":"https:\/\/www2.unifap.br\/letraslibras\/wp-json\/wp\/v2\/pages\/1702\/revisions"}],"predecessor-version":[{"id":1711,"href":"https:\/\/www2.unifap.br\/letraslibras\/wp-json\/wp\/v2\/pages\/1702\/revisions\/1711"}],"up":[{"embeddable":true,"href":"https:\/\/www2.unifap.br\/letraslibras\/wp-json\/wp\/v2\/pages\/1687"}],"wp:attachment":[{"href":"https:\/\/www2.unifap.br\/letraslibras\/wp-json\/wp\/v2\/media?parent=1702"}],"curies":[{"name":"wp","href":"https:\/\/api.w.org\/{rel}","templated":true}]}}