{"id":1763,"date":"2024-05-02T13:39:17","date_gmt":"2024-05-02T13:39:17","guid":{"rendered":"https:\/\/www2.unifap.br\/letraslibras\/?page_id=1763"},"modified":"2024-05-02T13:41:58","modified_gmt":"2024-05-02T13:41:58","slug":"requerimento","status":"publish","type":"page","link":"https:\/\/www2.unifap.br\/letraslibras\/coordenacao\/requerimento\/","title":{"rendered":"Requerimento"},"content":{"rendered":"<p>A requisi\u00e7\u00e3o de documentos e outros servi\u00e7os \u00e0 coordena\u00e7\u00e3o, deve ser feita formalmente por meio de REQUERIMENTO PADR\u00c3O (abaixo) e encaminhado ao e-mail da coordena\u00e7\u00e3o: letras.libras@unifap.br<\/p>\n<p><a href=\"http:\/\/www2.unifap.br\/letraslibras\/files\/2024\/05\/REQUERIMENTO-PADRAO.docx\">Modelo de requerimento padr\u00e3o (WORD)<\/a><\/p>\n<p><a href=\"http:\/\/www2.unifap.br\/letraslibras\/files\/2024\/05\/REQUERIMENTO-PADRAO.pdf\">Modelo de requerimento padr\u00e3o (PDF)<\/a><\/p>\n<p>&nbsp;<\/p>\n","protected":false},"excerpt":{"rendered":"<p>A requisi\u00e7\u00e3o de documentos e outros servi\u00e7os \u00e0 coordena\u00e7\u00e3o, deve ser feita formalmente por meio de REQUERIMENTO PADR\u00c3O (abaixo) e encaminhado ao e-mail da coordena\u00e7\u00e3o: letras.libras@unifap.br Modelo de requerimento padr\u00e3o (WORD) Modelo de requerimento padr\u00e3o (PDF) &nbsp;<\/p>\n","protected":false},"author":3951,"featured_media":0,"parent":367,"menu_order":0,"comment_status":"closed","ping_status":"closed","template":"","meta":{"inline_featured_image":false,"ngg_post_thumbnail":0,"footnotes":""},"class_list":["post-1763","page","type-page","status-publish","hentry"],"_links":{"self":[{"href":"https:\/\/www2.unifap.br\/letraslibras\/wp-json\/wp\/v2\/pages\/1763","targetHints":{"allow":["GET"]}}],"collection":[{"href":"https:\/\/www2.unifap.br\/letraslibras\/wp-json\/wp\/v2\/pages"}],"about":[{"href":"https:\/\/www2.unifap.br\/letraslibras\/wp-json\/wp\/v2\/types\/page"}],"author":[{"embeddable":true,"href":"https:\/\/www2.unifap.br\/letraslibras\/wp-json\/wp\/v2\/users\/3951"}],"replies":[{"embeddable":true,"href":"https:\/\/www2.unifap.br\/letraslibras\/wp-json\/wp\/v2\/comments?post=1763"}],"version-history":[{"count":2,"href":"https:\/\/www2.unifap.br\/letraslibras\/wp-json\/wp\/v2\/pages\/1763\/revisions"}],"predecessor-version":[{"id":1767,"href":"https:\/\/www2.unifap.br\/letraslibras\/wp-json\/wp\/v2\/pages\/1763\/revisions\/1767"}],"up":[{"embeddable":true,"href":"https:\/\/www2.unifap.br\/letraslibras\/wp-json\/wp\/v2\/pages\/367"}],"wp:attachment":[{"href":"https:\/\/www2.unifap.br\/letraslibras\/wp-json\/wp\/v2\/media?parent=1763"}],"curies":[{"name":"wp","href":"https:\/\/api.w.org\/{rel}","templated":true}]}}