{"id":1768,"date":"2024-05-02T13:46:06","date_gmt":"2024-05-02T13:46:06","guid":{"rendered":"https:\/\/www2.unifap.br\/letraslibras\/?page_id=1768"},"modified":"2024-05-09T12:18:06","modified_gmt":"2024-05-09T12:18:06","slug":"trabalho-de-conclusao-de-curso-tcc","status":"publish","type":"page","link":"https:\/\/www2.unifap.br\/letraslibras\/trabalho-de-conclusao-de-curso-tcc\/","title":{"rendered":"Trabalho de Conclus\u00e3o de Curso (TCC)"},"content":{"rendered":"<p>Neste local, estar\u00e3o dispon\u00edveis os TCC&#8217;s produzidos e defendidos pelos\/as alunos\/as do Curso Letras Libras Portugu\u00eas.&nbsp;<\/p>\n","protected":false},"excerpt":{"rendered":"<p>Neste local, estar\u00e3o dispon\u00edveis os TCC&#8217;s produzidos e defendidos pelos\/as alunos\/as do Curso Letras Libras Portugu\u00eas.&nbsp;<\/p>\n","protected":false},"author":3951,"featured_media":0,"parent":0,"menu_order":0,"comment_status":"closed","ping_status":"closed","template":"","meta":{"inline_featured_image":false,"ngg_post_thumbnail":0,"footnotes":""},"class_list":["post-1768","page","type-page","status-publish","hentry"],"_links":{"self":[{"href":"https:\/\/www2.unifap.br\/letraslibras\/wp-json\/wp\/v2\/pages\/1768","targetHints":{"allow":["GET"]}}],"collection":[{"href":"https:\/\/www2.unifap.br\/letraslibras\/wp-json\/wp\/v2\/pages"}],"about":[{"href":"https:\/\/www2.unifap.br\/letraslibras\/wp-json\/wp\/v2\/types\/page"}],"author":[{"embeddable":true,"href":"https:\/\/www2.unifap.br\/letraslibras\/wp-json\/wp\/v2\/users\/3951"}],"replies":[{"embeddable":true,"href":"https:\/\/www2.unifap.br\/letraslibras\/wp-json\/wp\/v2\/comments?post=1768"}],"version-history":[{"count":2,"href":"https:\/\/www2.unifap.br\/letraslibras\/wp-json\/wp\/v2\/pages\/1768\/revisions"}],"predecessor-version":[{"id":1804,"href":"https:\/\/www2.unifap.br\/letraslibras\/wp-json\/wp\/v2\/pages\/1768\/revisions\/1804"}],"wp:attachment":[{"href":"https:\/\/www2.unifap.br\/letraslibras\/wp-json\/wp\/v2\/media?parent=1768"}],"curies":[{"name":"wp","href":"https:\/\/api.w.org\/{rel}","templated":true}]}}