{"id":1770,"date":"2024-05-02T13:49:25","date_gmt":"2024-05-02T13:49:25","guid":{"rendered":"https:\/\/www2.unifap.br\/letraslibras\/?page_id=1770"},"modified":"2024-05-02T13:57:38","modified_gmt":"2024-05-02T13:57:38","slug":"tccs-ano-2021","status":"publish","type":"page","link":"https:\/\/www2.unifap.br\/letraslibras\/trabalho-de-conclusao-de-curso-tcc\/tccs-ano-2021\/","title":{"rendered":"TCC&#8217;s &#8211; ANO 2021"},"content":{"rendered":"<p><a href=\"http:\/\/www2.unifap.br\/letraslibras\/files\/2024\/05\/O-PROCESSO-DE-LETRAMENTO-E-ALFABETIZACAO-DO-ALUNO-SURDO-discente-Taynara-Morais.pdf\">O PROCESSO DE LETRAMENTO E ALFABETIZA\u00c7\u00c3O DO ALUNO SURDO<\/a>&nbsp;(discente Taynara Morais)<\/p>\n<p><a href=\"http:\/\/www2.unifap.br\/letraslibras\/files\/2024\/05\/ALFABETIZACAO-EM-PORTUGUES-DE-CRIANCAS-SURDAS-discentes-Thais-Carneiro-Ieda-Pantoja-Natalia-Cristina.pdf\">ALFABETIZA\u00c7\u00c3O EM PORTUGU\u00caS DE CRIAN\u00c7AS SURDAS<\/a> (discentes Tha\u00eds Carneiro, Ieda Pantoja, Nat\u00e1lia Cristina)<\/p>\n","protected":false},"excerpt":{"rendered":"<p>O PROCESSO DE LETRAMENTO E ALFABETIZA\u00c7\u00c3O DO ALUNO SURDO&nbsp;(discente Taynara Morais) ALFABETIZA\u00c7\u00c3O EM PORTUGU\u00caS DE CRIAN\u00c7AS SURDAS (discentes Tha\u00eds Carneiro, Ieda Pantoja, Nat\u00e1lia Cristina)<\/p>\n","protected":false},"author":3951,"featured_media":0,"parent":1768,"menu_order":0,"comment_status":"closed","ping_status":"closed","template":"","meta":{"inline_featured_image":false,"ngg_post_thumbnail":0,"footnotes":""},"class_list":["post-1770","page","type-page","status-publish","hentry"],"_links":{"self":[{"href":"https:\/\/www2.unifap.br\/letraslibras\/wp-json\/wp\/v2\/pages\/1770","targetHints":{"allow":["GET"]}}],"collection":[{"href":"https:\/\/www2.unifap.br\/letraslibras\/wp-json\/wp\/v2\/pages"}],"about":[{"href":"https:\/\/www2.unifap.br\/letraslibras\/wp-json\/wp\/v2\/types\/page"}],"author":[{"embeddable":true,"href":"https:\/\/www2.unifap.br\/letraslibras\/wp-json\/wp\/v2\/users\/3951"}],"replies":[{"embeddable":true,"href":"https:\/\/www2.unifap.br\/letraslibras\/wp-json\/wp\/v2\/comments?post=1770"}],"version-history":[{"count":3,"href":"https:\/\/www2.unifap.br\/letraslibras\/wp-json\/wp\/v2\/pages\/1770\/revisions"}],"predecessor-version":[{"id":1779,"href":"https:\/\/www2.unifap.br\/letraslibras\/wp-json\/wp\/v2\/pages\/1770\/revisions\/1779"}],"up":[{"embeddable":true,"href":"https:\/\/www2.unifap.br\/letraslibras\/wp-json\/wp\/v2\/pages\/1768"}],"wp:attachment":[{"href":"https:\/\/www2.unifap.br\/letraslibras\/wp-json\/wp\/v2\/media?parent=1770"}],"curies":[{"name":"wp","href":"https:\/\/api.w.org\/{rel}","templated":true}]}}