{"id":1782,"date":"2024-05-06T12:08:24","date_gmt":"2024-05-06T12:08:24","guid":{"rendered":"https:\/\/www2.unifap.br\/letraslibras\/?page_id=1782"},"modified":"2025-07-08T15:06:38","modified_gmt":"2025-07-08T15:06:38","slug":"horarios-de-atendimento","status":"publish","type":"page","link":"https:\/\/www2.unifap.br\/letraslibras\/coordenacao\/horarios-de-atendimento\/","title":{"rendered":"Hor\u00e1rios de atendimento"},"content":{"rendered":"\t\t<div data-elementor-type=\"wp-page\" data-elementor-id=\"1782\" class=\"elementor elementor-1782\">\n\t\t\t\t\t\t<section class=\"elementor-section elementor-top-section elementor-element elementor-element-3ff3392 elementor-section-boxed elementor-section-height-default elementor-section-height-default\" data-id=\"3ff3392\" data-element_type=\"section\" data-e-type=\"section\">\n\t\t\t\t\t\t<div class=\"elementor-container elementor-column-gap-default\">\n\t\t\t\t\t<div class=\"elementor-column elementor-col-100 elementor-top-column elementor-element elementor-element-580eea6\" data-id=\"580eea6\" data-element_type=\"column\" data-e-type=\"column\">\n\t\t\t<div class=\"elementor-widget-wrap elementor-element-populated\">\n\t\t\t\t\t\t<div class=\"elementor-element elementor-element-40956872 elementor-widget elementor-widget-text-editor\" data-id=\"40956872\" data-element_type=\"widget\" data-e-type=\"widget\" data-widget_type=\"text-editor.default\">\n\t\t\t\t<div class=\"elementor-widget-container\">\n\t\t\t\t\t\t\t\t\t<p><strong>HOR\u00c1RIOS DE ATENDIMENTO ADMINISTRATIVO DA COORDENA\u00c7\u00c3O<\/strong><\/p><p><a href=\"http:\/\/www2.unifap.br\/letraslibras\/files\/2025\/07\/Horario-de-atendimento-administrativo-da-coordenacao-2025.1.jpg\"><img fetchpriority=\"high\" decoding=\"async\" class=\"alignnone wp-image-2729 size-full\" src=\"http:\/\/www2.unifap.br\/letraslibras\/files\/2025\/07\/Horario-de-atendimento-administrativo-da-coordenacao-2025.1.jpg\" alt=\"\" width=\"576\" height=\"419\" srcset=\"https:\/\/www2.unifap.br\/letraslibras\/files\/2025\/07\/Horario-de-atendimento-administrativo-da-coordenacao-2025.1.jpg 576w, https:\/\/www2.unifap.br\/letraslibras\/files\/2025\/07\/Horario-de-atendimento-administrativo-da-coordenacao-2025.1-300x218.jpg 300w, https:\/\/www2.unifap.br\/letraslibras\/files\/2025\/07\/Horario-de-atendimento-administrativo-da-coordenacao-2025.1-150x109.jpg 150w, https:\/\/www2.unifap.br\/letraslibras\/files\/2025\/07\/Horario-de-atendimento-administrativo-da-coordenacao-2025.1-206x150.jpg 206w\" sizes=\"(max-width: 576px) 100vw, 576px\" \/><\/a><\/p><p><strong>Observa\u00e7\u00e3o: Para atendimento remoto, enviar solicita\u00e7\u00e3o ao e-mail <\/strong><a href=\"mailto:letras.libras@unifap.br\"><strong>letras.libras@unifap.br<\/strong><\/a><\/p><p><strong>Resposta em at\u00e9 72h.<\/strong><\/p>\t\t\t\t\t\t\t\t<\/div>\n\t\t\t\t<\/div>\n\t\t\t\t\t<\/div>\n\t\t<\/div>\n\t\t\t\t\t<\/div>\n\t\t<\/section>\n\t\t\t\t<\/div>\n\t\t","protected":false},"excerpt":{"rendered":"<p>HOR\u00c1RIOS DE ATENDIMENTO ADMINISTRATIVO DA COORDENA\u00c7\u00c3O Observa\u00e7\u00e3o: Para atendimento remoto, enviar solicita\u00e7\u00e3o ao e-mail letras.libras@unifap.br Resposta em at\u00e9 72h.<\/p>\n","protected":false},"author":3951,"featured_media":0,"parent":367,"menu_order":0,"comment_status":"closed","ping_status":"closed","template":"","meta":{"inline_featured_image":false,"ngg_post_thumbnail":0,"footnotes":""},"class_list":["post-1782","page","type-page","status-publish","hentry"],"_links":{"self":[{"href":"https:\/\/www2.unifap.br\/letraslibras\/wp-json\/wp\/v2\/pages\/1782","targetHints":{"allow":["GET"]}}],"collection":[{"href":"https:\/\/www2.unifap.br\/letraslibras\/wp-json\/wp\/v2\/pages"}],"about":[{"href":"https:\/\/www2.unifap.br\/letraslibras\/wp-json\/wp\/v2\/types\/page"}],"author":[{"embeddable":true,"href":"https:\/\/www2.unifap.br\/letraslibras\/wp-json\/wp\/v2\/users\/3951"}],"replies":[{"embeddable":true,"href":"https:\/\/www2.unifap.br\/letraslibras\/wp-json\/wp\/v2\/comments?post=1782"}],"version-history":[{"count":15,"href":"https:\/\/www2.unifap.br\/letraslibras\/wp-json\/wp\/v2\/pages\/1782\/revisions"}],"predecessor-version":[{"id":2738,"href":"https:\/\/www2.unifap.br\/letraslibras\/wp-json\/wp\/v2\/pages\/1782\/revisions\/2738"}],"up":[{"embeddable":true,"href":"https:\/\/www2.unifap.br\/letraslibras\/wp-json\/wp\/v2\/pages\/367"}],"wp:attachment":[{"href":"https:\/\/www2.unifap.br\/letraslibras\/wp-json\/wp\/v2\/media?parent=1782"}],"curies":[{"name":"wp","href":"https:\/\/api.w.org\/{rel}","templated":true}]}}