{"id":1851,"date":"2024-05-23T17:42:14","date_gmt":"2024-05-23T17:42:14","guid":{"rendered":"https:\/\/www2.unifap.br\/letraslibras\/?page_id=1851"},"modified":"2024-10-14T13:28:31","modified_gmt":"2024-10-14T13:28:31","slug":"tccs-ano-2024","status":"publish","type":"page","link":"https:\/\/www2.unifap.br\/letraslibras\/trabalho-de-conclusao-de-curso-tcc\/tccs-ano-2024\/","title":{"rendered":"TCC&#8217;s &#8211; ANO 2024"},"content":{"rendered":"\t\t<div data-elementor-type=\"wp-page\" data-elementor-id=\"1851\" class=\"elementor elementor-1851\">\n\t\t\t\t\t\t<section class=\"elementor-section elementor-top-section elementor-element elementor-element-7407886 elementor-section-boxed elementor-section-height-default elementor-section-height-default\" data-id=\"7407886\" data-element_type=\"section\" data-e-type=\"section\">\n\t\t\t\t\t\t<div class=\"elementor-container elementor-column-gap-default\">\n\t\t\t\t\t<div class=\"elementor-column elementor-col-100 elementor-top-column elementor-element elementor-element-3fa5e84\" data-id=\"3fa5e84\" data-element_type=\"column\" data-e-type=\"column\">\n\t\t\t<div class=\"elementor-widget-wrap elementor-element-populated\">\n\t\t\t\t\t\t<div class=\"elementor-element elementor-element-d5cb407 elementor-widget elementor-widget-text-editor\" data-id=\"d5cb407\" data-element_type=\"widget\" data-e-type=\"widget\" data-widget_type=\"text-editor.default\">\n\t\t\t\t<div class=\"elementor-widget-container\">\n\t\t\t\t\t\t\t\t\t<p><strong><a href=\"http:\/\/www2.unifap.br\/letraslibras\/files\/2024\/05\/TCC-UMA-NARRATIVA-AUTOBIOGRAFICA-SOBRE-VIVENCIAS-DE-UM-ESTUDANTE-SURDO-A-RELACAO-ENTRE-TEORIA-E-PRATICA.pdf\">UMA NARRATIVA AUTOBIOGR\u00c1FICA SOBRE VIV\u00caNCIAS DE UM ESTUDANTE SURDO: A RELA\u00c7\u00c3O ENTRE TEORIA E PR\u00c1TICA<\/a> (discente Jos\u00e9 Sena Farias)<\/strong><\/p>\t\t\t\t\t\t\t\t<\/div>\n\t\t\t\t<\/div>\n\t\t\t\t\t<\/div>\n\t\t<\/div>\n\t\t\t\t\t<\/div>\n\t\t<\/section>\n\t\t\t\t<section class=\"elementor-section elementor-top-section elementor-element elementor-element-1c8d00d elementor-section-boxed elementor-section-height-default elementor-section-height-default\" data-id=\"1c8d00d\" data-element_type=\"section\" data-e-type=\"section\">\n\t\t\t\t\t\t<div class=\"elementor-container elementor-column-gap-default\">\n\t\t\t\t\t<div class=\"elementor-column elementor-col-100 elementor-top-column elementor-element elementor-element-1b0a69f\" data-id=\"1b0a69f\" data-element_type=\"column\" data-e-type=\"column\">\n\t\t\t<div class=\"elementor-widget-wrap elementor-element-populated\">\n\t\t\t\t\t\t<div class=\"elementor-element elementor-element-3d4a68c elementor-widget elementor-widget-text-editor\" data-id=\"3d4a68c\" data-element_type=\"widget\" data-e-type=\"widget\" data-widget_type=\"text-editor.default\">\n\t\t\t\t<div class=\"elementor-widget-container\">\n\t\t\t\t\t\t\t\t\t<p><strong><a href=\"http:\/\/www2.unifap.br\/letraslibras\/files\/2024\/10\/Metafora-em-Lingua-Portuguesa-para-Surdos_-Uma-analise-qualitativa-TCC.pdf\">MET\u00c1FORAS EM L\u00cdNGUA PORTUGUESA PARA SURDOS: UMA AN\u00c1LISE <\/a><\/strong><br \/>QUALITATIVA (discentes Ane Priscila Nery Corr\u00eaa, Jane Quezia Moraes Pastana e Huellison Lucas Leite Ramos)<\/p>\t\t\t\t\t\t\t\t<\/div>\n\t\t\t\t<\/div>\n\t\t\t\t\t<\/div>\n\t\t<\/div>\n\t\t\t\t\t<\/div>\n\t\t<\/section>\n\t\t\t\t<section class=\"elementor-section elementor-top-section elementor-element elementor-element-faee884 elementor-section-boxed elementor-section-height-default elementor-section-height-default\" data-id=\"faee884\" data-element_type=\"section\" data-e-type=\"section\">\n\t\t\t\t\t\t<div class=\"elementor-container elementor-column-gap-default\">\n\t\t\t\t\t<div class=\"elementor-column elementor-col-100 elementor-top-column elementor-element elementor-element-d0c8b2e\" data-id=\"d0c8b2e\" data-element_type=\"column\" data-e-type=\"column\">\n\t\t\t<div class=\"elementor-widget-wrap elementor-element-populated\">\n\t\t\t\t\t\t<div class=\"elementor-element elementor-element-d247680 elementor-widget elementor-widget-text-editor\" data-id=\"d247680\" data-element_type=\"widget\" data-e-type=\"widget\" data-widget_type=\"text-editor.default\">\n\t\t\t\t<div class=\"elementor-widget-container\">\n\t\t\t\t\t\t\t\t\t<p><a href=\"http:\/\/www2.unifap.br\/letraslibras\/files\/2024\/06\/TCC-FINALIZ.pdf\"><strong>O ENSINO DE LIBRAS NO BRASIL: UMA AN\u00c1LISE DA TRAJET\u00d3RIA DO ENSINO\u00a0<\/strong><\/a><span style=\"font-size: inherit\">DA L\u00cdNGUA BRASILEIRA DE SINAIS (discente Jeovani Alencar da Silva)<\/span><\/p>\t\t\t\t\t\t\t\t<\/div>\n\t\t\t\t<\/div>\n\t\t\t\t\t<\/div>\n\t\t<\/div>\n\t\t\t\t\t<\/div>\n\t\t<\/section>\n\t\t\t\t<\/div>\n\t\t","protected":false},"excerpt":{"rendered":"<p>UMA NARRATIVA AUTOBIOGR\u00c1FICA SOBRE VIV\u00caNCIAS DE UM ESTUDANTE SURDO: A RELA\u00c7\u00c3O ENTRE TEORIA E PR\u00c1TICA (discente Jos\u00e9 Sena Farias) MET\u00c1FORAS EM L\u00cdNGUA PORTUGUESA PARA SURDOS: UMA AN\u00c1LISE QUALITATIVA (discentes Ane Priscila Nery Corr\u00eaa, Jane Quezia Moraes Pastana e Huellison Lucas Leite Ramos) O ENSINO DE LIBRAS NO BRASIL: UMA AN\u00c1LISE&#8230; <a class=\"continue-reading-link\" href=\"https:\/\/www2.unifap.br\/letraslibras\/trabalho-de-conclusao-de-curso-tcc\/tccs-ano-2024\/\"> Continue reading <span class=\"meta-nav\">&rarr; <\/span><\/a><\/p>\n","protected":false},"author":3951,"featured_media":0,"parent":1768,"menu_order":0,"comment_status":"closed","ping_status":"closed","template":"","meta":{"inline_featured_image":false,"ngg_post_thumbnail":0,"footnotes":""},"class_list":["post-1851","page","type-page","status-publish","hentry"],"_links":{"self":[{"href":"https:\/\/www2.unifap.br\/letraslibras\/wp-json\/wp\/v2\/pages\/1851","targetHints":{"allow":["GET"]}}],"collection":[{"href":"https:\/\/www2.unifap.br\/letraslibras\/wp-json\/wp\/v2\/pages"}],"about":[{"href":"https:\/\/www2.unifap.br\/letraslibras\/wp-json\/wp\/v2\/types\/page"}],"author":[{"embeddable":true,"href":"https:\/\/www2.unifap.br\/letraslibras\/wp-json\/wp\/v2\/users\/3951"}],"replies":[{"embeddable":true,"href":"https:\/\/www2.unifap.br\/letraslibras\/wp-json\/wp\/v2\/comments?post=1851"}],"version-history":[{"count":34,"href":"https:\/\/www2.unifap.br\/letraslibras\/wp-json\/wp\/v2\/pages\/1851\/revisions"}],"predecessor-version":[{"id":2170,"href":"https:\/\/www2.unifap.br\/letraslibras\/wp-json\/wp\/v2\/pages\/1851\/revisions\/2170"}],"up":[{"embeddable":true,"href":"https:\/\/www2.unifap.br\/letraslibras\/wp-json\/wp\/v2\/pages\/1768"}],"wp:attachment":[{"href":"https:\/\/www2.unifap.br\/letraslibras\/wp-json\/wp\/v2\/media?parent=1851"}],"curies":[{"name":"wp","href":"https:\/\/api.w.org\/{rel}","templated":true}]}}