{"id":2080,"date":"2024-08-20T17:03:03","date_gmt":"2024-08-20T17:03:03","guid":{"rendered":"https:\/\/www2.unifap.br\/letraslibras\/?page_id=2080"},"modified":"2024-08-20T17:18:57","modified_gmt":"2024-08-20T17:18:57","slug":"publicacoes-da-area","status":"publish","type":"page","link":"https:\/\/www2.unifap.br\/letraslibras\/publicacoes-da-area\/","title":{"rendered":"Publica\u00e7\u00f5es da \u00e1rea"},"content":{"rendered":"\t\t<div data-elementor-type=\"wp-page\" data-elementor-id=\"2080\" class=\"elementor elementor-2080\">\n\t\t\t\t\t\t<section class=\"elementor-section elementor-top-section elementor-element elementor-element-13b1530 elementor-section-boxed elementor-section-height-default elementor-section-height-default\" data-id=\"13b1530\" data-element_type=\"section\" data-e-type=\"section\">\n\t\t\t\t\t\t<div class=\"elementor-container elementor-column-gap-default\">\n\t\t\t\t\t<div class=\"elementor-column elementor-col-100 elementor-top-column elementor-element elementor-element-847bc14\" data-id=\"847bc14\" data-element_type=\"column\" data-e-type=\"column\">\n\t\t\t<div class=\"elementor-widget-wrap elementor-element-populated\">\n\t\t\t\t\t\t<div class=\"elementor-element elementor-element-958ffa9 elementor-widget elementor-widget-text-editor\" data-id=\"958ffa9\" data-element_type=\"widget\" data-e-type=\"widget\" data-widget_type=\"text-editor.default\">\n\t\t\t\t<div class=\"elementor-widget-container\">\n\t\t\t\t\t\t\t\t\t<p><a href=\"https:\/\/emanuscrito.com.br\/img\/dummies\/LinguasdesinaisPDF.pdf\">L\u00cdNGUAS DE SINAIS AL\u00c9M-MAR: PROPOSTAS DE INVESTIGA\u00c7\u00c3O E DESAFIOS<\/a><\/p><p>Organiza\u00e7\u00e3o: Isabel Sofia Calv\u00e1rio Correia, Pedro Balaus Cust\u00f3dio e Ronaldo Manass\u00e9s Rodrigues Campos<\/p>\t\t\t\t\t\t\t\t<\/div>\n\t\t\t\t<\/div>\n\t\t\t\t\t<\/div>\n\t\t<\/div>\n\t\t\t\t\t<\/div>\n\t\t<\/section>\n\t\t\t\t<section class=\"elementor-section elementor-top-section elementor-element elementor-element-f3692ff elementor-section-boxed elementor-section-height-default elementor-section-height-default\" data-id=\"f3692ff\" data-element_type=\"section\" data-e-type=\"section\">\n\t\t\t\t\t\t<div class=\"elementor-container elementor-column-gap-default\">\n\t\t\t\t\t<div class=\"elementor-column elementor-col-100 elementor-top-column elementor-element elementor-element-cf556fc\" data-id=\"cf556fc\" data-element_type=\"column\" data-e-type=\"column\">\n\t\t\t<div class=\"elementor-widget-wrap elementor-element-populated\">\n\t\t\t\t\t\t<div class=\"elementor-element elementor-element-cdc104d elementor-widget elementor-widget-text-editor\" data-id=\"cdc104d\" data-element_type=\"widget\" data-e-type=\"widget\" data-widget_type=\"text-editor.default\">\n\t\t\t\t<div class=\"elementor-widget-container\">\n\t\t\t\t\t\t\t\t\t<p><a href=\"https:\/\/www.labfolio.com.br\/_files\/ugd\/d79284_5714bf215c5840458b9aa60876088089.pdf\">FORMA\u00c7\u00c3O DE TRADUTORES E INT\u00c9RPRETES DE LIBRAS &#8211; VOLUME 1<\/a><\/p><p>Organiza\u00e7\u00e3o: Rodrigo Ferreira dos Santos, Nat\u00e1lia Almeida Braga Vasconcelos e Melque da Costa Lima<\/p>\t\t\t\t\t\t\t\t<\/div>\n\t\t\t\t<\/div>\n\t\t\t\t\t<\/div>\n\t\t<\/div>\n\t\t\t\t\t<\/div>\n\t\t<\/section>\n\t\t\t\t<section class=\"elementor-section elementor-top-section elementor-element elementor-element-254e274 elementor-section-boxed elementor-section-height-default elementor-section-height-default\" data-id=\"254e274\" data-element_type=\"section\" data-e-type=\"section\">\n\t\t\t\t\t\t<div class=\"elementor-container elementor-column-gap-default\">\n\t\t\t\t\t<div class=\"elementor-column elementor-col-100 elementor-top-column elementor-element elementor-element-fe4475e\" data-id=\"fe4475e\" data-element_type=\"column\" data-e-type=\"column\">\n\t\t\t<div class=\"elementor-widget-wrap elementor-element-populated\">\n\t\t\t\t\t\t<div class=\"elementor-element elementor-element-de7421d elementor-widget elementor-widget-text-editor\" data-id=\"de7421d\" data-element_type=\"widget\" data-e-type=\"widget\" data-widget_type=\"text-editor.default\">\n\t\t\t\t<div class=\"elementor-widget-container\">\n\t\t\t\t\t\t\t\t\t<p><a href=\"https:\/\/www.labfolio.com.br\/_files\/ugd\/d79284_426e36c30f8c44619658ca4599a41e40.pdf\">FORMA\u00c7\u00c3O DE TRADUTORES E INT\u00c9RPRETES DE LIBRAS &#8211; VOLUME 2<\/a><\/p><p>Organiza\u00e7\u00e3o: Rodrigo Ferreira dos Santos, Nat\u00e1lia Almeida Braga Vasconcelos e Melque da Costa Lima<\/p>\t\t\t\t\t\t\t\t<\/div>\n\t\t\t\t<\/div>\n\t\t\t\t\t<\/div>\n\t\t<\/div>\n\t\t\t\t\t<\/div>\n\t\t<\/section>\n\t\t\t\t<section class=\"elementor-section elementor-top-section elementor-element elementor-element-7e5c856 elementor-section-boxed elementor-section-height-default elementor-section-height-default\" data-id=\"7e5c856\" data-element_type=\"section\" data-e-type=\"section\">\n\t\t\t\t\t\t<div class=\"elementor-container elementor-column-gap-default\">\n\t\t\t\t\t<div class=\"elementor-column elementor-col-100 elementor-top-column elementor-element elementor-element-e2d264d\" data-id=\"e2d264d\" data-element_type=\"column\" data-e-type=\"column\">\n\t\t\t<div class=\"elementor-widget-wrap elementor-element-populated\">\n\t\t\t\t\t\t<div class=\"elementor-element elementor-element-87bd680 elementor-widget elementor-widget-text-editor\" data-id=\"87bd680\" data-element_type=\"widget\" data-e-type=\"widget\" data-widget_type=\"text-editor.default\">\n\t\t\t\t<div class=\"elementor-widget-container\">\n\t\t\t\t\t\t\t\t\t<p><a href=\"https:\/\/www.labfolio.com.br\/_files\/ugd\/d79284_30f0d67b0c80462ab6f8ebeeb92b0ef5.pdf\">PROFID ANU\u00c1RIO<\/a><\/p><p>Organiza\u00e7\u00e3o: Melque Costa da Lima, Marcos Paulo Torres Pereira, Nat\u00e1lia Almeida Braga Vasconcelos<\/p>\t\t\t\t\t\t\t\t<\/div>\n\t\t\t\t<\/div>\n\t\t\t\t\t<\/div>\n\t\t<\/div>\n\t\t\t\t\t<\/div>\n\t\t<\/section>\n\t\t\t\t<section class=\"elementor-section elementor-top-section elementor-element elementor-element-8e0988d elementor-section-boxed elementor-section-height-default elementor-section-height-default\" data-id=\"8e0988d\" data-element_type=\"section\" data-e-type=\"section\">\n\t\t\t\t\t\t<div class=\"elementor-container elementor-column-gap-default\">\n\t\t\t\t\t<div class=\"elementor-column elementor-col-100 elementor-top-column elementor-element elementor-element-e293f6f\" data-id=\"e293f6f\" data-element_type=\"column\" data-e-type=\"column\">\n\t\t\t<div class=\"elementor-widget-wrap elementor-element-populated\">\n\t\t\t\t\t\t<div class=\"elementor-element elementor-element-fdec429 elementor-widget elementor-widget-text-editor\" data-id=\"fdec429\" data-element_type=\"widget\" data-e-type=\"widget\" data-widget_type=\"text-editor.default\">\n\t\t\t\t<div class=\"elementor-widget-container\">\n\t\t\t\t\t\t\t\t\t<p><a href=\"https:\/\/drive.google.com\/file\/d\/1AlH_94HRgL50kY4-e46LbLJNgU4htHZW\/view?usp=drive_link\">GRAM\u00c1TICA DA LIBRAS<\/a><\/p><p>Organiza\u00e7\u00e3o: Ronice M\u00fcller de Quadros, Jair Barbosa da Silva, <br \/>Miriam Royer e Vin\u00edcius Rodrigues da Silva<\/p>\t\t\t\t\t\t\t\t<\/div>\n\t\t\t\t<\/div>\n\t\t\t\t\t<\/div>\n\t\t<\/div>\n\t\t\t\t\t<\/div>\n\t\t<\/section>\n\t\t\t\t<\/div>\n\t\t","protected":false},"excerpt":{"rendered":"<p>L\u00cdNGUAS DE SINAIS AL\u00c9M-MAR: PROPOSTAS DE INVESTIGA\u00c7\u00c3O E DESAFIOS Organiza\u00e7\u00e3o: Isabel Sofia Calv\u00e1rio Correia, Pedro Balaus Cust\u00f3dio e Ronaldo Manass\u00e9s Rodrigues Campos FORMA\u00c7\u00c3O DE TRADUTORES E INT\u00c9RPRETES DE LIBRAS &#8211; VOLUME 1 Organiza\u00e7\u00e3o: Rodrigo Ferreira dos Santos, Nat\u00e1lia Almeida Braga Vasconcelos e Melque da Costa Lima FORMA\u00c7\u00c3O DE TRADUTORES E&#8230; <a class=\"continue-reading-link\" href=\"https:\/\/www2.unifap.br\/letraslibras\/publicacoes-da-area\/\"> Continue reading <span class=\"meta-nav\">&rarr; <\/span><\/a><\/p>\n","protected":false},"author":3951,"featured_media":0,"parent":0,"menu_order":0,"comment_status":"closed","ping_status":"closed","template":"","meta":{"inline_featured_image":false,"ngg_post_thumbnail":0,"footnotes":""},"class_list":["post-2080","page","type-page","status-publish","hentry"],"_links":{"self":[{"href":"https:\/\/www2.unifap.br\/letraslibras\/wp-json\/wp\/v2\/pages\/2080","targetHints":{"allow":["GET"]}}],"collection":[{"href":"https:\/\/www2.unifap.br\/letraslibras\/wp-json\/wp\/v2\/pages"}],"about":[{"href":"https:\/\/www2.unifap.br\/letraslibras\/wp-json\/wp\/v2\/types\/page"}],"author":[{"embeddable":true,"href":"https:\/\/www2.unifap.br\/letraslibras\/wp-json\/wp\/v2\/users\/3951"}],"replies":[{"embeddable":true,"href":"https:\/\/www2.unifap.br\/letraslibras\/wp-json\/wp\/v2\/comments?post=2080"}],"version-history":[{"count":28,"href":"https:\/\/www2.unifap.br\/letraslibras\/wp-json\/wp\/v2\/pages\/2080\/revisions"}],"predecessor-version":[{"id":2110,"href":"https:\/\/www2.unifap.br\/letraslibras\/wp-json\/wp\/v2\/pages\/2080\/revisions\/2110"}],"wp:attachment":[{"href":"https:\/\/www2.unifap.br\/letraslibras\/wp-json\/wp\/v2\/media?parent=2080"}],"curies":[{"name":"wp","href":"https:\/\/api.w.org\/{rel}","templated":true}]}}