{"id":2305,"date":"2024-11-04T19:14:10","date_gmt":"2024-11-04T19:14:10","guid":{"rendered":"https:\/\/www2.unifap.br\/letraslibras\/?page_id=2305"},"modified":"2025-01-28T12:11:44","modified_gmt":"2025-01-28T12:11:44","slug":"atas-de-reuniao-de-colegiado","status":"publish","type":"page","link":"https:\/\/www2.unifap.br\/letraslibras\/atas-de-reuniao-de-colegiado\/","title":{"rendered":"Atas de reuni\u00e3o de Colegiado"},"content":{"rendered":"\t\t<div data-elementor-type=\"wp-page\" data-elementor-id=\"2305\" class=\"elementor elementor-2305\">\n\t\t\t\t\t\t<section class=\"elementor-section elementor-top-section elementor-element elementor-element-522d84b elementor-section-boxed elementor-section-height-default elementor-section-height-default\" data-id=\"522d84b\" data-element_type=\"section\" data-e-type=\"section\">\n\t\t\t\t\t\t<div class=\"elementor-container elementor-column-gap-default\">\n\t\t\t\t\t<div class=\"elementor-column elementor-col-100 elementor-top-column elementor-element elementor-element-57043e47\" data-id=\"57043e47\" data-element_type=\"column\" data-e-type=\"column\">\n\t\t\t<div class=\"elementor-widget-wrap elementor-element-populated\">\n\t\t\t\t\t\t<div class=\"elementor-element elementor-element-504e0580 elementor-widget elementor-widget-text-editor\" data-id=\"504e0580\" data-element_type=\"widget\" data-e-type=\"widget\" data-widget_type=\"text-editor.default\">\n\t\t\t\t<div class=\"elementor-widget-container\">\n\t\t\t\t\t\t\t\t\t<p>Prezados\/as discentes, docentes, t\u00e9cnicos administrativos e comunidade externa, comunicamos que as atas de reuni\u00e3o de Colegiado referentes ao Curso de Letras Libras Portugu\u00eas s\u00e3o p\u00fablicas e podem ser acessadas a quanto tempo. Para acessar atas de reuni\u00e3o (2020 a 2024)\u00a0<a href=\"https:\/\/drive.google.com\/drive\/folders\/1nazIxPcuYpTfycZD9fVpxXVwXdrq7Pfr?usp=sharing\">clique aqui<\/a>.<\/p><p><a href=\"https:\/\/drive.google.com\/drive\/folders\/16gzmPCaFTl0FXK97Jma_erc6whTG-t7s?usp=sharing\">ATAS DE REUNI\u00c3O DE COLEGIADO 2025<\/a><\/p>\t\t\t\t\t\t\t\t<\/div>\n\t\t\t\t<\/div>\n\t\t\t\t\t<\/div>\n\t\t<\/div>\n\t\t\t\t\t<\/div>\n\t\t<\/section>\n\t\t\t\t<section class=\"elementor-section elementor-top-section elementor-element elementor-element-c55ab6c elementor-section-boxed elementor-section-height-default elementor-section-height-default\" data-id=\"c55ab6c\" data-element_type=\"section\" data-e-type=\"section\">\n\t\t\t\t\t\t<div class=\"elementor-container elementor-column-gap-default\">\n\t\t\t\t\t<div class=\"elementor-column elementor-col-100 elementor-top-column elementor-element elementor-element-67f88e6\" data-id=\"67f88e6\" data-element_type=\"column\" data-e-type=\"column\">\n\t\t\t<div class=\"elementor-widget-wrap elementor-element-populated\">\n\t\t\t\t\t\t<div class=\"elementor-element elementor-element-795f618 elementor-widget elementor-widget-image\" data-id=\"795f618\" data-element_type=\"widget\" data-e-type=\"widget\" data-widget_type=\"image.default\">\n\t\t\t\t<div class=\"elementor-widget-container\">\n\t\t\t\t\t\t\t\t\t\t\t\t\t\t\t<img fetchpriority=\"high\" decoding=\"async\" width=\"600\" height=\"450\" src=\"https:\/\/www2.unifap.br\/letraslibras\/files\/2024\/11\/colegiado.jpg\" class=\"attachment-large size-large wp-image-2307\" alt=\"\" srcset=\"https:\/\/www2.unifap.br\/letraslibras\/files\/2024\/11\/colegiado.jpg 600w, https:\/\/www2.unifap.br\/letraslibras\/files\/2024\/11\/colegiado-300x225.jpg 300w, https:\/\/www2.unifap.br\/letraslibras\/files\/2024\/11\/colegiado-150x113.jpg 150w, https:\/\/www2.unifap.br\/letraslibras\/files\/2024\/11\/colegiado-200x150.jpg 200w\" sizes=\"(max-width: 600px) 100vw, 600px\" \/>\t\t\t\t\t\t\t\t\t\t\t\t\t\t\t<\/div>\n\t\t\t\t<\/div>\n\t\t\t\t\t<\/div>\n\t\t<\/div>\n\t\t\t\t\t<\/div>\n\t\t<\/section>\n\t\t\t\t<\/div>\n\t\t","protected":false},"excerpt":{"rendered":"<p>Prezados\/as discentes, docentes, t\u00e9cnicos administrativos e comunidade externa, comunicamos que as atas de reuni\u00e3o de Colegiado referentes ao Curso de Letras Libras Portugu\u00eas s\u00e3o p\u00fablicas e podem ser acessadas a quanto tempo. Para acessar atas de reuni\u00e3o (2020 a 2024)\u00a0clique aqui. ATAS DE REUNI\u00c3O DE COLEGIADO 2025<\/p>\n","protected":false},"author":3951,"featured_media":0,"parent":0,"menu_order":0,"comment_status":"closed","ping_status":"closed","template":"","meta":{"inline_featured_image":false,"ngg_post_thumbnail":0,"footnotes":""},"class_list":["post-2305","page","type-page","status-publish","hentry"],"_links":{"self":[{"href":"https:\/\/www2.unifap.br\/letraslibras\/wp-json\/wp\/v2\/pages\/2305","targetHints":{"allow":["GET"]}}],"collection":[{"href":"https:\/\/www2.unifap.br\/letraslibras\/wp-json\/wp\/v2\/pages"}],"about":[{"href":"https:\/\/www2.unifap.br\/letraslibras\/wp-json\/wp\/v2\/types\/page"}],"author":[{"embeddable":true,"href":"https:\/\/www2.unifap.br\/letraslibras\/wp-json\/wp\/v2\/users\/3951"}],"replies":[{"embeddable":true,"href":"https:\/\/www2.unifap.br\/letraslibras\/wp-json\/wp\/v2\/comments?post=2305"}],"version-history":[{"count":10,"href":"https:\/\/www2.unifap.br\/letraslibras\/wp-json\/wp\/v2\/pages\/2305\/revisions"}],"predecessor-version":[{"id":2575,"href":"https:\/\/www2.unifap.br\/letraslibras\/wp-json\/wp\/v2\/pages\/2305\/revisions\/2575"}],"wp:attachment":[{"href":"https:\/\/www2.unifap.br\/letraslibras\/wp-json\/wp\/v2\/media?parent=2305"}],"curies":[{"name":"wp","href":"https:\/\/api.w.org\/{rel}","templated":true}]}}