{"id":2550,"date":"2025-01-21T23:37:26","date_gmt":"2025-01-21T23:37:26","guid":{"rendered":"https:\/\/www2.unifap.br\/letraslibras\/?page_id=2550"},"modified":"2025-01-21T23:42:08","modified_gmt":"2025-01-21T23:42:08","slug":"apoio-psicossocial","status":"publish","type":"page","link":"https:\/\/www2.unifap.br\/letraslibras\/apoio-psicossocial\/","title":{"rendered":"Apoio psicossocial"},"content":{"rendered":"\t\t<div data-elementor-type=\"wp-page\" data-elementor-id=\"2550\" class=\"elementor elementor-2550\">\n\t\t\t\t\t\t<section class=\"elementor-section elementor-top-section elementor-element elementor-element-eca311a elementor-section-boxed elementor-section-height-default elementor-section-height-default\" data-id=\"eca311a\" data-element_type=\"section\" data-e-type=\"section\">\n\t\t\t\t\t\t<div class=\"elementor-container elementor-column-gap-default\">\n\t\t\t\t\t<div class=\"elementor-column elementor-col-100 elementor-top-column elementor-element elementor-element-53a3786\" data-id=\"53a3786\" data-element_type=\"column\" data-e-type=\"column\">\n\t\t\t<div class=\"elementor-widget-wrap elementor-element-populated\">\n\t\t\t\t\t\t<div class=\"elementor-element elementor-element-f4c6339 elementor-widget elementor-widget-text-editor\" data-id=\"f4c6339\" data-element_type=\"widget\" data-e-type=\"widget\" data-widget_type=\"text-editor.default\">\n\t\t\t\t<div class=\"elementor-widget-container\">\n\t\t\t\t\t\t\t\t\t<h2 class=\"entry-title ast-blog-single-element\"><a href=\"https:\/\/www2.unifap.br\/ds\/2023\/04\/24\/formulario-para-atendimento-psicossocial-proeac\/\" rel=\"bookmark\">Formul\u00e1rio para Atendimento Psicossocial PROEAC<\/a><\/h2><header class=\"entry-header ast-blog-single-element ast-blog-meta-container\"><\/header><div class=\"ast-excerpt-container ast-blog-single-element\"><p>\u00c0 Comunidade Acad\u00eamica,\u00a0 a Pr\u00f3-Reitoria de Extens\u00e3o e A\u00e7\u00f5es Comunit\u00e1rias \u2013 PROEAC, atrav\u00e9s de seu Departamento de Sa\u00fade (DS), disponibiliza o Formul\u00e1rio para Atendimento Psicossocial visando centralizar e filtrar as demandas direcionadas a este departamento.<\/p><p>A solicita\u00e7\u00e3o de atendimento psicol\u00f3gico deve ser feito diretamente \u00e0 PROEAC pelo discente, por meio do <a href=\"https:\/\/docs.google.com\/forms\/d\/e\/1FAIpQLSch9iflDH3m7nZxsWcH-e_SwxdcQvZ4l6M0gA2ltV3A9e_70Q\/viewform\">formul\u00e1rio<\/a>.\u00a0<\/p><\/div>\t\t\t\t\t\t\t\t<\/div>\n\t\t\t\t<\/div>\n\t\t\t\t\t<\/div>\n\t\t<\/div>\n\t\t\t\t\t<\/div>\n\t\t<\/section>\n\t\t\t\t<\/div>\n\t\t","protected":false},"excerpt":{"rendered":"<p>Formul\u00e1rio para Atendimento Psicossocial PROEAC \u00c0 Comunidade Acad\u00eamica,\u00a0 a Pr\u00f3-Reitoria de Extens\u00e3o e A\u00e7\u00f5es Comunit\u00e1rias \u2013 PROEAC, atrav\u00e9s de seu Departamento de Sa\u00fade (DS), disponibiliza o Formul\u00e1rio para Atendimento Psicossocial visando centralizar e filtrar as demandas direcionadas a este departamento. A solicita\u00e7\u00e3o de atendimento psicol\u00f3gico deve ser feito diretamente \u00e0&#8230; <a class=\"continue-reading-link\" href=\"https:\/\/www2.unifap.br\/letraslibras\/apoio-psicossocial\/\"> Continue reading <span class=\"meta-nav\">&rarr; <\/span><\/a><\/p>\n","protected":false},"author":3951,"featured_media":0,"parent":0,"menu_order":0,"comment_status":"closed","ping_status":"closed","template":"","meta":{"inline_featured_image":false,"ngg_post_thumbnail":0,"footnotes":""},"class_list":["post-2550","page","type-page","status-publish","hentry"],"_links":{"self":[{"href":"https:\/\/www2.unifap.br\/letraslibras\/wp-json\/wp\/v2\/pages\/2550","targetHints":{"allow":["GET"]}}],"collection":[{"href":"https:\/\/www2.unifap.br\/letraslibras\/wp-json\/wp\/v2\/pages"}],"about":[{"href":"https:\/\/www2.unifap.br\/letraslibras\/wp-json\/wp\/v2\/types\/page"}],"author":[{"embeddable":true,"href":"https:\/\/www2.unifap.br\/letraslibras\/wp-json\/wp\/v2\/users\/3951"}],"replies":[{"embeddable":true,"href":"https:\/\/www2.unifap.br\/letraslibras\/wp-json\/wp\/v2\/comments?post=2550"}],"version-history":[{"count":6,"href":"https:\/\/www2.unifap.br\/letraslibras\/wp-json\/wp\/v2\/pages\/2550\/revisions"}],"predecessor-version":[{"id":2556,"href":"https:\/\/www2.unifap.br\/letraslibras\/wp-json\/wp\/v2\/pages\/2550\/revisions\/2556"}],"wp:attachment":[{"href":"https:\/\/www2.unifap.br\/letraslibras\/wp-json\/wp\/v2\/media?parent=2550"}],"curies":[{"name":"wp","href":"https:\/\/api.w.org\/{rel}","templated":true}]}}