{"id":367,"date":"2017-04-06T21:53:15","date_gmt":"2017-04-06T21:53:15","guid":{"rendered":"http:\/\/www2.unifap.br\/letraslibras\/?page_id=367"},"modified":"2025-10-27T18:45:13","modified_gmt":"2025-10-27T18:45:13","slug":"coordenacao","status":"publish","type":"page","link":"https:\/\/www2.unifap.br\/letraslibras\/coordenacao\/","title":{"rendered":"Coordena\u00e7\u00e3o"},"content":{"rendered":"\t\t<div data-elementor-type=\"wp-post\" data-elementor-id=\"367\" class=\"elementor elementor-367\">\n\t\t\t\t\t\t<section class=\"elementor-section elementor-top-section elementor-element elementor-element-7f8ca65d elementor-section-boxed elementor-section-height-default elementor-section-height-default\" data-id=\"7f8ca65d\" data-element_type=\"section\" data-e-type=\"section\">\n\t\t\t\t\t\t<div class=\"elementor-container elementor-column-gap-default\">\n\t\t\t\t\t<div class=\"elementor-column elementor-col-100 elementor-top-column elementor-element elementor-element-30d8e0d3\" data-id=\"30d8e0d3\" data-element_type=\"column\" data-e-type=\"column\">\n\t\t\t<div class=\"elementor-widget-wrap elementor-element-populated\">\n\t\t\t\t\t\t<div class=\"elementor-element elementor-element-6ab81c25 elementor-widget__width-initial elementor-widget elementor-widget-text-editor\" data-id=\"6ab81c25\" data-element_type=\"widget\" data-e-type=\"widget\" data-widget_type=\"text-editor.default\">\n\t\t\t\t<div class=\"elementor-widget-container\">\n\t\t\t\t\t\t\t\t\t<section><div><div><div><div><div><div><h3><strong style=\"color: #555555;font-family: 'Open Sans';font-size: inherit\">Coordenador: <\/strong>Prof. Abymael Pereira<\/h3><\/div><\/div><\/div><\/div><\/div><\/div><\/section><section><h3><strong>T\u00e9cnico em Administra\u00e7\u00e3o: <\/strong>Israel Ara\u00fajo\u00a0<\/h3><p><strong>Local de Atendimento: <\/strong>Coordena\u00e7\u00e3o de Letras Libras\/Portugu\u00eas \u2013 Departamento de Letras e Artes<\/p><p><strong>Email do curso:<\/strong>\u00a0 letras.libras@unifap.br<\/p><p><strong>Canal no YouTube:<\/strong> <a href=\"https:\/\/www.youtube.com\/@letraslibras-unifap1437\">Letlibras<\/a><\/p><p><b>P\u00e1gina no FaceBook<\/b>:\u00a0<a style=\"background-color: #ffffff;font-size: 1rem;font-weight: inherit\" href=\"https:\/\/www.facebook.com\/letraslibras.unifap.1\">(1) Facebook<\/a><\/p><p><strong>Hor\u00e1rio de atendimento:\u00a0<\/strong>das 08h00 \u00e0s 12h00 e 17h00 \u00e0s 21h0<\/p><header style=\"color: #2e3944;font-family: ' open sans condensed',sans-serif;font-size: 16px;font-style: normal;font-variant: normal;font-weight: 400;letter-spacing: normal;text-align: left;text-decoration: none;text-indent: 0px;text-transform: none;padding: 0px;margin: 0px 0px 20px 0px;border: 0px none currentColor\"><\/header><div style=\"color: #2e3944;font-family: ' open sans condensed',sans-serif;font-size: 16px;font-style: normal;font-variant: normal;font-weight: 400;letter-spacing: normal;text-align: left;text-decoration: none;text-indent: 0px;text-transform: none;padding: 0px;margin: 0px 0px 20px 0px;border: 0px none currentColor\"><p style=\"padding: 0px;margin: 0px 0px 15px 0px;border: 0px none currentColor\" align=\"right\">\u00a0<\/p><\/div><\/section>\t\t\t\t\t\t\t\t<\/div>\n\t\t\t\t<\/div>\n\t\t\t\t<div class=\"elementor-element elementor-element-4aa9272 elementor-widget elementor-widget-image\" data-id=\"4aa9272\" data-element_type=\"widget\" data-e-type=\"widget\" data-widget_type=\"image.default\">\n\t\t\t\t<div class=\"elementor-widget-container\">\n\t\t\t\t\t\t\t\t\t\t\t\t\t\t\t<img fetchpriority=\"high\" decoding=\"async\" width=\"576\" height=\"419\" src=\"https:\/\/www2.unifap.br\/letraslibras\/files\/2025\/07\/Horario-de-atendimento-administrativo-da-coordenacao-2025.1.jpg\" class=\"attachment-large size-large wp-image-2729\" alt=\"\" srcset=\"https:\/\/www2.unifap.br\/letraslibras\/files\/2025\/07\/Horario-de-atendimento-administrativo-da-coordenacao-2025.1.jpg 576w, https:\/\/www2.unifap.br\/letraslibras\/files\/2025\/07\/Horario-de-atendimento-administrativo-da-coordenacao-2025.1-300x218.jpg 300w, https:\/\/www2.unifap.br\/letraslibras\/files\/2025\/07\/Horario-de-atendimento-administrativo-da-coordenacao-2025.1-150x109.jpg 150w, https:\/\/www2.unifap.br\/letraslibras\/files\/2025\/07\/Horario-de-atendimento-administrativo-da-coordenacao-2025.1-206x150.jpg 206w\" sizes=\"(max-width: 576px) 100vw, 576px\" \/>\t\t\t\t\t\t\t\t\t\t\t\t\t\t\t<\/div>\n\t\t\t\t<\/div>\n\t\t\t\t\t<\/div>\n\t\t<\/div>\n\t\t\t\t\t<\/div>\n\t\t<\/section>\n\t\t\t\t<section class=\"elementor-section elementor-top-section elementor-element elementor-element-4a96f4b elementor-section-boxed elementor-section-height-default elementor-section-height-default\" data-id=\"4a96f4b\" data-element_type=\"section\" data-e-type=\"section\">\n\t\t\t\t\t\t<div class=\"elementor-container elementor-column-gap-default\">\n\t\t\t\t\t<div class=\"elementor-column elementor-col-100 elementor-top-column elementor-element elementor-element-0bb4117\" data-id=\"0bb4117\" data-element_type=\"column\" data-e-type=\"column\">\n\t\t\t<div class=\"elementor-widget-wrap\">\n\t\t\t\t\t\t\t<\/div>\n\t\t<\/div>\n\t\t\t\t\t<\/div>\n\t\t<\/section>\n\t\t\t\t<\/div>\n\t\t","protected":false},"excerpt":{"rendered":"<p>Coordenador: Prof. Abymael Pereira T\u00e9cnico em Administra\u00e7\u00e3o: Israel Ara\u00fajo\u00a0 Local de Atendimento: Coordena\u00e7\u00e3o de Letras Libras\/Portugu\u00eas \u2013 Departamento de Letras e Artes Email do curso:\u00a0 letras.libras@unifap.br Canal no YouTube: Letlibras P\u00e1gina no FaceBook:\u00a0(1) Facebook Hor\u00e1rio de atendimento:\u00a0das 08h00 \u00e0s 12h00 e 17h00 \u00e0s 21h0 \u00a0<\/p>\n","protected":false},"author":543,"featured_media":0,"parent":0,"menu_order":0,"comment_status":"open","ping_status":"open","template":"","meta":{"inline_featured_image":false,"ngg_post_thumbnail":0,"footnotes":""},"class_list":["post-367","page","type-page","status-publish","hentry"],"_links":{"self":[{"href":"https:\/\/www2.unifap.br\/letraslibras\/wp-json\/wp\/v2\/pages\/367","targetHints":{"allow":["GET"]}}],"collection":[{"href":"https:\/\/www2.unifap.br\/letraslibras\/wp-json\/wp\/v2\/pages"}],"about":[{"href":"https:\/\/www2.unifap.br\/letraslibras\/wp-json\/wp\/v2\/types\/page"}],"author":[{"embeddable":true,"href":"https:\/\/www2.unifap.br\/letraslibras\/wp-json\/wp\/v2\/users\/543"}],"replies":[{"embeddable":true,"href":"https:\/\/www2.unifap.br\/letraslibras\/wp-json\/wp\/v2\/comments?post=367"}],"version-history":[{"count":72,"href":"https:\/\/www2.unifap.br\/letraslibras\/wp-json\/wp\/v2\/pages\/367\/revisions"}],"predecessor-version":[{"id":2955,"href":"https:\/\/www2.unifap.br\/letraslibras\/wp-json\/wp\/v2\/pages\/367\/revisions\/2955"}],"wp:attachment":[{"href":"https:\/\/www2.unifap.br\/letraslibras\/wp-json\/wp\/v2\/media?parent=367"}],"curies":[{"name":"wp","href":"https:\/\/api.w.org\/{rel}","templated":true}]}}