{"id":499,"date":"2018-11-28T15:11:11","date_gmt":"2018-11-28T15:11:11","guid":{"rendered":"http:\/\/www2.unifap.br\/letraslibras\/?page_id=499"},"modified":"2024-03-14T01:51:08","modified_gmt":"2024-03-14T01:51:08","slug":"regulamentos","status":"publish","type":"page","link":"https:\/\/www2.unifap.br\/letraslibras\/regulamentos\/","title":{"rendered":"Regimentos do curso"},"content":{"rendered":"<p>Neste campo est\u00e3o dispon\u00edveis tr\u00eas tipos de regimentos do curso: Regimento de TCC, Regime de Est\u00e1gio Supervisionado e Regimento de Atividades Complementares do Curso (ACC).<\/p>\n","protected":false},"excerpt":{"rendered":"<p>Neste campo est\u00e3o dispon\u00edveis tr\u00eas tipos de regimentos do curso: Regimento de TCC, Regime de Est\u00e1gio Supervisionado e Regimento de Atividades Complementares do Curso (ACC).<\/p>\n","protected":false},"author":3453,"featured_media":0,"parent":0,"menu_order":0,"comment_status":"open","ping_status":"open","template":"","meta":{"inline_featured_image":false,"ngg_post_thumbnail":0,"footnotes":""},"class_list":["post-499","page","type-page","status-publish","hentry"],"_links":{"self":[{"href":"https:\/\/www2.unifap.br\/letraslibras\/wp-json\/wp\/v2\/pages\/499","targetHints":{"allow":["GET"]}}],"collection":[{"href":"https:\/\/www2.unifap.br\/letraslibras\/wp-json\/wp\/v2\/pages"}],"about":[{"href":"https:\/\/www2.unifap.br\/letraslibras\/wp-json\/wp\/v2\/types\/page"}],"author":[{"embeddable":true,"href":"https:\/\/www2.unifap.br\/letraslibras\/wp-json\/wp\/v2\/users\/3453"}],"replies":[{"embeddable":true,"href":"https:\/\/www2.unifap.br\/letraslibras\/wp-json\/wp\/v2\/comments?post=499"}],"version-history":[{"count":13,"href":"https:\/\/www2.unifap.br\/letraslibras\/wp-json\/wp\/v2\/pages\/499\/revisions"}],"predecessor-version":[{"id":1472,"href":"https:\/\/www2.unifap.br\/letraslibras\/wp-json\/wp\/v2\/pages\/499\/revisions\/1472"}],"wp:attachment":[{"href":"https:\/\/www2.unifap.br\/letraslibras\/wp-json\/wp\/v2\/media?parent=499"}],"curies":[{"name":"wp","href":"https:\/\/api.w.org\/{rel}","templated":true}]}}