{"id":509,"date":"2018-11-28T15:13:41","date_gmt":"2018-11-28T15:13:41","guid":{"rendered":"http:\/\/www2.unifap.br\/letraslibras\/?page_id=509"},"modified":"2025-02-14T14:56:33","modified_gmt":"2025-02-14T14:56:33","slug":"regulamento-de-tcc","status":"publish","type":"page","link":"https:\/\/www2.unifap.br\/letraslibras\/regulamentos\/regulamento-de-tcc\/","title":{"rendered":"Regimento de Trabalho de Conclus\u00e3o de Curso (TCC)"},"content":{"rendered":"<p><a href=\"http:\/\/www2.unifap.br\/letraslibras\/files\/2024\/08\/REGIMENTO-DE-TRABALHO-DE-CONCLUSAO-DE-CURSO.docx.pdf\">REGIMENTO DE TRABALHO DE CONCLUS\u00c3O DE CURSO (TCC)<\/a><\/p>\n<p><a href=\"https:\/\/www.youtube.com\/watch?v=9eJXtSazcdo&amp;t=65s\">TRADU\u00c7\u00c3O EM LIBRAS DO REGIMENTO DE TCC&nbsp;<\/a><\/p>\n<p><a href=\"http:\/\/www2.unifap.br\/letraslibras\/files\/2018\/11\/Ap\u00eandice-A.docx\">&nbsp;<\/a><a href=\"http:\/\/www2.unifap.br\/educacaodocampo\/files\/2019\/10\/A-Formul\u00e1rio-de-inscri\u00e7\u00e3o-do-projeto-de-TCC.pdf\">Formul\u00e1rio de inscri\u00e7\u00e3o do projeto de TCC<\/a><a href=\"http:\/\/www2.unifap.br\/letraslibras\/files\/2018\/11\/Ap\u00eandice-A.docx\">&nbsp;Ap\u00eandice A&nbsp;<\/a><\/p>\n<p><a href=\"http:\/\/www2.unifap.br\/letraslibras\/files\/2024\/09\/FORMULARIO-DE-AVALIACAO-TCC.pdf\">Formul\u00e1rio de Avalia\u00e7\u00e3o do TCC<\/a><\/p>\n<p><a href=\"http:\/\/www2.unifap.br\/letraslibras\/files\/2018\/11\/Ap\u00eandice-B.docx\">Ficha de Acompanhamento de TCC Ap\u00eandice B<\/a><\/p>\n<p><a href=\"http:\/\/www2.unifap.br\/letraslibras\/files\/2024\/04\/ATA-DE-DEFESA-DE-TCC.docx\">Ata de defesa<\/a><\/p>\n<p><a href=\"http:\/\/www2.unifap.br\/letraslibras\/files\/2018\/11\/Termo-de-autorizacao-TCC-UNIFAP.doc\">Termo de autorizacao TCC UNIFAP<\/a><\/p>\n<p><a href=\"http:\/\/www2.unifap.br\/letraslibras\/files\/2020\/03\/MODELO_DE_PROJETO_DE_TCC.docx\">Modelo de projeto<\/a><\/p>\n<p><a href=\"http:\/\/www2.unifap.br\/letraslibras\/files\/2020\/03\/Modelo-edit\u00e1vel-de-TCLE.docx\">Modelo de Termo de Consentimento Livre Esclarecido (TCLE) para pesquisas com seres humanos<\/a><\/p>\n<p>&nbsp;<\/p>\n<p>ORIENTA\u00c7\u00d5ES PARA CADASTRO DE BANCAS DE DEFESA:<\/p>\n<p>Para cadastro de bancas de defesa de TCC, \u00e9 necess\u00e1rio que o orientador\/a encaminhe, para o e-mail da coordena\u00e7\u00e3o, as seguintes informa\u00e7\u00f5es:<\/p>\n<ol>\n<li>t\u00edtulo do trabalho<\/li>\n<li>resumo e palavras-chave<\/li>\n<li>nome dos membros da banca (OBS: se houver membro externo, precisaremos de nome completo, CPF, e-mail, institui\u00e7\u00e3o a que pertence, grau de forma\u00e7\u00e3o m\u00e1ximo e ano de sua conclus\u00e3o).<\/li>\n<\/ol>\n","protected":false},"excerpt":{"rendered":"<p>REGIMENTO DE TRABALHO DE CONCLUS\u00c3O DE CURSO (TCC) TRADU\u00c7\u00c3O EM LIBRAS DO REGIMENTO DE TCC&nbsp; &nbsp;Formul\u00e1rio de inscri\u00e7\u00e3o do projeto de TCC&nbsp;Ap\u00eandice A&nbsp; Formul\u00e1rio de Avalia\u00e7\u00e3o do TCC Ficha de Acompanhamento de TCC Ap\u00eandice B Ata de defesa Termo de autorizacao TCC UNIFAP Modelo de projeto Modelo de Termo de&#8230; <a class=\"continue-reading-link\" href=\"https:\/\/www2.unifap.br\/letraslibras\/regulamentos\/regulamento-de-tcc\/\"> Continue reading <span class=\"meta-nav\">&rarr; <\/span><\/a><\/p>\n","protected":false},"author":3453,"featured_media":0,"parent":499,"menu_order":0,"comment_status":"open","ping_status":"open","template":"","meta":{"inline_featured_image":false,"ngg_post_thumbnail":0,"footnotes":""},"class_list":["post-509","page","type-page","status-publish","hentry"],"_links":{"self":[{"href":"https:\/\/www2.unifap.br\/letraslibras\/wp-json\/wp\/v2\/pages\/509","targetHints":{"allow":["GET"]}}],"collection":[{"href":"https:\/\/www2.unifap.br\/letraslibras\/wp-json\/wp\/v2\/pages"}],"about":[{"href":"https:\/\/www2.unifap.br\/letraslibras\/wp-json\/wp\/v2\/types\/page"}],"author":[{"embeddable":true,"href":"https:\/\/www2.unifap.br\/letraslibras\/wp-json\/wp\/v2\/users\/3453"}],"replies":[{"embeddable":true,"href":"https:\/\/www2.unifap.br\/letraslibras\/wp-json\/wp\/v2\/comments?post=509"}],"version-history":[{"count":16,"href":"https:\/\/www2.unifap.br\/letraslibras\/wp-json\/wp\/v2\/pages\/509\/revisions"}],"predecessor-version":[{"id":2591,"href":"https:\/\/www2.unifap.br\/letraslibras\/wp-json\/wp\/v2\/pages\/509\/revisions\/2591"}],"up":[{"embeddable":true,"href":"https:\/\/www2.unifap.br\/letraslibras\/wp-json\/wp\/v2\/pages\/499"}],"wp:attachment":[{"href":"https:\/\/www2.unifap.br\/letraslibras\/wp-json\/wp\/v2\/media?parent=509"}],"curies":[{"name":"wp","href":"https:\/\/api.w.org\/{rel}","templated":true}]}}