{"id":51,"date":"2014-08-22T20:27:00","date_gmt":"2014-08-22T20:27:00","guid":{"rendered":"http:\/\/www2.unifap.br\/letraslibras\/?page_id=51"},"modified":"2024-12-09T00:56:24","modified_gmt":"2024-12-09T00:56:24","slug":"apresentacao-do-curso","status":"publish","type":"page","link":"https:\/\/www2.unifap.br\/letraslibras\/apresentacao-do-curso\/","title":{"rendered":"Sobre o curso"},"content":{"rendered":"<p style=\"text-align: justify\"><img decoding=\"async\" class=\"thumbnail\" style=\"line-height: 1.5em\" src=\"http:\/\/www2.unifap.br\/letraslibras\/files\/2016\/03\/logo-2015.png\" alt=\"\" width=\"150\" height=\"150\"><\/p>\n<p style=\"text-align: center\">O <strong>Curso de Licenciatura em Letras Libras Portugu\u00eas<\/strong> foi fruto de uma demanda induzida pelo Minist\u00e9rio da Educa\u00e7\u00e3o (MEC) em 2012, por meio do Programa Viver sem Limites. Em 2013, a Universidade Federal do Amap\u00e1 (Unifap) nomeou cinco docentes, por meio da portaria n\u00ba 0403\/2013, para estudo e viabilidade da implanta\u00e7\u00e3o do curso de Libras na IFES: Leila do Socorro Rodrigues Feio, Ronaldo Manass\u00e9s Rodrigues Campos, Melque da Costa Lima, Martha Christina Ferreira Zoni do Nascimento e K\u00e1tia de Nazar\u00e9 Santos Fonseca.<\/p>\n<p style=\"text-align: center\">No dia 02 de maio de 2013, a comiss\u00e3o juntamente com a Comunidade surda de Macap\u00e1 discutiram a proposta do curso em audi\u00eancia p\u00fablica para saber se, de fato, a comunidade queria o curso e para ouvir suas principais demandas em um contexto em que n\u00e3o havia nenhuma institui\u00e7\u00e3o universit\u00e1ria no Estado do Amap\u00e1 que ofertasse forma\u00e7\u00e3o de professores de Libras e Portugu\u00eas como segunda l\u00edngua para surdos.&nbsp; Nos registros abaixo, podemos ver a presen\u00e7a massiva da comunidade surda e a participa\u00e7\u00e3o dos docentes Ronaldo Manass\u00e9s, Martha Zoni e Melque Lima (atualmente docentes do Curso de Letras Libras Portugu\u00eas) e Adelma Campos que conduziram os trabalhos no Anfiteatro da Unifap.&nbsp;&nbsp;<\/p>\n<p><a href=\"http:\/\/www2.unifap.br\/letraslibras\/files\/2024\/11\/WhatsApp-Image-2024-11-09-at-14.37.43.jpeg\"><img fetchpriority=\"high\" decoding=\"async\" class=\"alignnone size-medium wp-image-2400\" src=\"http:\/\/www2.unifap.br\/letraslibras\/files\/2024\/11\/WhatsApp-Image-2024-11-09-at-14.37.43-300x225.jpeg\" alt=\"\" width=\"300\" height=\"225\" srcset=\"https:\/\/www2.unifap.br\/letraslibras\/files\/2024\/11\/WhatsApp-Image-2024-11-09-at-14.37.43-300x225.jpeg 300w, https:\/\/www2.unifap.br\/letraslibras\/files\/2024\/11\/WhatsApp-Image-2024-11-09-at-14.37.43-1024x768.jpeg 1024w, https:\/\/www2.unifap.br\/letraslibras\/files\/2024\/11\/WhatsApp-Image-2024-11-09-at-14.37.43-768x576.jpeg 768w, https:\/\/www2.unifap.br\/letraslibras\/files\/2024\/11\/WhatsApp-Image-2024-11-09-at-14.37.43-150x113.jpeg 150w, https:\/\/www2.unifap.br\/letraslibras\/files\/2024\/11\/WhatsApp-Image-2024-11-09-at-14.37.43-200x150.jpeg 200w, https:\/\/www2.unifap.br\/letraslibras\/files\/2024\/11\/WhatsApp-Image-2024-11-09-at-14.37.43.jpeg 1080w\" sizes=\"(max-width: 300px) 100vw, 300px\" \/><\/a> <a href=\"http:\/\/www2.unifap.br\/letraslibras\/files\/2024\/11\/WhatsApp-Image-2024-11-09-at-14.37.441.jpeg\"><img decoding=\"async\" class=\"alignnone size-medium wp-image-2401\" src=\"http:\/\/www2.unifap.br\/letraslibras\/files\/2024\/11\/WhatsApp-Image-2024-11-09-at-14.37.441-300x230.jpeg\" alt=\"\" width=\"300\" height=\"230\" srcset=\"https:\/\/www2.unifap.br\/letraslibras\/files\/2024\/11\/WhatsApp-Image-2024-11-09-at-14.37.441-300x230.jpeg 300w, https:\/\/www2.unifap.br\/letraslibras\/files\/2024\/11\/WhatsApp-Image-2024-11-09-at-14.37.441-1024x784.jpeg 1024w, https:\/\/www2.unifap.br\/letraslibras\/files\/2024\/11\/WhatsApp-Image-2024-11-09-at-14.37.441-768x588.jpeg 768w, https:\/\/www2.unifap.br\/letraslibras\/files\/2024\/11\/WhatsApp-Image-2024-11-09-at-14.37.441-150x115.jpeg 150w, https:\/\/www2.unifap.br\/letraslibras\/files\/2024\/11\/WhatsApp-Image-2024-11-09-at-14.37.441-196x150.jpeg 196w, https:\/\/www2.unifap.br\/letraslibras\/files\/2024\/11\/WhatsApp-Image-2024-11-09-at-14.37.441.jpeg 1077w\" sizes=\"(max-width: 300px) 100vw, 300px\" \/><\/a> <a href=\"http:\/\/www2.unifap.br\/letraslibras\/files\/2024\/11\/WhatsApp-Image-2024-11-09-at-14.37.44.jpeg\"><img loading=\"lazy\" decoding=\"async\" class=\"alignnone size-medium wp-image-2402\" src=\"http:\/\/www2.unifap.br\/letraslibras\/files\/2024\/11\/WhatsApp-Image-2024-11-09-at-14.37.44-300x216.jpeg\" alt=\"\" width=\"300\" height=\"216\" srcset=\"https:\/\/www2.unifap.br\/letraslibras\/files\/2024\/11\/WhatsApp-Image-2024-11-09-at-14.37.44-300x216.jpeg 300w, https:\/\/www2.unifap.br\/letraslibras\/files\/2024\/11\/WhatsApp-Image-2024-11-09-at-14.37.44-1024x738.jpeg 1024w, https:\/\/www2.unifap.br\/letraslibras\/files\/2024\/11\/WhatsApp-Image-2024-11-09-at-14.37.44-768x553.jpeg 768w, https:\/\/www2.unifap.br\/letraslibras\/files\/2024\/11\/WhatsApp-Image-2024-11-09-at-14.37.44-150x108.jpeg 150w, https:\/\/www2.unifap.br\/letraslibras\/files\/2024\/11\/WhatsApp-Image-2024-11-09-at-14.37.44-208x150.jpeg 208w, https:\/\/www2.unifap.br\/letraslibras\/files\/2024\/11\/WhatsApp-Image-2024-11-09-at-14.37.44.jpeg 1070w\" sizes=\"(max-width: 300px) 100vw, 300px\" \/><\/a><\/p>\n<p style=\"text-align: center\">O <strong>Curso de Licenciatura em Letras Libras Portugu\u00eas<\/strong> da Universidade Federal do Amap\u00e1 (UNIFAP) foi implementado no ano de 2014 e passou a ser executado em 2015 com o ingresso da primeira turma. No ano de 2024, nosso curso completou uma d\u00e9cada de exist\u00eancia.<\/p>\n<p style=\"text-align: center\">&nbsp;&nbsp;&nbsp;&nbsp;&nbsp; Desde sua proposta inicial, se caracteriza como um curso regular da UNIFAP e por objetivar formar profissionais que atuem, nos diversos n\u00edveis de ensino, com a Libras e com o Portugu\u00eas como segunda l\u00edngua para surdos (PSLS), tendo como horizonte principal a inclus\u00e3o da pessoa surda na sociedade amapaense.<\/p>\n<p style=\"text-align: center\">O <strong>Curso de Licenciatura em Letras Libras Portugu\u00eas<\/strong> destina-se, fundamentalmente, ao oferecimento de uma alternativa de forma\u00e7\u00e3o \u00e0queles que desejam atuar na \u00e1rea da Libras e da L\u00edngua Portuguesa para surdos. Para isso, considera-se a proposi\u00e7\u00e3o de um curr\u00edculo flex\u00edvel, integrado e aut\u00f4nomo, contextualizado \u00e0 realidade do Estado do Amap\u00e1 no que tange \u00e0 sua comunidade surda, a partir da intensifica\u00e7\u00e3o do di\u00e1logo com essa comunidade e de novas pr\u00e1ticas profissionais que se relacionam \u00e0 \u00e1rea da educa\u00e7\u00e3o de surdos.<\/p>\n<p><a href=\"https:\/\/www.canva.com\/design\/DAGVKhXGCeM\/FgviOIPJRK4Np5ERUqPhjA\/view?utm_content=DAGVKhXGCeM&amp;utm_campaign=designshare&amp;utm_medium=link&amp;utm_source=editor#69\">Slides de apresenta\u00e7\u00e3o do curso<\/a><\/p>\n<p>Para mais informa\u00e7\u00f5es, <a href=\"http:\/\/www2.unifap.br\/letraslibras\/files\/2024\/04\/APRESENTACAO-DO-CURSO-1.pdf\">clique aqui<\/a>.<\/p>\n","protected":false},"excerpt":{"rendered":"<p>O Curso de Licenciatura em Letras Libras Portugu\u00eas foi fruto de uma demanda induzida pelo Minist\u00e9rio da Educa\u00e7\u00e3o (MEC) em 2012, por meio do Programa Viver sem Limites. Em 2013, a Universidade Federal do Amap\u00e1 (Unifap) nomeou cinco docentes, por meio da portaria n\u00ba 0403\/2013, para estudo e viabilidade da&#8230; <a class=\"continue-reading-link\" href=\"https:\/\/www2.unifap.br\/letraslibras\/apresentacao-do-curso\/\"> Continue reading <span class=\"meta-nav\">&rarr; <\/span><\/a><\/p>\n","protected":false},"author":543,"featured_media":0,"parent":0,"menu_order":0,"comment_status":"open","ping_status":"open","template":"","meta":{"inline_featured_image":false,"ngg_post_thumbnail":0,"footnotes":""},"class_list":["post-51","page","type-page","status-publish","hentry"],"_links":{"self":[{"href":"https:\/\/www2.unifap.br\/letraslibras\/wp-json\/wp\/v2\/pages\/51","targetHints":{"allow":["GET"]}}],"collection":[{"href":"https:\/\/www2.unifap.br\/letraslibras\/wp-json\/wp\/v2\/pages"}],"about":[{"href":"https:\/\/www2.unifap.br\/letraslibras\/wp-json\/wp\/v2\/types\/page"}],"author":[{"embeddable":true,"href":"https:\/\/www2.unifap.br\/letraslibras\/wp-json\/wp\/v2\/users\/543"}],"replies":[{"embeddable":true,"href":"https:\/\/www2.unifap.br\/letraslibras\/wp-json\/wp\/v2\/comments?post=51"}],"version-history":[{"count":18,"href":"https:\/\/www2.unifap.br\/letraslibras\/wp-json\/wp\/v2\/pages\/51\/revisions"}],"predecessor-version":[{"id":2540,"href":"https:\/\/www2.unifap.br\/letraslibras\/wp-json\/wp\/v2\/pages\/51\/revisions\/2540"}],"wp:attachment":[{"href":"https:\/\/www2.unifap.br\/letraslibras\/wp-json\/wp\/v2\/media?parent=51"}],"curies":[{"name":"wp","href":"https:\/\/api.w.org\/{rel}","templated":true}]}}