{"id":552,"date":"2019-11-01T18:42:04","date_gmt":"2019-11-01T18:42:04","guid":{"rendered":"http:\/\/www2.unifap.br\/letraslibras\/?page_id=552"},"modified":"2019-11-21T13:06:14","modified_gmt":"2019-11-21T13:06:14","slug":"projetos-de-pesquisa","status":"publish","type":"page","link":"https:\/\/www2.unifap.br\/letraslibras\/projetos\/projetos-de-pesquisa\/","title":{"rendered":"Projetos de Pesquisa"},"content":{"rendered":"<p><a href=\"http:\/\/www2.unifap.br\/letraslibras\/files\/2019\/11\/projeto-de-pesquisa-internacional-al\u00e9m-mar.-Prof-Manass\u00e9s.pdf\">Projeto de Pesquisa Internacional AL\u00c9M MAR<\/a><\/p>\n<p><a href=\"http:\/\/www2.unifap.br\/letraslibras\/files\/2019\/11\/projeto-libras-no-terreiro.-Prof-Manass\u00e9s.pdf\">Projeto Libras no Terreiro<\/a><\/p>\n<p><a href=\"http:\/\/www2.unifap.br\/letraslibras\/files\/2019\/11\/projeto-Cer-Brasil-IFRJ-e-UNIFAP-prof.-Manass\u00e9s.pdf\">projeto Cer Brasil IFRJ e UNIFAP prof. Manass\u00e9s<\/a><\/p>\n<p><a href=\"http:\/\/www2.unifap.br\/letraslibras\/files\/2019\/11\/LETRAMENTO-EM-L\u00cdNGUA-PORTUGUESA-DOS-SURDOS-AMAPAENSES.pdf\">LETRAMENTO EM L\u00cdNGUA PORTUGUESA DOS SURDOS AMAPAENSES<\/a><\/p>\n","protected":false},"excerpt":{"rendered":"<p>Projeto de Pesquisa Internacional AL\u00c9M MAR Projeto Libras no Terreiro projeto Cer Brasil IFRJ e UNIFAP prof. Manass\u00e9s LETRAMENTO EM L\u00cdNGUA PORTUGUESA DOS SURDOS AMAPAENSES<\/p>\n","protected":false},"author":3453,"featured_media":0,"parent":546,"menu_order":0,"comment_status":"closed","ping_status":"closed","template":"","meta":{"inline_featured_image":false,"ngg_post_thumbnail":0,"footnotes":""},"class_list":["post-552","page","type-page","status-publish","hentry"],"_links":{"self":[{"href":"https:\/\/www2.unifap.br\/letraslibras\/wp-json\/wp\/v2\/pages\/552","targetHints":{"allow":["GET"]}}],"collection":[{"href":"https:\/\/www2.unifap.br\/letraslibras\/wp-json\/wp\/v2\/pages"}],"about":[{"href":"https:\/\/www2.unifap.br\/letraslibras\/wp-json\/wp\/v2\/types\/page"}],"author":[{"embeddable":true,"href":"https:\/\/www2.unifap.br\/letraslibras\/wp-json\/wp\/v2\/users\/3453"}],"replies":[{"embeddable":true,"href":"https:\/\/www2.unifap.br\/letraslibras\/wp-json\/wp\/v2\/comments?post=552"}],"version-history":[{"count":4,"href":"https:\/\/www2.unifap.br\/letraslibras\/wp-json\/wp\/v2\/pages\/552\/revisions"}],"predecessor-version":[{"id":698,"href":"https:\/\/www2.unifap.br\/letraslibras\/wp-json\/wp\/v2\/pages\/552\/revisions\/698"}],"up":[{"embeddable":true,"href":"https:\/\/www2.unifap.br\/letraslibras\/wp-json\/wp\/v2\/pages\/546"}],"wp:attachment":[{"href":"https:\/\/www2.unifap.br\/letraslibras\/wp-json\/wp\/v2\/media?parent=552"}],"curies":[{"name":"wp","href":"https:\/\/api.w.org\/{rel}","templated":true}]}}